{"id":9203,"date":"2021-05-05T15:42:18","date_gmt":"2021-05-05T12:42:18","guid":{"rendered":"https:\/\/pegasrestaurant.md\/product\/burger-cu-vita-brisket-si-salata-koul-slou\/"},"modified":"2022-06-10T17:21:27","modified_gmt":"2022-06-10T14:21:27","slug":"burger-cu-vita-brisket-si-salata-koul-slou","status":"publish","type":"product","link":"https:\/\/pegasrestaurant.md\/ro\/produs\/burger-cu-vita-brisket-si-salata-koul-slou\/","title":{"rendered":"Burger cu vit\u0103 Brisket \u0219i salat\u0103 Koul Slou"},"content":{"rendered":"<p>Burger clasic perfect de la buc\u0103tarul Chef: o chifl\u0103 moale \u0219i crocant\u0103 cu brisket carne de vit\u0103 ce se tope\u0219te pe limb\u0103, cu sos aioli, salat\u0103 suculent\u0103, ca\u0219caval \u0219i aroma bogat\u0103 a salatei Koul Slou. A sosit timpul mesei!<\/p>\n","protected":false},"excerpt":{"rendered":"<p><span style=\"color: #c9ab81;\"><strong>Greutate:<\/strong><\/span> 1\/400 g<\/p>\n<p>&nbsp;<\/p>\n<p><span style=\"color: #c9ab81;\"><strong>Ingrediente:<\/strong><\/span> <span data-sheets-formula-bar-text-style=\"font-size:15px;color:#000000;font-weight:normal;text-decoration:none;font-family:'Arial';font-style:normal;text-decoration-skip-ink:none;\">Chifl\u0103, brisket de vit\u0103, sos aioli, ca\u0219caval, salat\u0103, coriandru, ardei iute, varz\u0103 ro\u0219ie, morcovi, sos de salat\u0103 cu maionez\u0103, mu\u0219tar<\/span><\/p>\n","protected":false},"featured_media":0,"template":"","meta":{"inline_featured_image":false},"product_cat":[119],"product_tag":[],"class_list":["post-9203","product","type-product","status-publish","hentry","product_cat-carne-de-vita"],"yoast_head":"<!-- This site is optimized with the Yoast SEO plugin v19.6.1 - https:\/\/yoast.com\/wordpress\/plugins\/seo\/ -->\n<title>Burger cu brisket de vit\u0103 \u0219i salat\u0103 de la Pegas cu livrare la domiciliu - comand\u0103 online sau prin telefon<\/title>\n<meta name=\"description\" content=\"Livrare \u00een Chi\u0219in\u0103u: Burger cu brisket de vit\u0103 \u0219i salat\u0103 Koul Slou de la restaurantul Pegas. Plasa\u021bi o comand\u0103 online sau apela\u021bi 078800600\" \/>\n<meta name=\"robots\" content=\"index, follow, max-snippet:-1, max-image-preview:large, max-video-preview:-1\" \/>\n<link rel=\"canonical\" href=\"https:\/\/pegasrestaurant.md\/ro\/produs\/burger-cu-vita-brisket-si-salata-koul-slou\/\" \/>\n<meta property=\"og:locale\" content=\"ro_RO\" \/>\n<meta property=\"og:type\" content=\"article\" \/>\n<meta property=\"og:title\" content=\"Burger cu brisket de vit\u0103 \u0219i salat\u0103 de la Pegas cu livrare la domiciliu - comand\u0103 online sau prin telefon\" \/>\n<meta property=\"og:description\" content=\"Livrare \u00een Chi\u0219in\u0103u: Burger cu brisket de vit\u0103 \u0219i salat\u0103 Koul Slou de la restaurantul Pegas. Plasa\u021bi o comand\u0103 online sau apela\u021bi 078800600\" \/>\n<meta property=\"og:url\" content=\"https:\/\/pegasrestaurant.md\/ro\/produs\/burger-cu-vita-brisket-si-salata-koul-slou\/\" \/>\n<meta property=\"og:site_name\" content=\"Pegas Terrace &amp; Restaurant\" \/>\n<meta property=\"article:modified_time\" content=\"2022-06-10T14:21:27+00:00\" \/>\n<meta name=\"twitter:card\" content=\"summary_large_image\" \/>\n<meta name=\"twitter:label1\" content=\"Timp estimat pentru citire\" \/>\n\t<meta name=\"twitter:data1\" content=\"1 minut\" \/>\n<script type=\"application\/ld+json\" class=\"yoast-schema-graph\">{\"@context\":\"https:\/\/schema.org\",\"@graph\":[{\"@type\":\"WebPage\",\"@id\":\"https:\/\/pegasrestaurant.md\/ro\/produs\/burger-cu-vita-brisket-si-salata-koul-slou\/\",\"url\":\"https:\/\/pegasrestaurant.md\/ro\/produs\/burger-cu-vita-brisket-si-salata-koul-slou\/\",\"name\":\"Burger cu brisket de vit\u0103 \u0219i salat\u0103 de la Pegas cu livrare la domiciliu - comand\u0103 online sau prin telefon\",\"isPartOf\":{\"@id\":\"https:\/\/pegasrestaurant.md\/en\/#website\"},\"datePublished\":\"2021-05-05T12:42:18+00:00\",\"dateModified\":\"2022-06-10T14:21:27+00:00\",\"description\":\"Livrare \u00een Chi\u0219in\u0103u: Burger cu brisket de vit\u0103 \u0219i salat\u0103 Koul Slou de la restaurantul Pegas. Plasa\u021bi o comand\u0103 online sau apela\u021bi 078800600\",\"breadcrumb\":{\"@id\":\"https:\/\/pegasrestaurant.md\/ro\/produs\/burger-cu-vita-brisket-si-salata-koul-slou\/#breadcrumb\"},\"inLanguage\":\"ro-RO\",\"potentialAction\":[{\"@type\":\"ReadAction\",\"target\":[\"https:\/\/pegasrestaurant.md\/ro\/produs\/burger-cu-vita-brisket-si-salata-koul-slou\/\"]}]},{\"@type\":\"BreadcrumbList\",\"@id\":\"https:\/\/pegasrestaurant.md\/ro\/produs\/burger-cu-vita-brisket-si-salata-koul-slou\/#breadcrumb\",\"itemListElement\":[{\"@type\":\"ListItem\",\"position\":1,\"name\":\"\u0413\u043b\u0430\u0432\u043d\u0430\u044f \u0441\u0442\u0440\u0430\u043d\u0438\u0446\u0430\",\"item\":\"https:\/\/pegasrestaurant.md\/ro\/\"},{\"@type\":\"ListItem\",\"position\":2,\"name\":\"Comand\u0103 online\",\"item\":\"https:\/\/pegasrestaurant.md\/ro\/comanda-online\/\"},{\"@type\":\"ListItem\",\"position\":3,\"name\":\"Burger cu vit\u0103 Brisket \u0219i salat\u0103 Koul Slou\"}]},{\"@type\":\"WebSite\",\"@id\":\"https:\/\/pegasrestaurant.md\/en\/#website\",\"url\":\"https:\/\/pegasrestaurant.md\/en\/\",\"name\":\"Pegas Terrace &amp; Restaurant\",\"description\":\"\",\"potentialAction\":[{\"@type\":\"SearchAction\",\"target\":{\"@type\":\"EntryPoint\",\"urlTemplate\":\"https:\/\/pegasrestaurant.md\/en\/?s={search_term_string}\"},\"query-input\":\"required name=search_term_string\"}],\"inLanguage\":\"ro-RO\"}]}<\/script>\n<!-- \/ Yoast SEO plugin. -->","yoast_head_json":{"title":"Burger cu brisket de vit\u0103 \u0219i salat\u0103 de la Pegas cu livrare la domiciliu - comand\u0103 online sau prin telefon","description":"Livrare \u00een Chi\u0219in\u0103u: Burger cu brisket de vit\u0103 \u0219i salat\u0103 Koul Slou de la restaurantul Pegas. Plasa\u021bi o comand\u0103 online sau apela\u021bi 078800600","robots":{"index":"index","follow":"follow","max-snippet":"max-snippet:-1","max-image-preview":"max-image-preview:large","max-video-preview":"max-video-preview:-1"},"canonical":"https:\/\/pegasrestaurant.md\/ro\/produs\/burger-cu-vita-brisket-si-salata-koul-slou\/","og_locale":"ro_RO","og_type":"article","og_title":"Burger cu brisket de vit\u0103 \u0219i salat\u0103 de la Pegas cu livrare la domiciliu - comand\u0103 online sau prin telefon","og_description":"Livrare \u00een Chi\u0219in\u0103u: Burger cu brisket de vit\u0103 \u0219i salat\u0103 Koul Slou de la restaurantul Pegas. Plasa\u021bi o comand\u0103 online sau apela\u021bi 078800600","og_url":"https:\/\/pegasrestaurant.md\/ro\/produs\/burger-cu-vita-brisket-si-salata-koul-slou\/","og_site_name":"Pegas Terrace &amp; Restaurant","article_modified_time":"2022-06-10T14:21:27+00:00","twitter_card":"summary_large_image","twitter_misc":{"Timp estimat pentru citire":"1 minut"},"schema":{"@context":"https:\/\/schema.org","@graph":[{"@type":"WebPage","@id":"https:\/\/pegasrestaurant.md\/ro\/produs\/burger-cu-vita-brisket-si-salata-koul-slou\/","url":"https:\/\/pegasrestaurant.md\/ro\/produs\/burger-cu-vita-brisket-si-salata-koul-slou\/","name":"Burger cu brisket de vit\u0103 \u0219i salat\u0103 de la Pegas cu livrare la domiciliu - comand\u0103 online sau prin telefon","isPartOf":{"@id":"https:\/\/pegasrestaurant.md\/en\/#website"},"datePublished":"2021-05-05T12:42:18+00:00","dateModified":"2022-06-10T14:21:27+00:00","description":"Livrare \u00een Chi\u0219in\u0103u: Burger cu brisket de vit\u0103 \u0219i salat\u0103 Koul Slou de la restaurantul Pegas. Plasa\u021bi o comand\u0103 online sau apela\u021bi 078800600","breadcrumb":{"@id":"https:\/\/pegasrestaurant.md\/ro\/produs\/burger-cu-vita-brisket-si-salata-koul-slou\/#breadcrumb"},"inLanguage":"ro-RO","potentialAction":[{"@type":"ReadAction","target":["https:\/\/pegasrestaurant.md\/ro\/produs\/burger-cu-vita-brisket-si-salata-koul-slou\/"]}]},{"@type":"BreadcrumbList","@id":"https:\/\/pegasrestaurant.md\/ro\/produs\/burger-cu-vita-brisket-si-salata-koul-slou\/#breadcrumb","itemListElement":[{"@type":"ListItem","position":1,"name":"\u0413\u043b\u0430\u0432\u043d\u0430\u044f \u0441\u0442\u0440\u0430\u043d\u0438\u0446\u0430","item":"https:\/\/pegasrestaurant.md\/ro\/"},{"@type":"ListItem","position":2,"name":"Comand\u0103 online","item":"https:\/\/pegasrestaurant.md\/ro\/comanda-online\/"},{"@type":"ListItem","position":3,"name":"Burger cu vit\u0103 Brisket \u0219i salat\u0103 Koul Slou"}]},{"@type":"WebSite","@id":"https:\/\/pegasrestaurant.md\/en\/#website","url":"https:\/\/pegasrestaurant.md\/en\/","name":"Pegas Terrace &amp; Restaurant","description":"","potentialAction":[{"@type":"SearchAction","target":{"@type":"EntryPoint","urlTemplate":"https:\/\/pegasrestaurant.md\/en\/?s={search_term_string}"},"query-input":"required name=search_term_string"}],"inLanguage":"ro-RO"}]}},"_links":{"self":[{"href":"https:\/\/pegasrestaurant.md\/ro\/wp-json\/wp\/v2\/product\/9203","targetHints":{"allow":["GET"]}}],"collection":[{"href":"https:\/\/pegasrestaurant.md\/ro\/wp-json\/wp\/v2\/product"}],"about":[{"href":"https:\/\/pegasrestaurant.md\/ro\/wp-json\/wp\/v2\/types\/product"}],"version-history":[{"count":0,"href":"https:\/\/pegasrestaurant.md\/ro\/wp-json\/wp\/v2\/product\/9203\/revisions"}],"wp:attachment":[{"href":"https:\/\/pegasrestaurant.md\/ro\/wp-json\/wp\/v2\/media?parent=9203"}],"wp:term":[{"taxonomy":"product_cat","embeddable":true,"href":"https:\/\/pegasrestaurant.md\/ro\/wp-json\/wp\/v2\/product_cat?post=9203"},{"taxonomy":"product_tag","embeddable":true,"href":"https:\/\/pegasrestaurant.md\/ro\/wp-json\/wp\/v2\/product_tag?post=9203"}],"curies":[{"name":"wp","href":"https:\/\/api.w.org\/{rel}","templated":true}]}}