{"id":9178,"date":"2021-05-05T15:24:50","date_gmt":"2021-05-05T12:24:50","guid":{"rendered":"https:\/\/pegasrestaurant.md\/product\/ravioli-cu-carne-de-vita-si-sos-de-ciuperci-porcini\/"},"modified":"2022-06-10T17:23:56","modified_gmt":"2022-06-10T14:23:56","slug":"ravioli-cu-carne-de-vita-si-sos-de-ciuperci-porcini","status":"publish","type":"product","link":"https:\/\/pegasrestaurant.md\/ro\/produs\/ravioli-cu-carne-de-vita-si-sos-de-ciuperci-porcini\/","title":{"rendered":"Ravioli cu vi\u021bel \u00een\u0103bu\u0219it \u0219i sos de ciuperci porcini"},"content":{"rendered":"<p>Paste clasice perfect preparate, cu o umplutur\u0103 delicioas\u0103 de vi\u021bel \u00een\u0103bu\u0219it \u2013 sun\u0103 extraordinar! Iar dac\u0103 mai ad\u0103uga\u021bi \u0219i sos de ciuperci porcini cu fri\u0219c\u0103 ve\u021bi experimenta un nivel de pl\u0103cere gastronomic\u0103 deosebit\u0103 \u2013 fie personal sau la o mas\u0103 cu prieteni buni! Gustul Italiei \u00een fiecare buc\u0103\u021bic\u0103!<\/p>\n","protected":false},"excerpt":{"rendered":"<p><span style=\"color: #c9ab81;\"><strong>Greutate:<\/strong><\/span> 1\/280 g<\/p>\n<p>&nbsp;<\/p>\n<p><span style=\"color: #c9ab81;\"><strong>Ingrediente:<\/strong><\/span> <span data-sheets-formula-bar-text-style=\"font-size:15px;color:#000000;font-weight:normal;text-decoration:none;font-family:'Arial';font-style:normal;text-decoration-skip-ink:none;\">Carne de vit\u0103, parmezan, fri\u0219c\u0103, ciuperci porcini <\/span><\/p>\n","protected":false},"featured_media":0,"template":"","meta":{"inline_featured_image":false},"product_cat":[131],"product_tag":[],"class_list":["post-9178","product","type-product","status-publish","hentry","product_cat-paste"],"yoast_head":"<!-- This site is optimized with the Yoast SEO plugin v19.6.1 - https:\/\/yoast.com\/wordpress\/plugins\/seo\/ -->\n<title>Comand\u0103 online \u0219i simplu ravioli cu sos de ciuperci de la restaurantul Pegas!<\/title>\n<meta name=\"description\" content=\"Suna\u021bi la 078800600 \u0219i comanda\u021bi pastele preferate de la Chef restaurant Pegas cu livrare direct la domiciliu. Bon appetit!\" \/>\n<meta name=\"robots\" content=\"index, follow, max-snippet:-1, max-image-preview:large, max-video-preview:-1\" \/>\n<link rel=\"canonical\" href=\"https:\/\/pegasrestaurant.md\/ro\/produs\/ravioli-cu-carne-de-vita-si-sos-de-ciuperci-porcini\/\" \/>\n<meta property=\"og:locale\" content=\"ro_RO\" \/>\n<meta property=\"og:type\" content=\"article\" \/>\n<meta property=\"og:title\" content=\"Comand\u0103 online \u0219i simplu ravioli cu sos de ciuperci de la restaurantul Pegas!\" \/>\n<meta property=\"og:description\" content=\"Suna\u021bi la 078800600 \u0219i comanda\u021bi pastele preferate de la Chef restaurant Pegas cu livrare direct la domiciliu. Bon appetit!\" \/>\n<meta property=\"og:url\" content=\"https:\/\/pegasrestaurant.md\/ro\/produs\/ravioli-cu-carne-de-vita-si-sos-de-ciuperci-porcini\/\" \/>\n<meta property=\"og:site_name\" content=\"Pegas Terrace &amp; Restaurant\" \/>\n<meta property=\"article:modified_time\" content=\"2022-06-10T14:23:56+00:00\" \/>\n<meta name=\"twitter:card\" content=\"summary_large_image\" \/>\n<meta name=\"twitter:label1\" content=\"Timp estimat pentru citire\" \/>\n\t<meta name=\"twitter:data1\" content=\"1 minut\" \/>\n<script type=\"application\/ld+json\" class=\"yoast-schema-graph\">{\"@context\":\"https:\/\/schema.org\",\"@graph\":[{\"@type\":\"WebPage\",\"@id\":\"https:\/\/pegasrestaurant.md\/ro\/produs\/ravioli-cu-carne-de-vita-si-sos-de-ciuperci-porcini\/\",\"url\":\"https:\/\/pegasrestaurant.md\/ro\/produs\/ravioli-cu-carne-de-vita-si-sos-de-ciuperci-porcini\/\",\"name\":\"Comand\u0103 online \u0219i simplu ravioli cu sos de ciuperci de la restaurantul Pegas!\",\"isPartOf\":{\"@id\":\"https:\/\/pegasrestaurant.md\/en\/#website\"},\"datePublished\":\"2021-05-05T12:24:50+00:00\",\"dateModified\":\"2022-06-10T14:23:56+00:00\",\"description\":\"Suna\u021bi la 078800600 \u0219i comanda\u021bi pastele preferate de la Chef restaurant Pegas cu livrare direct la domiciliu. Bon appetit!\",\"breadcrumb\":{\"@id\":\"https:\/\/pegasrestaurant.md\/ro\/produs\/ravioli-cu-carne-de-vita-si-sos-de-ciuperci-porcini\/#breadcrumb\"},\"inLanguage\":\"ro-RO\",\"potentialAction\":[{\"@type\":\"ReadAction\",\"target\":[\"https:\/\/pegasrestaurant.md\/ro\/produs\/ravioli-cu-carne-de-vita-si-sos-de-ciuperci-porcini\/\"]}]},{\"@type\":\"BreadcrumbList\",\"@id\":\"https:\/\/pegasrestaurant.md\/ro\/produs\/ravioli-cu-carne-de-vita-si-sos-de-ciuperci-porcini\/#breadcrumb\",\"itemListElement\":[{\"@type\":\"ListItem\",\"position\":1,\"name\":\"\u0413\u043b\u0430\u0432\u043d\u0430\u044f \u0441\u0442\u0440\u0430\u043d\u0438\u0446\u0430\",\"item\":\"https:\/\/pegasrestaurant.md\/ro\/\"},{\"@type\":\"ListItem\",\"position\":2,\"name\":\"Comand\u0103 online\",\"item\":\"https:\/\/pegasrestaurant.md\/ro\/comanda-online\/\"},{\"@type\":\"ListItem\",\"position\":3,\"name\":\"Ravioli cu vi\u021bel \u00een\u0103bu\u0219it \u0219i sos de ciuperci porcini\"}]},{\"@type\":\"WebSite\",\"@id\":\"https:\/\/pegasrestaurant.md\/en\/#website\",\"url\":\"https:\/\/pegasrestaurant.md\/en\/\",\"name\":\"Pegas Terrace &amp; Restaurant\",\"description\":\"\",\"potentialAction\":[{\"@type\":\"SearchAction\",\"target\":{\"@type\":\"EntryPoint\",\"urlTemplate\":\"https:\/\/pegasrestaurant.md\/en\/?s={search_term_string}\"},\"query-input\":\"required name=search_term_string\"}],\"inLanguage\":\"ro-RO\"}]}<\/script>\n<!-- \/ Yoast SEO plugin. -->","yoast_head_json":{"title":"Comand\u0103 online \u0219i simplu ravioli cu sos de ciuperci de la restaurantul Pegas!","description":"Suna\u021bi la 078800600 \u0219i comanda\u021bi pastele preferate de la Chef restaurant Pegas cu livrare direct la domiciliu. Bon appetit!","robots":{"index":"index","follow":"follow","max-snippet":"max-snippet:-1","max-image-preview":"max-image-preview:large","max-video-preview":"max-video-preview:-1"},"canonical":"https:\/\/pegasrestaurant.md\/ro\/produs\/ravioli-cu-carne-de-vita-si-sos-de-ciuperci-porcini\/","og_locale":"ro_RO","og_type":"article","og_title":"Comand\u0103 online \u0219i simplu ravioli cu sos de ciuperci de la restaurantul Pegas!","og_description":"Suna\u021bi la 078800600 \u0219i comanda\u021bi pastele preferate de la Chef restaurant Pegas cu livrare direct la domiciliu. Bon appetit!","og_url":"https:\/\/pegasrestaurant.md\/ro\/produs\/ravioli-cu-carne-de-vita-si-sos-de-ciuperci-porcini\/","og_site_name":"Pegas Terrace &amp; Restaurant","article_modified_time":"2022-06-10T14:23:56+00:00","twitter_card":"summary_large_image","twitter_misc":{"Timp estimat pentru citire":"1 minut"},"schema":{"@context":"https:\/\/schema.org","@graph":[{"@type":"WebPage","@id":"https:\/\/pegasrestaurant.md\/ro\/produs\/ravioli-cu-carne-de-vita-si-sos-de-ciuperci-porcini\/","url":"https:\/\/pegasrestaurant.md\/ro\/produs\/ravioli-cu-carne-de-vita-si-sos-de-ciuperci-porcini\/","name":"Comand\u0103 online \u0219i simplu ravioli cu sos de ciuperci de la restaurantul Pegas!","isPartOf":{"@id":"https:\/\/pegasrestaurant.md\/en\/#website"},"datePublished":"2021-05-05T12:24:50+00:00","dateModified":"2022-06-10T14:23:56+00:00","description":"Suna\u021bi la 078800600 \u0219i comanda\u021bi pastele preferate de la Chef restaurant Pegas cu livrare direct la domiciliu. Bon appetit!","breadcrumb":{"@id":"https:\/\/pegasrestaurant.md\/ro\/produs\/ravioli-cu-carne-de-vita-si-sos-de-ciuperci-porcini\/#breadcrumb"},"inLanguage":"ro-RO","potentialAction":[{"@type":"ReadAction","target":["https:\/\/pegasrestaurant.md\/ro\/produs\/ravioli-cu-carne-de-vita-si-sos-de-ciuperci-porcini\/"]}]},{"@type":"BreadcrumbList","@id":"https:\/\/pegasrestaurant.md\/ro\/produs\/ravioli-cu-carne-de-vita-si-sos-de-ciuperci-porcini\/#breadcrumb","itemListElement":[{"@type":"ListItem","position":1,"name":"\u0413\u043b\u0430\u0432\u043d\u0430\u044f \u0441\u0442\u0440\u0430\u043d\u0438\u0446\u0430","item":"https:\/\/pegasrestaurant.md\/ro\/"},{"@type":"ListItem","position":2,"name":"Comand\u0103 online","item":"https:\/\/pegasrestaurant.md\/ro\/comanda-online\/"},{"@type":"ListItem","position":3,"name":"Ravioli cu vi\u021bel \u00een\u0103bu\u0219it \u0219i sos de ciuperci porcini"}]},{"@type":"WebSite","@id":"https:\/\/pegasrestaurant.md\/en\/#website","url":"https:\/\/pegasrestaurant.md\/en\/","name":"Pegas Terrace &amp; Restaurant","description":"","potentialAction":[{"@type":"SearchAction","target":{"@type":"EntryPoint","urlTemplate":"https:\/\/pegasrestaurant.md\/en\/?s={search_term_string}"},"query-input":"required name=search_term_string"}],"inLanguage":"ro-RO"}]}},"_links":{"self":[{"href":"https:\/\/pegasrestaurant.md\/ro\/wp-json\/wp\/v2\/product\/9178","targetHints":{"allow":["GET"]}}],"collection":[{"href":"https:\/\/pegasrestaurant.md\/ro\/wp-json\/wp\/v2\/product"}],"about":[{"href":"https:\/\/pegasrestaurant.md\/ro\/wp-json\/wp\/v2\/types\/product"}],"version-history":[{"count":0,"href":"https:\/\/pegasrestaurant.md\/ro\/wp-json\/wp\/v2\/product\/9178\/revisions"}],"wp:attachment":[{"href":"https:\/\/pegasrestaurant.md\/ro\/wp-json\/wp\/v2\/media?parent=9178"}],"wp:term":[{"taxonomy":"product_cat","embeddable":true,"href":"https:\/\/pegasrestaurant.md\/ro\/wp-json\/wp\/v2\/product_cat?post=9178"},{"taxonomy":"product_tag","embeddable":true,"href":"https:\/\/pegasrestaurant.md\/ro\/wp-json\/wp\/v2\/product_tag?post=9178"}],"curies":[{"name":"wp","href":"https:\/\/api.w.org\/{rel}","templated":true}]}}