{"id":9129,"date":"2021-04-22T16:25:05","date_gmt":"2021-04-22T13:25:05","guid":{"rendered":"https:\/\/pegasrestaurant.md\/product\/platou-cu-cascaval-2\/"},"modified":"2023-05-26T10:03:13","modified_gmt":"2023-05-26T07:03:13","slug":"platou-cu-cascaval","status":"publish","type":"product","link":"https:\/\/pegasrestaurant.md\/ro\/produs\/platou-cu-cascaval\/","title":{"rendered":"Platou cu ca\u015fcaval"},"content":{"rendered":"<p>Platou cu ca\u0219caval de la Pegas Terrace &amp; Restaurant este un sortiment de br\u00e2nzeturi nobile de \u00eenalt\u0103 calitate: Camembert, Brie, parmezan, Roquefort, br\u00e2nz\u0103 de capr\u0103. Br\u00e2nzeturile delicioase \u0219i servirea spectaculoas\u0103 a farfuriei sunt consolidate de noi cu miere de trufe, caise uscate \u0219i nuci pentru a v\u0103 oferi o adev\u0103rat\u0103 pl\u0103cere gastronomic\u0103!<\/p>\n","protected":false},"excerpt":{"rendered":"<p><span style=\"color: #c9ab81;\"><strong>Greutate:<\/strong><\/span> 250\/50\/60 g<\/p>\n<p>&nbsp;<\/p>\n<p><span style=\"color: #c9ab81;\"><strong>Ingrediente:<\/strong><\/span> 5 tipuri de ca\u0219caval: Camembert, Brie, parmezan, Roquefort, ca\u0219caval de c\u0103pri\u021b\u0103, nuci, caise uscate, miere de trufe<\/p>\n","protected":false},"featured_media":5563,"template":"","meta":{"inline_featured_image":false},"product_cat":[111],"product_tag":[],"class_list":["post-9129","product","type-product","status-publish","has-post-thumbnail","hentry","product_cat-gustari"],"yoast_head":"<!-- This site is optimized with the Yoast SEO plugin v19.6.1 - https:\/\/yoast.com\/wordpress\/plugins\/seo\/ -->\n<title>Platou cu ca\u0219caval | Gust\u0103ri Restaurant Pegas [Pre\u021buri 2023]<\/title>\n<meta name=\"description\" content=\"5 feluri de ca\u0219caval: Camembert, Brie, Roquefort, parmezan \u0219i de c\u0103pri\u021b\u0103. Un platou. 190.00 MDL. Nuc, caise uscate, miere de trufe.\" \/>\n<meta name=\"robots\" content=\"index, follow, max-snippet:-1, max-image-preview:large, max-video-preview:-1\" \/>\n<link rel=\"canonical\" href=\"https:\/\/pegasrestaurant.md\/ro\/produs\/platou-cu-cascaval\/\" \/>\n<meta property=\"og:locale\" content=\"ro_RO\" \/>\n<meta property=\"og:type\" content=\"article\" \/>\n<meta property=\"og:title\" content=\"Platou cu ca\u0219caval | Gust\u0103ri Restaurant Pegas [Pre\u021buri 2023]\" \/>\n<meta property=\"og:description\" content=\"5 feluri de ca\u0219caval: Camembert, Brie, Roquefort, parmezan \u0219i de c\u0103pri\u021b\u0103. Un platou. 190.00 MDL. Nuc, caise uscate, miere de trufe.\" \/>\n<meta property=\"og:url\" content=\"https:\/\/pegasrestaurant.md\/ro\/produs\/platou-cu-cascaval\/\" \/>\n<meta property=\"og:site_name\" content=\"Pegas Terrace &amp; Restaurant\" \/>\n<meta property=\"article:modified_time\" content=\"2023-05-26T07:03:13+00:00\" \/>\n<meta property=\"og:image\" content=\"https:\/\/pegasrestaurant.md\/wp-content\/uploads\/2021\/04\/25.jpg\" \/>\n\t<meta property=\"og:image:width\" content=\"2500\" \/>\n\t<meta property=\"og:image:height\" content=\"2500\" \/>\n\t<meta property=\"og:image:type\" content=\"image\/jpeg\" \/>\n<meta name=\"twitter:card\" content=\"summary_large_image\" \/>\n<script type=\"application\/ld+json\" class=\"yoast-schema-graph\">{\"@context\":\"https:\/\/schema.org\",\"@graph\":[{\"@type\":\"WebPage\",\"@id\":\"https:\/\/pegasrestaurant.md\/ro\/produs\/platou-cu-cascaval\/\",\"url\":\"https:\/\/pegasrestaurant.md\/ro\/produs\/platou-cu-cascaval\/\",\"name\":\"Platou cu ca\u0219caval | Gust\u0103ri Restaurant Pegas [Pre\u021buri 2023]\",\"isPartOf\":{\"@id\":\"https:\/\/pegasrestaurant.md\/en\/#website\"},\"datePublished\":\"2021-04-22T13:25:05+00:00\",\"dateModified\":\"2023-05-26T07:03:13+00:00\",\"description\":\"5 feluri de ca\u0219caval: Camembert, Brie, Roquefort, parmezan \u0219i de c\u0103pri\u021b\u0103. Un platou. 190.00 MDL. Nuc, caise uscate, miere de trufe.\",\"breadcrumb\":{\"@id\":\"https:\/\/pegasrestaurant.md\/ro\/produs\/platou-cu-cascaval\/#breadcrumb\"},\"inLanguage\":\"ro-RO\",\"potentialAction\":[{\"@type\":\"ReadAction\",\"target\":[\"https:\/\/pegasrestaurant.md\/ro\/produs\/platou-cu-cascaval\/\"]}]},{\"@type\":\"BreadcrumbList\",\"@id\":\"https:\/\/pegasrestaurant.md\/ro\/produs\/platou-cu-cascaval\/#breadcrumb\",\"itemListElement\":[{\"@type\":\"ListItem\",\"position\":1,\"name\":\"\u0413\u043b\u0430\u0432\u043d\u0430\u044f \u0441\u0442\u0440\u0430\u043d\u0438\u0446\u0430\",\"item\":\"https:\/\/pegasrestaurant.md\/ro\/\"},{\"@type\":\"ListItem\",\"position\":2,\"name\":\"Comand\u0103 online\",\"item\":\"https:\/\/pegasrestaurant.md\/ro\/comanda-online\/\"},{\"@type\":\"ListItem\",\"position\":3,\"name\":\"Platou cu ca\u015fcaval\"}]},{\"@type\":\"WebSite\",\"@id\":\"https:\/\/pegasrestaurant.md\/en\/#website\",\"url\":\"https:\/\/pegasrestaurant.md\/en\/\",\"name\":\"Pegas Terrace &amp; Restaurant\",\"description\":\"\",\"potentialAction\":[{\"@type\":\"SearchAction\",\"target\":{\"@type\":\"EntryPoint\",\"urlTemplate\":\"https:\/\/pegasrestaurant.md\/en\/?s={search_term_string}\"},\"query-input\":\"required name=search_term_string\"}],\"inLanguage\":\"ro-RO\"}]}<\/script>\n<!-- \/ Yoast SEO plugin. -->","yoast_head_json":{"title":"Platou cu ca\u0219caval | Gust\u0103ri Restaurant Pegas [Pre\u021buri 2023]","description":"5 feluri de ca\u0219caval: Camembert, Brie, Roquefort, parmezan \u0219i de c\u0103pri\u021b\u0103. Un platou. 190.00 MDL. Nuc, caise uscate, miere de trufe.","robots":{"index":"index","follow":"follow","max-snippet":"max-snippet:-1","max-image-preview":"max-image-preview:large","max-video-preview":"max-video-preview:-1"},"canonical":"https:\/\/pegasrestaurant.md\/ro\/produs\/platou-cu-cascaval\/","og_locale":"ro_RO","og_type":"article","og_title":"Platou cu ca\u0219caval | Gust\u0103ri Restaurant Pegas [Pre\u021buri 2023]","og_description":"5 feluri de ca\u0219caval: Camembert, Brie, Roquefort, parmezan \u0219i de c\u0103pri\u021b\u0103. Un platou. 190.00 MDL. Nuc, caise uscate, miere de trufe.","og_url":"https:\/\/pegasrestaurant.md\/ro\/produs\/platou-cu-cascaval\/","og_site_name":"Pegas Terrace &amp; Restaurant","article_modified_time":"2023-05-26T07:03:13+00:00","og_image":[{"width":2500,"height":2500,"url":"https:\/\/pegasrestaurant.md\/wp-content\/uploads\/2021\/04\/25.jpg","type":"image\/jpeg"}],"twitter_card":"summary_large_image","schema":{"@context":"https:\/\/schema.org","@graph":[{"@type":"WebPage","@id":"https:\/\/pegasrestaurant.md\/ro\/produs\/platou-cu-cascaval\/","url":"https:\/\/pegasrestaurant.md\/ro\/produs\/platou-cu-cascaval\/","name":"Platou cu ca\u0219caval | Gust\u0103ri Restaurant Pegas [Pre\u021buri 2023]","isPartOf":{"@id":"https:\/\/pegasrestaurant.md\/en\/#website"},"datePublished":"2021-04-22T13:25:05+00:00","dateModified":"2023-05-26T07:03:13+00:00","description":"5 feluri de ca\u0219caval: Camembert, Brie, Roquefort, parmezan \u0219i de c\u0103pri\u021b\u0103. Un platou. 190.00 MDL. Nuc, caise uscate, miere de trufe.","breadcrumb":{"@id":"https:\/\/pegasrestaurant.md\/ro\/produs\/platou-cu-cascaval\/#breadcrumb"},"inLanguage":"ro-RO","potentialAction":[{"@type":"ReadAction","target":["https:\/\/pegasrestaurant.md\/ro\/produs\/platou-cu-cascaval\/"]}]},{"@type":"BreadcrumbList","@id":"https:\/\/pegasrestaurant.md\/ro\/produs\/platou-cu-cascaval\/#breadcrumb","itemListElement":[{"@type":"ListItem","position":1,"name":"\u0413\u043b\u0430\u0432\u043d\u0430\u044f \u0441\u0442\u0440\u0430\u043d\u0438\u0446\u0430","item":"https:\/\/pegasrestaurant.md\/ro\/"},{"@type":"ListItem","position":2,"name":"Comand\u0103 online","item":"https:\/\/pegasrestaurant.md\/ro\/comanda-online\/"},{"@type":"ListItem","position":3,"name":"Platou cu ca\u015fcaval"}]},{"@type":"WebSite","@id":"https:\/\/pegasrestaurant.md\/en\/#website","url":"https:\/\/pegasrestaurant.md\/en\/","name":"Pegas Terrace &amp; Restaurant","description":"","potentialAction":[{"@type":"SearchAction","target":{"@type":"EntryPoint","urlTemplate":"https:\/\/pegasrestaurant.md\/en\/?s={search_term_string}"},"query-input":"required name=search_term_string"}],"inLanguage":"ro-RO"}]}},"_links":{"self":[{"href":"https:\/\/pegasrestaurant.md\/ro\/wp-json\/wp\/v2\/product\/9129","targetHints":{"allow":["GET"]}}],"collection":[{"href":"https:\/\/pegasrestaurant.md\/ro\/wp-json\/wp\/v2\/product"}],"about":[{"href":"https:\/\/pegasrestaurant.md\/ro\/wp-json\/wp\/v2\/types\/product"}],"version-history":[{"count":0,"href":"https:\/\/pegasrestaurant.md\/ro\/wp-json\/wp\/v2\/product\/9129\/revisions"}],"wp:featuredmedia":[{"embeddable":true,"href":"https:\/\/pegasrestaurant.md\/ro\/wp-json\/wp\/v2\/media\/5563"}],"wp:attachment":[{"href":"https:\/\/pegasrestaurant.md\/ro\/wp-json\/wp\/v2\/media?parent=9129"}],"wp:term":[{"taxonomy":"product_cat","embeddable":true,"href":"https:\/\/pegasrestaurant.md\/ro\/wp-json\/wp\/v2\/product_cat?post=9129"},{"taxonomy":"product_tag","embeddable":true,"href":"https:\/\/pegasrestaurant.md\/ro\/wp-json\/wp\/v2\/product_tag?post=9129"}],"curies":[{"name":"wp","href":"https:\/\/api.w.org\/{rel}","templated":true}]}}