{"id":9097,"date":"2021-04-22T16:26:55","date_gmt":"2021-04-22T13:26:55","guid":{"rendered":"https:\/\/pegasrestaurant.md\/product\/bone-in-rib-eye-steak-local-2\/"},"modified":"2022-06-10T17:21:28","modified_gmt":"2022-06-10T14:21:28","slug":"bone-in-rib-eye-steak-local-2","status":"publish","type":"product","link":"https:\/\/pegasrestaurant.md\/ro\/produs\/bone-in-rib-eye-steak-local-2\/","title":{"rendered":"Bone-in Rib-Eye Steak (local)"},"content":{"rendered":"<p>Un steak mare pe os (Bone-in Rib-Eye Steak) este o gustare clasic\u0103 \u00een lumea steak-urilor cu o arom\u0103 bogat\u0103 de carne de vit\u0103. Se taie dintr-o t\u0103ietur\u0103 de coaste (Rib) \u0219i are un anumit grad de marmur\u0103. Gradul de pr\u0103jire este, ca de obicei, la discre\u021bia voastr\u0103. Apropo, cel mai bun plus la o cin\u0103 adev\u0103rat\u0103 pentru b\u0103rba\u021bi sunt legumele. V\u0103 putem oferi legume la gr\u0103tar, salate cu aburi sau cu legume.<\/p>\n","protected":false},"excerpt":{"rendered":"<p><span style=\"color: #c9ab81;\"><img decoding=\"async\" src=\"https:\/\/pegasrestaurant.md\/wp-content\/uploads\/2021\/05\/100gr.png\" width=\"15\" \/> <strong>Pre\u021bul pentru 100 g:<\/strong><\/span> 90 MDL<\/p>\n<p>&nbsp;<\/p>\n<p><span style=\"color: #c9ab81;\"><strong>Ingrediente:<\/strong><\/span> steak de vi\u021bel (Moldova)<\/p>\n","protected":false},"featured_media":8327,"template":"","meta":{"inline_featured_image":false},"product_cat":[119],"product_tag":[],"class_list":["post-9097","product","type-product","status-publish","has-post-thumbnail","hentry","product_cat-carne-de-vita"],"yoast_head":"<!-- This site is optimized with the Yoast SEO plugin v19.6.1 - https:\/\/yoast.com\/wordpress\/plugins\/seo\/ -->\n<title>Bone-in Rib-Eye Steak | Pegas Terrace &amp; Restaurant [2021]<\/title>\n<meta name=\"description\" content=\"Bone-in Rib-Eye Steak este preg\u0103tit perfect la Pegas. Cin\u0103 suculent\u0103 si g\u0103tit\u0103 cu dedica\u021bie. 65.00 MDL. Comanda\u021bi un steak acas\u0103.\" \/>\n<meta name=\"robots\" content=\"index, follow, max-snippet:-1, max-image-preview:large, max-video-preview:-1\" \/>\n<link rel=\"canonical\" href=\"https:\/\/pegasrestaurant.md\/ro\/produs\/bone-in-rib-eye-steak-local-2\/\" \/>\n<meta property=\"og:locale\" content=\"ro_RO\" \/>\n<meta property=\"og:type\" content=\"article\" \/>\n<meta property=\"og:title\" content=\"Bone-in Rib-Eye Steak | Pegas Terrace &amp; Restaurant [2021]\" \/>\n<meta property=\"og:description\" content=\"Bone-in Rib-Eye Steak este preg\u0103tit perfect la Pegas. Cin\u0103 suculent\u0103 si g\u0103tit\u0103 cu dedica\u021bie. 65.00 MDL. Comanda\u021bi un steak acas\u0103.\" \/>\n<meta property=\"og:url\" content=\"https:\/\/pegasrestaurant.md\/ro\/produs\/bone-in-rib-eye-steak-local-2\/\" \/>\n<meta property=\"og:site_name\" content=\"Pegas Terrace &amp; Restaurant\" \/>\n<meta property=\"article:modified_time\" content=\"2022-06-10T14:21:28+00:00\" \/>\n<meta property=\"og:image\" content=\"https:\/\/pegasrestaurant.md\/wp-content\/uploads\/2021\/04\/no-product.jpg\" \/>\n\t<meta property=\"og:image:width\" content=\"1000\" \/>\n\t<meta property=\"og:image:height\" content=\"1000\" \/>\n\t<meta property=\"og:image:type\" content=\"image\/jpeg\" \/>\n<meta name=\"twitter:card\" content=\"summary_large_image\" \/>\n<script type=\"application\/ld+json\" class=\"yoast-schema-graph\">{\"@context\":\"https:\/\/schema.org\",\"@graph\":[{\"@type\":\"WebPage\",\"@id\":\"https:\/\/pegasrestaurant.md\/ro\/produs\/bone-in-rib-eye-steak-local-2\/\",\"url\":\"https:\/\/pegasrestaurant.md\/ro\/produs\/bone-in-rib-eye-steak-local-2\/\",\"name\":\"Bone-in Rib-Eye Steak | Pegas Terrace & Restaurant [2021]\",\"isPartOf\":{\"@id\":\"https:\/\/pegasrestaurant.md\/en\/#website\"},\"datePublished\":\"2021-04-22T13:26:55+00:00\",\"dateModified\":\"2022-06-10T14:21:28+00:00\",\"description\":\"Bone-in Rib-Eye Steak este preg\u0103tit perfect la Pegas. Cin\u0103 suculent\u0103 si g\u0103tit\u0103 cu dedica\u021bie. 65.00 MDL. Comanda\u021bi un steak acas\u0103.\",\"breadcrumb\":{\"@id\":\"https:\/\/pegasrestaurant.md\/ro\/produs\/bone-in-rib-eye-steak-local-2\/#breadcrumb\"},\"inLanguage\":\"ro-RO\",\"potentialAction\":[{\"@type\":\"ReadAction\",\"target\":[\"https:\/\/pegasrestaurant.md\/ro\/produs\/bone-in-rib-eye-steak-local-2\/\"]}]},{\"@type\":\"BreadcrumbList\",\"@id\":\"https:\/\/pegasrestaurant.md\/ro\/produs\/bone-in-rib-eye-steak-local-2\/#breadcrumb\",\"itemListElement\":[{\"@type\":\"ListItem\",\"position\":1,\"name\":\"\u0413\u043b\u0430\u0432\u043d\u0430\u044f \u0441\u0442\u0440\u0430\u043d\u0438\u0446\u0430\",\"item\":\"https:\/\/pegasrestaurant.md\/ro\/\"},{\"@type\":\"ListItem\",\"position\":2,\"name\":\"Comand\u0103 online\",\"item\":\"https:\/\/pegasrestaurant.md\/ro\/comanda-online\/\"},{\"@type\":\"ListItem\",\"position\":3,\"name\":\"Bone-in Rib-Eye Steak (local)\"}]},{\"@type\":\"WebSite\",\"@id\":\"https:\/\/pegasrestaurant.md\/en\/#website\",\"url\":\"https:\/\/pegasrestaurant.md\/en\/\",\"name\":\"Pegas Terrace &amp; Restaurant\",\"description\":\"\",\"potentialAction\":[{\"@type\":\"SearchAction\",\"target\":{\"@type\":\"EntryPoint\",\"urlTemplate\":\"https:\/\/pegasrestaurant.md\/en\/?s={search_term_string}\"},\"query-input\":\"required name=search_term_string\"}],\"inLanguage\":\"ro-RO\"}]}<\/script>\n<!-- \/ Yoast SEO plugin. -->","yoast_head_json":{"title":"Bone-in Rib-Eye Steak | Pegas Terrace & Restaurant [2021]","description":"Bone-in Rib-Eye Steak este preg\u0103tit perfect la Pegas. Cin\u0103 suculent\u0103 si g\u0103tit\u0103 cu dedica\u021bie. 65.00 MDL. Comanda\u021bi un steak acas\u0103.","robots":{"index":"index","follow":"follow","max-snippet":"max-snippet:-1","max-image-preview":"max-image-preview:large","max-video-preview":"max-video-preview:-1"},"canonical":"https:\/\/pegasrestaurant.md\/ro\/produs\/bone-in-rib-eye-steak-local-2\/","og_locale":"ro_RO","og_type":"article","og_title":"Bone-in Rib-Eye Steak | Pegas Terrace & Restaurant [2021]","og_description":"Bone-in Rib-Eye Steak este preg\u0103tit perfect la Pegas. Cin\u0103 suculent\u0103 si g\u0103tit\u0103 cu dedica\u021bie. 65.00 MDL. Comanda\u021bi un steak acas\u0103.","og_url":"https:\/\/pegasrestaurant.md\/ro\/produs\/bone-in-rib-eye-steak-local-2\/","og_site_name":"Pegas Terrace &amp; Restaurant","article_modified_time":"2022-06-10T14:21:28+00:00","og_image":[{"width":1000,"height":1000,"url":"https:\/\/pegasrestaurant.md\/wp-content\/uploads\/2021\/04\/no-product.jpg","type":"image\/jpeg"}],"twitter_card":"summary_large_image","schema":{"@context":"https:\/\/schema.org","@graph":[{"@type":"WebPage","@id":"https:\/\/pegasrestaurant.md\/ro\/produs\/bone-in-rib-eye-steak-local-2\/","url":"https:\/\/pegasrestaurant.md\/ro\/produs\/bone-in-rib-eye-steak-local-2\/","name":"Bone-in Rib-Eye Steak | Pegas Terrace & Restaurant [2021]","isPartOf":{"@id":"https:\/\/pegasrestaurant.md\/en\/#website"},"datePublished":"2021-04-22T13:26:55+00:00","dateModified":"2022-06-10T14:21:28+00:00","description":"Bone-in Rib-Eye Steak este preg\u0103tit perfect la Pegas. Cin\u0103 suculent\u0103 si g\u0103tit\u0103 cu dedica\u021bie. 65.00 MDL. Comanda\u021bi un steak acas\u0103.","breadcrumb":{"@id":"https:\/\/pegasrestaurant.md\/ro\/produs\/bone-in-rib-eye-steak-local-2\/#breadcrumb"},"inLanguage":"ro-RO","potentialAction":[{"@type":"ReadAction","target":["https:\/\/pegasrestaurant.md\/ro\/produs\/bone-in-rib-eye-steak-local-2\/"]}]},{"@type":"BreadcrumbList","@id":"https:\/\/pegasrestaurant.md\/ro\/produs\/bone-in-rib-eye-steak-local-2\/#breadcrumb","itemListElement":[{"@type":"ListItem","position":1,"name":"\u0413\u043b\u0430\u0432\u043d\u0430\u044f \u0441\u0442\u0440\u0430\u043d\u0438\u0446\u0430","item":"https:\/\/pegasrestaurant.md\/ro\/"},{"@type":"ListItem","position":2,"name":"Comand\u0103 online","item":"https:\/\/pegasrestaurant.md\/ro\/comanda-online\/"},{"@type":"ListItem","position":3,"name":"Bone-in Rib-Eye Steak (local)"}]},{"@type":"WebSite","@id":"https:\/\/pegasrestaurant.md\/en\/#website","url":"https:\/\/pegasrestaurant.md\/en\/","name":"Pegas Terrace &amp; Restaurant","description":"","potentialAction":[{"@type":"SearchAction","target":{"@type":"EntryPoint","urlTemplate":"https:\/\/pegasrestaurant.md\/en\/?s={search_term_string}"},"query-input":"required name=search_term_string"}],"inLanguage":"ro-RO"}]}},"_links":{"self":[{"href":"https:\/\/pegasrestaurant.md\/ro\/wp-json\/wp\/v2\/product\/9097","targetHints":{"allow":["GET"]}}],"collection":[{"href":"https:\/\/pegasrestaurant.md\/ro\/wp-json\/wp\/v2\/product"}],"about":[{"href":"https:\/\/pegasrestaurant.md\/ro\/wp-json\/wp\/v2\/types\/product"}],"version-history":[{"count":0,"href":"https:\/\/pegasrestaurant.md\/ro\/wp-json\/wp\/v2\/product\/9097\/revisions"}],"wp:featuredmedia":[{"embeddable":true,"href":"https:\/\/pegasrestaurant.md\/ro\/wp-json\/wp\/v2\/media\/8327"}],"wp:attachment":[{"href":"https:\/\/pegasrestaurant.md\/ro\/wp-json\/wp\/v2\/media?parent=9097"}],"wp:term":[{"taxonomy":"product_cat","embeddable":true,"href":"https:\/\/pegasrestaurant.md\/ro\/wp-json\/wp\/v2\/product_cat?post=9097"},{"taxonomy":"product_tag","embeddable":true,"href":"https:\/\/pegasrestaurant.md\/ro\/wp-json\/wp\/v2\/product_tag?post=9097"}],"curies":[{"name":"wp","href":"https:\/\/api.w.org\/{rel}","templated":true}]}}