{"id":9086,"date":"2021-04-22T16:27:19","date_gmt":"2021-04-22T13:27:19","guid":{"rendered":"https:\/\/pegasrestaurant.md\/product\/steak-de-vita-de-marmura-2\/"},"modified":"2023-05-26T12:48:35","modified_gmt":"2023-05-26T09:48:35","slug":"friptura-de-vita-marmura","status":"publish","type":"product","link":"https:\/\/pegasrestaurant.md\/ro\/produs\/friptura-de-vita-marmura\/","title":{"rendered":"Friptur\u0103 de vit\u0103 marmur\u0103"},"content":{"rendered":"<p>Steak-ul de vit\u0103 de marmur\u0103 are un desen unic de dungi de gr\u0103simi \u0219i este foarte apreciat pentru calitatea c\u0103rnii \u0219i gustul s\u0103u unic. Alege\u021bi gradul de pr\u0103jire \u0219i bucura\u021bi-v\u0103 de aceast\u0103 delicates\u0103 \u00een combina\u021bie cu legume \u0219i, de exemplu, un pahar de vin ro\u0219u.<\/p>\n","protected":false},"excerpt":{"rendered":"<p><span style=\"color: #c9ab81;\"><img decoding=\"async\" src=\"https:\/\/pegasrestaurant.md\/wp-content\/uploads\/2021\/05\/100gr.png\" width=\"15\" \/> <strong>Pre\u021bul pentru 100 g:<\/strong><\/span> 320 MDL<\/p>\n<p>&nbsp;<\/p>\n<p><span style=\"color: #c9ab81;\"><strong>Ingrediente:<\/strong><\/span> friptur\u0103 din carne de vit\u0103 american\u0103<\/p>\n","protected":false},"featured_media":11220,"template":"","meta":{"inline_featured_image":false},"product_cat":[119],"product_tag":[],"class_list":["post-9086","product","type-product","status-publish","has-post-thumbnail","hentry","product_cat-carne-de-vita"],"yoast_head":"<!-- This site is optimized with the Yoast SEO plugin v19.6.1 - https:\/\/yoast.com\/wordpress\/plugins\/seo\/ -->\n<title>Friptur\u0103 de vit\u0103 marmur\u0103 | Livrare steak [Restaurant Pegas]<\/title>\n<meta name=\"description\" content=\"Steak din carne de vit\u0103 de marmur\u0103 american\u0103. Model natural de marmur\u0103 \u0219i arom\u0103 bogat\u0103. Steak la localuri chisinau Pegas cu livrare.\" \/>\n<meta name=\"robots\" content=\"index, follow, max-snippet:-1, max-image-preview:large, max-video-preview:-1\" \/>\n<link rel=\"canonical\" href=\"https:\/\/pegasrestaurant.md\/ro\/produs\/friptura-de-vita-marmura\/\" \/>\n<meta property=\"og:locale\" content=\"ro_RO\" \/>\n<meta property=\"og:type\" content=\"article\" \/>\n<meta property=\"og:title\" content=\"Friptur\u0103 de vit\u0103 marmur\u0103 | Livrare steak [Restaurant Pegas]\" \/>\n<meta property=\"og:description\" content=\"Steak din carne de vit\u0103 de marmur\u0103 american\u0103. Model natural de marmur\u0103 \u0219i arom\u0103 bogat\u0103. Steak la localuri chisinau Pegas cu livrare.\" \/>\n<meta property=\"og:url\" content=\"https:\/\/pegasrestaurant.md\/ro\/produs\/friptura-de-vita-marmura\/\" \/>\n<meta property=\"og:site_name\" content=\"Pegas Terrace &amp; Restaurant\" \/>\n<meta property=\"article:modified_time\" content=\"2023-05-26T09:48:35+00:00\" \/>\n<meta property=\"og:image\" content=\"https:\/\/pegasrestaurant.md\/wp-content\/uploads\/2021\/04\/73-new-resized.jpg\" \/>\n\t<meta property=\"og:image:width\" content=\"738\" \/>\n\t<meta property=\"og:image:height\" content=\"738\" \/>\n\t<meta property=\"og:image:type\" content=\"image\/jpeg\" \/>\n<meta name=\"twitter:card\" content=\"summary_large_image\" \/>\n<script type=\"application\/ld+json\" class=\"yoast-schema-graph\">{\"@context\":\"https:\/\/schema.org\",\"@graph\":[{\"@type\":\"WebPage\",\"@id\":\"https:\/\/pegasrestaurant.md\/ro\/produs\/friptura-de-vita-marmura\/\",\"url\":\"https:\/\/pegasrestaurant.md\/ro\/produs\/friptura-de-vita-marmura\/\",\"name\":\"Friptur\u0103 de vit\u0103 marmur\u0103 | Livrare steak [Restaurant Pegas]\",\"isPartOf\":{\"@id\":\"https:\/\/pegasrestaurant.md\/en\/#website\"},\"datePublished\":\"2021-04-22T13:27:19+00:00\",\"dateModified\":\"2023-05-26T09:48:35+00:00\",\"description\":\"Steak din carne de vit\u0103 de marmur\u0103 american\u0103. Model natural de marmur\u0103 \u0219i arom\u0103 bogat\u0103. Steak la localuri chisinau Pegas cu livrare.\",\"breadcrumb\":{\"@id\":\"https:\/\/pegasrestaurant.md\/ro\/produs\/friptura-de-vita-marmura\/#breadcrumb\"},\"inLanguage\":\"ro-RO\",\"potentialAction\":[{\"@type\":\"ReadAction\",\"target\":[\"https:\/\/pegasrestaurant.md\/ro\/produs\/friptura-de-vita-marmura\/\"]}]},{\"@type\":\"BreadcrumbList\",\"@id\":\"https:\/\/pegasrestaurant.md\/ro\/produs\/friptura-de-vita-marmura\/#breadcrumb\",\"itemListElement\":[{\"@type\":\"ListItem\",\"position\":1,\"name\":\"\u0413\u043b\u0430\u0432\u043d\u0430\u044f \u0441\u0442\u0440\u0430\u043d\u0438\u0446\u0430\",\"item\":\"https:\/\/pegasrestaurant.md\/ro\/\"},{\"@type\":\"ListItem\",\"position\":2,\"name\":\"Comand\u0103 online\",\"item\":\"https:\/\/pegasrestaurant.md\/ro\/comanda-online\/\"},{\"@type\":\"ListItem\",\"position\":3,\"name\":\"Friptur\u0103 de vit\u0103 marmur\u0103\"}]},{\"@type\":\"WebSite\",\"@id\":\"https:\/\/pegasrestaurant.md\/en\/#website\",\"url\":\"https:\/\/pegasrestaurant.md\/en\/\",\"name\":\"Pegas Terrace &amp; Restaurant\",\"description\":\"\",\"potentialAction\":[{\"@type\":\"SearchAction\",\"target\":{\"@type\":\"EntryPoint\",\"urlTemplate\":\"https:\/\/pegasrestaurant.md\/en\/?s={search_term_string}\"},\"query-input\":\"required name=search_term_string\"}],\"inLanguage\":\"ro-RO\"}]}<\/script>\n<!-- \/ Yoast SEO plugin. -->","yoast_head_json":{"title":"Friptur\u0103 de vit\u0103 marmur\u0103 | Livrare steak [Restaurant Pegas]","description":"Steak din carne de vit\u0103 de marmur\u0103 american\u0103. Model natural de marmur\u0103 \u0219i arom\u0103 bogat\u0103. Steak la localuri chisinau Pegas cu livrare.","robots":{"index":"index","follow":"follow","max-snippet":"max-snippet:-1","max-image-preview":"max-image-preview:large","max-video-preview":"max-video-preview:-1"},"canonical":"https:\/\/pegasrestaurant.md\/ro\/produs\/friptura-de-vita-marmura\/","og_locale":"ro_RO","og_type":"article","og_title":"Friptur\u0103 de vit\u0103 marmur\u0103 | Livrare steak [Restaurant Pegas]","og_description":"Steak din carne de vit\u0103 de marmur\u0103 american\u0103. Model natural de marmur\u0103 \u0219i arom\u0103 bogat\u0103. Steak la localuri chisinau Pegas cu livrare.","og_url":"https:\/\/pegasrestaurant.md\/ro\/produs\/friptura-de-vita-marmura\/","og_site_name":"Pegas Terrace &amp; Restaurant","article_modified_time":"2023-05-26T09:48:35+00:00","og_image":[{"width":738,"height":738,"url":"https:\/\/pegasrestaurant.md\/wp-content\/uploads\/2021\/04\/73-new-resized.jpg","type":"image\/jpeg"}],"twitter_card":"summary_large_image","schema":{"@context":"https:\/\/schema.org","@graph":[{"@type":"WebPage","@id":"https:\/\/pegasrestaurant.md\/ro\/produs\/friptura-de-vita-marmura\/","url":"https:\/\/pegasrestaurant.md\/ro\/produs\/friptura-de-vita-marmura\/","name":"Friptur\u0103 de vit\u0103 marmur\u0103 | Livrare steak [Restaurant Pegas]","isPartOf":{"@id":"https:\/\/pegasrestaurant.md\/en\/#website"},"datePublished":"2021-04-22T13:27:19+00:00","dateModified":"2023-05-26T09:48:35+00:00","description":"Steak din carne de vit\u0103 de marmur\u0103 american\u0103. Model natural de marmur\u0103 \u0219i arom\u0103 bogat\u0103. Steak la localuri chisinau Pegas cu livrare.","breadcrumb":{"@id":"https:\/\/pegasrestaurant.md\/ro\/produs\/friptura-de-vita-marmura\/#breadcrumb"},"inLanguage":"ro-RO","potentialAction":[{"@type":"ReadAction","target":["https:\/\/pegasrestaurant.md\/ro\/produs\/friptura-de-vita-marmura\/"]}]},{"@type":"BreadcrumbList","@id":"https:\/\/pegasrestaurant.md\/ro\/produs\/friptura-de-vita-marmura\/#breadcrumb","itemListElement":[{"@type":"ListItem","position":1,"name":"\u0413\u043b\u0430\u0432\u043d\u0430\u044f \u0441\u0442\u0440\u0430\u043d\u0438\u0446\u0430","item":"https:\/\/pegasrestaurant.md\/ro\/"},{"@type":"ListItem","position":2,"name":"Comand\u0103 online","item":"https:\/\/pegasrestaurant.md\/ro\/comanda-online\/"},{"@type":"ListItem","position":3,"name":"Friptur\u0103 de vit\u0103 marmur\u0103"}]},{"@type":"WebSite","@id":"https:\/\/pegasrestaurant.md\/en\/#website","url":"https:\/\/pegasrestaurant.md\/en\/","name":"Pegas Terrace &amp; Restaurant","description":"","potentialAction":[{"@type":"SearchAction","target":{"@type":"EntryPoint","urlTemplate":"https:\/\/pegasrestaurant.md\/en\/?s={search_term_string}"},"query-input":"required name=search_term_string"}],"inLanguage":"ro-RO"}]}},"_links":{"self":[{"href":"https:\/\/pegasrestaurant.md\/ro\/wp-json\/wp\/v2\/product\/9086","targetHints":{"allow":["GET"]}}],"collection":[{"href":"https:\/\/pegasrestaurant.md\/ro\/wp-json\/wp\/v2\/product"}],"about":[{"href":"https:\/\/pegasrestaurant.md\/ro\/wp-json\/wp\/v2\/types\/product"}],"version-history":[{"count":0,"href":"https:\/\/pegasrestaurant.md\/ro\/wp-json\/wp\/v2\/product\/9086\/revisions"}],"wp:featuredmedia":[{"embeddable":true,"href":"https:\/\/pegasrestaurant.md\/ro\/wp-json\/wp\/v2\/media\/11220"}],"wp:attachment":[{"href":"https:\/\/pegasrestaurant.md\/ro\/wp-json\/wp\/v2\/media?parent=9086"}],"wp:term":[{"taxonomy":"product_cat","embeddable":true,"href":"https:\/\/pegasrestaurant.md\/ro\/wp-json\/wp\/v2\/product_cat?post=9086"},{"taxonomy":"product_tag","embeddable":true,"href":"https:\/\/pegasrestaurant.md\/ro\/wp-json\/wp\/v2\/product_tag?post=9086"}],"curies":[{"name":"wp","href":"https:\/\/api.w.org\/{rel}","templated":true}]}}