{"id":8971,"date":"2021-04-22T16:32:20","date_gmt":"2021-04-22T13:32:20","guid":{"rendered":"https:\/\/pegasrestaurant.md\/product\/picior-de-iepure-cu-prosciutto-si-sos-de-ciuperci\/"},"modified":"2022-06-10T17:19:41","modified_gmt":"2022-06-10T14:19:41","slug":"picior-de-iepure-cu-prosciutto-si-sos-de-ciuperci-de-padure","status":"publish","type":"product","link":"https:\/\/pegasrestaurant.md\/ro\/produs\/picior-de-iepure-cu-prosciutto-si-sos-de-ciuperci-de-padure\/","title":{"rendered":"Picior de iepure cu prosciutto \u0219i sos de ciuperci de p\u0103dure"},"content":{"rendered":"<p>Un picior de iepure \u00eenvelit \u00een prosciutto se g\u0103te\u0219te la cuptor la temperatur\u0103 joas\u0103. Sosul din ciuperci \u0219i bulionul de carne umami este servit pe aceea\u0219i farfurie cu m\u0103m\u0103lig\u0103 \u0219i br\u00e2nza \u2013 respect\u00e2nd cele mai bune tradi\u021bii ale buc\u0103t\u0103riei moldovene\u0219ti.<\/p>\n","protected":false},"excerpt":{"rendered":"<p><span style=\"color: #c9ab81;\"><strong>Greutate:<\/strong><\/span> 425 g<\/p>\n<p>&nbsp;<\/p>\n<p><span style=\"color: #c9ab81;\"><strong>Ingrediente:<\/strong><\/span> <span data-sheets-formula-bar-text-style=\"font-size:15px;color:#000000;font-weight:normal;text-decoration:none;font-family:'Arial';font-style:normal;text-decoration-skip-ink:none;\">carne de iepure, prosciutto, sos de ciuperci de p\u0103dure, bulion de carne umami, m\u0103m\u0103lig\u0103, br\u00e2nz\u0103<\/span><\/p>\n","protected":false},"featured_media":6041,"template":"","meta":{"inline_featured_image":false},"product_cat":[93,170],"product_tag":[],"class_list":["post-8971","product","type-product","status-publish","has-post-thumbnail","hentry","product_cat-carne","product_cat-sarne-de-iepure"],"yoast_head":"<!-- This site is optimized with the Yoast SEO plugin v19.6.1 - https:\/\/yoast.com\/wordpress\/plugins\/seo\/ -->\n<title>Picior de iepure cu prosciutto \u0219i sos de ciuperci de p\u0103dure | Pegas<\/title>\n<meta name=\"description\" content=\"M\u00e2ncare de top \u2013 picior de iepure cu prosciutto \u0219i sos din ciuperci \u0219i umami, g\u0103tit \u00een cuptor la temperaturi joase. Livrare rapid\u0103 m\u00e2ncare.\" \/>\n<meta name=\"robots\" content=\"index, follow, max-snippet:-1, max-image-preview:large, max-video-preview:-1\" \/>\n<link rel=\"canonical\" href=\"https:\/\/pegasrestaurant.md\/ro\/produs\/picior-de-iepure-cu-prosciutto-si-sos-de-ciuperci-de-padure\/\" \/>\n<meta property=\"og:locale\" content=\"ro_RO\" \/>\n<meta property=\"og:type\" content=\"article\" \/>\n<meta property=\"og:title\" content=\"Picior de iepure cu prosciutto \u0219i sos de ciuperci de p\u0103dure | Pegas\" \/>\n<meta property=\"og:description\" content=\"M\u00e2ncare de top \u2013 picior de iepure cu prosciutto \u0219i sos din ciuperci \u0219i umami, g\u0103tit \u00een cuptor la temperaturi joase. Livrare rapid\u0103 m\u00e2ncare.\" \/>\n<meta property=\"og:url\" content=\"https:\/\/pegasrestaurant.md\/ro\/produs\/picior-de-iepure-cu-prosciutto-si-sos-de-ciuperci-de-padure\/\" \/>\n<meta property=\"og:site_name\" content=\"Pegas Terrace &amp; Restaurant\" \/>\n<meta property=\"article:modified_time\" content=\"2022-06-10T14:19:41+00:00\" \/>\n<meta property=\"og:image\" content=\"https:\/\/pegasrestaurant.md\/wp-content\/uploads\/2021\/04\/nozhka-krolika-s-proshutto-i-sousom-iz-lesnyh-gribov.jpg\" \/>\n\t<meta property=\"og:image:width\" content=\"2500\" \/>\n\t<meta property=\"og:image:height\" content=\"2500\" \/>\n\t<meta property=\"og:image:type\" content=\"image\/jpeg\" \/>\n<meta name=\"twitter:card\" content=\"summary_large_image\" \/>\n<script type=\"application\/ld+json\" class=\"yoast-schema-graph\">{\"@context\":\"https:\/\/schema.org\",\"@graph\":[{\"@type\":\"WebPage\",\"@id\":\"https:\/\/pegasrestaurant.md\/ro\/produs\/picior-de-iepure-cu-prosciutto-si-sos-de-ciuperci-de-padure\/\",\"url\":\"https:\/\/pegasrestaurant.md\/ro\/produs\/picior-de-iepure-cu-prosciutto-si-sos-de-ciuperci-de-padure\/\",\"name\":\"Picior de iepure cu prosciutto \u0219i sos de ciuperci de p\u0103dure | Pegas\",\"isPartOf\":{\"@id\":\"https:\/\/pegasrestaurant.md\/en\/#website\"},\"datePublished\":\"2021-04-22T13:32:20+00:00\",\"dateModified\":\"2022-06-10T14:19:41+00:00\",\"description\":\"M\u00e2ncare de top \u2013 picior de iepure cu prosciutto \u0219i sos din ciuperci \u0219i umami, g\u0103tit \u00een cuptor la temperaturi joase. Livrare rapid\u0103 m\u00e2ncare.\",\"breadcrumb\":{\"@id\":\"https:\/\/pegasrestaurant.md\/ro\/produs\/picior-de-iepure-cu-prosciutto-si-sos-de-ciuperci-de-padure\/#breadcrumb\"},\"inLanguage\":\"ro-RO\",\"potentialAction\":[{\"@type\":\"ReadAction\",\"target\":[\"https:\/\/pegasrestaurant.md\/ro\/produs\/picior-de-iepure-cu-prosciutto-si-sos-de-ciuperci-de-padure\/\"]}]},{\"@type\":\"BreadcrumbList\",\"@id\":\"https:\/\/pegasrestaurant.md\/ro\/produs\/picior-de-iepure-cu-prosciutto-si-sos-de-ciuperci-de-padure\/#breadcrumb\",\"itemListElement\":[{\"@type\":\"ListItem\",\"position\":1,\"name\":\"\u0413\u043b\u0430\u0432\u043d\u0430\u044f \u0441\u0442\u0440\u0430\u043d\u0438\u0446\u0430\",\"item\":\"https:\/\/pegasrestaurant.md\/ro\/\"},{\"@type\":\"ListItem\",\"position\":2,\"name\":\"Comand\u0103 online\",\"item\":\"https:\/\/pegasrestaurant.md\/ro\/comanda-online\/\"},{\"@type\":\"ListItem\",\"position\":3,\"name\":\"Picior de iepure cu prosciutto \u0219i sos de ciuperci de p\u0103dure\"}]},{\"@type\":\"WebSite\",\"@id\":\"https:\/\/pegasrestaurant.md\/en\/#website\",\"url\":\"https:\/\/pegasrestaurant.md\/en\/\",\"name\":\"Pegas Terrace &amp; Restaurant\",\"description\":\"\",\"potentialAction\":[{\"@type\":\"SearchAction\",\"target\":{\"@type\":\"EntryPoint\",\"urlTemplate\":\"https:\/\/pegasrestaurant.md\/en\/?s={search_term_string}\"},\"query-input\":\"required name=search_term_string\"}],\"inLanguage\":\"ro-RO\"}]}<\/script>\n<!-- \/ Yoast SEO plugin. -->","yoast_head_json":{"title":"Picior de iepure cu prosciutto \u0219i sos de ciuperci de p\u0103dure | Pegas","description":"M\u00e2ncare de top \u2013 picior de iepure cu prosciutto \u0219i sos din ciuperci \u0219i umami, g\u0103tit \u00een cuptor la temperaturi joase. Livrare rapid\u0103 m\u00e2ncare.","robots":{"index":"index","follow":"follow","max-snippet":"max-snippet:-1","max-image-preview":"max-image-preview:large","max-video-preview":"max-video-preview:-1"},"canonical":"https:\/\/pegasrestaurant.md\/ro\/produs\/picior-de-iepure-cu-prosciutto-si-sos-de-ciuperci-de-padure\/","og_locale":"ro_RO","og_type":"article","og_title":"Picior de iepure cu prosciutto \u0219i sos de ciuperci de p\u0103dure | Pegas","og_description":"M\u00e2ncare de top \u2013 picior de iepure cu prosciutto \u0219i sos din ciuperci \u0219i umami, g\u0103tit \u00een cuptor la temperaturi joase. Livrare rapid\u0103 m\u00e2ncare.","og_url":"https:\/\/pegasrestaurant.md\/ro\/produs\/picior-de-iepure-cu-prosciutto-si-sos-de-ciuperci-de-padure\/","og_site_name":"Pegas Terrace &amp; Restaurant","article_modified_time":"2022-06-10T14:19:41+00:00","og_image":[{"width":2500,"height":2500,"url":"https:\/\/pegasrestaurant.md\/wp-content\/uploads\/2021\/04\/nozhka-krolika-s-proshutto-i-sousom-iz-lesnyh-gribov.jpg","type":"image\/jpeg"}],"twitter_card":"summary_large_image","schema":{"@context":"https:\/\/schema.org","@graph":[{"@type":"WebPage","@id":"https:\/\/pegasrestaurant.md\/ro\/produs\/picior-de-iepure-cu-prosciutto-si-sos-de-ciuperci-de-padure\/","url":"https:\/\/pegasrestaurant.md\/ro\/produs\/picior-de-iepure-cu-prosciutto-si-sos-de-ciuperci-de-padure\/","name":"Picior de iepure cu prosciutto \u0219i sos de ciuperci de p\u0103dure | Pegas","isPartOf":{"@id":"https:\/\/pegasrestaurant.md\/en\/#website"},"datePublished":"2021-04-22T13:32:20+00:00","dateModified":"2022-06-10T14:19:41+00:00","description":"M\u00e2ncare de top \u2013 picior de iepure cu prosciutto \u0219i sos din ciuperci \u0219i umami, g\u0103tit \u00een cuptor la temperaturi joase. Livrare rapid\u0103 m\u00e2ncare.","breadcrumb":{"@id":"https:\/\/pegasrestaurant.md\/ro\/produs\/picior-de-iepure-cu-prosciutto-si-sos-de-ciuperci-de-padure\/#breadcrumb"},"inLanguage":"ro-RO","potentialAction":[{"@type":"ReadAction","target":["https:\/\/pegasrestaurant.md\/ro\/produs\/picior-de-iepure-cu-prosciutto-si-sos-de-ciuperci-de-padure\/"]}]},{"@type":"BreadcrumbList","@id":"https:\/\/pegasrestaurant.md\/ro\/produs\/picior-de-iepure-cu-prosciutto-si-sos-de-ciuperci-de-padure\/#breadcrumb","itemListElement":[{"@type":"ListItem","position":1,"name":"\u0413\u043b\u0430\u0432\u043d\u0430\u044f \u0441\u0442\u0440\u0430\u043d\u0438\u0446\u0430","item":"https:\/\/pegasrestaurant.md\/ro\/"},{"@type":"ListItem","position":2,"name":"Comand\u0103 online","item":"https:\/\/pegasrestaurant.md\/ro\/comanda-online\/"},{"@type":"ListItem","position":3,"name":"Picior de iepure cu prosciutto \u0219i sos de ciuperci de p\u0103dure"}]},{"@type":"WebSite","@id":"https:\/\/pegasrestaurant.md\/en\/#website","url":"https:\/\/pegasrestaurant.md\/en\/","name":"Pegas Terrace &amp; Restaurant","description":"","potentialAction":[{"@type":"SearchAction","target":{"@type":"EntryPoint","urlTemplate":"https:\/\/pegasrestaurant.md\/en\/?s={search_term_string}"},"query-input":"required name=search_term_string"}],"inLanguage":"ro-RO"}]}},"_links":{"self":[{"href":"https:\/\/pegasrestaurant.md\/ro\/wp-json\/wp\/v2\/product\/8971","targetHints":{"allow":["GET"]}}],"collection":[{"href":"https:\/\/pegasrestaurant.md\/ro\/wp-json\/wp\/v2\/product"}],"about":[{"href":"https:\/\/pegasrestaurant.md\/ro\/wp-json\/wp\/v2\/types\/product"}],"version-history":[{"count":0,"href":"https:\/\/pegasrestaurant.md\/ro\/wp-json\/wp\/v2\/product\/8971\/revisions"}],"wp:featuredmedia":[{"embeddable":true,"href":"https:\/\/pegasrestaurant.md\/ro\/wp-json\/wp\/v2\/media\/6041"}],"wp:attachment":[{"href":"https:\/\/pegasrestaurant.md\/ro\/wp-json\/wp\/v2\/media?parent=8971"}],"wp:term":[{"taxonomy":"product_cat","embeddable":true,"href":"https:\/\/pegasrestaurant.md\/ro\/wp-json\/wp\/v2\/product_cat?post=8971"},{"taxonomy":"product_tag","embeddable":true,"href":"https:\/\/pegasrestaurant.md\/ro\/wp-json\/wp\/v2\/product_tag?post=8971"}],"curies":[{"name":"wp","href":"https:\/\/api.w.org\/{rel}","templated":true}]}}