{"id":8882,"date":"2021-04-22T16:32:33","date_gmt":"2021-04-22T13:32:33","guid":{"rendered":"https:\/\/pegasrestaurant.md\/product\/icre-de-vinete-coapte\/"},"modified":"2022-06-10T17:23:04","modified_gmt":"2022-06-10T14:23:04","slug":"salata-de-vinete-coapte","status":"publish","type":"product","link":"https:\/\/pegasrestaurant.md\/ro\/produs\/salata-de-vinete-coapte\/","title":{"rendered":"Salat\u0103 de vinete coapte"},"content":{"rendered":"<p>Cel mai bun aperitiv sezonier din meniul nostru! Vinete coapte suculente cu ardei gras, ro\u0219ii, ceap\u0103, usturoi se coc \u00een josper, gustarea icre de vinete are un gust de var\u0103 \u0219i un finisaj picant delicat. Se serve\u0219te cu toasturi pr\u0103jite la cuptor. Apropo, la acest aperitiv va merge bine un pahar cu vin ro\u0219u.<\/p>\n","protected":false},"excerpt":{"rendered":"<p><span style=\"color: #c9ab81;\"><strong>Greutate:<\/strong><\/span> 1\/220 g<\/p>\n<p>&nbsp;<\/p>\n<p><span style=\"color: #c9ab81;\"><strong>Ingrediente:<\/strong><\/span> <span data-sheets-formula-bar-text-style=\"font-size:15px;color:#000000;font-weight:normal;text-decoration:none;font-family:'Arial';font-style:normal;text-decoration-skip-ink:none;\">vinete, ardei gras, rosii, ceapa, usturoi, urfa turceasc\u0103, ulei vegetal<\/span><\/p>\n","protected":false},"featured_media":0,"template":"","meta":{"inline_featured_image":false},"product_cat":[111],"product_tag":[],"class_list":["post-8882","product","type-product","status-publish","hentry","product_cat-gustari"],"yoast_head":"<!-- This site is optimized with the Yoast SEO plugin v19.6.1 - https:\/\/yoast.com\/wordpress\/plugins\/seo\/ -->\n<title>Salat\u0103 de vinete coapte | Pegas [Meniu 2021]<\/title>\n<meta name=\"description\" content=\"Gustul verii \u00eentr-un singur platou: vinete suculente, ro\u0219ii, ardei, ceap\u0103, usturoi, urfa turceasc\u0103. Gust\u0103ri la Pegas Terrace Restaurant.\" \/>\n<meta name=\"robots\" content=\"index, follow, max-snippet:-1, max-image-preview:large, max-video-preview:-1\" \/>\n<link rel=\"canonical\" href=\"https:\/\/pegasrestaurant.md\/ro\/produs\/salata-de-vinete-coapte\/\" \/>\n<meta property=\"og:locale\" content=\"ro_RO\" \/>\n<meta property=\"og:type\" content=\"article\" \/>\n<meta property=\"og:title\" content=\"Salat\u0103 de vinete coapte | Pegas [Meniu 2021]\" \/>\n<meta property=\"og:description\" content=\"Gustul verii \u00eentr-un singur platou: vinete suculente, ro\u0219ii, ardei, ceap\u0103, usturoi, urfa turceasc\u0103. Gust\u0103ri la Pegas Terrace Restaurant.\" \/>\n<meta property=\"og:url\" content=\"https:\/\/pegasrestaurant.md\/ro\/produs\/salata-de-vinete-coapte\/\" \/>\n<meta property=\"og:site_name\" content=\"Pegas Terrace &amp; Restaurant\" \/>\n<meta property=\"article:modified_time\" content=\"2022-06-10T14:23:04+00:00\" \/>\n<meta name=\"twitter:card\" content=\"summary_large_image\" \/>\n<script type=\"application\/ld+json\" class=\"yoast-schema-graph\">{\"@context\":\"https:\/\/schema.org\",\"@graph\":[{\"@type\":\"WebPage\",\"@id\":\"https:\/\/pegasrestaurant.md\/ro\/produs\/salata-de-vinete-coapte\/\",\"url\":\"https:\/\/pegasrestaurant.md\/ro\/produs\/salata-de-vinete-coapte\/\",\"name\":\"Salat\u0103 de vinete coapte | Pegas [Meniu 2021]\",\"isPartOf\":{\"@id\":\"https:\/\/pegasrestaurant.md\/en\/#website\"},\"datePublished\":\"2021-04-22T13:32:33+00:00\",\"dateModified\":\"2022-06-10T14:23:04+00:00\",\"description\":\"Gustul verii \u00eentr-un singur platou: vinete suculente, ro\u0219ii, ardei, ceap\u0103, usturoi, urfa turceasc\u0103. Gust\u0103ri la Pegas Terrace Restaurant.\",\"breadcrumb\":{\"@id\":\"https:\/\/pegasrestaurant.md\/ro\/produs\/salata-de-vinete-coapte\/#breadcrumb\"},\"inLanguage\":\"ro-RO\",\"potentialAction\":[{\"@type\":\"ReadAction\",\"target\":[\"https:\/\/pegasrestaurant.md\/ro\/produs\/salata-de-vinete-coapte\/\"]}]},{\"@type\":\"BreadcrumbList\",\"@id\":\"https:\/\/pegasrestaurant.md\/ro\/produs\/salata-de-vinete-coapte\/#breadcrumb\",\"itemListElement\":[{\"@type\":\"ListItem\",\"position\":1,\"name\":\"\u0413\u043b\u0430\u0432\u043d\u0430\u044f \u0441\u0442\u0440\u0430\u043d\u0438\u0446\u0430\",\"item\":\"https:\/\/pegasrestaurant.md\/ro\/\"},{\"@type\":\"ListItem\",\"position\":2,\"name\":\"Comand\u0103 online\",\"item\":\"https:\/\/pegasrestaurant.md\/ro\/comanda-online\/\"},{\"@type\":\"ListItem\",\"position\":3,\"name\":\"Salat\u0103 de vinete coapte\"}]},{\"@type\":\"WebSite\",\"@id\":\"https:\/\/pegasrestaurant.md\/en\/#website\",\"url\":\"https:\/\/pegasrestaurant.md\/en\/\",\"name\":\"Pegas Terrace &amp; Restaurant\",\"description\":\"\",\"potentialAction\":[{\"@type\":\"SearchAction\",\"target\":{\"@type\":\"EntryPoint\",\"urlTemplate\":\"https:\/\/pegasrestaurant.md\/en\/?s={search_term_string}\"},\"query-input\":\"required name=search_term_string\"}],\"inLanguage\":\"ro-RO\"}]}<\/script>\n<!-- \/ Yoast SEO plugin. -->","yoast_head_json":{"title":"Salat\u0103 de vinete coapte | Pegas [Meniu 2021]","description":"Gustul verii \u00eentr-un singur platou: vinete suculente, ro\u0219ii, ardei, ceap\u0103, usturoi, urfa turceasc\u0103. Gust\u0103ri la Pegas Terrace Restaurant.","robots":{"index":"index","follow":"follow","max-snippet":"max-snippet:-1","max-image-preview":"max-image-preview:large","max-video-preview":"max-video-preview:-1"},"canonical":"https:\/\/pegasrestaurant.md\/ro\/produs\/salata-de-vinete-coapte\/","og_locale":"ro_RO","og_type":"article","og_title":"Salat\u0103 de vinete coapte | Pegas [Meniu 2021]","og_description":"Gustul verii \u00eentr-un singur platou: vinete suculente, ro\u0219ii, ardei, ceap\u0103, usturoi, urfa turceasc\u0103. Gust\u0103ri la Pegas Terrace Restaurant.","og_url":"https:\/\/pegasrestaurant.md\/ro\/produs\/salata-de-vinete-coapte\/","og_site_name":"Pegas Terrace &amp; Restaurant","article_modified_time":"2022-06-10T14:23:04+00:00","twitter_card":"summary_large_image","schema":{"@context":"https:\/\/schema.org","@graph":[{"@type":"WebPage","@id":"https:\/\/pegasrestaurant.md\/ro\/produs\/salata-de-vinete-coapte\/","url":"https:\/\/pegasrestaurant.md\/ro\/produs\/salata-de-vinete-coapte\/","name":"Salat\u0103 de vinete coapte | Pegas [Meniu 2021]","isPartOf":{"@id":"https:\/\/pegasrestaurant.md\/en\/#website"},"datePublished":"2021-04-22T13:32:33+00:00","dateModified":"2022-06-10T14:23:04+00:00","description":"Gustul verii \u00eentr-un singur platou: vinete suculente, ro\u0219ii, ardei, ceap\u0103, usturoi, urfa turceasc\u0103. Gust\u0103ri la Pegas Terrace Restaurant.","breadcrumb":{"@id":"https:\/\/pegasrestaurant.md\/ro\/produs\/salata-de-vinete-coapte\/#breadcrumb"},"inLanguage":"ro-RO","potentialAction":[{"@type":"ReadAction","target":["https:\/\/pegasrestaurant.md\/ro\/produs\/salata-de-vinete-coapte\/"]}]},{"@type":"BreadcrumbList","@id":"https:\/\/pegasrestaurant.md\/ro\/produs\/salata-de-vinete-coapte\/#breadcrumb","itemListElement":[{"@type":"ListItem","position":1,"name":"\u0413\u043b\u0430\u0432\u043d\u0430\u044f \u0441\u0442\u0440\u0430\u043d\u0438\u0446\u0430","item":"https:\/\/pegasrestaurant.md\/ro\/"},{"@type":"ListItem","position":2,"name":"Comand\u0103 online","item":"https:\/\/pegasrestaurant.md\/ro\/comanda-online\/"},{"@type":"ListItem","position":3,"name":"Salat\u0103 de vinete coapte"}]},{"@type":"WebSite","@id":"https:\/\/pegasrestaurant.md\/en\/#website","url":"https:\/\/pegasrestaurant.md\/en\/","name":"Pegas Terrace &amp; Restaurant","description":"","potentialAction":[{"@type":"SearchAction","target":{"@type":"EntryPoint","urlTemplate":"https:\/\/pegasrestaurant.md\/en\/?s={search_term_string}"},"query-input":"required name=search_term_string"}],"inLanguage":"ro-RO"}]}},"_links":{"self":[{"href":"https:\/\/pegasrestaurant.md\/ro\/wp-json\/wp\/v2\/product\/8882","targetHints":{"allow":["GET"]}}],"collection":[{"href":"https:\/\/pegasrestaurant.md\/ro\/wp-json\/wp\/v2\/product"}],"about":[{"href":"https:\/\/pegasrestaurant.md\/ro\/wp-json\/wp\/v2\/types\/product"}],"version-history":[{"count":0,"href":"https:\/\/pegasrestaurant.md\/ro\/wp-json\/wp\/v2\/product\/8882\/revisions"}],"wp:attachment":[{"href":"https:\/\/pegasrestaurant.md\/ro\/wp-json\/wp\/v2\/media?parent=8882"}],"wp:term":[{"taxonomy":"product_cat","embeddable":true,"href":"https:\/\/pegasrestaurant.md\/ro\/wp-json\/wp\/v2\/product_cat?post=8882"},{"taxonomy":"product_tag","embeddable":true,"href":"https:\/\/pegasrestaurant.md\/ro\/wp-json\/wp\/v2\/product_tag?post=8882"}],"curies":[{"name":"wp","href":"https:\/\/api.w.org\/{rel}","templated":true}]}}