{"id":8797,"date":"2021-04-22T16:26:00","date_gmt":"2021-04-22T13:26:00","guid":{"rendered":"https:\/\/pegasrestaurant.md\/product\/salata-greceasca-2\/"},"modified":"2023-05-26T12:01:59","modified_gmt":"2023-05-26T09:01:59","slug":"salata-greceasca-2","status":"publish","type":"product","link":"https:\/\/pegasrestaurant.md\/ro\/produs\/salata-greceasca-2\/","title":{"rendered":"Salat\u0103 \u201cGreceasc\u0103\u201d"},"content":{"rendered":"<p>F\u0103r\u0103 o salat\u0103 greceasc\u0103, este greu de imaginat un meniu de restaurant cu buc\u0103t\u0103rie european\u0103. Dar am decis s\u0103 ne \u00eendep\u0103rt\u0103m pu\u021bin de varianta clasic\u0103 \u0219i s\u0103 \u00eei \u00eembun\u0103t\u0103\u021bim gustul. Acum, pe l\u00e2ng\u0103 ingredientele obi\u0219nuite \u2013 ro\u0219ii, castrave\u021bi, br\u00e2nz\u0103 feta, amestec de salate \u2013 salata con\u021bine m\u0103sline Kalamata, ardei gras, ceap\u0103, cimbru. \u0218i, desigur, uleiul de m\u0103sline este principalul obiectiv al buc\u0103t\u0103riei grece\u0219ti.<\/p>\n","protected":false},"excerpt":{"rendered":"<p><span style=\"color: #c9ab81;\"><strong>Greutate:<\/strong><\/span> 350 g<\/p>\n<p>&nbsp;<\/p>\n<p><span style=\"color: #c9ab81;\"><strong>Ingrediente:<\/strong><\/span> ro\u0219ii, castrave\u021bi, m\u0103sline Kalamata, ardei gras, ceap\u0103, cimbru, feta, ulei de m\u0103sline<\/p>\n","protected":false},"featured_media":5631,"template":"","meta":{"inline_featured_image":false},"product_cat":[115],"product_tag":[],"class_list":["post-8797","product","type-product","status-publish","has-post-thumbnail","hentry","product_cat-salate"],"yoast_head":"<!-- This site is optimized with the Yoast SEO plugin v19.6.1 - https:\/\/yoast.com\/wordpress\/plugins\/seo\/ -->\n<title>Salat\u0103 greceasc\u0103 | Buc\u0103t\u0103rie european\u0103 [Meniu Pegas]<\/title>\n<meta name=\"description\" content=\"Salat\u0103 greceasc\u0103 delicioas\u0103 cu cele mai bune ingrediente: ro\u0219ii, castrave\u021bi, br\u00e2nz\u0103 feta, ardei, m\u0103sline Kalamata etc. Livrare mancare md\" \/>\n<meta name=\"robots\" content=\"index, follow, max-snippet:-1, max-image-preview:large, max-video-preview:-1\" \/>\n<link rel=\"canonical\" href=\"https:\/\/pegasrestaurant.md\/ro\/produs\/salata-greceasca-2\/\" \/>\n<meta property=\"og:locale\" content=\"ro_RO\" \/>\n<meta property=\"og:type\" content=\"article\" \/>\n<meta property=\"og:title\" content=\"Salat\u0103 greceasc\u0103 | Buc\u0103t\u0103rie european\u0103 [Meniu Pegas]\" \/>\n<meta property=\"og:description\" content=\"Salat\u0103 greceasc\u0103 delicioas\u0103 cu cele mai bune ingrediente: ro\u0219ii, castrave\u021bi, br\u00e2nz\u0103 feta, ardei, m\u0103sline Kalamata etc. Livrare mancare md\" \/>\n<meta property=\"og:url\" content=\"https:\/\/pegasrestaurant.md\/ro\/produs\/salata-greceasca-2\/\" \/>\n<meta property=\"og:site_name\" content=\"Pegas Terrace &amp; Restaurant\" \/>\n<meta property=\"article:modified_time\" content=\"2023-05-26T09:01:59+00:00\" \/>\n<meta property=\"og:image\" content=\"https:\/\/pegasrestaurant.md\/wp-content\/uploads\/2021\/04\/21.jpg\" \/>\n\t<meta property=\"og:image:width\" content=\"2500\" \/>\n\t<meta property=\"og:image:height\" content=\"2500\" \/>\n\t<meta property=\"og:image:type\" content=\"image\/jpeg\" \/>\n<meta name=\"twitter:card\" content=\"summary_large_image\" \/>\n<script type=\"application\/ld+json\" class=\"yoast-schema-graph\">{\"@context\":\"https:\/\/schema.org\",\"@graph\":[{\"@type\":\"WebPage\",\"@id\":\"https:\/\/pegasrestaurant.md\/ro\/produs\/salata-greceasca-2\/\",\"url\":\"https:\/\/pegasrestaurant.md\/ro\/produs\/salata-greceasca-2\/\",\"name\":\"Salat\u0103 greceasc\u0103 | Buc\u0103t\u0103rie european\u0103 [Meniu Pegas]\",\"isPartOf\":{\"@id\":\"https:\/\/pegasrestaurant.md\/en\/#website\"},\"datePublished\":\"2021-04-22T13:26:00+00:00\",\"dateModified\":\"2023-05-26T09:01:59+00:00\",\"description\":\"Salat\u0103 greceasc\u0103 delicioas\u0103 cu cele mai bune ingrediente: ro\u0219ii, castrave\u021bi, br\u00e2nz\u0103 feta, ardei, m\u0103sline Kalamata etc. Livrare mancare md\",\"breadcrumb\":{\"@id\":\"https:\/\/pegasrestaurant.md\/ro\/produs\/salata-greceasca-2\/#breadcrumb\"},\"inLanguage\":\"ro-RO\",\"potentialAction\":[{\"@type\":\"ReadAction\",\"target\":[\"https:\/\/pegasrestaurant.md\/ro\/produs\/salata-greceasca-2\/\"]}]},{\"@type\":\"BreadcrumbList\",\"@id\":\"https:\/\/pegasrestaurant.md\/ro\/produs\/salata-greceasca-2\/#breadcrumb\",\"itemListElement\":[{\"@type\":\"ListItem\",\"position\":1,\"name\":\"\u0413\u043b\u0430\u0432\u043d\u0430\u044f \u0441\u0442\u0440\u0430\u043d\u0438\u0446\u0430\",\"item\":\"https:\/\/pegasrestaurant.md\/ro\/\"},{\"@type\":\"ListItem\",\"position\":2,\"name\":\"Comand\u0103 online\",\"item\":\"https:\/\/pegasrestaurant.md\/ro\/comanda-online\/\"},{\"@type\":\"ListItem\",\"position\":3,\"name\":\"Salat\u0103 \u201cGreceasc\u0103\u201d\"}]},{\"@type\":\"WebSite\",\"@id\":\"https:\/\/pegasrestaurant.md\/en\/#website\",\"url\":\"https:\/\/pegasrestaurant.md\/en\/\",\"name\":\"Pegas Terrace &amp; Restaurant\",\"description\":\"\",\"potentialAction\":[{\"@type\":\"SearchAction\",\"target\":{\"@type\":\"EntryPoint\",\"urlTemplate\":\"https:\/\/pegasrestaurant.md\/en\/?s={search_term_string}\"},\"query-input\":\"required name=search_term_string\"}],\"inLanguage\":\"ro-RO\"}]}<\/script>\n<!-- \/ Yoast SEO plugin. -->","yoast_head_json":{"title":"Salat\u0103 greceasc\u0103 | Buc\u0103t\u0103rie european\u0103 [Meniu Pegas]","description":"Salat\u0103 greceasc\u0103 delicioas\u0103 cu cele mai bune ingrediente: ro\u0219ii, castrave\u021bi, br\u00e2nz\u0103 feta, ardei, m\u0103sline Kalamata etc. Livrare mancare md","robots":{"index":"index","follow":"follow","max-snippet":"max-snippet:-1","max-image-preview":"max-image-preview:large","max-video-preview":"max-video-preview:-1"},"canonical":"https:\/\/pegasrestaurant.md\/ro\/produs\/salata-greceasca-2\/","og_locale":"ro_RO","og_type":"article","og_title":"Salat\u0103 greceasc\u0103 | Buc\u0103t\u0103rie european\u0103 [Meniu Pegas]","og_description":"Salat\u0103 greceasc\u0103 delicioas\u0103 cu cele mai bune ingrediente: ro\u0219ii, castrave\u021bi, br\u00e2nz\u0103 feta, ardei, m\u0103sline Kalamata etc. Livrare mancare md","og_url":"https:\/\/pegasrestaurant.md\/ro\/produs\/salata-greceasca-2\/","og_site_name":"Pegas Terrace &amp; Restaurant","article_modified_time":"2023-05-26T09:01:59+00:00","og_image":[{"width":2500,"height":2500,"url":"https:\/\/pegasrestaurant.md\/wp-content\/uploads\/2021\/04\/21.jpg","type":"image\/jpeg"}],"twitter_card":"summary_large_image","schema":{"@context":"https:\/\/schema.org","@graph":[{"@type":"WebPage","@id":"https:\/\/pegasrestaurant.md\/ro\/produs\/salata-greceasca-2\/","url":"https:\/\/pegasrestaurant.md\/ro\/produs\/salata-greceasca-2\/","name":"Salat\u0103 greceasc\u0103 | Buc\u0103t\u0103rie european\u0103 [Meniu Pegas]","isPartOf":{"@id":"https:\/\/pegasrestaurant.md\/en\/#website"},"datePublished":"2021-04-22T13:26:00+00:00","dateModified":"2023-05-26T09:01:59+00:00","description":"Salat\u0103 greceasc\u0103 delicioas\u0103 cu cele mai bune ingrediente: ro\u0219ii, castrave\u021bi, br\u00e2nz\u0103 feta, ardei, m\u0103sline Kalamata etc. Livrare mancare md","breadcrumb":{"@id":"https:\/\/pegasrestaurant.md\/ro\/produs\/salata-greceasca-2\/#breadcrumb"},"inLanguage":"ro-RO","potentialAction":[{"@type":"ReadAction","target":["https:\/\/pegasrestaurant.md\/ro\/produs\/salata-greceasca-2\/"]}]},{"@type":"BreadcrumbList","@id":"https:\/\/pegasrestaurant.md\/ro\/produs\/salata-greceasca-2\/#breadcrumb","itemListElement":[{"@type":"ListItem","position":1,"name":"\u0413\u043b\u0430\u0432\u043d\u0430\u044f \u0441\u0442\u0440\u0430\u043d\u0438\u0446\u0430","item":"https:\/\/pegasrestaurant.md\/ro\/"},{"@type":"ListItem","position":2,"name":"Comand\u0103 online","item":"https:\/\/pegasrestaurant.md\/ro\/comanda-online\/"},{"@type":"ListItem","position":3,"name":"Salat\u0103 \u201cGreceasc\u0103\u201d"}]},{"@type":"WebSite","@id":"https:\/\/pegasrestaurant.md\/en\/#website","url":"https:\/\/pegasrestaurant.md\/en\/","name":"Pegas Terrace &amp; Restaurant","description":"","potentialAction":[{"@type":"SearchAction","target":{"@type":"EntryPoint","urlTemplate":"https:\/\/pegasrestaurant.md\/en\/?s={search_term_string}"},"query-input":"required name=search_term_string"}],"inLanguage":"ro-RO"}]}},"_links":{"self":[{"href":"https:\/\/pegasrestaurant.md\/ro\/wp-json\/wp\/v2\/product\/8797","targetHints":{"allow":["GET"]}}],"collection":[{"href":"https:\/\/pegasrestaurant.md\/ro\/wp-json\/wp\/v2\/product"}],"about":[{"href":"https:\/\/pegasrestaurant.md\/ro\/wp-json\/wp\/v2\/types\/product"}],"version-history":[{"count":0,"href":"https:\/\/pegasrestaurant.md\/ro\/wp-json\/wp\/v2\/product\/8797\/revisions"}],"wp:featuredmedia":[{"embeddable":true,"href":"https:\/\/pegasrestaurant.md\/ro\/wp-json\/wp\/v2\/media\/5631"}],"wp:attachment":[{"href":"https:\/\/pegasrestaurant.md\/ro\/wp-json\/wp\/v2\/media?parent=8797"}],"wp:term":[{"taxonomy":"product_cat","embeddable":true,"href":"https:\/\/pegasrestaurant.md\/ro\/wp-json\/wp\/v2\/product_cat?post=8797"},{"taxonomy":"product_tag","embeddable":true,"href":"https:\/\/pegasrestaurant.md\/ro\/wp-json\/wp\/v2\/product_tag?post=8797"}],"curies":[{"name":"wp","href":"https:\/\/api.w.org\/{rel}","templated":true}]}}