{"id":8766,"date":"2021-04-22T16:26:27","date_gmt":"2021-04-22T13:26:27","guid":{"rendered":"https:\/\/pegasrestaurant.md\/product\/salata-cu-carne-de-vita-2\/"},"modified":"2022-06-10T17:29:03","modified_gmt":"2022-06-10T14:29:03","slug":"salata-cu-carne-de-vita-2","status":"publish","type":"product","link":"https:\/\/pegasrestaurant.md\/ro\/produs\/salata-cu-carne-de-vita-2\/","title":{"rendered":"Salat\u0103 cu carne de vit\u0103"},"content":{"rendered":"<p>Salata din carne de vi\u021bel nu este doar un pr\u00e2nz u\u0219or, ci \u0219i o cin\u0103 copioas\u0103, mai ales c\u00e2nd este combinat\u0103 cu un pahar de vin ros\u00e9. Feliile delicioase de carne de vit\u0103, ardeiul gras, fasolea de sparanghel, ro\u0219iile cherry cu vinegret\u0103 de sos de mu\u0219tar creeaz\u0103 o dispozi\u021bie bun\u0103 \u00een orice zi a s\u0103pt\u0103m\u00e2nii \u0219i \u00een timpul zilei.<\/p>\n","protected":false},"excerpt":{"rendered":"<p><span style=\"color: #c9ab81;\"><strong>Greutate:<\/strong><\/span> 225 g<\/p>\n<p>&nbsp;<\/p>\n<p><span style=\"color: #c9ab81;\"><strong>Ingrediente:<\/strong><\/span>\u00a0amestec de salate, fasole de sparanghel, ardei gras, ro\u0219ii cherry, coaj\u0103 de vit\u0103, sos vinaigrette (mu\u0219tar), semin\u021be de susan<\/p>\n","protected":false},"featured_media":11215,"template":"","meta":{"inline_featured_image":false},"product_cat":[115],"product_tag":[],"class_list":["post-8766","product","type-product","status-publish","has-post-thumbnail","hentry","product_cat-salate"],"yoast_head":"<!-- This site is optimized with the Yoast SEO plugin v19.6.1 - https:\/\/yoast.com\/wordpress\/plugins\/seo\/ -->\n<title>Salat\u0103 cu carne de vit\u0103 | Pegas Chi\u0219in\u0103u [TOP-10 Salate]<\/title>\n<meta name=\"description\" content=\"Pegas Lunch \u2013 Salat\u0103 cu carne de vit\u0103. Filet de vit\u0103, fasole de sparanghel, ardei, cherry cu sos. 135 MDL. Salat\u0103 m\u00e2ncare comand\u0103.\" \/>\n<meta name=\"robots\" content=\"index, follow, max-snippet:-1, max-image-preview:large, max-video-preview:-1\" \/>\n<link rel=\"canonical\" href=\"https:\/\/pegasrestaurant.md\/ro\/produs\/salata-cu-carne-de-vita-2\/\" \/>\n<meta property=\"og:locale\" content=\"ro_RO\" \/>\n<meta property=\"og:type\" content=\"article\" \/>\n<meta property=\"og:title\" content=\"Salat\u0103 cu carne de vit\u0103 | Pegas Chi\u0219in\u0103u [TOP-10 Salate]\" \/>\n<meta property=\"og:description\" content=\"Pegas Lunch \u2013 Salat\u0103 cu carne de vit\u0103. Filet de vit\u0103, fasole de sparanghel, ardei, cherry cu sos. 135 MDL. Salat\u0103 m\u00e2ncare comand\u0103.\" \/>\n<meta property=\"og:url\" content=\"https:\/\/pegasrestaurant.md\/ro\/produs\/salata-cu-carne-de-vita-2\/\" \/>\n<meta property=\"og:site_name\" content=\"Pegas Terrace &amp; Restaurant\" \/>\n<meta property=\"article:modified_time\" content=\"2022-06-10T14:29:03+00:00\" \/>\n<meta property=\"og:image\" content=\"https:\/\/pegasrestaurant.md\/wp-content\/uploads\/2021\/04\/13-new-resized.jpg\" \/>\n\t<meta property=\"og:image:width\" content=\"738\" \/>\n\t<meta property=\"og:image:height\" content=\"738\" \/>\n\t<meta property=\"og:image:type\" content=\"image\/jpeg\" \/>\n<meta name=\"twitter:card\" content=\"summary_large_image\" \/>\n<script type=\"application\/ld+json\" class=\"yoast-schema-graph\">{\"@context\":\"https:\/\/schema.org\",\"@graph\":[{\"@type\":\"WebPage\",\"@id\":\"https:\/\/pegasrestaurant.md\/ro\/produs\/salata-cu-carne-de-vita-2\/\",\"url\":\"https:\/\/pegasrestaurant.md\/ro\/produs\/salata-cu-carne-de-vita-2\/\",\"name\":\"Salat\u0103 cu carne de vit\u0103 | Pegas Chi\u0219in\u0103u [TOP-10 Salate]\",\"isPartOf\":{\"@id\":\"https:\/\/pegasrestaurant.md\/en\/#website\"},\"datePublished\":\"2021-04-22T13:26:27+00:00\",\"dateModified\":\"2022-06-10T14:29:03+00:00\",\"description\":\"Pegas Lunch \u2013 Salat\u0103 cu carne de vit\u0103. Filet de vit\u0103, fasole de sparanghel, ardei, cherry cu sos. 135 MDL. Salat\u0103 m\u00e2ncare comand\u0103.\",\"breadcrumb\":{\"@id\":\"https:\/\/pegasrestaurant.md\/ro\/produs\/salata-cu-carne-de-vita-2\/#breadcrumb\"},\"inLanguage\":\"ro-RO\",\"potentialAction\":[{\"@type\":\"ReadAction\",\"target\":[\"https:\/\/pegasrestaurant.md\/ro\/produs\/salata-cu-carne-de-vita-2\/\"]}]},{\"@type\":\"BreadcrumbList\",\"@id\":\"https:\/\/pegasrestaurant.md\/ro\/produs\/salata-cu-carne-de-vita-2\/#breadcrumb\",\"itemListElement\":[{\"@type\":\"ListItem\",\"position\":1,\"name\":\"\u0413\u043b\u0430\u0432\u043d\u0430\u044f \u0441\u0442\u0440\u0430\u043d\u0438\u0446\u0430\",\"item\":\"https:\/\/pegasrestaurant.md\/ro\/\"},{\"@type\":\"ListItem\",\"position\":2,\"name\":\"Comand\u0103 online\",\"item\":\"https:\/\/pegasrestaurant.md\/ro\/comanda-online\/\"},{\"@type\":\"ListItem\",\"position\":3,\"name\":\"Salat\u0103 cu carne de vit\u0103\"}]},{\"@type\":\"WebSite\",\"@id\":\"https:\/\/pegasrestaurant.md\/en\/#website\",\"url\":\"https:\/\/pegasrestaurant.md\/en\/\",\"name\":\"Pegas Terrace &amp; Restaurant\",\"description\":\"\",\"potentialAction\":[{\"@type\":\"SearchAction\",\"target\":{\"@type\":\"EntryPoint\",\"urlTemplate\":\"https:\/\/pegasrestaurant.md\/en\/?s={search_term_string}\"},\"query-input\":\"required name=search_term_string\"}],\"inLanguage\":\"ro-RO\"}]}<\/script>\n<!-- \/ Yoast SEO plugin. -->","yoast_head_json":{"title":"Salat\u0103 cu carne de vit\u0103 | Pegas Chi\u0219in\u0103u [TOP-10 Salate]","description":"Pegas Lunch \u2013 Salat\u0103 cu carne de vit\u0103. Filet de vit\u0103, fasole de sparanghel, ardei, cherry cu sos. 135 MDL. Salat\u0103 m\u00e2ncare comand\u0103.","robots":{"index":"index","follow":"follow","max-snippet":"max-snippet:-1","max-image-preview":"max-image-preview:large","max-video-preview":"max-video-preview:-1"},"canonical":"https:\/\/pegasrestaurant.md\/ro\/produs\/salata-cu-carne-de-vita-2\/","og_locale":"ro_RO","og_type":"article","og_title":"Salat\u0103 cu carne de vit\u0103 | Pegas Chi\u0219in\u0103u [TOP-10 Salate]","og_description":"Pegas Lunch \u2013 Salat\u0103 cu carne de vit\u0103. Filet de vit\u0103, fasole de sparanghel, ardei, cherry cu sos. 135 MDL. Salat\u0103 m\u00e2ncare comand\u0103.","og_url":"https:\/\/pegasrestaurant.md\/ro\/produs\/salata-cu-carne-de-vita-2\/","og_site_name":"Pegas Terrace &amp; Restaurant","article_modified_time":"2022-06-10T14:29:03+00:00","og_image":[{"width":738,"height":738,"url":"https:\/\/pegasrestaurant.md\/wp-content\/uploads\/2021\/04\/13-new-resized.jpg","type":"image\/jpeg"}],"twitter_card":"summary_large_image","schema":{"@context":"https:\/\/schema.org","@graph":[{"@type":"WebPage","@id":"https:\/\/pegasrestaurant.md\/ro\/produs\/salata-cu-carne-de-vita-2\/","url":"https:\/\/pegasrestaurant.md\/ro\/produs\/salata-cu-carne-de-vita-2\/","name":"Salat\u0103 cu carne de vit\u0103 | Pegas Chi\u0219in\u0103u [TOP-10 Salate]","isPartOf":{"@id":"https:\/\/pegasrestaurant.md\/en\/#website"},"datePublished":"2021-04-22T13:26:27+00:00","dateModified":"2022-06-10T14:29:03+00:00","description":"Pegas Lunch \u2013 Salat\u0103 cu carne de vit\u0103. Filet de vit\u0103, fasole de sparanghel, ardei, cherry cu sos. 135 MDL. Salat\u0103 m\u00e2ncare comand\u0103.","breadcrumb":{"@id":"https:\/\/pegasrestaurant.md\/ro\/produs\/salata-cu-carne-de-vita-2\/#breadcrumb"},"inLanguage":"ro-RO","potentialAction":[{"@type":"ReadAction","target":["https:\/\/pegasrestaurant.md\/ro\/produs\/salata-cu-carne-de-vita-2\/"]}]},{"@type":"BreadcrumbList","@id":"https:\/\/pegasrestaurant.md\/ro\/produs\/salata-cu-carne-de-vita-2\/#breadcrumb","itemListElement":[{"@type":"ListItem","position":1,"name":"\u0413\u043b\u0430\u0432\u043d\u0430\u044f \u0441\u0442\u0440\u0430\u043d\u0438\u0446\u0430","item":"https:\/\/pegasrestaurant.md\/ro\/"},{"@type":"ListItem","position":2,"name":"Comand\u0103 online","item":"https:\/\/pegasrestaurant.md\/ro\/comanda-online\/"},{"@type":"ListItem","position":3,"name":"Salat\u0103 cu carne de vit\u0103"}]},{"@type":"WebSite","@id":"https:\/\/pegasrestaurant.md\/en\/#website","url":"https:\/\/pegasrestaurant.md\/en\/","name":"Pegas Terrace &amp; Restaurant","description":"","potentialAction":[{"@type":"SearchAction","target":{"@type":"EntryPoint","urlTemplate":"https:\/\/pegasrestaurant.md\/en\/?s={search_term_string}"},"query-input":"required name=search_term_string"}],"inLanguage":"ro-RO"}]}},"_links":{"self":[{"href":"https:\/\/pegasrestaurant.md\/ro\/wp-json\/wp\/v2\/product\/8766","targetHints":{"allow":["GET"]}}],"collection":[{"href":"https:\/\/pegasrestaurant.md\/ro\/wp-json\/wp\/v2\/product"}],"about":[{"href":"https:\/\/pegasrestaurant.md\/ro\/wp-json\/wp\/v2\/types\/product"}],"version-history":[{"count":0,"href":"https:\/\/pegasrestaurant.md\/ro\/wp-json\/wp\/v2\/product\/8766\/revisions"}],"wp:featuredmedia":[{"embeddable":true,"href":"https:\/\/pegasrestaurant.md\/ro\/wp-json\/wp\/v2\/media\/11215"}],"wp:attachment":[{"href":"https:\/\/pegasrestaurant.md\/ro\/wp-json\/wp\/v2\/media?parent=8766"}],"wp:term":[{"taxonomy":"product_cat","embeddable":true,"href":"https:\/\/pegasrestaurant.md\/ro\/wp-json\/wp\/v2\/product_cat?post=8766"},{"taxonomy":"product_tag","embeddable":true,"href":"https:\/\/pegasrestaurant.md\/ro\/wp-json\/wp\/v2\/product_tag?post=8766"}],"curies":[{"name":"wp","href":"https:\/\/api.w.org\/{rel}","templated":true}]}}