{"id":8761,"date":"2021-04-22T16:26:51","date_gmt":"2021-04-22T13:26:51","guid":{"rendered":"https:\/\/pegasrestaurant.md\/product\/salata-cu-somon-si-avocado-2\/"},"modified":"2023-05-26T11:56:06","modified_gmt":"2023-05-26T08:56:06","slug":"salata-cu-somon-si-avocado","status":"publish","type":"product","link":"https:\/\/pegasrestaurant.md\/ro\/produs\/salata-cu-somon-si-avocado\/","title":{"rendered":"Salat\u0103 cu somon \u0219i avocado"},"content":{"rendered":"<p>Salat\u0103 de somon \u0219i avocado \u2013 un fel de m\u00e2ncare care este u\u0219or din toate punctele de vedere \u0219i o gustare ideal\u0103 \u00eenainte de un pr\u00e2nz sau o cin\u0103 mai copioas\u0103. Br\u00e2nza parmezan\u0103 \u0219i sosul de vinet\u0103 piquant cu ardei iute vor spori pofta de m\u00e2ncare, a\u0219a c\u0103 nu uita\u021bi de un pahar de vin roz sau alb \u2013 Pegas Terrace &amp; Restaurant are o list\u0103 extins\u0103 de vinuri.<\/p>\n","protected":false},"excerpt":{"rendered":"<p><span style=\"color: #c9ab81;\"><strong>Greutate:<\/strong><\/span> 160 g<\/p>\n<p>&nbsp;<\/p>\n<p><span style=\"color: #c9ab81;\"><strong>Ingrediente:<\/strong><\/span> amestec de salate, avocado, parmezan, ou\u0103 de prepeli\u021b\u0103, somon s\u0103rat, vinet\u0103 cu sos de ardei iute<\/p>\n","protected":false},"featured_media":5691,"template":"","meta":{"inline_featured_image":false},"product_cat":[115],"product_tag":[],"class_list":["post-8761","product","type-product","status-publish","has-post-thumbnail","hentry","product_cat-salate"],"yoast_head":"<!-- This site is optimized with the Yoast SEO plugin v19.6.1 - https:\/\/yoast.com\/wordpress\/plugins\/seo\/ -->\n<title>Salat\u0103 cu somon \u0219i avocado | Salate de pe\u0219te [Pegas 2023]<\/title>\n<meta name=\"description\" content=\"Meniu Pegas: salat\u0103 de var\u0103 cu somon \u0219i avocado 170.00 MDL comand\u0103 acas\u0103 m\u00e2ncare. Somon s\u0103rat, avocado, parmezan, ou\u0103, sos cu chili.\" \/>\n<meta name=\"robots\" content=\"index, follow, max-snippet:-1, max-image-preview:large, max-video-preview:-1\" \/>\n<link rel=\"canonical\" href=\"https:\/\/pegasrestaurant.md\/ro\/produs\/salata-cu-somon-si-avocado\/\" \/>\n<meta property=\"og:locale\" content=\"ro_RO\" \/>\n<meta property=\"og:type\" content=\"article\" \/>\n<meta property=\"og:title\" content=\"Salat\u0103 cu somon \u0219i avocado | Salate de pe\u0219te [Pegas 2023]\" \/>\n<meta property=\"og:description\" content=\"Meniu Pegas: salat\u0103 de var\u0103 cu somon \u0219i avocado 170.00 MDL comand\u0103 acas\u0103 m\u00e2ncare. Somon s\u0103rat, avocado, parmezan, ou\u0103, sos cu chili.\" \/>\n<meta property=\"og:url\" content=\"https:\/\/pegasrestaurant.md\/ro\/produs\/salata-cu-somon-si-avocado\/\" \/>\n<meta property=\"og:site_name\" content=\"Pegas Terrace &amp; Restaurant\" \/>\n<meta property=\"article:modified_time\" content=\"2023-05-26T08:56:06+00:00\" \/>\n<meta property=\"og:image\" content=\"https:\/\/pegasrestaurant.md\/wp-content\/uploads\/2021\/04\/19.jpg\" \/>\n\t<meta property=\"og:image:width\" content=\"2500\" \/>\n\t<meta property=\"og:image:height\" content=\"2500\" \/>\n\t<meta property=\"og:image:type\" content=\"image\/jpeg\" \/>\n<meta name=\"twitter:card\" content=\"summary_large_image\" \/>\n<script type=\"application\/ld+json\" class=\"yoast-schema-graph\">{\"@context\":\"https:\/\/schema.org\",\"@graph\":[{\"@type\":\"WebPage\",\"@id\":\"https:\/\/pegasrestaurant.md\/ro\/produs\/salata-cu-somon-si-avocado\/\",\"url\":\"https:\/\/pegasrestaurant.md\/ro\/produs\/salata-cu-somon-si-avocado\/\",\"name\":\"Salat\u0103 cu somon \u0219i avocado | Salate de pe\u0219te [Pegas 2023]\",\"isPartOf\":{\"@id\":\"https:\/\/pegasrestaurant.md\/en\/#website\"},\"datePublished\":\"2021-04-22T13:26:51+00:00\",\"dateModified\":\"2023-05-26T08:56:06+00:00\",\"description\":\"Meniu Pegas: salat\u0103 de var\u0103 cu somon \u0219i avocado 170.00 MDL comand\u0103 acas\u0103 m\u00e2ncare. Somon s\u0103rat, avocado, parmezan, ou\u0103, sos cu chili.\",\"breadcrumb\":{\"@id\":\"https:\/\/pegasrestaurant.md\/ro\/produs\/salata-cu-somon-si-avocado\/#breadcrumb\"},\"inLanguage\":\"ro-RO\",\"potentialAction\":[{\"@type\":\"ReadAction\",\"target\":[\"https:\/\/pegasrestaurant.md\/ro\/produs\/salata-cu-somon-si-avocado\/\"]}]},{\"@type\":\"BreadcrumbList\",\"@id\":\"https:\/\/pegasrestaurant.md\/ro\/produs\/salata-cu-somon-si-avocado\/#breadcrumb\",\"itemListElement\":[{\"@type\":\"ListItem\",\"position\":1,\"name\":\"\u0413\u043b\u0430\u0432\u043d\u0430\u044f \u0441\u0442\u0440\u0430\u043d\u0438\u0446\u0430\",\"item\":\"https:\/\/pegasrestaurant.md\/ro\/\"},{\"@type\":\"ListItem\",\"position\":2,\"name\":\"Comand\u0103 online\",\"item\":\"https:\/\/pegasrestaurant.md\/ro\/comanda-online\/\"},{\"@type\":\"ListItem\",\"position\":3,\"name\":\"Salat\u0103 cu somon \u0219i avocado\"}]},{\"@type\":\"WebSite\",\"@id\":\"https:\/\/pegasrestaurant.md\/en\/#website\",\"url\":\"https:\/\/pegasrestaurant.md\/en\/\",\"name\":\"Pegas Terrace &amp; Restaurant\",\"description\":\"\",\"potentialAction\":[{\"@type\":\"SearchAction\",\"target\":{\"@type\":\"EntryPoint\",\"urlTemplate\":\"https:\/\/pegasrestaurant.md\/en\/?s={search_term_string}\"},\"query-input\":\"required name=search_term_string\"}],\"inLanguage\":\"ro-RO\"}]}<\/script>\n<!-- \/ Yoast SEO plugin. -->","yoast_head_json":{"title":"Salat\u0103 cu somon \u0219i avocado | Salate de pe\u0219te [Pegas 2023]","description":"Meniu Pegas: salat\u0103 de var\u0103 cu somon \u0219i avocado 170.00 MDL comand\u0103 acas\u0103 m\u00e2ncare. Somon s\u0103rat, avocado, parmezan, ou\u0103, sos cu chili.","robots":{"index":"index","follow":"follow","max-snippet":"max-snippet:-1","max-image-preview":"max-image-preview:large","max-video-preview":"max-video-preview:-1"},"canonical":"https:\/\/pegasrestaurant.md\/ro\/produs\/salata-cu-somon-si-avocado\/","og_locale":"ro_RO","og_type":"article","og_title":"Salat\u0103 cu somon \u0219i avocado | Salate de pe\u0219te [Pegas 2023]","og_description":"Meniu Pegas: salat\u0103 de var\u0103 cu somon \u0219i avocado 170.00 MDL comand\u0103 acas\u0103 m\u00e2ncare. Somon s\u0103rat, avocado, parmezan, ou\u0103, sos cu chili.","og_url":"https:\/\/pegasrestaurant.md\/ro\/produs\/salata-cu-somon-si-avocado\/","og_site_name":"Pegas Terrace &amp; Restaurant","article_modified_time":"2023-05-26T08:56:06+00:00","og_image":[{"width":2500,"height":2500,"url":"https:\/\/pegasrestaurant.md\/wp-content\/uploads\/2021\/04\/19.jpg","type":"image\/jpeg"}],"twitter_card":"summary_large_image","schema":{"@context":"https:\/\/schema.org","@graph":[{"@type":"WebPage","@id":"https:\/\/pegasrestaurant.md\/ro\/produs\/salata-cu-somon-si-avocado\/","url":"https:\/\/pegasrestaurant.md\/ro\/produs\/salata-cu-somon-si-avocado\/","name":"Salat\u0103 cu somon \u0219i avocado | Salate de pe\u0219te [Pegas 2023]","isPartOf":{"@id":"https:\/\/pegasrestaurant.md\/en\/#website"},"datePublished":"2021-04-22T13:26:51+00:00","dateModified":"2023-05-26T08:56:06+00:00","description":"Meniu Pegas: salat\u0103 de var\u0103 cu somon \u0219i avocado 170.00 MDL comand\u0103 acas\u0103 m\u00e2ncare. Somon s\u0103rat, avocado, parmezan, ou\u0103, sos cu chili.","breadcrumb":{"@id":"https:\/\/pegasrestaurant.md\/ro\/produs\/salata-cu-somon-si-avocado\/#breadcrumb"},"inLanguage":"ro-RO","potentialAction":[{"@type":"ReadAction","target":["https:\/\/pegasrestaurant.md\/ro\/produs\/salata-cu-somon-si-avocado\/"]}]},{"@type":"BreadcrumbList","@id":"https:\/\/pegasrestaurant.md\/ro\/produs\/salata-cu-somon-si-avocado\/#breadcrumb","itemListElement":[{"@type":"ListItem","position":1,"name":"\u0413\u043b\u0430\u0432\u043d\u0430\u044f \u0441\u0442\u0440\u0430\u043d\u0438\u0446\u0430","item":"https:\/\/pegasrestaurant.md\/ro\/"},{"@type":"ListItem","position":2,"name":"Comand\u0103 online","item":"https:\/\/pegasrestaurant.md\/ro\/comanda-online\/"},{"@type":"ListItem","position":3,"name":"Salat\u0103 cu somon \u0219i avocado"}]},{"@type":"WebSite","@id":"https:\/\/pegasrestaurant.md\/en\/#website","url":"https:\/\/pegasrestaurant.md\/en\/","name":"Pegas Terrace &amp; Restaurant","description":"","potentialAction":[{"@type":"SearchAction","target":{"@type":"EntryPoint","urlTemplate":"https:\/\/pegasrestaurant.md\/en\/?s={search_term_string}"},"query-input":"required name=search_term_string"}],"inLanguage":"ro-RO"}]}},"_links":{"self":[{"href":"https:\/\/pegasrestaurant.md\/ro\/wp-json\/wp\/v2\/product\/8761","targetHints":{"allow":["GET"]}}],"collection":[{"href":"https:\/\/pegasrestaurant.md\/ro\/wp-json\/wp\/v2\/product"}],"about":[{"href":"https:\/\/pegasrestaurant.md\/ro\/wp-json\/wp\/v2\/types\/product"}],"version-history":[{"count":0,"href":"https:\/\/pegasrestaurant.md\/ro\/wp-json\/wp\/v2\/product\/8761\/revisions"}],"wp:featuredmedia":[{"embeddable":true,"href":"https:\/\/pegasrestaurant.md\/ro\/wp-json\/wp\/v2\/media\/5691"}],"wp:attachment":[{"href":"https:\/\/pegasrestaurant.md\/ro\/wp-json\/wp\/v2\/media?parent=8761"}],"wp:term":[{"taxonomy":"product_cat","embeddable":true,"href":"https:\/\/pegasrestaurant.md\/ro\/wp-json\/wp\/v2\/product_cat?post=8761"},{"taxonomy":"product_tag","embeddable":true,"href":"https:\/\/pegasrestaurant.md\/ro\/wp-json\/wp\/v2\/product_tag?post=8761"}],"curies":[{"name":"wp","href":"https:\/\/api.w.org\/{rel}","templated":true}]}}