{"id":7812,"date":"2021-04-22T16:32:18","date_gmt":"2021-04-22T13:32:18","guid":{"rendered":"https:\/\/dev.pegasrestaurant.md\/product\/eclairuri\/"},"modified":"2022-10-28T10:48:00","modified_gmt":"2022-10-28T07:48:00","slug":"ecler","status":"publish","type":"product","link":"https:\/\/pegasrestaurant.md\/ro\/produs\/ecler\/","title":{"rendered":"Ecler"},"content":{"rendered":"<p>Eclair-urile sunt un desert preferat al multor adul\u021bi \u0219i copii, gustul c\u0103rora probabil va r\u0103m\u00e2nea mereu actual. Preg\u0103tim eclair-uri aerate cu crem\u0103 de caramel, fistic, halva, c\u0103p\u0219uni, mango \u015fi fructul passiunei la alegere. Nu a\u021bi mai gustat niciodat\u0103 a\u0219a ceva! Eclerul nostru pufos se tope\u0219te \u00een gur\u0103, oferindu-v\u0103 un r\u0103sfa\u021b gustativ suprem! Bon appetit!<\/p>\n","protected":false},"excerpt":{"rendered":"<p><span style=\"color: #c9ab81;\"><strong>Greutate:<\/strong><\/span> 1\/70 g<\/p>\n<p>&nbsp;<\/p>\n<p><span style=\"color: #c9ab81;\"><strong>Ingrediente:<\/strong><\/span> <span data-sheets-formula-bar-text-style=\"font-size:15px;color:#000000;font-weight:normal;text-decoration:none;font-family:'Arial';font-style:normal;text-decoration-skip-ink:none;\">crem\u0103 de caramel\/ custard de fistic\/ crem\u0103 de halva\/ crem\u0103 de cap\u0219uni\/ mango, fructul passiunei<\/span><\/p>\n","protected":false},"featured_media":11164,"template":"","meta":{"inline_featured_image":false},"product_cat":[92],"product_tag":[],"class_list":["post-7812","product","type-product","status-publish","has-post-thumbnail","hentry","product_cat-deserte"],"yoast_head":"<!-- This site is optimized with the Yoast SEO plugin v19.6.1 - https:\/\/yoast.com\/wordpress\/plugins\/seo\/ -->\n<title>Ecler de caramel \/ fistic \/ halva \/ c\u0103p\u0219uni \/ mango fructul pasiunei | Pegas<\/title>\n<meta name=\"description\" content=\"Eclairuri fine \u0219i aerisite cu crem\u0103 de fistic, caramel, halva, c\u0103p\u0219uni, mango \u0219i fructul pasiunei. Pegas \u2013 f\u0103cut cu dragoste. Eclairs la comand\u0103 cu livrare.\" \/>\n<meta name=\"robots\" content=\"index, follow, max-snippet:-1, max-image-preview:large, max-video-preview:-1\" \/>\n<link rel=\"canonical\" href=\"https:\/\/pegasrestaurant.md\/ro\/produs\/ecler\/\" \/>\n<meta property=\"og:locale\" content=\"ro_RO\" \/>\n<meta property=\"og:type\" content=\"article\" \/>\n<meta property=\"og:title\" content=\"Ecler de caramel \/ fistic \/ halva \/ c\u0103p\u0219uni \/ mango fructul pasiunei | Pegas\" \/>\n<meta property=\"og:description\" content=\"-1378\" \/>\n<meta property=\"og:url\" content=\"https:\/\/pegasrestaurant.md\/ro\/produs\/ecler\/\" \/>\n<meta property=\"og:site_name\" content=\"Pegas Terrace &amp; Restaurant\" \/>\n<meta property=\"article:modified_time\" content=\"2022-10-28T07:48:00+00:00\" \/>\n<meta name=\"twitter:card\" content=\"summary_large_image\" \/>\n<meta name=\"twitter:image\" content=\"https:\/\/pegasrestaurant.md\/wp-content\/uploads\/2021\/04\/jekler-klubnichnyj-new-resized.jpg\" \/>\n<meta name=\"twitter:label1\" content=\"Timp estimat pentru citire\" \/>\n\t<meta name=\"twitter:data1\" content=\"1 minut\" \/>\n<script type=\"application\/ld+json\" class=\"yoast-schema-graph\">{\"@context\":\"https:\/\/schema.org\",\"@graph\":[{\"@type\":\"WebPage\",\"@id\":\"https:\/\/pegasrestaurant.md\/ro\/produs\/ecler\/\",\"url\":\"https:\/\/pegasrestaurant.md\/ro\/produs\/ecler\/\",\"name\":\"Ecler de caramel \/ fistic \/ halva \/ c\u0103p\u0219uni \/ mango fructul pasiunei | Pegas\",\"isPartOf\":{\"@id\":\"https:\/\/pegasrestaurant.md\/en\/#website\"},\"datePublished\":\"2021-04-22T13:32:18+00:00\",\"dateModified\":\"2022-10-28T07:48:00+00:00\",\"description\":\"Eclairuri fine \u0219i aerisite cu crem\u0103 de fistic, caramel, halva, c\u0103p\u0219uni, mango \u0219i fructul pasiunei. Pegas \u2013 f\u0103cut cu dragoste. Eclairs la comand\u0103 cu livrare.\",\"breadcrumb\":{\"@id\":\"https:\/\/pegasrestaurant.md\/ro\/produs\/ecler\/#breadcrumb\"},\"inLanguage\":\"ro-RO\",\"potentialAction\":[{\"@type\":\"ReadAction\",\"target\":[\"https:\/\/pegasrestaurant.md\/ro\/produs\/ecler\/\"]}]},{\"@type\":\"BreadcrumbList\",\"@id\":\"https:\/\/pegasrestaurant.md\/ro\/produs\/ecler\/#breadcrumb\",\"itemListElement\":[{\"@type\":\"ListItem\",\"position\":1,\"name\":\"\u0413\u043b\u0430\u0432\u043d\u0430\u044f \u0441\u0442\u0440\u0430\u043d\u0438\u0446\u0430\",\"item\":\"https:\/\/pegasrestaurant.md\/ro\/\"},{\"@type\":\"ListItem\",\"position\":2,\"name\":\"Comand\u0103 online\",\"item\":\"https:\/\/pegasrestaurant.md\/ro\/comanda-online\/\"},{\"@type\":\"ListItem\",\"position\":3,\"name\":\"Ecler\"}]},{\"@type\":\"WebSite\",\"@id\":\"https:\/\/pegasrestaurant.md\/en\/#website\",\"url\":\"https:\/\/pegasrestaurant.md\/en\/\",\"name\":\"Pegas Terrace &amp; Restaurant\",\"description\":\"\",\"potentialAction\":[{\"@type\":\"SearchAction\",\"target\":{\"@type\":\"EntryPoint\",\"urlTemplate\":\"https:\/\/pegasrestaurant.md\/en\/?s={search_term_string}\"},\"query-input\":\"required name=search_term_string\"}],\"inLanguage\":\"ro-RO\"}]}<\/script>\n<!-- \/ Yoast SEO plugin. -->","yoast_head_json":{"title":"Ecler de caramel \/ fistic \/ halva \/ c\u0103p\u0219uni \/ mango fructul pasiunei | Pegas","description":"Eclairuri fine \u0219i aerisite cu crem\u0103 de fistic, caramel, halva, c\u0103p\u0219uni, mango \u0219i fructul pasiunei. Pegas \u2013 f\u0103cut cu dragoste. Eclairs la comand\u0103 cu livrare.","robots":{"index":"index","follow":"follow","max-snippet":"max-snippet:-1","max-image-preview":"max-image-preview:large","max-video-preview":"max-video-preview:-1"},"canonical":"https:\/\/pegasrestaurant.md\/ro\/produs\/ecler\/","og_locale":"ro_RO","og_type":"article","og_title":"Ecler de caramel \/ fistic \/ halva \/ c\u0103p\u0219uni \/ mango fructul pasiunei | Pegas","og_description":"-1378","og_url":"https:\/\/pegasrestaurant.md\/ro\/produs\/ecler\/","og_site_name":"Pegas Terrace &amp; Restaurant","article_modified_time":"2022-10-28T07:48:00+00:00","twitter_card":"summary_large_image","twitter_image":"https:\/\/pegasrestaurant.md\/wp-content\/uploads\/2021\/04\/jekler-klubnichnyj-new-resized.jpg","twitter_misc":{"Timp estimat pentru citire":"1 minut"},"schema":{"@context":"https:\/\/schema.org","@graph":[{"@type":"WebPage","@id":"https:\/\/pegasrestaurant.md\/ro\/produs\/ecler\/","url":"https:\/\/pegasrestaurant.md\/ro\/produs\/ecler\/","name":"Ecler de caramel \/ fistic \/ halva \/ c\u0103p\u0219uni \/ mango fructul pasiunei | Pegas","isPartOf":{"@id":"https:\/\/pegasrestaurant.md\/en\/#website"},"datePublished":"2021-04-22T13:32:18+00:00","dateModified":"2022-10-28T07:48:00+00:00","description":"Eclairuri fine \u0219i aerisite cu crem\u0103 de fistic, caramel, halva, c\u0103p\u0219uni, mango \u0219i fructul pasiunei. Pegas \u2013 f\u0103cut cu dragoste. Eclairs la comand\u0103 cu livrare.","breadcrumb":{"@id":"https:\/\/pegasrestaurant.md\/ro\/produs\/ecler\/#breadcrumb"},"inLanguage":"ro-RO","potentialAction":[{"@type":"ReadAction","target":["https:\/\/pegasrestaurant.md\/ro\/produs\/ecler\/"]}]},{"@type":"BreadcrumbList","@id":"https:\/\/pegasrestaurant.md\/ro\/produs\/ecler\/#breadcrumb","itemListElement":[{"@type":"ListItem","position":1,"name":"\u0413\u043b\u0430\u0432\u043d\u0430\u044f \u0441\u0442\u0440\u0430\u043d\u0438\u0446\u0430","item":"https:\/\/pegasrestaurant.md\/ro\/"},{"@type":"ListItem","position":2,"name":"Comand\u0103 online","item":"https:\/\/pegasrestaurant.md\/ro\/comanda-online\/"},{"@type":"ListItem","position":3,"name":"Ecler"}]},{"@type":"WebSite","@id":"https:\/\/pegasrestaurant.md\/en\/#website","url":"https:\/\/pegasrestaurant.md\/en\/","name":"Pegas Terrace &amp; Restaurant","description":"","potentialAction":[{"@type":"SearchAction","target":{"@type":"EntryPoint","urlTemplate":"https:\/\/pegasrestaurant.md\/en\/?s={search_term_string}"},"query-input":"required name=search_term_string"}],"inLanguage":"ro-RO"}]}},"_links":{"self":[{"href":"https:\/\/pegasrestaurant.md\/ro\/wp-json\/wp\/v2\/product\/7812","targetHints":{"allow":["GET"]}}],"collection":[{"href":"https:\/\/pegasrestaurant.md\/ro\/wp-json\/wp\/v2\/product"}],"about":[{"href":"https:\/\/pegasrestaurant.md\/ro\/wp-json\/wp\/v2\/types\/product"}],"version-history":[{"count":0,"href":"https:\/\/pegasrestaurant.md\/ro\/wp-json\/wp\/v2\/product\/7812\/revisions"}],"wp:featuredmedia":[{"embeddable":true,"href":"https:\/\/pegasrestaurant.md\/ro\/wp-json\/wp\/v2\/media\/11164"}],"wp:attachment":[{"href":"https:\/\/pegasrestaurant.md\/ro\/wp-json\/wp\/v2\/media?parent=7812"}],"wp:term":[{"taxonomy":"product_cat","embeddable":true,"href":"https:\/\/pegasrestaurant.md\/ro\/wp-json\/wp\/v2\/product_cat?post=7812"},{"taxonomy":"product_tag","embeddable":true,"href":"https:\/\/pegasrestaurant.md\/ro\/wp-json\/wp\/v2\/product_tag?post=7812"}],"curies":[{"name":"wp","href":"https:\/\/api.w.org\/{rel}","templated":true}]}}