{"id":5900,"date":"2021-04-22T16:29:43","date_gmt":"2021-04-22T13:29:43","guid":{"rendered":"https:\/\/dev.pegasrestaurant.md\/?post_type=product&#038;p=5900"},"modified":"2022-06-10T17:21:50","modified_gmt":"2022-06-10T14:21:50","slug":"tiramisu","status":"publish","type":"product","link":"https:\/\/pegasrestaurant.md\/ro\/produs\/tiramisu\/","title":{"rendered":"Tiramisu"},"content":{"rendered":"<p>Un desert u\u0219or \u0219i gustos care nu d\u0103uneaz\u0103 figurii este o bucat\u0103 de Tiramisu conform re\u021betei clasice din Pegas Terrace &amp; Restaurant. Select\u0103m cu aten\u021bie ingredientele \u0219i coacem singuri pr\u0103jiturile cu biscui\u021bi Savoyardi. Apropo, Tiramisu merge bine nu numai cu cafea sau ceai, ci \u0219i cu coniac.<\/p>\n","protected":false},"excerpt":{"rendered":"<p><span style=\"color: #c9ab81;\"><strong>Greutate:<\/strong><\/span> 150 g<\/p>\n<p>&nbsp;<\/p>\n<p><span style=\"color: #c9ab81;\"><strong>Ingrediente:<\/strong><\/span> Biscui\u021bi Savoyardi, br\u00e2nz\u0103 Mascarpone, cafea, cacao<\/p>\n","protected":false},"featured_media":5919,"template":"","meta":{"inline_featured_image":false},"product_cat":[92],"product_tag":[],"class_list":["post-5900","product","type-product","status-publish","has-post-thumbnail","hentry","product_cat-deserte"],"yoast_head":"<!-- This site is optimized with the Yoast SEO plugin v19.6.1 - https:\/\/yoast.com\/wordpress\/plugins\/seo\/ -->\n<title>Tiramisu | Restaurant Pegas. Comand\u0103 Tiramisu<\/title>\n<meta name=\"description\" content=\"Tiramisu de la Pegas. Re\u021beta de firm\u0103 const\u0103 din pr\u0103jiturile cu biscui\u021bi Savoyardi \u0219i ca\u0219cavalul Mascarpone. Tort Tiramisu la comand\u0103, cump\u0103r\u0103 la Pegas.\" \/>\n<meta name=\"robots\" content=\"index, follow, max-snippet:-1, max-image-preview:large, max-video-preview:-1\" \/>\n<link rel=\"canonical\" href=\"https:\/\/pegasrestaurant.md\/ro\/produs\/tiramisu\/\" \/>\n<meta property=\"og:locale\" content=\"ro_RO\" \/>\n<meta property=\"og:type\" content=\"article\" \/>\n<meta property=\"og:title\" content=\"false\" \/>\n<meta property=\"og:description\" content=\"-1378\" \/>\n<meta property=\"og:url\" content=\"https:\/\/pegasrestaurant.md\/ro\/produs\/tiramisu\/\" \/>\n<meta property=\"og:site_name\" content=\"Pegas Terrace &amp; Restaurant\" \/>\n<meta property=\"article:modified_time\" content=\"2022-06-10T14:21:50+00:00\" \/>\n<meta name=\"twitter:card\" content=\"summary_large_image\" \/>\n<meta name=\"twitter:image\" content=\"https:\/\/pegasrestaurant.md\/wp-content\/uploads\/2021\/04\/18.jpg\" \/>\n<script type=\"application\/ld+json\" class=\"yoast-schema-graph\">{\"@context\":\"https:\/\/schema.org\",\"@graph\":[{\"@type\":\"WebPage\",\"@id\":\"https:\/\/pegasrestaurant.md\/ro\/produs\/tiramisu\/\",\"url\":\"https:\/\/pegasrestaurant.md\/ro\/produs\/tiramisu\/\",\"name\":\"Tiramisu | Restaurant Pegas. Comand\u0103 Tiramisu\",\"isPartOf\":{\"@id\":\"https:\/\/pegasrestaurant.md\/en\/#website\"},\"datePublished\":\"2021-04-22T13:29:43+00:00\",\"dateModified\":\"2022-06-10T14:21:50+00:00\",\"description\":\"Tiramisu de la Pegas. Re\u021beta de firm\u0103 const\u0103 din pr\u0103jiturile cu biscui\u021bi Savoyardi \u0219i ca\u0219cavalul Mascarpone. Tort Tiramisu la comand\u0103, cump\u0103r\u0103 la Pegas.\",\"breadcrumb\":{\"@id\":\"https:\/\/pegasrestaurant.md\/ro\/produs\/tiramisu\/#breadcrumb\"},\"inLanguage\":\"ro-RO\",\"potentialAction\":[{\"@type\":\"ReadAction\",\"target\":[\"https:\/\/pegasrestaurant.md\/ro\/produs\/tiramisu\/\"]}]},{\"@type\":\"BreadcrumbList\",\"@id\":\"https:\/\/pegasrestaurant.md\/ro\/produs\/tiramisu\/#breadcrumb\",\"itemListElement\":[{\"@type\":\"ListItem\",\"position\":1,\"name\":\"\u0413\u043b\u0430\u0432\u043d\u0430\u044f \u0441\u0442\u0440\u0430\u043d\u0438\u0446\u0430\",\"item\":\"https:\/\/pegasrestaurant.md\/ro\/\"},{\"@type\":\"ListItem\",\"position\":2,\"name\":\"Comand\u0103 online\",\"item\":\"https:\/\/pegasrestaurant.md\/ro\/comanda-online\/\"},{\"@type\":\"ListItem\",\"position\":3,\"name\":\"Tiramisu\"}]},{\"@type\":\"WebSite\",\"@id\":\"https:\/\/pegasrestaurant.md\/en\/#website\",\"url\":\"https:\/\/pegasrestaurant.md\/en\/\",\"name\":\"Pegas Terrace &amp; Restaurant\",\"description\":\"\",\"potentialAction\":[{\"@type\":\"SearchAction\",\"target\":{\"@type\":\"EntryPoint\",\"urlTemplate\":\"https:\/\/pegasrestaurant.md\/en\/?s={search_term_string}\"},\"query-input\":\"required name=search_term_string\"}],\"inLanguage\":\"ro-RO\"}]}<\/script>\n<!-- \/ Yoast SEO plugin. -->","yoast_head_json":{"title":"Tiramisu | Restaurant Pegas. Comand\u0103 Tiramisu","description":"Tiramisu de la Pegas. Re\u021beta de firm\u0103 const\u0103 din pr\u0103jiturile cu biscui\u021bi Savoyardi \u0219i ca\u0219cavalul Mascarpone. Tort Tiramisu la comand\u0103, cump\u0103r\u0103 la Pegas.","robots":{"index":"index","follow":"follow","max-snippet":"max-snippet:-1","max-image-preview":"max-image-preview:large","max-video-preview":"max-video-preview:-1"},"canonical":"https:\/\/pegasrestaurant.md\/ro\/produs\/tiramisu\/","og_locale":"ro_RO","og_type":"article","og_title":"false","og_description":"-1378","og_url":"https:\/\/pegasrestaurant.md\/ro\/produs\/tiramisu\/","og_site_name":"Pegas Terrace &amp; Restaurant","article_modified_time":"2022-06-10T14:21:50+00:00","twitter_card":"summary_large_image","twitter_image":"https:\/\/pegasrestaurant.md\/wp-content\/uploads\/2021\/04\/18.jpg","schema":{"@context":"https:\/\/schema.org","@graph":[{"@type":"WebPage","@id":"https:\/\/pegasrestaurant.md\/ro\/produs\/tiramisu\/","url":"https:\/\/pegasrestaurant.md\/ro\/produs\/tiramisu\/","name":"Tiramisu | Restaurant Pegas. Comand\u0103 Tiramisu","isPartOf":{"@id":"https:\/\/pegasrestaurant.md\/en\/#website"},"datePublished":"2021-04-22T13:29:43+00:00","dateModified":"2022-06-10T14:21:50+00:00","description":"Tiramisu de la Pegas. Re\u021beta de firm\u0103 const\u0103 din pr\u0103jiturile cu biscui\u021bi Savoyardi \u0219i ca\u0219cavalul Mascarpone. Tort Tiramisu la comand\u0103, cump\u0103r\u0103 la Pegas.","breadcrumb":{"@id":"https:\/\/pegasrestaurant.md\/ro\/produs\/tiramisu\/#breadcrumb"},"inLanguage":"ro-RO","potentialAction":[{"@type":"ReadAction","target":["https:\/\/pegasrestaurant.md\/ro\/produs\/tiramisu\/"]}]},{"@type":"BreadcrumbList","@id":"https:\/\/pegasrestaurant.md\/ro\/produs\/tiramisu\/#breadcrumb","itemListElement":[{"@type":"ListItem","position":1,"name":"\u0413\u043b\u0430\u0432\u043d\u0430\u044f \u0441\u0442\u0440\u0430\u043d\u0438\u0446\u0430","item":"https:\/\/pegasrestaurant.md\/ro\/"},{"@type":"ListItem","position":2,"name":"Comand\u0103 online","item":"https:\/\/pegasrestaurant.md\/ro\/comanda-online\/"},{"@type":"ListItem","position":3,"name":"Tiramisu"}]},{"@type":"WebSite","@id":"https:\/\/pegasrestaurant.md\/en\/#website","url":"https:\/\/pegasrestaurant.md\/en\/","name":"Pegas Terrace &amp; Restaurant","description":"","potentialAction":[{"@type":"SearchAction","target":{"@type":"EntryPoint","urlTemplate":"https:\/\/pegasrestaurant.md\/en\/?s={search_term_string}"},"query-input":"required name=search_term_string"}],"inLanguage":"ro-RO"}]}},"_links":{"self":[{"href":"https:\/\/pegasrestaurant.md\/ro\/wp-json\/wp\/v2\/product\/5900","targetHints":{"allow":["GET"]}}],"collection":[{"href":"https:\/\/pegasrestaurant.md\/ro\/wp-json\/wp\/v2\/product"}],"about":[{"href":"https:\/\/pegasrestaurant.md\/ro\/wp-json\/wp\/v2\/types\/product"}],"version-history":[{"count":0,"href":"https:\/\/pegasrestaurant.md\/ro\/wp-json\/wp\/v2\/product\/5900\/revisions"}],"wp:featuredmedia":[{"embeddable":true,"href":"https:\/\/pegasrestaurant.md\/ro\/wp-json\/wp\/v2\/media\/5919"}],"wp:attachment":[{"href":"https:\/\/pegasrestaurant.md\/ro\/wp-json\/wp\/v2\/media?parent=5900"}],"wp:term":[{"taxonomy":"product_cat","embeddable":true,"href":"https:\/\/pegasrestaurant.md\/ro\/wp-json\/wp\/v2\/product_cat?post=5900"},{"taxonomy":"product_tag","embeddable":true,"href":"https:\/\/pegasrestaurant.md\/ro\/wp-json\/wp\/v2\/product_tag?post=5900"}],"curies":[{"name":"wp","href":"https:\/\/api.w.org\/{rel}","templated":true}]}}