{"id":5888,"date":"2021-04-22T16:29:40","date_gmt":"2021-04-22T13:29:40","guid":{"rendered":"https:\/\/dev.pegasrestaurant.md\/?post_type=product&#038;p=5888"},"modified":"2023-05-26T12:33:38","modified_gmt":"2023-05-26T09:33:38","slug":"file-de-pastrav-inabusit","status":"publish","type":"product","link":"https:\/\/pegasrestaurant.md\/ro\/produs\/file-de-pastrav-inabusit\/","title":{"rendered":"File de p\u0103str\u0103v \u00een\u0103bu\u015fit"},"content":{"rendered":"<p>Poate c\u0103 cel mai dietetic fel de m\u00e2ncare din meniul nostru de pe\u0219te este fileul de p\u0103str\u0103v aburit, care merge se combin\u0103 perfect cu o salat\u0103 de legume. Ingredientele simple, dar de \u00eenalt\u0103 calitate, stau la baza unui meniu s\u0103n\u0103tos \u0219i folositor de la Pegas Terrace &amp; Restaurant.<\/p>\n","protected":false},"excerpt":{"rendered":"<p><span style=\"color: #c9ab81;\"><img decoding=\"async\" src=\"https:\/\/pegasrestaurant.md\/wp-content\/uploads\/2021\/05\/100gr.png\" width=\"15\" \/> <strong>Pre\u021bul pentru 100 g:<\/strong><\/span> 90 MDL<\/p>\n<p>&nbsp;<\/p>\n<p><span style=\"color: #c9ab81;\"><strong>Ingrediente:<\/strong><\/span> fileu de p\u0103str\u0103v, ulei de m\u0103sline<\/p>\n","protected":false},"featured_media":0,"template":"","meta":{"inline_featured_image":false},"product_cat":[101],"product_tag":[],"class_list":["post-5888","product","type-product","status-publish","hentry","product_cat-peste"],"yoast_head":"<!-- This site is optimized with the Yoast SEO plugin v19.6.1 - https:\/\/yoast.com\/wordpress\/plugins\/seo\/ -->\n<title>Fileu de p\u0103str\u0103v aburit | Meniu cu pe\u0219te. Restaurant Pegas<\/title>\n<meta name=\"description\" content=\"M\u00e2nc\u0103ruri dietice din pe\u0219te. Fileu de p\u0103str\u0103v aburit \u0219i ulei de m\u0103sline \u2013 delicios, s\u0103n\u0103tos \u0219i folositor. 90 MDL. Cu livrare la domiciliu.\" \/>\n<meta name=\"robots\" content=\"index, follow, max-snippet:-1, max-image-preview:large, max-video-preview:-1\" \/>\n<link rel=\"canonical\" href=\"https:\/\/pegasrestaurant.md\/ro\/produs\/file-de-pastrav-inabusit\/\" \/>\n<meta property=\"og:locale\" content=\"ro_RO\" \/>\n<meta property=\"og:type\" content=\"article\" \/>\n<meta property=\"og:title\" content=\"Fileu de p\u0103str\u0103v aburit | Meniu cu pe\u0219te. Restaurant Pegas\" \/>\n<meta property=\"og:description\" content=\"M\u00e2nc\u0103ruri dietice din pe\u0219te. Fileu de p\u0103str\u0103v aburit \u0219i ulei de m\u0103sline \u2013 delicios, s\u0103n\u0103tos \u0219i folositor. 90 MDL. Cu livrare la domiciliu.\" \/>\n<meta property=\"og:url\" content=\"https:\/\/pegasrestaurant.md\/ro\/produs\/file-de-pastrav-inabusit\/\" \/>\n<meta property=\"og:site_name\" content=\"Pegas Terrace &amp; Restaurant\" \/>\n<meta property=\"article:modified_time\" content=\"2023-05-26T09:33:38+00:00\" \/>\n<meta name=\"twitter:card\" content=\"summary_large_image\" \/>\n<script type=\"application\/ld+json\" class=\"yoast-schema-graph\">{\"@context\":\"https:\/\/schema.org\",\"@graph\":[{\"@type\":\"WebPage\",\"@id\":\"https:\/\/pegasrestaurant.md\/ro\/produs\/file-de-pastrav-inabusit\/\",\"url\":\"https:\/\/pegasrestaurant.md\/ro\/produs\/file-de-pastrav-inabusit\/\",\"name\":\"Fileu de p\u0103str\u0103v aburit | Meniu cu pe\u0219te. Restaurant Pegas\",\"isPartOf\":{\"@id\":\"https:\/\/pegasrestaurant.md\/en\/#website\"},\"datePublished\":\"2021-04-22T13:29:40+00:00\",\"dateModified\":\"2023-05-26T09:33:38+00:00\",\"description\":\"M\u00e2nc\u0103ruri dietice din pe\u0219te. Fileu de p\u0103str\u0103v aburit \u0219i ulei de m\u0103sline \u2013 delicios, s\u0103n\u0103tos \u0219i folositor. 90 MDL. Cu livrare la domiciliu.\",\"breadcrumb\":{\"@id\":\"https:\/\/pegasrestaurant.md\/ro\/produs\/file-de-pastrav-inabusit\/#breadcrumb\"},\"inLanguage\":\"ro-RO\",\"potentialAction\":[{\"@type\":\"ReadAction\",\"target\":[\"https:\/\/pegasrestaurant.md\/ro\/produs\/file-de-pastrav-inabusit\/\"]}]},{\"@type\":\"BreadcrumbList\",\"@id\":\"https:\/\/pegasrestaurant.md\/ro\/produs\/file-de-pastrav-inabusit\/#breadcrumb\",\"itemListElement\":[{\"@type\":\"ListItem\",\"position\":1,\"name\":\"\u0413\u043b\u0430\u0432\u043d\u0430\u044f \u0441\u0442\u0440\u0430\u043d\u0438\u0446\u0430\",\"item\":\"https:\/\/pegasrestaurant.md\/ro\/\"},{\"@type\":\"ListItem\",\"position\":2,\"name\":\"Comand\u0103 online\",\"item\":\"https:\/\/pegasrestaurant.md\/ro\/comanda-online\/\"},{\"@type\":\"ListItem\",\"position\":3,\"name\":\"File de p\u0103str\u0103v \u00een\u0103bu\u015fit\"}]},{\"@type\":\"WebSite\",\"@id\":\"https:\/\/pegasrestaurant.md\/en\/#website\",\"url\":\"https:\/\/pegasrestaurant.md\/en\/\",\"name\":\"Pegas Terrace &amp; Restaurant\",\"description\":\"\",\"potentialAction\":[{\"@type\":\"SearchAction\",\"target\":{\"@type\":\"EntryPoint\",\"urlTemplate\":\"https:\/\/pegasrestaurant.md\/en\/?s={search_term_string}\"},\"query-input\":\"required name=search_term_string\"}],\"inLanguage\":\"ro-RO\"}]}<\/script>\n<!-- \/ Yoast SEO plugin. -->","yoast_head_json":{"title":"Fileu de p\u0103str\u0103v aburit | Meniu cu pe\u0219te. Restaurant Pegas","description":"M\u00e2nc\u0103ruri dietice din pe\u0219te. Fileu de p\u0103str\u0103v aburit \u0219i ulei de m\u0103sline \u2013 delicios, s\u0103n\u0103tos \u0219i folositor. 90 MDL. Cu livrare la domiciliu.","robots":{"index":"index","follow":"follow","max-snippet":"max-snippet:-1","max-image-preview":"max-image-preview:large","max-video-preview":"max-video-preview:-1"},"canonical":"https:\/\/pegasrestaurant.md\/ro\/produs\/file-de-pastrav-inabusit\/","og_locale":"ro_RO","og_type":"article","og_title":"Fileu de p\u0103str\u0103v aburit | Meniu cu pe\u0219te. Restaurant Pegas","og_description":"M\u00e2nc\u0103ruri dietice din pe\u0219te. Fileu de p\u0103str\u0103v aburit \u0219i ulei de m\u0103sline \u2013 delicios, s\u0103n\u0103tos \u0219i folositor. 90 MDL. Cu livrare la domiciliu.","og_url":"https:\/\/pegasrestaurant.md\/ro\/produs\/file-de-pastrav-inabusit\/","og_site_name":"Pegas Terrace &amp; Restaurant","article_modified_time":"2023-05-26T09:33:38+00:00","twitter_card":"summary_large_image","schema":{"@context":"https:\/\/schema.org","@graph":[{"@type":"WebPage","@id":"https:\/\/pegasrestaurant.md\/ro\/produs\/file-de-pastrav-inabusit\/","url":"https:\/\/pegasrestaurant.md\/ro\/produs\/file-de-pastrav-inabusit\/","name":"Fileu de p\u0103str\u0103v aburit | Meniu cu pe\u0219te. Restaurant Pegas","isPartOf":{"@id":"https:\/\/pegasrestaurant.md\/en\/#website"},"datePublished":"2021-04-22T13:29:40+00:00","dateModified":"2023-05-26T09:33:38+00:00","description":"M\u00e2nc\u0103ruri dietice din pe\u0219te. Fileu de p\u0103str\u0103v aburit \u0219i ulei de m\u0103sline \u2013 delicios, s\u0103n\u0103tos \u0219i folositor. 90 MDL. Cu livrare la domiciliu.","breadcrumb":{"@id":"https:\/\/pegasrestaurant.md\/ro\/produs\/file-de-pastrav-inabusit\/#breadcrumb"},"inLanguage":"ro-RO","potentialAction":[{"@type":"ReadAction","target":["https:\/\/pegasrestaurant.md\/ro\/produs\/file-de-pastrav-inabusit\/"]}]},{"@type":"BreadcrumbList","@id":"https:\/\/pegasrestaurant.md\/ro\/produs\/file-de-pastrav-inabusit\/#breadcrumb","itemListElement":[{"@type":"ListItem","position":1,"name":"\u0413\u043b\u0430\u0432\u043d\u0430\u044f \u0441\u0442\u0440\u0430\u043d\u0438\u0446\u0430","item":"https:\/\/pegasrestaurant.md\/ro\/"},{"@type":"ListItem","position":2,"name":"Comand\u0103 online","item":"https:\/\/pegasrestaurant.md\/ro\/comanda-online\/"},{"@type":"ListItem","position":3,"name":"File de p\u0103str\u0103v \u00een\u0103bu\u015fit"}]},{"@type":"WebSite","@id":"https:\/\/pegasrestaurant.md\/en\/#website","url":"https:\/\/pegasrestaurant.md\/en\/","name":"Pegas Terrace &amp; Restaurant","description":"","potentialAction":[{"@type":"SearchAction","target":{"@type":"EntryPoint","urlTemplate":"https:\/\/pegasrestaurant.md\/en\/?s={search_term_string}"},"query-input":"required name=search_term_string"}],"inLanguage":"ro-RO"}]}},"_links":{"self":[{"href":"https:\/\/pegasrestaurant.md\/ro\/wp-json\/wp\/v2\/product\/5888","targetHints":{"allow":["GET"]}}],"collection":[{"href":"https:\/\/pegasrestaurant.md\/ro\/wp-json\/wp\/v2\/product"}],"about":[{"href":"https:\/\/pegasrestaurant.md\/ro\/wp-json\/wp\/v2\/types\/product"}],"version-history":[{"count":0,"href":"https:\/\/pegasrestaurant.md\/ro\/wp-json\/wp\/v2\/product\/5888\/revisions"}],"wp:attachment":[{"href":"https:\/\/pegasrestaurant.md\/ro\/wp-json\/wp\/v2\/media?parent=5888"}],"wp:term":[{"taxonomy":"product_cat","embeddable":true,"href":"https:\/\/pegasrestaurant.md\/ro\/wp-json\/wp\/v2\/product_cat?post=5888"},{"taxonomy":"product_tag","embeddable":true,"href":"https:\/\/pegasrestaurant.md\/ro\/wp-json\/wp\/v2\/product_tag?post=5888"}],"curies":[{"name":"wp","href":"https:\/\/api.w.org\/{rel}","templated":true}]}}