{"id":5884,"date":"2021-04-22T16:29:39","date_gmt":"2021-04-22T13:29:39","guid":{"rendered":"https:\/\/dev.pegasrestaurant.md\/?post_type=product&#038;p=5884"},"modified":"2023-05-26T12:39:51","modified_gmt":"2023-05-26T09:39:51","slug":"pastrav-cu-condimente-pregatit-la-gratar","status":"publish","type":"product","link":"https:\/\/pegasrestaurant.md\/ro\/produs\/pastrav-cu-condimente-pregatit-la-gratar\/","title":{"rendered":"P\u0103str\u0103v cu condimente preg\u0103tit la gr\u0103tar"},"content":{"rendered":"<p>P\u0103str\u0103vul proasp\u0103t cu condimente se coace \u00eentreg \u00een josper. Dac\u0103 v\u0103 place m\u00e2ncarea delicioas\u0103, folositoare \u0219i s\u0103n\u0103toas\u0103, atunci aceasta o s\u0103 v\u0103 plac\u0103 cu siguran\u021b\u0103! Ca garnitur\u0103 pentru pe\u0219te, se potrive\u0219te salata sau legumele, iar din lista noastr\u0103 de vinuri pute\u021bi alege un vin alb r\u0103coritor u\u0219or, care cu siguran\u021b\u0103 va crea o dispozi\u021bie bun\u0103 la masa dvs.<\/p>\n","protected":false},"excerpt":{"rendered":"<p><span style=\"color: #c9ab81;\"><img decoding=\"async\" src=\"https:\/\/pegasrestaurant.md\/wp-content\/uploads\/2021\/05\/100gr.png\" width=\"15\" \/> <strong>Pre\u021bul pentru 100 g:<\/strong><\/span> 90 MDL<\/p>\n<p>&nbsp;<\/p>\n<p><span style=\"color: #c9ab81;\"><strong>Ingrediente:<\/strong><\/span> <span data-sheets-formula-bar-text-style=\"font-size:15px;color:#000000;font-weight:normal;text-decoration:none;font-family:'Arial';font-style:normal;text-decoration-skip-ink:none;\">p\u0103str\u0103v, condimente<\/span><\/p>\n","protected":false},"featured_media":5911,"template":"","meta":{"inline_featured_image":false},"product_cat":[101],"product_tag":[],"class_list":["post-5884","product","type-product","status-publish","has-post-thumbnail","hentry","product_cat-peste"],"yoast_head":"<!-- This site is optimized with the Yoast SEO plugin v19.6.1 - https:\/\/yoast.com\/wordpress\/plugins\/seo\/ -->\n<title>P\u0103str\u0103v cu condimente preg\u0103tit la gr\u0103tar | Pegas [Bucate din pe\u0219te]<\/title>\n<meta name=\"description\" content=\"Bucate din pe\u0219te: p\u0103str\u0103v proasp\u0103t cu condimente de la buc\u0103tarul chef Pegas. Fructe de mare gata preparate \u00een restaurant \u0219i livrare. 90 MDL.\" \/>\n<meta name=\"robots\" content=\"index, follow, max-snippet:-1, max-image-preview:large, max-video-preview:-1\" \/>\n<link rel=\"canonical\" href=\"https:\/\/pegasrestaurant.md\/ro\/produs\/pastrav-cu-condimente-pregatit-la-gratar\/\" \/>\n<meta property=\"og:locale\" content=\"ro_RO\" \/>\n<meta property=\"og:type\" content=\"article\" \/>\n<meta property=\"og:title\" content=\"P\u0103str\u0103v cu condimente preg\u0103tit la gr\u0103tar | Pegas [Bucate din pe\u0219te]\" \/>\n<meta property=\"og:description\" content=\"Bucate din pe\u0219te: p\u0103str\u0103v proasp\u0103t cu condimente de la buc\u0103tarul chef Pegas. Fructe de mare gata preparate \u00een restaurant \u0219i livrare. 90 MDL.\" \/>\n<meta property=\"og:url\" content=\"https:\/\/pegasrestaurant.md\/ro\/produs\/pastrav-cu-condimente-pregatit-la-gratar\/\" \/>\n<meta property=\"og:site_name\" content=\"Pegas Terrace &amp; Restaurant\" \/>\n<meta property=\"article:modified_time\" content=\"2023-05-26T09:39:51+00:00\" \/>\n<meta property=\"og:image\" content=\"https:\/\/pegasrestaurant.md\/wp-content\/uploads\/2021\/04\/forel-zapechenaja-s-prjanymi-travami-1.jpg\" \/>\n\t<meta property=\"og:image:width\" content=\"2500\" \/>\n\t<meta property=\"og:image:height\" content=\"2500\" \/>\n\t<meta property=\"og:image:type\" content=\"image\/jpeg\" \/>\n<meta name=\"twitter:card\" content=\"summary_large_image\" \/>\n<meta name=\"twitter:label1\" content=\"Timp estimat pentru citire\" \/>\n\t<meta name=\"twitter:data1\" content=\"1 minut\" \/>\n<script type=\"application\/ld+json\" class=\"yoast-schema-graph\">{\"@context\":\"https:\/\/schema.org\",\"@graph\":[{\"@type\":\"WebPage\",\"@id\":\"https:\/\/pegasrestaurant.md\/ro\/produs\/pastrav-cu-condimente-pregatit-la-gratar\/\",\"url\":\"https:\/\/pegasrestaurant.md\/ro\/produs\/pastrav-cu-condimente-pregatit-la-gratar\/\",\"name\":\"P\u0103str\u0103v cu condimente preg\u0103tit la gr\u0103tar | Pegas [Bucate din pe\u0219te]\",\"isPartOf\":{\"@id\":\"https:\/\/pegasrestaurant.md\/en\/#website\"},\"datePublished\":\"2021-04-22T13:29:39+00:00\",\"dateModified\":\"2023-05-26T09:39:51+00:00\",\"description\":\"Bucate din pe\u0219te: p\u0103str\u0103v proasp\u0103t cu condimente de la buc\u0103tarul chef Pegas. Fructe de mare gata preparate \u00een restaurant \u0219i livrare. 90 MDL.\",\"breadcrumb\":{\"@id\":\"https:\/\/pegasrestaurant.md\/ro\/produs\/pastrav-cu-condimente-pregatit-la-gratar\/#breadcrumb\"},\"inLanguage\":\"ro-RO\",\"potentialAction\":[{\"@type\":\"ReadAction\",\"target\":[\"https:\/\/pegasrestaurant.md\/ro\/produs\/pastrav-cu-condimente-pregatit-la-gratar\/\"]}]},{\"@type\":\"BreadcrumbList\",\"@id\":\"https:\/\/pegasrestaurant.md\/ro\/produs\/pastrav-cu-condimente-pregatit-la-gratar\/#breadcrumb\",\"itemListElement\":[{\"@type\":\"ListItem\",\"position\":1,\"name\":\"\u0413\u043b\u0430\u0432\u043d\u0430\u044f \u0441\u0442\u0440\u0430\u043d\u0438\u0446\u0430\",\"item\":\"https:\/\/pegasrestaurant.md\/ro\/\"},{\"@type\":\"ListItem\",\"position\":2,\"name\":\"Comand\u0103 online\",\"item\":\"https:\/\/pegasrestaurant.md\/ro\/comanda-online\/\"},{\"@type\":\"ListItem\",\"position\":3,\"name\":\"P\u0103str\u0103v cu condimente preg\u0103tit la gr\u0103tar\"}]},{\"@type\":\"WebSite\",\"@id\":\"https:\/\/pegasrestaurant.md\/en\/#website\",\"url\":\"https:\/\/pegasrestaurant.md\/en\/\",\"name\":\"Pegas Terrace &amp; Restaurant\",\"description\":\"\",\"potentialAction\":[{\"@type\":\"SearchAction\",\"target\":{\"@type\":\"EntryPoint\",\"urlTemplate\":\"https:\/\/pegasrestaurant.md\/en\/?s={search_term_string}\"},\"query-input\":\"required name=search_term_string\"}],\"inLanguage\":\"ro-RO\"}]}<\/script>\n<!-- \/ Yoast SEO plugin. -->","yoast_head_json":{"title":"P\u0103str\u0103v cu condimente preg\u0103tit la gr\u0103tar | Pegas [Bucate din pe\u0219te]","description":"Bucate din pe\u0219te: p\u0103str\u0103v proasp\u0103t cu condimente de la buc\u0103tarul chef Pegas. Fructe de mare gata preparate \u00een restaurant \u0219i livrare. 90 MDL.","robots":{"index":"index","follow":"follow","max-snippet":"max-snippet:-1","max-image-preview":"max-image-preview:large","max-video-preview":"max-video-preview:-1"},"canonical":"https:\/\/pegasrestaurant.md\/ro\/produs\/pastrav-cu-condimente-pregatit-la-gratar\/","og_locale":"ro_RO","og_type":"article","og_title":"P\u0103str\u0103v cu condimente preg\u0103tit la gr\u0103tar | Pegas [Bucate din pe\u0219te]","og_description":"Bucate din pe\u0219te: p\u0103str\u0103v proasp\u0103t cu condimente de la buc\u0103tarul chef Pegas. Fructe de mare gata preparate \u00een restaurant \u0219i livrare. 90 MDL.","og_url":"https:\/\/pegasrestaurant.md\/ro\/produs\/pastrav-cu-condimente-pregatit-la-gratar\/","og_site_name":"Pegas Terrace &amp; Restaurant","article_modified_time":"2023-05-26T09:39:51+00:00","og_image":[{"width":2500,"height":2500,"url":"https:\/\/pegasrestaurant.md\/wp-content\/uploads\/2021\/04\/forel-zapechenaja-s-prjanymi-travami-1.jpg","type":"image\/jpeg"}],"twitter_card":"summary_large_image","twitter_misc":{"Timp estimat pentru citire":"1 minut"},"schema":{"@context":"https:\/\/schema.org","@graph":[{"@type":"WebPage","@id":"https:\/\/pegasrestaurant.md\/ro\/produs\/pastrav-cu-condimente-pregatit-la-gratar\/","url":"https:\/\/pegasrestaurant.md\/ro\/produs\/pastrav-cu-condimente-pregatit-la-gratar\/","name":"P\u0103str\u0103v cu condimente preg\u0103tit la gr\u0103tar | Pegas [Bucate din pe\u0219te]","isPartOf":{"@id":"https:\/\/pegasrestaurant.md\/en\/#website"},"datePublished":"2021-04-22T13:29:39+00:00","dateModified":"2023-05-26T09:39:51+00:00","description":"Bucate din pe\u0219te: p\u0103str\u0103v proasp\u0103t cu condimente de la buc\u0103tarul chef Pegas. Fructe de mare gata preparate \u00een restaurant \u0219i livrare. 90 MDL.","breadcrumb":{"@id":"https:\/\/pegasrestaurant.md\/ro\/produs\/pastrav-cu-condimente-pregatit-la-gratar\/#breadcrumb"},"inLanguage":"ro-RO","potentialAction":[{"@type":"ReadAction","target":["https:\/\/pegasrestaurant.md\/ro\/produs\/pastrav-cu-condimente-pregatit-la-gratar\/"]}]},{"@type":"BreadcrumbList","@id":"https:\/\/pegasrestaurant.md\/ro\/produs\/pastrav-cu-condimente-pregatit-la-gratar\/#breadcrumb","itemListElement":[{"@type":"ListItem","position":1,"name":"\u0413\u043b\u0430\u0432\u043d\u0430\u044f \u0441\u0442\u0440\u0430\u043d\u0438\u0446\u0430","item":"https:\/\/pegasrestaurant.md\/ro\/"},{"@type":"ListItem","position":2,"name":"Comand\u0103 online","item":"https:\/\/pegasrestaurant.md\/ro\/comanda-online\/"},{"@type":"ListItem","position":3,"name":"P\u0103str\u0103v cu condimente preg\u0103tit la gr\u0103tar"}]},{"@type":"WebSite","@id":"https:\/\/pegasrestaurant.md\/en\/#website","url":"https:\/\/pegasrestaurant.md\/en\/","name":"Pegas Terrace &amp; Restaurant","description":"","potentialAction":[{"@type":"SearchAction","target":{"@type":"EntryPoint","urlTemplate":"https:\/\/pegasrestaurant.md\/en\/?s={search_term_string}"},"query-input":"required name=search_term_string"}],"inLanguage":"ro-RO"}]}},"_links":{"self":[{"href":"https:\/\/pegasrestaurant.md\/ro\/wp-json\/wp\/v2\/product\/5884","targetHints":{"allow":["GET"]}}],"collection":[{"href":"https:\/\/pegasrestaurant.md\/ro\/wp-json\/wp\/v2\/product"}],"about":[{"href":"https:\/\/pegasrestaurant.md\/ro\/wp-json\/wp\/v2\/types\/product"}],"version-history":[{"count":0,"href":"https:\/\/pegasrestaurant.md\/ro\/wp-json\/wp\/v2\/product\/5884\/revisions"}],"wp:featuredmedia":[{"embeddable":true,"href":"https:\/\/pegasrestaurant.md\/ro\/wp-json\/wp\/v2\/media\/5911"}],"wp:attachment":[{"href":"https:\/\/pegasrestaurant.md\/ro\/wp-json\/wp\/v2\/media?parent=5884"}],"wp:term":[{"taxonomy":"product_cat","embeddable":true,"href":"https:\/\/pegasrestaurant.md\/ro\/wp-json\/wp\/v2\/product_cat?post=5884"},{"taxonomy":"product_tag","embeddable":true,"href":"https:\/\/pegasrestaurant.md\/ro\/wp-json\/wp\/v2\/product_tag?post=5884"}],"curies":[{"name":"wp","href":"https:\/\/api.w.org\/{rel}","templated":true}]}}