{"id":5880,"date":"2021-04-22T16:29:38","date_gmt":"2021-04-22T13:29:38","guid":{"rendered":"https:\/\/dev.pegasrestaurant.md\/?post_type=product&#038;p=5880"},"modified":"2022-06-10T17:27:12","modified_gmt":"2022-06-10T14:27:12","slug":"dorada-la-gratar-cu-spanac","status":"publish","type":"product","link":"https:\/\/pegasrestaurant.md\/ro\/produs\/dorada-la-gratar-cu-spanac\/","title":{"rendered":"Dorada la gr\u0103tar cu spanac"},"content":{"rendered":"<p>Pe\u0219tele \u00eentreg dorada este umplut cu un amestec exploziv de spanac, mozzarella, m\u0103sline \u0219i se coace la gr\u0103tar. V\u0103 r\u0103m\u00e2ne numai s\u0103 lua\u021bi o jum\u0103tate de l\u0103m\u00e2ie \u0219i s\u0103 stoarce\u021bi c\u00e2teva pic\u0103turi pentru a da pe\u0219telui un gust special. V\u0103 pute\u021bi delecta cu dorada la gr\u0103tar cu spanac \u00een restaurantul nostru sau pute\u021bi comanda acest fel de m\u00e2ncare cu livrare la domiciliu.<\/p>\n","protected":false},"excerpt":{"rendered":"<p><span style=\"color: #c9ab81;\"><strong>Greutate:<\/strong><\/span> 420 g<\/p>\n<p>&nbsp;<\/p>\n<p><span style=\"color: #c9ab81;\"><strong>Ingredient\u0435:<\/strong><\/span> <span data-sheets-formula-bar-text-style=\"font-size:15px;color:#000000;font-weight:normal;text-decoration:none;font-family:'Arial';font-style:normal;text-decoration-skip-ink:none;\"> dorada, spanac, m\u0103sline, mozzarella<\/span><\/p>\n","protected":false},"featured_media":0,"template":"","meta":{"inline_featured_image":false},"product_cat":[101],"product_tag":[],"class_list":["post-5880","product","type-product","status-publish","hentry","product_cat-peste"],"yoast_head":"<!-- This site is optimized with the Yoast SEO plugin v19.6.1 - https:\/\/yoast.com\/wordpress\/plugins\/seo\/ -->\n<title>Dorada la gr\u0103tar cu spanac | Bucate din pe\u0219te [Pegas]<\/title>\n<meta name=\"description\" content=\"Pe\u0219te dorado la gr\u0103tar cu spanac. Carne tocat\u0103 de spanac, mozzarella \u0219i m\u0103sline. Bucate la restaurantul Pegas \u0219i m\u00e2ncare de post comand\u0103.\" \/>\n<meta name=\"robots\" content=\"index, follow, max-snippet:-1, max-image-preview:large, max-video-preview:-1\" \/>\n<link rel=\"canonical\" href=\"https:\/\/pegasrestaurant.md\/ro\/produs\/dorada-la-gratar-cu-spanac\/\" \/>\n<meta property=\"og:locale\" content=\"ro_RO\" \/>\n<meta property=\"og:type\" content=\"article\" \/>\n<meta property=\"og:title\" content=\"Dorada la gr\u0103tar cu spanac | Bucate din pe\u0219te [Pegas]\" \/>\n<meta property=\"og:description\" content=\"Pe\u0219te dorado la gr\u0103tar cu spanac. Carne tocat\u0103 de spanac, mozzarella \u0219i m\u0103sline. Bucate la restaurantul Pegas \u0219i m\u00e2ncare de post comand\u0103.\" \/>\n<meta property=\"og:url\" content=\"https:\/\/pegasrestaurant.md\/ro\/produs\/dorada-la-gratar-cu-spanac\/\" \/>\n<meta property=\"og:site_name\" content=\"Pegas Terrace &amp; Restaurant\" \/>\n<meta property=\"article:modified_time\" content=\"2022-06-10T14:27:12+00:00\" \/>\n<meta name=\"twitter:card\" content=\"summary_large_image\" \/>\n<meta name=\"twitter:label1\" content=\"Timp estimat pentru citire\" \/>\n\t<meta name=\"twitter:data1\" content=\"1 minut\" \/>\n<script type=\"application\/ld+json\" class=\"yoast-schema-graph\">{\"@context\":\"https:\/\/schema.org\",\"@graph\":[{\"@type\":\"WebPage\",\"@id\":\"https:\/\/pegasrestaurant.md\/ro\/produs\/dorada-la-gratar-cu-spanac\/\",\"url\":\"https:\/\/pegasrestaurant.md\/ro\/produs\/dorada-la-gratar-cu-spanac\/\",\"name\":\"Dorada la gr\u0103tar cu spanac | Bucate din pe\u0219te [Pegas]\",\"isPartOf\":{\"@id\":\"https:\/\/pegasrestaurant.md\/en\/#website\"},\"datePublished\":\"2021-04-22T13:29:38+00:00\",\"dateModified\":\"2022-06-10T14:27:12+00:00\",\"description\":\"Pe\u0219te dorado la gr\u0103tar cu spanac. Carne tocat\u0103 de spanac, mozzarella \u0219i m\u0103sline. Bucate la restaurantul Pegas \u0219i m\u00e2ncare de post comand\u0103.\",\"breadcrumb\":{\"@id\":\"https:\/\/pegasrestaurant.md\/ro\/produs\/dorada-la-gratar-cu-spanac\/#breadcrumb\"},\"inLanguage\":\"ro-RO\",\"potentialAction\":[{\"@type\":\"ReadAction\",\"target\":[\"https:\/\/pegasrestaurant.md\/ro\/produs\/dorada-la-gratar-cu-spanac\/\"]}]},{\"@type\":\"BreadcrumbList\",\"@id\":\"https:\/\/pegasrestaurant.md\/ro\/produs\/dorada-la-gratar-cu-spanac\/#breadcrumb\",\"itemListElement\":[{\"@type\":\"ListItem\",\"position\":1,\"name\":\"\u0413\u043b\u0430\u0432\u043d\u0430\u044f \u0441\u0442\u0440\u0430\u043d\u0438\u0446\u0430\",\"item\":\"https:\/\/pegasrestaurant.md\/ro\/\"},{\"@type\":\"ListItem\",\"position\":2,\"name\":\"Comand\u0103 online\",\"item\":\"https:\/\/pegasrestaurant.md\/ro\/comanda-online\/\"},{\"@type\":\"ListItem\",\"position\":3,\"name\":\"Dorada la gr\u0103tar cu spanac\"}]},{\"@type\":\"WebSite\",\"@id\":\"https:\/\/pegasrestaurant.md\/en\/#website\",\"url\":\"https:\/\/pegasrestaurant.md\/en\/\",\"name\":\"Pegas Terrace &amp; Restaurant\",\"description\":\"\",\"potentialAction\":[{\"@type\":\"SearchAction\",\"target\":{\"@type\":\"EntryPoint\",\"urlTemplate\":\"https:\/\/pegasrestaurant.md\/en\/?s={search_term_string}\"},\"query-input\":\"required name=search_term_string\"}],\"inLanguage\":\"ro-RO\"}]}<\/script>\n<!-- \/ Yoast SEO plugin. -->","yoast_head_json":{"title":"Dorada la gr\u0103tar cu spanac | Bucate din pe\u0219te [Pegas]","description":"Pe\u0219te dorado la gr\u0103tar cu spanac. Carne tocat\u0103 de spanac, mozzarella \u0219i m\u0103sline. Bucate la restaurantul Pegas \u0219i m\u00e2ncare de post comand\u0103.","robots":{"index":"index","follow":"follow","max-snippet":"max-snippet:-1","max-image-preview":"max-image-preview:large","max-video-preview":"max-video-preview:-1"},"canonical":"https:\/\/pegasrestaurant.md\/ro\/produs\/dorada-la-gratar-cu-spanac\/","og_locale":"ro_RO","og_type":"article","og_title":"Dorada la gr\u0103tar cu spanac | Bucate din pe\u0219te [Pegas]","og_description":"Pe\u0219te dorado la gr\u0103tar cu spanac. Carne tocat\u0103 de spanac, mozzarella \u0219i m\u0103sline. Bucate la restaurantul Pegas \u0219i m\u00e2ncare de post comand\u0103.","og_url":"https:\/\/pegasrestaurant.md\/ro\/produs\/dorada-la-gratar-cu-spanac\/","og_site_name":"Pegas Terrace &amp; Restaurant","article_modified_time":"2022-06-10T14:27:12+00:00","twitter_card":"summary_large_image","twitter_misc":{"Timp estimat pentru citire":"1 minut"},"schema":{"@context":"https:\/\/schema.org","@graph":[{"@type":"WebPage","@id":"https:\/\/pegasrestaurant.md\/ro\/produs\/dorada-la-gratar-cu-spanac\/","url":"https:\/\/pegasrestaurant.md\/ro\/produs\/dorada-la-gratar-cu-spanac\/","name":"Dorada la gr\u0103tar cu spanac | Bucate din pe\u0219te [Pegas]","isPartOf":{"@id":"https:\/\/pegasrestaurant.md\/en\/#website"},"datePublished":"2021-04-22T13:29:38+00:00","dateModified":"2022-06-10T14:27:12+00:00","description":"Pe\u0219te dorado la gr\u0103tar cu spanac. Carne tocat\u0103 de spanac, mozzarella \u0219i m\u0103sline. Bucate la restaurantul Pegas \u0219i m\u00e2ncare de post comand\u0103.","breadcrumb":{"@id":"https:\/\/pegasrestaurant.md\/ro\/produs\/dorada-la-gratar-cu-spanac\/#breadcrumb"},"inLanguage":"ro-RO","potentialAction":[{"@type":"ReadAction","target":["https:\/\/pegasrestaurant.md\/ro\/produs\/dorada-la-gratar-cu-spanac\/"]}]},{"@type":"BreadcrumbList","@id":"https:\/\/pegasrestaurant.md\/ro\/produs\/dorada-la-gratar-cu-spanac\/#breadcrumb","itemListElement":[{"@type":"ListItem","position":1,"name":"\u0413\u043b\u0430\u0432\u043d\u0430\u044f \u0441\u0442\u0440\u0430\u043d\u0438\u0446\u0430","item":"https:\/\/pegasrestaurant.md\/ro\/"},{"@type":"ListItem","position":2,"name":"Comand\u0103 online","item":"https:\/\/pegasrestaurant.md\/ro\/comanda-online\/"},{"@type":"ListItem","position":3,"name":"Dorada la gr\u0103tar cu spanac"}]},{"@type":"WebSite","@id":"https:\/\/pegasrestaurant.md\/en\/#website","url":"https:\/\/pegasrestaurant.md\/en\/","name":"Pegas Terrace &amp; Restaurant","description":"","potentialAction":[{"@type":"SearchAction","target":{"@type":"EntryPoint","urlTemplate":"https:\/\/pegasrestaurant.md\/en\/?s={search_term_string}"},"query-input":"required name=search_term_string"}],"inLanguage":"ro-RO"}]}},"_links":{"self":[{"href":"https:\/\/pegasrestaurant.md\/ro\/wp-json\/wp\/v2\/product\/5880","targetHints":{"allow":["GET"]}}],"collection":[{"href":"https:\/\/pegasrestaurant.md\/ro\/wp-json\/wp\/v2\/product"}],"about":[{"href":"https:\/\/pegasrestaurant.md\/ro\/wp-json\/wp\/v2\/types\/product"}],"version-history":[{"count":0,"href":"https:\/\/pegasrestaurant.md\/ro\/wp-json\/wp\/v2\/product\/5880\/revisions"}],"wp:attachment":[{"href":"https:\/\/pegasrestaurant.md\/ro\/wp-json\/wp\/v2\/media?parent=5880"}],"wp:term":[{"taxonomy":"product_cat","embeddable":true,"href":"https:\/\/pegasrestaurant.md\/ro\/wp-json\/wp\/v2\/product_cat?post=5880"},{"taxonomy":"product_tag","embeddable":true,"href":"https:\/\/pegasrestaurant.md\/ro\/wp-json\/wp\/v2\/product_tag?post=5880"}],"curies":[{"name":"wp","href":"https:\/\/api.w.org\/{rel}","templated":true}]}}