{"id":5806,"date":"2021-04-22T16:28:43","date_gmt":"2021-04-22T13:28:43","guid":{"rendered":"https:\/\/dev.pegasrestaurant.md\/?post_type=product&#038;p=5806"},"modified":"2023-05-26T12:14:55","modified_gmt":"2023-05-26T09:14:55","slug":"supa-de-peste","status":"publish","type":"product","link":"https:\/\/pegasrestaurant.md\/ro\/produs\/supa-de-peste\/","title":{"rendered":"Sup\u0103 de pe\u0219te cu somon"},"content":{"rendered":"<p>Supa de pe\u0219te de la Pegas Terrace &amp; Restaurant este imposibil s\u0103 nu-\u021bi plac\u0103. Baza sa este un bulion dens de somon. Captura ciorbei noastre de pe\u0219te este urm\u0103toarea: buc\u0103\u021bi de file de somon, ardei gras, cartofi, ceap\u0103, morcovi, usturoi. \u00cenainte de servire, pres\u0103r\u0103m vasul cu ierburi \u2013 iar supa de pe\u0219te \u00ee\u0219i dezv\u0103luie complet aroma nobil\u0103 de pe\u0219te.<\/p>\n","protected":false},"excerpt":{"rendered":"<p><span style=\"color: #c9ab81;\"><strong>Greutate:<\/strong><\/span> 370 g<\/p>\n<p>&nbsp;<\/p>\n<p><span style=\"color: #c9ab81;\"><strong>Ingrediente:<\/strong><\/span> somon, bulion de somon, ardei gras, morcovi, ceap\u0103, cartofi, usturoi, ierburi<\/p>\n","protected":false},"featured_media":5831,"template":"","meta":{"inline_featured_image":false},"product_cat":[98],"product_tag":[],"class_list":["post-5806","product","type-product","status-publish","has-post-thumbnail","hentry","product_cat-feluri-intai"],"yoast_head":"<!-- This site is optimized with the Yoast SEO plugin v19.6.1 - https:\/\/yoast.com\/wordpress\/plugins\/seo\/ -->\n<title>Sup\u0103 de pe\u0219te cu somon | Restaurant Pegas [Pr\u00e2nz cu livrare]<\/title>\n<meta name=\"description\" content=\"Ciorbe de pe\u0219te \u0219i sup\u0103 cu somon. Buc\u0103\u021bi de file de somon, bulion, cartofi, usturoi, ceap\u0103, ardei, morcovi, ierburi, \u0219i cu livrare la u\u0219\u0103.\" \/>\n<meta name=\"robots\" content=\"index, follow, max-snippet:-1, max-image-preview:large, max-video-preview:-1\" \/>\n<link rel=\"canonical\" href=\"https:\/\/pegasrestaurant.md\/ro\/produs\/supa-de-peste\/\" \/>\n<meta property=\"og:locale\" content=\"ro_RO\" \/>\n<meta property=\"og:type\" content=\"article\" \/>\n<meta property=\"og:title\" content=\"false\" \/>\n<meta property=\"og:description\" content=\"Ciorbe de pe\u0219te \u0219i sup\u0103 cu somon. Buc\u0103\u021bi de file de somon, bulion, cartofi, usturoi, ceap\u0103, ardei, morcovi, ierburi, \u0219i cu livrare la u\u0219\u0103.\" \/>\n<meta property=\"og:url\" content=\"https:\/\/pegasrestaurant.md\/ro\/produs\/supa-de-peste\/\" \/>\n<meta property=\"og:site_name\" content=\"Pegas Terrace &amp; Restaurant\" \/>\n<meta property=\"article:modified_time\" content=\"2023-05-26T09:14:55+00:00\" \/>\n<meta property=\"og:image\" content=\"https:\/\/pegasrestaurant.md\/wp-content\/uploads\/2021\/04\/uha-s-lososem.jpg\" \/>\n\t<meta property=\"og:image:width\" content=\"2500\" \/>\n\t<meta property=\"og:image:height\" content=\"2500\" \/>\n\t<meta property=\"og:image:type\" content=\"image\/jpeg\" \/>\n<meta name=\"twitter:card\" content=\"summary_large_image\" \/>\n<script type=\"application\/ld+json\" class=\"yoast-schema-graph\">{\"@context\":\"https:\/\/schema.org\",\"@graph\":[{\"@type\":\"WebPage\",\"@id\":\"https:\/\/pegasrestaurant.md\/ro\/produs\/supa-de-peste\/\",\"url\":\"https:\/\/pegasrestaurant.md\/ro\/produs\/supa-de-peste\/\",\"name\":\"Sup\u0103 de pe\u0219te cu somon | Restaurant Pegas [Pr\u00e2nz cu livrare]\",\"isPartOf\":{\"@id\":\"https:\/\/pegasrestaurant.md\/en\/#website\"},\"datePublished\":\"2021-04-22T13:28:43+00:00\",\"dateModified\":\"2023-05-26T09:14:55+00:00\",\"description\":\"Ciorbe de pe\u0219te \u0219i sup\u0103 cu somon. Buc\u0103\u021bi de file de somon, bulion, cartofi, usturoi, ceap\u0103, ardei, morcovi, ierburi, \u0219i cu livrare la u\u0219\u0103.\",\"breadcrumb\":{\"@id\":\"https:\/\/pegasrestaurant.md\/ro\/produs\/supa-de-peste\/#breadcrumb\"},\"inLanguage\":\"ro-RO\",\"potentialAction\":[{\"@type\":\"ReadAction\",\"target\":[\"https:\/\/pegasrestaurant.md\/ro\/produs\/supa-de-peste\/\"]}]},{\"@type\":\"BreadcrumbList\",\"@id\":\"https:\/\/pegasrestaurant.md\/ro\/produs\/supa-de-peste\/#breadcrumb\",\"itemListElement\":[{\"@type\":\"ListItem\",\"position\":1,\"name\":\"\u0413\u043b\u0430\u0432\u043d\u0430\u044f \u0441\u0442\u0440\u0430\u043d\u0438\u0446\u0430\",\"item\":\"https:\/\/pegasrestaurant.md\/ro\/\"},{\"@type\":\"ListItem\",\"position\":2,\"name\":\"Comand\u0103 online\",\"item\":\"https:\/\/pegasrestaurant.md\/ro\/comanda-online\/\"},{\"@type\":\"ListItem\",\"position\":3,\"name\":\"Sup\u0103 de pe\u0219te cu somon\"}]},{\"@type\":\"WebSite\",\"@id\":\"https:\/\/pegasrestaurant.md\/en\/#website\",\"url\":\"https:\/\/pegasrestaurant.md\/en\/\",\"name\":\"Pegas Terrace &amp; Restaurant\",\"description\":\"\",\"potentialAction\":[{\"@type\":\"SearchAction\",\"target\":{\"@type\":\"EntryPoint\",\"urlTemplate\":\"https:\/\/pegasrestaurant.md\/en\/?s={search_term_string}\"},\"query-input\":\"required name=search_term_string\"}],\"inLanguage\":\"ro-RO\"}]}<\/script>\n<!-- \/ Yoast SEO plugin. -->","yoast_head_json":{"title":"Sup\u0103 de pe\u0219te cu somon | Restaurant Pegas [Pr\u00e2nz cu livrare]","description":"Ciorbe de pe\u0219te \u0219i sup\u0103 cu somon. Buc\u0103\u021bi de file de somon, bulion, cartofi, usturoi, ceap\u0103, ardei, morcovi, ierburi, \u0219i cu livrare la u\u0219\u0103.","robots":{"index":"index","follow":"follow","max-snippet":"max-snippet:-1","max-image-preview":"max-image-preview:large","max-video-preview":"max-video-preview:-1"},"canonical":"https:\/\/pegasrestaurant.md\/ro\/produs\/supa-de-peste\/","og_locale":"ro_RO","og_type":"article","og_title":"false","og_description":"Ciorbe de pe\u0219te \u0219i sup\u0103 cu somon. Buc\u0103\u021bi de file de somon, bulion, cartofi, usturoi, ceap\u0103, ardei, morcovi, ierburi, \u0219i cu livrare la u\u0219\u0103.","og_url":"https:\/\/pegasrestaurant.md\/ro\/produs\/supa-de-peste\/","og_site_name":"Pegas Terrace &amp; Restaurant","article_modified_time":"2023-05-26T09:14:55+00:00","og_image":[{"width":2500,"height":2500,"url":"https:\/\/pegasrestaurant.md\/wp-content\/uploads\/2021\/04\/uha-s-lososem.jpg","type":"image\/jpeg"}],"twitter_card":"summary_large_image","schema":{"@context":"https:\/\/schema.org","@graph":[{"@type":"WebPage","@id":"https:\/\/pegasrestaurant.md\/ro\/produs\/supa-de-peste\/","url":"https:\/\/pegasrestaurant.md\/ro\/produs\/supa-de-peste\/","name":"Sup\u0103 de pe\u0219te cu somon | Restaurant Pegas [Pr\u00e2nz cu livrare]","isPartOf":{"@id":"https:\/\/pegasrestaurant.md\/en\/#website"},"datePublished":"2021-04-22T13:28:43+00:00","dateModified":"2023-05-26T09:14:55+00:00","description":"Ciorbe de pe\u0219te \u0219i sup\u0103 cu somon. Buc\u0103\u021bi de file de somon, bulion, cartofi, usturoi, ceap\u0103, ardei, morcovi, ierburi, \u0219i cu livrare la u\u0219\u0103.","breadcrumb":{"@id":"https:\/\/pegasrestaurant.md\/ro\/produs\/supa-de-peste\/#breadcrumb"},"inLanguage":"ro-RO","potentialAction":[{"@type":"ReadAction","target":["https:\/\/pegasrestaurant.md\/ro\/produs\/supa-de-peste\/"]}]},{"@type":"BreadcrumbList","@id":"https:\/\/pegasrestaurant.md\/ro\/produs\/supa-de-peste\/#breadcrumb","itemListElement":[{"@type":"ListItem","position":1,"name":"\u0413\u043b\u0430\u0432\u043d\u0430\u044f \u0441\u0442\u0440\u0430\u043d\u0438\u0446\u0430","item":"https:\/\/pegasrestaurant.md\/ro\/"},{"@type":"ListItem","position":2,"name":"Comand\u0103 online","item":"https:\/\/pegasrestaurant.md\/ro\/comanda-online\/"},{"@type":"ListItem","position":3,"name":"Sup\u0103 de pe\u0219te cu somon"}]},{"@type":"WebSite","@id":"https:\/\/pegasrestaurant.md\/en\/#website","url":"https:\/\/pegasrestaurant.md\/en\/","name":"Pegas Terrace &amp; Restaurant","description":"","potentialAction":[{"@type":"SearchAction","target":{"@type":"EntryPoint","urlTemplate":"https:\/\/pegasrestaurant.md\/en\/?s={search_term_string}"},"query-input":"required name=search_term_string"}],"inLanguage":"ro-RO"}]}},"_links":{"self":[{"href":"https:\/\/pegasrestaurant.md\/ro\/wp-json\/wp\/v2\/product\/5806","targetHints":{"allow":["GET"]}}],"collection":[{"href":"https:\/\/pegasrestaurant.md\/ro\/wp-json\/wp\/v2\/product"}],"about":[{"href":"https:\/\/pegasrestaurant.md\/ro\/wp-json\/wp\/v2\/types\/product"}],"version-history":[{"count":0,"href":"https:\/\/pegasrestaurant.md\/ro\/wp-json\/wp\/v2\/product\/5806\/revisions"}],"wp:featuredmedia":[{"embeddable":true,"href":"https:\/\/pegasrestaurant.md\/ro\/wp-json\/wp\/v2\/media\/5831"}],"wp:attachment":[{"href":"https:\/\/pegasrestaurant.md\/ro\/wp-json\/wp\/v2\/media?parent=5806"}],"wp:term":[{"taxonomy":"product_cat","embeddable":true,"href":"https:\/\/pegasrestaurant.md\/ro\/wp-json\/wp\/v2\/product_cat?post=5806"},{"taxonomy":"product_tag","embeddable":true,"href":"https:\/\/pegasrestaurant.md\/ro\/wp-json\/wp\/v2\/product_tag?post=5806"}],"curies":[{"name":"wp","href":"https:\/\/api.w.org\/{rel}","templated":true}]}}