{"id":5798,"date":"2021-04-22T16:28:41","date_gmt":"2021-04-22T13:28:41","guid":{"rendered":"https:\/\/dev.pegasrestaurant.md\/?post_type=product&#038;p=5798"},"modified":"2023-05-26T12:19:09","modified_gmt":"2023-05-26T09:19:09","slug":"orez-in-vin-alb","status":"publish","type":"product","link":"https:\/\/pegasrestaurant.md\/ro\/produs\/orez-in-vin-alb\/","title":{"rendered":"Orez \u00een vin alb"},"content":{"rendered":"<p>\u00cen procesul de g\u0103tire a orezului, ad\u0103ug\u0103m vinul alb, \u00eel vapor\u0103m, turn\u0103m sm\u00e2nt\u00e2n\u0103 \u00een final. Condiment\u0103m cu parmezan acest fel de m\u00e2ncare cu un finisaj delicat de fri\u0219c\u0103 \u0219i \u00eel servim la mas\u0103. Un astfel de orez, ca multe alte gust\u0103ri din meniul nostru, se combin\u0103 bine cu carnea \u0219i pe\u0219tele.<\/p>\n","protected":false},"excerpt":{"rendered":"<p><span style=\"color: #c9ab81;\"><strong>Greutate:<\/strong><\/span> 200 g<\/p>\n<p>&nbsp;<\/p>\n<p><span style=\"color: #c9ab81;\"><strong>Ingrediente:<\/strong><\/span> orez, vin alb, parmezan, fri\u0219c\u0103<\/p>\n","protected":false},"featured_media":0,"template":"","meta":{"inline_featured_image":false},"product_cat":[127],"product_tag":[],"class_list":["post-5798","product","type-product","status-publish","hentry","product_cat-garnitura"],"yoast_head":"<!-- This site is optimized with the Yoast SEO plugin v19.6.1 - https:\/\/yoast.com\/wordpress\/plugins\/seo\/ -->\n<title>Orez \u00een vin alb | Restaurant Pegas. Livrare acas\u0103 m\u00e2ncare<\/title>\n<meta name=\"description\" content=\"O garnitur\u0103 delicioas\u0103 \u0219i satisf\u0103c\u0103toare este orezul cu vin alb, parmezan \u0219i sm\u00e2nt\u00e2n\u0103. 85.00 MDL. Restaurantul Pegas. Livrare \u00een Chi\u0219in\u0103u.\" \/>\n<meta name=\"robots\" content=\"index, follow, max-snippet:-1, max-image-preview:large, max-video-preview:-1\" \/>\n<link rel=\"canonical\" href=\"https:\/\/pegasrestaurant.md\/ro\/produs\/orez-in-vin-alb\/\" \/>\n<meta property=\"og:locale\" content=\"ro_RO\" \/>\n<meta property=\"og:type\" content=\"article\" \/>\n<meta property=\"og:title\" content=\"false\" \/>\n<meta property=\"og:description\" content=\"O garnitur\u0103 delicioas\u0103 \u0219i satisf\u0103c\u0103toare este orezul cu vin alb, parmezan \u0219i sm\u00e2nt\u00e2n\u0103. 85.00 MDL. Restaurantul Pegas. Livrare \u00een Chi\u0219in\u0103u.\" \/>\n<meta property=\"og:url\" content=\"https:\/\/pegasrestaurant.md\/ro\/produs\/orez-in-vin-alb\/\" \/>\n<meta property=\"og:site_name\" content=\"Pegas Terrace &amp; Restaurant\" \/>\n<meta property=\"article:modified_time\" content=\"2023-05-26T09:19:09+00:00\" \/>\n<meta name=\"twitter:card\" content=\"summary_large_image\" \/>\n<script type=\"application\/ld+json\" class=\"yoast-schema-graph\">{\"@context\":\"https:\/\/schema.org\",\"@graph\":[{\"@type\":\"WebPage\",\"@id\":\"https:\/\/pegasrestaurant.md\/ro\/produs\/orez-in-vin-alb\/\",\"url\":\"https:\/\/pegasrestaurant.md\/ro\/produs\/orez-in-vin-alb\/\",\"name\":\"Orez \u00een vin alb | Restaurant Pegas. Livrare acas\u0103 m\u00e2ncare\",\"isPartOf\":{\"@id\":\"https:\/\/pegasrestaurant.md\/en\/#website\"},\"datePublished\":\"2021-04-22T13:28:41+00:00\",\"dateModified\":\"2023-05-26T09:19:09+00:00\",\"description\":\"O garnitur\u0103 delicioas\u0103 \u0219i satisf\u0103c\u0103toare este orezul cu vin alb, parmezan \u0219i sm\u00e2nt\u00e2n\u0103. 85.00 MDL. Restaurantul Pegas. Livrare \u00een Chi\u0219in\u0103u.\",\"breadcrumb\":{\"@id\":\"https:\/\/pegasrestaurant.md\/ro\/produs\/orez-in-vin-alb\/#breadcrumb\"},\"inLanguage\":\"ro-RO\",\"potentialAction\":[{\"@type\":\"ReadAction\",\"target\":[\"https:\/\/pegasrestaurant.md\/ro\/produs\/orez-in-vin-alb\/\"]}]},{\"@type\":\"BreadcrumbList\",\"@id\":\"https:\/\/pegasrestaurant.md\/ro\/produs\/orez-in-vin-alb\/#breadcrumb\",\"itemListElement\":[{\"@type\":\"ListItem\",\"position\":1,\"name\":\"\u0413\u043b\u0430\u0432\u043d\u0430\u044f \u0441\u0442\u0440\u0430\u043d\u0438\u0446\u0430\",\"item\":\"https:\/\/pegasrestaurant.md\/ro\/\"},{\"@type\":\"ListItem\",\"position\":2,\"name\":\"Comand\u0103 online\",\"item\":\"https:\/\/pegasrestaurant.md\/ro\/comanda-online\/\"},{\"@type\":\"ListItem\",\"position\":3,\"name\":\"Orez \u00een vin alb\"}]},{\"@type\":\"WebSite\",\"@id\":\"https:\/\/pegasrestaurant.md\/en\/#website\",\"url\":\"https:\/\/pegasrestaurant.md\/en\/\",\"name\":\"Pegas Terrace &amp; Restaurant\",\"description\":\"\",\"potentialAction\":[{\"@type\":\"SearchAction\",\"target\":{\"@type\":\"EntryPoint\",\"urlTemplate\":\"https:\/\/pegasrestaurant.md\/en\/?s={search_term_string}\"},\"query-input\":\"required name=search_term_string\"}],\"inLanguage\":\"ro-RO\"}]}<\/script>\n<!-- \/ Yoast SEO plugin. -->","yoast_head_json":{"title":"Orez \u00een vin alb | Restaurant Pegas. Livrare acas\u0103 m\u00e2ncare","description":"O garnitur\u0103 delicioas\u0103 \u0219i satisf\u0103c\u0103toare este orezul cu vin alb, parmezan \u0219i sm\u00e2nt\u00e2n\u0103. 85.00 MDL. Restaurantul Pegas. Livrare \u00een Chi\u0219in\u0103u.","robots":{"index":"index","follow":"follow","max-snippet":"max-snippet:-1","max-image-preview":"max-image-preview:large","max-video-preview":"max-video-preview:-1"},"canonical":"https:\/\/pegasrestaurant.md\/ro\/produs\/orez-in-vin-alb\/","og_locale":"ro_RO","og_type":"article","og_title":"false","og_description":"O garnitur\u0103 delicioas\u0103 \u0219i satisf\u0103c\u0103toare este orezul cu vin alb, parmezan \u0219i sm\u00e2nt\u00e2n\u0103. 85.00 MDL. Restaurantul Pegas. Livrare \u00een Chi\u0219in\u0103u.","og_url":"https:\/\/pegasrestaurant.md\/ro\/produs\/orez-in-vin-alb\/","og_site_name":"Pegas Terrace &amp; Restaurant","article_modified_time":"2023-05-26T09:19:09+00:00","twitter_card":"summary_large_image","schema":{"@context":"https:\/\/schema.org","@graph":[{"@type":"WebPage","@id":"https:\/\/pegasrestaurant.md\/ro\/produs\/orez-in-vin-alb\/","url":"https:\/\/pegasrestaurant.md\/ro\/produs\/orez-in-vin-alb\/","name":"Orez \u00een vin alb | Restaurant Pegas. Livrare acas\u0103 m\u00e2ncare","isPartOf":{"@id":"https:\/\/pegasrestaurant.md\/en\/#website"},"datePublished":"2021-04-22T13:28:41+00:00","dateModified":"2023-05-26T09:19:09+00:00","description":"O garnitur\u0103 delicioas\u0103 \u0219i satisf\u0103c\u0103toare este orezul cu vin alb, parmezan \u0219i sm\u00e2nt\u00e2n\u0103. 85.00 MDL. Restaurantul Pegas. Livrare \u00een Chi\u0219in\u0103u.","breadcrumb":{"@id":"https:\/\/pegasrestaurant.md\/ro\/produs\/orez-in-vin-alb\/#breadcrumb"},"inLanguage":"ro-RO","potentialAction":[{"@type":"ReadAction","target":["https:\/\/pegasrestaurant.md\/ro\/produs\/orez-in-vin-alb\/"]}]},{"@type":"BreadcrumbList","@id":"https:\/\/pegasrestaurant.md\/ro\/produs\/orez-in-vin-alb\/#breadcrumb","itemListElement":[{"@type":"ListItem","position":1,"name":"\u0413\u043b\u0430\u0432\u043d\u0430\u044f \u0441\u0442\u0440\u0430\u043d\u0438\u0446\u0430","item":"https:\/\/pegasrestaurant.md\/ro\/"},{"@type":"ListItem","position":2,"name":"Comand\u0103 online","item":"https:\/\/pegasrestaurant.md\/ro\/comanda-online\/"},{"@type":"ListItem","position":3,"name":"Orez \u00een vin alb"}]},{"@type":"WebSite","@id":"https:\/\/pegasrestaurant.md\/en\/#website","url":"https:\/\/pegasrestaurant.md\/en\/","name":"Pegas Terrace &amp; Restaurant","description":"","potentialAction":[{"@type":"SearchAction","target":{"@type":"EntryPoint","urlTemplate":"https:\/\/pegasrestaurant.md\/en\/?s={search_term_string}"},"query-input":"required name=search_term_string"}],"inLanguage":"ro-RO"}]}},"_links":{"self":[{"href":"https:\/\/pegasrestaurant.md\/ro\/wp-json\/wp\/v2\/product\/5798","targetHints":{"allow":["GET"]}}],"collection":[{"href":"https:\/\/pegasrestaurant.md\/ro\/wp-json\/wp\/v2\/product"}],"about":[{"href":"https:\/\/pegasrestaurant.md\/ro\/wp-json\/wp\/v2\/types\/product"}],"version-history":[{"count":0,"href":"https:\/\/pegasrestaurant.md\/ro\/wp-json\/wp\/v2\/product\/5798\/revisions"}],"wp:attachment":[{"href":"https:\/\/pegasrestaurant.md\/ro\/wp-json\/wp\/v2\/media?parent=5798"}],"wp:term":[{"taxonomy":"product_cat","embeddable":true,"href":"https:\/\/pegasrestaurant.md\/ro\/wp-json\/wp\/v2\/product_cat?post=5798"},{"taxonomy":"product_tag","embeddable":true,"href":"https:\/\/pegasrestaurant.md\/ro\/wp-json\/wp\/v2\/product_tag?post=5798"}],"curies":[{"name":"wp","href":"https:\/\/api.w.org\/{rel}","templated":true}]}}