{"id":5786,"date":"2021-04-22T16:28:22","date_gmt":"2021-04-22T13:28:22","guid":{"rendered":"https:\/\/dev.pegasrestaurant.md\/?post_type=product&#038;p=5786"},"modified":"2023-05-26T12:21:05","modified_gmt":"2023-05-26T09:21:05","slug":"cartofi-piure-fierti-fri-la-cuptor","status":"publish","type":"product","link":"https:\/\/pegasrestaurant.md\/ro\/produs\/cartofi-piure-fierti-fri-la-cuptor\/","title":{"rendered":"Cartofi (piure\/ fier\u0163i\/ la cuptor)"},"content":{"rendered":"<p>Cartofii de la Pegas Terrace &amp; Restaurant pot fi comanda\u021bi pentru fiecare gust: piure de cartofi (cu unt \u0219i lapte, fiert (cu unt \u0219i ierburi), de cas\u0103 (cu ceap\u0103 \u0219i usturoi), cartofi fri.<\/p>\n","protected":false},"excerpt":{"rendered":"<p><span style=\"color: #c9ab81;\"><strong>Greutate:<\/strong><\/span> 150 g<\/p>\n<p>&nbsp;<\/p>\n<p><span style=\"color: #c9ab81;\"><strong>Ingrediente:<\/strong><\/span> cartofi, unt, lapte\/cartofi, unt, verdea\u021b\u0103\/cartofi\/cartofi, ceap\u0103, usturoi<\/p>\n","protected":false},"featured_media":0,"template":"","meta":{"inline_featured_image":false},"product_cat":[127],"product_tag":[],"class_list":["post-5786","product","type-product","status-publish","hentry","product_cat-garnitura"],"yoast_head":"<!-- This site is optimized with the Yoast SEO plugin v19.6.1 - https:\/\/yoast.com\/wordpress\/plugins\/seo\/ -->\n<title>Cartofi (piure\/ fier\u0163i\/ la cuptor) | Pegas<\/title>\n<meta name=\"description\" content=\"Cele mai bune garnituri de la Pegas. Cartofi piure, fierti, fri (cu ierburi, ceapa, usturoi). Comand\u0103 pr\u00e2nzul, cina acas\u0103. Bon appetit!\" \/>\n<meta name=\"robots\" content=\"index, follow, max-snippet:-1, max-image-preview:large, max-video-preview:-1\" \/>\n<link rel=\"canonical\" href=\"https:\/\/pegasrestaurant.md\/ro\/produs\/cartofi-piure-fierti-fri-la-cuptor\/\" \/>\n<meta property=\"og:locale\" content=\"ro_RO\" \/>\n<meta property=\"og:type\" content=\"article\" \/>\n<meta property=\"og:title\" content=\"false\" \/>\n<meta property=\"og:description\" content=\"Cele mai bune garnituri de la Pegas. Cartofi piure, fierti, fri (cu ierburi, ceapa, usturoi). Comand\u0103 pr\u00e2nzul, cina acas\u0103. Bon appetit!\" \/>\n<meta property=\"og:url\" content=\"https:\/\/pegasrestaurant.md\/ro\/produs\/cartofi-piure-fierti-fri-la-cuptor\/\" \/>\n<meta property=\"og:site_name\" content=\"Pegas Terrace &amp; Restaurant\" \/>\n<meta property=\"article:modified_time\" content=\"2023-05-26T09:21:05+00:00\" \/>\n<meta name=\"twitter:card\" content=\"summary_large_image\" \/>\n<script type=\"application\/ld+json\" class=\"yoast-schema-graph\">{\"@context\":\"https:\/\/schema.org\",\"@graph\":[{\"@type\":\"WebPage\",\"@id\":\"https:\/\/pegasrestaurant.md\/ro\/produs\/cartofi-piure-fierti-fri-la-cuptor\/\",\"url\":\"https:\/\/pegasrestaurant.md\/ro\/produs\/cartofi-piure-fierti-fri-la-cuptor\/\",\"name\":\"Cartofi (piure\/ fier\u0163i\/ la cuptor) | Pegas\",\"isPartOf\":{\"@id\":\"https:\/\/pegasrestaurant.md\/en\/#website\"},\"datePublished\":\"2021-04-22T13:28:22+00:00\",\"dateModified\":\"2023-05-26T09:21:05+00:00\",\"description\":\"Cele mai bune garnituri de la Pegas. Cartofi piure, fierti, fri (cu ierburi, ceapa, usturoi). Comand\u0103 pr\u00e2nzul, cina acas\u0103. Bon appetit!\",\"breadcrumb\":{\"@id\":\"https:\/\/pegasrestaurant.md\/ro\/produs\/cartofi-piure-fierti-fri-la-cuptor\/#breadcrumb\"},\"inLanguage\":\"ro-RO\",\"potentialAction\":[{\"@type\":\"ReadAction\",\"target\":[\"https:\/\/pegasrestaurant.md\/ro\/produs\/cartofi-piure-fierti-fri-la-cuptor\/\"]}]},{\"@type\":\"BreadcrumbList\",\"@id\":\"https:\/\/pegasrestaurant.md\/ro\/produs\/cartofi-piure-fierti-fri-la-cuptor\/#breadcrumb\",\"itemListElement\":[{\"@type\":\"ListItem\",\"position\":1,\"name\":\"\u0413\u043b\u0430\u0432\u043d\u0430\u044f \u0441\u0442\u0440\u0430\u043d\u0438\u0446\u0430\",\"item\":\"https:\/\/pegasrestaurant.md\/ro\/\"},{\"@type\":\"ListItem\",\"position\":2,\"name\":\"Comand\u0103 online\",\"item\":\"https:\/\/pegasrestaurant.md\/ro\/comanda-online\/\"},{\"@type\":\"ListItem\",\"position\":3,\"name\":\"Cartofi (piure\/ fier\u0163i\/ la cuptor)\"}]},{\"@type\":\"WebSite\",\"@id\":\"https:\/\/pegasrestaurant.md\/en\/#website\",\"url\":\"https:\/\/pegasrestaurant.md\/en\/\",\"name\":\"Pegas Terrace &amp; Restaurant\",\"description\":\"\",\"potentialAction\":[{\"@type\":\"SearchAction\",\"target\":{\"@type\":\"EntryPoint\",\"urlTemplate\":\"https:\/\/pegasrestaurant.md\/en\/?s={search_term_string}\"},\"query-input\":\"required name=search_term_string\"}],\"inLanguage\":\"ro-RO\"}]}<\/script>\n<!-- \/ Yoast SEO plugin. -->","yoast_head_json":{"title":"Cartofi (piure\/ fier\u0163i\/ la cuptor) | Pegas","description":"Cele mai bune garnituri de la Pegas. Cartofi piure, fierti, fri (cu ierburi, ceapa, usturoi). Comand\u0103 pr\u00e2nzul, cina acas\u0103. Bon appetit!","robots":{"index":"index","follow":"follow","max-snippet":"max-snippet:-1","max-image-preview":"max-image-preview:large","max-video-preview":"max-video-preview:-1"},"canonical":"https:\/\/pegasrestaurant.md\/ro\/produs\/cartofi-piure-fierti-fri-la-cuptor\/","og_locale":"ro_RO","og_type":"article","og_title":"false","og_description":"Cele mai bune garnituri de la Pegas. Cartofi piure, fierti, fri (cu ierburi, ceapa, usturoi). Comand\u0103 pr\u00e2nzul, cina acas\u0103. Bon appetit!","og_url":"https:\/\/pegasrestaurant.md\/ro\/produs\/cartofi-piure-fierti-fri-la-cuptor\/","og_site_name":"Pegas Terrace &amp; Restaurant","article_modified_time":"2023-05-26T09:21:05+00:00","twitter_card":"summary_large_image","schema":{"@context":"https:\/\/schema.org","@graph":[{"@type":"WebPage","@id":"https:\/\/pegasrestaurant.md\/ro\/produs\/cartofi-piure-fierti-fri-la-cuptor\/","url":"https:\/\/pegasrestaurant.md\/ro\/produs\/cartofi-piure-fierti-fri-la-cuptor\/","name":"Cartofi (piure\/ fier\u0163i\/ la cuptor) | Pegas","isPartOf":{"@id":"https:\/\/pegasrestaurant.md\/en\/#website"},"datePublished":"2021-04-22T13:28:22+00:00","dateModified":"2023-05-26T09:21:05+00:00","description":"Cele mai bune garnituri de la Pegas. Cartofi piure, fierti, fri (cu ierburi, ceapa, usturoi). Comand\u0103 pr\u00e2nzul, cina acas\u0103. Bon appetit!","breadcrumb":{"@id":"https:\/\/pegasrestaurant.md\/ro\/produs\/cartofi-piure-fierti-fri-la-cuptor\/#breadcrumb"},"inLanguage":"ro-RO","potentialAction":[{"@type":"ReadAction","target":["https:\/\/pegasrestaurant.md\/ro\/produs\/cartofi-piure-fierti-fri-la-cuptor\/"]}]},{"@type":"BreadcrumbList","@id":"https:\/\/pegasrestaurant.md\/ro\/produs\/cartofi-piure-fierti-fri-la-cuptor\/#breadcrumb","itemListElement":[{"@type":"ListItem","position":1,"name":"\u0413\u043b\u0430\u0432\u043d\u0430\u044f \u0441\u0442\u0440\u0430\u043d\u0438\u0446\u0430","item":"https:\/\/pegasrestaurant.md\/ro\/"},{"@type":"ListItem","position":2,"name":"Comand\u0103 online","item":"https:\/\/pegasrestaurant.md\/ro\/comanda-online\/"},{"@type":"ListItem","position":3,"name":"Cartofi (piure\/ fier\u0163i\/ la cuptor)"}]},{"@type":"WebSite","@id":"https:\/\/pegasrestaurant.md\/en\/#website","url":"https:\/\/pegasrestaurant.md\/en\/","name":"Pegas Terrace &amp; Restaurant","description":"","potentialAction":[{"@type":"SearchAction","target":{"@type":"EntryPoint","urlTemplate":"https:\/\/pegasrestaurant.md\/en\/?s={search_term_string}"},"query-input":"required name=search_term_string"}],"inLanguage":"ro-RO"}]}},"_links":{"self":[{"href":"https:\/\/pegasrestaurant.md\/ro\/wp-json\/wp\/v2\/product\/5786","targetHints":{"allow":["GET"]}}],"collection":[{"href":"https:\/\/pegasrestaurant.md\/ro\/wp-json\/wp\/v2\/product"}],"about":[{"href":"https:\/\/pegasrestaurant.md\/ro\/wp-json\/wp\/v2\/types\/product"}],"version-history":[{"count":0,"href":"https:\/\/pegasrestaurant.md\/ro\/wp-json\/wp\/v2\/product\/5786\/revisions"}],"wp:attachment":[{"href":"https:\/\/pegasrestaurant.md\/ro\/wp-json\/wp\/v2\/media?parent=5786"}],"wp:term":[{"taxonomy":"product_cat","embeddable":true,"href":"https:\/\/pegasrestaurant.md\/ro\/wp-json\/wp\/v2\/product_cat?post=5786"},{"taxonomy":"product_tag","embeddable":true,"href":"https:\/\/pegasrestaurant.md\/ro\/wp-json\/wp\/v2\/product_tag?post=5786"}],"curies":[{"name":"wp","href":"https:\/\/api.w.org\/{rel}","templated":true}]}}