{"id":5778,"date":"2021-04-22T16:28:20","date_gmt":"2021-04-22T13:28:20","guid":{"rendered":"https:\/\/dev.pegasrestaurant.md\/?post_type=product&#038;p=5778"},"modified":"2022-06-10T17:22:40","modified_gmt":"2022-06-10T14:22:40","slug":"legume-la-gratar","status":"publish","type":"product","link":"https:\/\/pegasrestaurant.md\/ro\/produs\/legume-la-gratar\/","title":{"rendered":"Legume la gr\u0103tar"},"content":{"rendered":"<p>Legume gril \u2013 o garnitur\u0103 universal\u0103 pentru orice fel de carne sau feluri de pe\u0219te. Coacem vinetele, dovlecelul, ardeiul gras, morcovii uniform pe gr\u0103tar, apoi servim cu pansament vegetal (ulei de m\u0103sline, ierburi).<\/p>\n","protected":false},"excerpt":{"rendered":"<p><span style=\"color: #c9ab81;\"><strong>Greutate:<\/strong><\/span> 250 g<\/p>\n<p>&nbsp;<\/p>\n<p><span style=\"color: #c9ab81;\"><strong>Ingrediente:<\/strong><\/span> morcovi, vinete, dovlecel, ardei gras, sos pentru legume<\/p>\n","protected":false},"featured_media":0,"template":"","meta":{"inline_featured_image":false},"product_cat":[127],"product_tag":[],"class_list":["post-5778","product","type-product","status-publish","hentry","product_cat-garnitura"],"yoast_head":"<!-- This site is optimized with the Yoast SEO plugin v19.6.1 - https:\/\/yoast.com\/wordpress\/plugins\/seo\/ -->\n<title>Legume la gr\u0103tar | Restaurant Pegas. M\u00e2ncare g\u0103tita comand\u0103<\/title>\n<meta name=\"description\" content=\"Legume cu arom\u0103 la gr\u0103tar. Vinete, morcovi, ardei gras, dovlecei cu pansament de legume. 60 MDL. Legume la gr\u0103tar \u0219i frig\u0103rui la Chi\u0219in\u0103u.\" \/>\n<meta name=\"robots\" content=\"index, follow, max-snippet:-1, max-image-preview:large, max-video-preview:-1\" \/>\n<link rel=\"canonical\" href=\"https:\/\/pegasrestaurant.md\/ro\/produs\/legume-la-gratar\/\" \/>\n<meta property=\"og:locale\" content=\"ro_RO\" \/>\n<meta property=\"og:type\" content=\"article\" \/>\n<meta property=\"og:title\" content=\"Legume la gr\u0103tar | Restaurant Pegas. M\u00e2ncare g\u0103tita comand\u0103\" \/>\n<meta property=\"og:description\" content=\"-1378\" \/>\n<meta property=\"og:url\" content=\"https:\/\/pegasrestaurant.md\/ro\/produs\/legume-la-gratar\/\" \/>\n<meta property=\"og:site_name\" content=\"Pegas Terrace &amp; Restaurant\" \/>\n<meta property=\"article:modified_time\" content=\"2022-06-10T14:22:40+00:00\" \/>\n<meta name=\"twitter:card\" content=\"summary_large_image\" \/>\n<script type=\"application\/ld+json\" class=\"yoast-schema-graph\">{\"@context\":\"https:\/\/schema.org\",\"@graph\":[{\"@type\":\"WebPage\",\"@id\":\"https:\/\/pegasrestaurant.md\/ro\/produs\/legume-la-gratar\/\",\"url\":\"https:\/\/pegasrestaurant.md\/ro\/produs\/legume-la-gratar\/\",\"name\":\"Legume la gr\u0103tar | Restaurant Pegas. M\u00e2ncare g\u0103tita comand\u0103\",\"isPartOf\":{\"@id\":\"https:\/\/pegasrestaurant.md\/en\/#website\"},\"datePublished\":\"2021-04-22T13:28:20+00:00\",\"dateModified\":\"2022-06-10T14:22:40+00:00\",\"description\":\"Legume cu arom\u0103 la gr\u0103tar. Vinete, morcovi, ardei gras, dovlecei cu pansament de legume. 60 MDL. Legume la gr\u0103tar \u0219i frig\u0103rui la Chi\u0219in\u0103u.\",\"breadcrumb\":{\"@id\":\"https:\/\/pegasrestaurant.md\/ro\/produs\/legume-la-gratar\/#breadcrumb\"},\"inLanguage\":\"ro-RO\",\"potentialAction\":[{\"@type\":\"ReadAction\",\"target\":[\"https:\/\/pegasrestaurant.md\/ro\/produs\/legume-la-gratar\/\"]}]},{\"@type\":\"BreadcrumbList\",\"@id\":\"https:\/\/pegasrestaurant.md\/ro\/produs\/legume-la-gratar\/#breadcrumb\",\"itemListElement\":[{\"@type\":\"ListItem\",\"position\":1,\"name\":\"\u0413\u043b\u0430\u0432\u043d\u0430\u044f \u0441\u0442\u0440\u0430\u043d\u0438\u0446\u0430\",\"item\":\"https:\/\/pegasrestaurant.md\/ro\/\"},{\"@type\":\"ListItem\",\"position\":2,\"name\":\"Comand\u0103 online\",\"item\":\"https:\/\/pegasrestaurant.md\/ro\/comanda-online\/\"},{\"@type\":\"ListItem\",\"position\":3,\"name\":\"Legume la gr\u0103tar\"}]},{\"@type\":\"WebSite\",\"@id\":\"https:\/\/pegasrestaurant.md\/en\/#website\",\"url\":\"https:\/\/pegasrestaurant.md\/en\/\",\"name\":\"Pegas Terrace &amp; Restaurant\",\"description\":\"\",\"potentialAction\":[{\"@type\":\"SearchAction\",\"target\":{\"@type\":\"EntryPoint\",\"urlTemplate\":\"https:\/\/pegasrestaurant.md\/en\/?s={search_term_string}\"},\"query-input\":\"required name=search_term_string\"}],\"inLanguage\":\"ro-RO\"}]}<\/script>\n<!-- \/ Yoast SEO plugin. -->","yoast_head_json":{"title":"Legume la gr\u0103tar | Restaurant Pegas. M\u00e2ncare g\u0103tita comand\u0103","description":"Legume cu arom\u0103 la gr\u0103tar. Vinete, morcovi, ardei gras, dovlecei cu pansament de legume. 60 MDL. Legume la gr\u0103tar \u0219i frig\u0103rui la Chi\u0219in\u0103u.","robots":{"index":"index","follow":"follow","max-snippet":"max-snippet:-1","max-image-preview":"max-image-preview:large","max-video-preview":"max-video-preview:-1"},"canonical":"https:\/\/pegasrestaurant.md\/ro\/produs\/legume-la-gratar\/","og_locale":"ro_RO","og_type":"article","og_title":"Legume la gr\u0103tar | Restaurant Pegas. M\u00e2ncare g\u0103tita comand\u0103","og_description":"-1378","og_url":"https:\/\/pegasrestaurant.md\/ro\/produs\/legume-la-gratar\/","og_site_name":"Pegas Terrace &amp; Restaurant","article_modified_time":"2022-06-10T14:22:40+00:00","twitter_card":"summary_large_image","schema":{"@context":"https:\/\/schema.org","@graph":[{"@type":"WebPage","@id":"https:\/\/pegasrestaurant.md\/ro\/produs\/legume-la-gratar\/","url":"https:\/\/pegasrestaurant.md\/ro\/produs\/legume-la-gratar\/","name":"Legume la gr\u0103tar | Restaurant Pegas. M\u00e2ncare g\u0103tita comand\u0103","isPartOf":{"@id":"https:\/\/pegasrestaurant.md\/en\/#website"},"datePublished":"2021-04-22T13:28:20+00:00","dateModified":"2022-06-10T14:22:40+00:00","description":"Legume cu arom\u0103 la gr\u0103tar. Vinete, morcovi, ardei gras, dovlecei cu pansament de legume. 60 MDL. Legume la gr\u0103tar \u0219i frig\u0103rui la Chi\u0219in\u0103u.","breadcrumb":{"@id":"https:\/\/pegasrestaurant.md\/ro\/produs\/legume-la-gratar\/#breadcrumb"},"inLanguage":"ro-RO","potentialAction":[{"@type":"ReadAction","target":["https:\/\/pegasrestaurant.md\/ro\/produs\/legume-la-gratar\/"]}]},{"@type":"BreadcrumbList","@id":"https:\/\/pegasrestaurant.md\/ro\/produs\/legume-la-gratar\/#breadcrumb","itemListElement":[{"@type":"ListItem","position":1,"name":"\u0413\u043b\u0430\u0432\u043d\u0430\u044f \u0441\u0442\u0440\u0430\u043d\u0438\u0446\u0430","item":"https:\/\/pegasrestaurant.md\/ro\/"},{"@type":"ListItem","position":2,"name":"Comand\u0103 online","item":"https:\/\/pegasrestaurant.md\/ro\/comanda-online\/"},{"@type":"ListItem","position":3,"name":"Legume la gr\u0103tar"}]},{"@type":"WebSite","@id":"https:\/\/pegasrestaurant.md\/en\/#website","url":"https:\/\/pegasrestaurant.md\/en\/","name":"Pegas Terrace &amp; Restaurant","description":"","potentialAction":[{"@type":"SearchAction","target":{"@type":"EntryPoint","urlTemplate":"https:\/\/pegasrestaurant.md\/en\/?s={search_term_string}"},"query-input":"required name=search_term_string"}],"inLanguage":"ro-RO"}]}},"_links":{"self":[{"href":"https:\/\/pegasrestaurant.md\/ro\/wp-json\/wp\/v2\/product\/5778","targetHints":{"allow":["GET"]}}],"collection":[{"href":"https:\/\/pegasrestaurant.md\/ro\/wp-json\/wp\/v2\/product"}],"about":[{"href":"https:\/\/pegasrestaurant.md\/ro\/wp-json\/wp\/v2\/types\/product"}],"version-history":[{"count":0,"href":"https:\/\/pegasrestaurant.md\/ro\/wp-json\/wp\/v2\/product\/5778\/revisions"}],"wp:attachment":[{"href":"https:\/\/pegasrestaurant.md\/ro\/wp-json\/wp\/v2\/media?parent=5778"}],"wp:term":[{"taxonomy":"product_cat","embeddable":true,"href":"https:\/\/pegasrestaurant.md\/ro\/wp-json\/wp\/v2\/product_cat?post=5778"},{"taxonomy":"product_tag","embeddable":true,"href":"https:\/\/pegasrestaurant.md\/ro\/wp-json\/wp\/v2\/product_tag?post=5778"}],"curies":[{"name":"wp","href":"https:\/\/api.w.org\/{rel}","templated":true}]}}