{"id":5774,"date":"2021-04-22T16:28:19","date_gmt":"2021-04-22T13:28:19","guid":{"rendered":"https:\/\/dev.pegasrestaurant.md\/?post_type=product&#038;p=5774"},"modified":"2023-05-26T12:54:21","modified_gmt":"2023-05-26T09:54:21","slug":"mamaliga-cu-tocana","status":"publish","type":"product","link":"https:\/\/pegasrestaurant.md\/ro\/produs\/mamaliga-cu-tocana\/","title":{"rendered":"M\u0103m\u0103lig\u0103 cu tocan\u0103 de porc"},"content":{"rendered":"<p>Dou\u0103 feluri de m\u00e2ncare din buc\u0103t\u0103ria na\u021bional\u0103 moldoveneasc\u0103, m\u0103m\u0103liga \u0219i tocana, sunt combinate simultan pe o farfurie. M\u0103m\u0103liga este preparat\u0103 \u00een mod tradi\u021bional din f\u0103in\u0103 de porumb \u0219i servit\u0103 cu br\u00e2nz\u0103. Tocana este f\u0103cut\u0103 din buc\u0103\u021bi gustoase de carne pr\u0103jit\u0103 cu ceap\u0103 \u0219i condimente. \u00cempreun\u0103 se \u00eembin\u0103 perfect \u0219i v\u0103 prezint\u0103 cele mai bune tradi\u021bii culinare ale buc\u0103t\u0103riei moldovene\u0219ti.<\/p>\n","protected":false},"excerpt":{"rendered":"<p><span style=\"color: #c9ab81;\"><strong>Greutate:<\/strong><\/span> 250\/200 g<\/p>\n<p>&nbsp;<\/p>\n<p><span style=\"color: #c9ab81;\"><strong>Ingrediente:<\/strong><\/span>\u00a0f\u0103in\u0103 de porumb, lapte, unt, br\u00e2nz\u0103, tocan\u0103 din carne de vit\u0103\/porc\/pui (op\u021bional)<\/p>\n","protected":false},"featured_media":0,"template":"","meta":{"inline_featured_image":false},"product_cat":[127],"product_tag":[],"class_list":["post-5774","product","type-product","status-publish","hentry","product_cat-garnitura"],"yoast_head":"<!-- This site is optimized with the Yoast SEO plugin v19.6.1 - https:\/\/yoast.com\/wordpress\/plugins\/seo\/ -->\n<title>M\u0103m\u0103lig\u0103 cu tocan\u0103. Restaurant Pegas | M\u00e2ncare pentru acas\u0103<\/title>\n<meta name=\"description\" content=\"Buc\u0103t\u0103ria tradi\u021bional\u0103 moldoveneasc\u0103 este m\u0103m\u0103liga cu tocan\u0103 (carne cu ceap\u0103 \u0219i condimente). 140 MDL. Livrare m\u00e2ncare de la restaurant.\" \/>\n<meta name=\"robots\" content=\"index, follow, max-snippet:-1, max-image-preview:large, max-video-preview:-1\" \/>\n<link rel=\"canonical\" href=\"https:\/\/pegasrestaurant.md\/ro\/produs\/mamaliga-cu-tocana\/\" \/>\n<meta property=\"og:locale\" content=\"ro_RO\" \/>\n<meta property=\"og:type\" content=\"article\" \/>\n<meta property=\"og:title\" content=\"90\" \/>\n<meta property=\"og:description\" content=\"false\" \/>\n<meta property=\"og:url\" content=\"https:\/\/pegasrestaurant.md\/ro\/produs\/mamaliga-cu-tocana\/\" \/>\n<meta property=\"og:site_name\" content=\"Pegas Terrace &amp; Restaurant\" \/>\n<meta property=\"article:modified_time\" content=\"2023-05-26T09:54:21+00:00\" \/>\n<meta name=\"twitter:card\" content=\"summary_large_image\" \/>\n<script type=\"application\/ld+json\" class=\"yoast-schema-graph\">{\"@context\":\"https:\/\/schema.org\",\"@graph\":[{\"@type\":\"WebPage\",\"@id\":\"https:\/\/pegasrestaurant.md\/ro\/produs\/mamaliga-cu-tocana\/\",\"url\":\"https:\/\/pegasrestaurant.md\/ro\/produs\/mamaliga-cu-tocana\/\",\"name\":\"M\u0103m\u0103lig\u0103 cu tocan\u0103. Restaurant Pegas | M\u00e2ncare pentru acas\u0103\",\"isPartOf\":{\"@id\":\"https:\/\/pegasrestaurant.md\/en\/#website\"},\"datePublished\":\"2021-04-22T13:28:19+00:00\",\"dateModified\":\"2023-05-26T09:54:21+00:00\",\"description\":\"Buc\u0103t\u0103ria tradi\u021bional\u0103 moldoveneasc\u0103 este m\u0103m\u0103liga cu tocan\u0103 (carne cu ceap\u0103 \u0219i condimente). 140 MDL. Livrare m\u00e2ncare de la restaurant.\",\"breadcrumb\":{\"@id\":\"https:\/\/pegasrestaurant.md\/ro\/produs\/mamaliga-cu-tocana\/#breadcrumb\"},\"inLanguage\":\"ro-RO\",\"potentialAction\":[{\"@type\":\"ReadAction\",\"target\":[\"https:\/\/pegasrestaurant.md\/ro\/produs\/mamaliga-cu-tocana\/\"]}]},{\"@type\":\"BreadcrumbList\",\"@id\":\"https:\/\/pegasrestaurant.md\/ro\/produs\/mamaliga-cu-tocana\/#breadcrumb\",\"itemListElement\":[{\"@type\":\"ListItem\",\"position\":1,\"name\":\"\u0413\u043b\u0430\u0432\u043d\u0430\u044f \u0441\u0442\u0440\u0430\u043d\u0438\u0446\u0430\",\"item\":\"https:\/\/pegasrestaurant.md\/ro\/\"},{\"@type\":\"ListItem\",\"position\":2,\"name\":\"Comand\u0103 online\",\"item\":\"https:\/\/pegasrestaurant.md\/ro\/comanda-online\/\"},{\"@type\":\"ListItem\",\"position\":3,\"name\":\"M\u0103m\u0103lig\u0103 cu tocan\u0103 de porc\"}]},{\"@type\":\"WebSite\",\"@id\":\"https:\/\/pegasrestaurant.md\/en\/#website\",\"url\":\"https:\/\/pegasrestaurant.md\/en\/\",\"name\":\"Pegas Terrace &amp; Restaurant\",\"description\":\"\",\"potentialAction\":[{\"@type\":\"SearchAction\",\"target\":{\"@type\":\"EntryPoint\",\"urlTemplate\":\"https:\/\/pegasrestaurant.md\/en\/?s={search_term_string}\"},\"query-input\":\"required name=search_term_string\"}],\"inLanguage\":\"ro-RO\"}]}<\/script>\n<!-- \/ Yoast SEO plugin. -->","yoast_head_json":{"title":"M\u0103m\u0103lig\u0103 cu tocan\u0103. Restaurant Pegas | M\u00e2ncare pentru acas\u0103","description":"Buc\u0103t\u0103ria tradi\u021bional\u0103 moldoveneasc\u0103 este m\u0103m\u0103liga cu tocan\u0103 (carne cu ceap\u0103 \u0219i condimente). 140 MDL. Livrare m\u00e2ncare de la restaurant.","robots":{"index":"index","follow":"follow","max-snippet":"max-snippet:-1","max-image-preview":"max-image-preview:large","max-video-preview":"max-video-preview:-1"},"canonical":"https:\/\/pegasrestaurant.md\/ro\/produs\/mamaliga-cu-tocana\/","og_locale":"ro_RO","og_type":"article","og_title":"90","og_description":"false","og_url":"https:\/\/pegasrestaurant.md\/ro\/produs\/mamaliga-cu-tocana\/","og_site_name":"Pegas Terrace &amp; Restaurant","article_modified_time":"2023-05-26T09:54:21+00:00","twitter_card":"summary_large_image","schema":{"@context":"https:\/\/schema.org","@graph":[{"@type":"WebPage","@id":"https:\/\/pegasrestaurant.md\/ro\/produs\/mamaliga-cu-tocana\/","url":"https:\/\/pegasrestaurant.md\/ro\/produs\/mamaliga-cu-tocana\/","name":"M\u0103m\u0103lig\u0103 cu tocan\u0103. Restaurant Pegas | M\u00e2ncare pentru acas\u0103","isPartOf":{"@id":"https:\/\/pegasrestaurant.md\/en\/#website"},"datePublished":"2021-04-22T13:28:19+00:00","dateModified":"2023-05-26T09:54:21+00:00","description":"Buc\u0103t\u0103ria tradi\u021bional\u0103 moldoveneasc\u0103 este m\u0103m\u0103liga cu tocan\u0103 (carne cu ceap\u0103 \u0219i condimente). 140 MDL. Livrare m\u00e2ncare de la restaurant.","breadcrumb":{"@id":"https:\/\/pegasrestaurant.md\/ro\/produs\/mamaliga-cu-tocana\/#breadcrumb"},"inLanguage":"ro-RO","potentialAction":[{"@type":"ReadAction","target":["https:\/\/pegasrestaurant.md\/ro\/produs\/mamaliga-cu-tocana\/"]}]},{"@type":"BreadcrumbList","@id":"https:\/\/pegasrestaurant.md\/ro\/produs\/mamaliga-cu-tocana\/#breadcrumb","itemListElement":[{"@type":"ListItem","position":1,"name":"\u0413\u043b\u0430\u0432\u043d\u0430\u044f \u0441\u0442\u0440\u0430\u043d\u0438\u0446\u0430","item":"https:\/\/pegasrestaurant.md\/ro\/"},{"@type":"ListItem","position":2,"name":"Comand\u0103 online","item":"https:\/\/pegasrestaurant.md\/ro\/comanda-online\/"},{"@type":"ListItem","position":3,"name":"M\u0103m\u0103lig\u0103 cu tocan\u0103 de porc"}]},{"@type":"WebSite","@id":"https:\/\/pegasrestaurant.md\/en\/#website","url":"https:\/\/pegasrestaurant.md\/en\/","name":"Pegas Terrace &amp; Restaurant","description":"","potentialAction":[{"@type":"SearchAction","target":{"@type":"EntryPoint","urlTemplate":"https:\/\/pegasrestaurant.md\/en\/?s={search_term_string}"},"query-input":"required name=search_term_string"}],"inLanguage":"ro-RO"}]}},"_links":{"self":[{"href":"https:\/\/pegasrestaurant.md\/ro\/wp-json\/wp\/v2\/product\/5774","targetHints":{"allow":["GET"]}}],"collection":[{"href":"https:\/\/pegasrestaurant.md\/ro\/wp-json\/wp\/v2\/product"}],"about":[{"href":"https:\/\/pegasrestaurant.md\/ro\/wp-json\/wp\/v2\/types\/product"}],"version-history":[{"count":0,"href":"https:\/\/pegasrestaurant.md\/ro\/wp-json\/wp\/v2\/product\/5774\/revisions"}],"wp:attachment":[{"href":"https:\/\/pegasrestaurant.md\/ro\/wp-json\/wp\/v2\/media?parent=5774"}],"wp:term":[{"taxonomy":"product_cat","embeddable":true,"href":"https:\/\/pegasrestaurant.md\/ro\/wp-json\/wp\/v2\/product_cat?post=5774"},{"taxonomy":"product_tag","embeddable":true,"href":"https:\/\/pegasrestaurant.md\/ro\/wp-json\/wp\/v2\/product_tag?post=5774"}],"curies":[{"name":"wp","href":"https:\/\/api.w.org\/{rel}","templated":true}]}}