{"id":5770,"date":"2021-04-22T16:28:18","date_gmt":"2021-04-22T13:28:18","guid":{"rendered":"https:\/\/dev.pegasrestaurant.md\/?post_type=product&#038;p=5770"},"modified":"2022-06-10T17:22:40","modified_gmt":"2022-06-10T14:22:40","slug":"mamaliga-cu-brinza-si-smintina","status":"publish","type":"product","link":"https:\/\/pegasrestaurant.md\/ro\/produs\/mamaliga-cu-brinza-si-smintina\/","title":{"rendered":"M\u0103m\u0103lig\u0103 cu br\u00eenz\u0103 \u0219i sm\u00eent\u00een\u0103"},"content":{"rendered":"<p>Un fel de m\u00e2ncare tradi\u021bional din buc\u0103t\u0103ria moldoveneasc\u0103. M\u0103m\u0103liga se prepar\u0103 din f\u0103in\u0103 de porumb cu adaos de lapte \u0219i unt. Pentru a transmite autenticitatea gust\u0103rii, servim mamalig\u0103 cu br\u00e2nz\u0103 s\u0103rat\u0103 \u0219i sm\u00e2nt\u00e2n\u0103. V\u0103 recomand\u0103m s\u0103 gusta\u021bi m\u00e2ncarea tuturor celor, care sunt pentru prima dat\u0103 \u00een Moldova.<\/p>\n","protected":false},"excerpt":{"rendered":"<p><span style=\"color: #c9ab81;\"><strong>Greutate:<\/strong><\/span> 250\/30\/50 g<\/p>\n<p>&nbsp;<\/p>\n<p><span style=\"color: #c9ab81;\"><strong>Ingrediente:<\/strong><\/span> f\u0103in\u0103 de porumb, lapte, unt, br\u00e2nz\u0103, sm\u00e2nt\u00e2n\u0103<\/p>\n","protected":false},"featured_media":0,"template":"","meta":{"inline_featured_image":false},"product_cat":[127],"product_tag":[],"class_list":["post-5770","product","type-product","status-publish","hentry","product_cat-garnitura"],"yoast_head":"<!-- This site is optimized with the Yoast SEO plugin v19.6.1 - https:\/\/yoast.com\/wordpress\/plugins\/seo\/ -->\n<title>M\u0103m\u0103lig\u0103, br\u00e2nz\u0103 \u0219i sm\u00e2nt\u00e2n\u0103 | Pegas. Comand\u0103 m\u00e2ncare online<\/title>\n<meta name=\"description\" content=\"Buc\u0103t\u0103ria moldoveneasc\u0103 \u2013 m\u0103m\u0103lig\u0103 (f\u0103in\u0103, lapte, unt) cu br\u00e2nz\u0103 feta \u0219i sm\u00e2nt\u00e2n\u0103. Restaurant Pegas. 50 MDL. Pr\u00e2nz complet cu livrare.\" \/>\n<meta name=\"robots\" content=\"index, follow, max-snippet:-1, max-image-preview:large, max-video-preview:-1\" \/>\n<link rel=\"canonical\" href=\"https:\/\/pegasrestaurant.md\/ro\/produs\/mamaliga-cu-brinza-si-smintina\/\" \/>\n<meta property=\"og:locale\" content=\"ro_RO\" \/>\n<meta property=\"og:type\" content=\"article\" \/>\n<meta property=\"og:title\" content=\"M\u0103m\u0103lig\u0103, br\u00e2nz\u0103 \u0219i sm\u00e2nt\u00e2n\u0103 | Pegas. Comand\u0103 m\u00e2ncare online\" \/>\n<meta property=\"og:description\" content=\"-1378\" \/>\n<meta property=\"og:url\" content=\"https:\/\/pegasrestaurant.md\/ro\/produs\/mamaliga-cu-brinza-si-smintina\/\" \/>\n<meta property=\"og:site_name\" content=\"Pegas Terrace &amp; Restaurant\" \/>\n<meta property=\"article:modified_time\" content=\"2022-06-10T14:22:40+00:00\" \/>\n<meta name=\"twitter:card\" content=\"summary_large_image\" \/>\n<script type=\"application\/ld+json\" class=\"yoast-schema-graph\">{\"@context\":\"https:\/\/schema.org\",\"@graph\":[{\"@type\":\"WebPage\",\"@id\":\"https:\/\/pegasrestaurant.md\/ro\/produs\/mamaliga-cu-brinza-si-smintina\/\",\"url\":\"https:\/\/pegasrestaurant.md\/ro\/produs\/mamaliga-cu-brinza-si-smintina\/\",\"name\":\"M\u0103m\u0103lig\u0103, br\u00e2nz\u0103 \u0219i sm\u00e2nt\u00e2n\u0103 | Pegas. Comand\u0103 m\u00e2ncare online\",\"isPartOf\":{\"@id\":\"https:\/\/pegasrestaurant.md\/en\/#website\"},\"datePublished\":\"2021-04-22T13:28:18+00:00\",\"dateModified\":\"2022-06-10T14:22:40+00:00\",\"description\":\"Buc\u0103t\u0103ria moldoveneasc\u0103 \u2013 m\u0103m\u0103lig\u0103 (f\u0103in\u0103, lapte, unt) cu br\u00e2nz\u0103 feta \u0219i sm\u00e2nt\u00e2n\u0103. Restaurant Pegas. 50 MDL. Pr\u00e2nz complet cu livrare.\",\"breadcrumb\":{\"@id\":\"https:\/\/pegasrestaurant.md\/ro\/produs\/mamaliga-cu-brinza-si-smintina\/#breadcrumb\"},\"inLanguage\":\"ro-RO\",\"potentialAction\":[{\"@type\":\"ReadAction\",\"target\":[\"https:\/\/pegasrestaurant.md\/ro\/produs\/mamaliga-cu-brinza-si-smintina\/\"]}]},{\"@type\":\"BreadcrumbList\",\"@id\":\"https:\/\/pegasrestaurant.md\/ro\/produs\/mamaliga-cu-brinza-si-smintina\/#breadcrumb\",\"itemListElement\":[{\"@type\":\"ListItem\",\"position\":1,\"name\":\"\u0413\u043b\u0430\u0432\u043d\u0430\u044f \u0441\u0442\u0440\u0430\u043d\u0438\u0446\u0430\",\"item\":\"https:\/\/pegasrestaurant.md\/ro\/\"},{\"@type\":\"ListItem\",\"position\":2,\"name\":\"Comand\u0103 online\",\"item\":\"https:\/\/pegasrestaurant.md\/ro\/comanda-online\/\"},{\"@type\":\"ListItem\",\"position\":3,\"name\":\"M\u0103m\u0103lig\u0103 cu br\u00eenz\u0103 \u0219i sm\u00eent\u00een\u0103\"}]},{\"@type\":\"WebSite\",\"@id\":\"https:\/\/pegasrestaurant.md\/en\/#website\",\"url\":\"https:\/\/pegasrestaurant.md\/en\/\",\"name\":\"Pegas Terrace &amp; Restaurant\",\"description\":\"\",\"potentialAction\":[{\"@type\":\"SearchAction\",\"target\":{\"@type\":\"EntryPoint\",\"urlTemplate\":\"https:\/\/pegasrestaurant.md\/en\/?s={search_term_string}\"},\"query-input\":\"required name=search_term_string\"}],\"inLanguage\":\"ro-RO\"}]}<\/script>\n<!-- \/ Yoast SEO plugin. -->","yoast_head_json":{"title":"M\u0103m\u0103lig\u0103, br\u00e2nz\u0103 \u0219i sm\u00e2nt\u00e2n\u0103 | Pegas. Comand\u0103 m\u00e2ncare online","description":"Buc\u0103t\u0103ria moldoveneasc\u0103 \u2013 m\u0103m\u0103lig\u0103 (f\u0103in\u0103, lapte, unt) cu br\u00e2nz\u0103 feta \u0219i sm\u00e2nt\u00e2n\u0103. Restaurant Pegas. 50 MDL. Pr\u00e2nz complet cu livrare.","robots":{"index":"index","follow":"follow","max-snippet":"max-snippet:-1","max-image-preview":"max-image-preview:large","max-video-preview":"max-video-preview:-1"},"canonical":"https:\/\/pegasrestaurant.md\/ro\/produs\/mamaliga-cu-brinza-si-smintina\/","og_locale":"ro_RO","og_type":"article","og_title":"M\u0103m\u0103lig\u0103, br\u00e2nz\u0103 \u0219i sm\u00e2nt\u00e2n\u0103 | Pegas. Comand\u0103 m\u00e2ncare online","og_description":"-1378","og_url":"https:\/\/pegasrestaurant.md\/ro\/produs\/mamaliga-cu-brinza-si-smintina\/","og_site_name":"Pegas Terrace &amp; Restaurant","article_modified_time":"2022-06-10T14:22:40+00:00","twitter_card":"summary_large_image","schema":{"@context":"https:\/\/schema.org","@graph":[{"@type":"WebPage","@id":"https:\/\/pegasrestaurant.md\/ro\/produs\/mamaliga-cu-brinza-si-smintina\/","url":"https:\/\/pegasrestaurant.md\/ro\/produs\/mamaliga-cu-brinza-si-smintina\/","name":"M\u0103m\u0103lig\u0103, br\u00e2nz\u0103 \u0219i sm\u00e2nt\u00e2n\u0103 | Pegas. Comand\u0103 m\u00e2ncare online","isPartOf":{"@id":"https:\/\/pegasrestaurant.md\/en\/#website"},"datePublished":"2021-04-22T13:28:18+00:00","dateModified":"2022-06-10T14:22:40+00:00","description":"Buc\u0103t\u0103ria moldoveneasc\u0103 \u2013 m\u0103m\u0103lig\u0103 (f\u0103in\u0103, lapte, unt) cu br\u00e2nz\u0103 feta \u0219i sm\u00e2nt\u00e2n\u0103. Restaurant Pegas. 50 MDL. Pr\u00e2nz complet cu livrare.","breadcrumb":{"@id":"https:\/\/pegasrestaurant.md\/ro\/produs\/mamaliga-cu-brinza-si-smintina\/#breadcrumb"},"inLanguage":"ro-RO","potentialAction":[{"@type":"ReadAction","target":["https:\/\/pegasrestaurant.md\/ro\/produs\/mamaliga-cu-brinza-si-smintina\/"]}]},{"@type":"BreadcrumbList","@id":"https:\/\/pegasrestaurant.md\/ro\/produs\/mamaliga-cu-brinza-si-smintina\/#breadcrumb","itemListElement":[{"@type":"ListItem","position":1,"name":"\u0413\u043b\u0430\u0432\u043d\u0430\u044f \u0441\u0442\u0440\u0430\u043d\u0438\u0446\u0430","item":"https:\/\/pegasrestaurant.md\/ro\/"},{"@type":"ListItem","position":2,"name":"Comand\u0103 online","item":"https:\/\/pegasrestaurant.md\/ro\/comanda-online\/"},{"@type":"ListItem","position":3,"name":"M\u0103m\u0103lig\u0103 cu br\u00eenz\u0103 \u0219i sm\u00eent\u00een\u0103"}]},{"@type":"WebSite","@id":"https:\/\/pegasrestaurant.md\/en\/#website","url":"https:\/\/pegasrestaurant.md\/en\/","name":"Pegas Terrace &amp; Restaurant","description":"","potentialAction":[{"@type":"SearchAction","target":{"@type":"EntryPoint","urlTemplate":"https:\/\/pegasrestaurant.md\/en\/?s={search_term_string}"},"query-input":"required name=search_term_string"}],"inLanguage":"ro-RO"}]}},"_links":{"self":[{"href":"https:\/\/pegasrestaurant.md\/ro\/wp-json\/wp\/v2\/product\/5770","targetHints":{"allow":["GET"]}}],"collection":[{"href":"https:\/\/pegasrestaurant.md\/ro\/wp-json\/wp\/v2\/product"}],"about":[{"href":"https:\/\/pegasrestaurant.md\/ro\/wp-json\/wp\/v2\/types\/product"}],"version-history":[{"count":0,"href":"https:\/\/pegasrestaurant.md\/ro\/wp-json\/wp\/v2\/product\/5770\/revisions"}],"wp:attachment":[{"href":"https:\/\/pegasrestaurant.md\/ro\/wp-json\/wp\/v2\/media?parent=5770"}],"wp:term":[{"taxonomy":"product_cat","embeddable":true,"href":"https:\/\/pegasrestaurant.md\/ro\/wp-json\/wp\/v2\/product_cat?post=5770"},{"taxonomy":"product_tag","embeddable":true,"href":"https:\/\/pegasrestaurant.md\/ro\/wp-json\/wp\/v2\/product_tag?post=5770"}],"curies":[{"name":"wp","href":"https:\/\/api.w.org\/{rel}","templated":true}]}}