{"id":5730,"date":"2021-04-22T16:27:50","date_gmt":"2021-04-22T13:27:50","guid":{"rendered":"https:\/\/dev.pegasrestaurant.md\/?post_type=product&#038;p=5730"},"modified":"2022-06-10T17:20:58","modified_gmt":"2022-06-10T14:20:58","slug":"costite-de-porc-smoked-bbq-cu-salata-koul-slou","status":"publish","type":"product","link":"https:\/\/pegasrestaurant.md\/ro\/produs\/costite-de-porc-smoked-bbq-cu-salata-koul-slou\/","title":{"rendered":"Costi\u021be de porc Smoked BBQ cu salat\u0103 Koul Slou"},"content":{"rendered":"<p>Costi\u021bele de porc coapte bine la gr\u0103tar (iar noi \u0219tim s\u0103 le coacem bine) nu sunt pur \u0219i simplu un alt fel de m\u00e2nc\u0103re pe mas\u0103. \u00cen timp ce servi\u021bi ve\u021bi uita de tot ce v\u0103 \u00eenconjoar\u0103 \u0219i v\u0103 ve\u021bi pierde \u00een gustul \u0219i aroma c\u0103rnii fragede care se tope\u0219te singur\u0103 \u00een gur\u0103. Ce spune\u021bi de o halb\u0103 de bere la aceste costi\u021be gustoase?<\/p>\n","protected":false},"excerpt":{"rendered":"<p><span style=\"color: #c9ab81;\"><strong>Greutate:<\/strong><\/span> 1\/470 g<\/p>\n<p>&nbsp;<\/p>\n<p><span style=\"color: #c9ab81;\"><strong>Ingrediente:<\/strong><\/span> Costi\u021be de porc, miere, ulei de susan, piper, varz\u0103 ro\u0219ie, usturoi, morcovi, sos de salat\u0103 cu maionez\u0103<\/p>\n","protected":false},"featured_media":0,"template":"","meta":{"inline_featured_image":false},"product_cat":[123],"product_tag":[],"class_list":["post-5730","product","type-product","status-publish","hentry","product_cat-carne-de-porc"],"yoast_head":"<!-- This site is optimized with the Yoast SEO plugin v19.6.1 - https:\/\/yoast.com\/wordpress\/plugins\/seo\/ -->\n<title>Costi\u021be de porc Smoked BBQ cu livrare la domiciliu de la restaurantul Pegas<\/title>\n<meta name=\"description\" content=\"Plasa\u021bi o comand\u0103 online sau apela\u021bi 078800600 pentru a comanda Costi\u021be de port Smoked BBQ cu salat\u0103 Koul Slou de la buc\u0103tarul Chef al restaurantului Pegas, precum \u0219i alte m\u00e2nc\u0103ruri livrate direct la domiciliu.\" \/>\n<meta name=\"robots\" content=\"index, follow, max-snippet:-1, max-image-preview:large, max-video-preview:-1\" \/>\n<link rel=\"canonical\" href=\"https:\/\/pegasrestaurant.md\/ro\/produs\/costite-de-porc-smoked-bbq-cu-salata-koul-slou\/\" \/>\n<meta property=\"og:locale\" content=\"ro_RO\" \/>\n<meta property=\"og:type\" content=\"article\" \/>\n<meta property=\"og:title\" content=\"Costi\u021be de porc Smoked BBQ cu livrare la domiciliu de la restaurantul Pegas\" \/>\n<meta property=\"og:description\" content=\"Plasa\u021bi o comand\u0103 online sau apela\u021bi 078800600 pentru a comanda Costi\u021be de port Smoked BBQ cu salat\u0103 Koul Slou de la buc\u0103tarul Chef al restaurantului Pegas, precum \u0219i alte m\u00e2nc\u0103ruri livrate direct la domiciliu.\" \/>\n<meta property=\"og:url\" content=\"https:\/\/pegasrestaurant.md\/ro\/produs\/costite-de-porc-smoked-bbq-cu-salata-koul-slou\/\" \/>\n<meta property=\"og:site_name\" content=\"Pegas Terrace &amp; Restaurant\" \/>\n<meta property=\"article:modified_time\" content=\"2022-06-10T14:20:58+00:00\" \/>\n<meta name=\"twitter:card\" content=\"summary_large_image\" \/>\n<meta name=\"twitter:label1\" content=\"Timp estimat pentru citire\" \/>\n\t<meta name=\"twitter:data1\" content=\"1 minut\" \/>\n<script type=\"application\/ld+json\" class=\"yoast-schema-graph\">{\"@context\":\"https:\/\/schema.org\",\"@graph\":[{\"@type\":\"WebPage\",\"@id\":\"https:\/\/pegasrestaurant.md\/ro\/produs\/costite-de-porc-smoked-bbq-cu-salata-koul-slou\/\",\"url\":\"https:\/\/pegasrestaurant.md\/ro\/produs\/costite-de-porc-smoked-bbq-cu-salata-koul-slou\/\",\"name\":\"Costi\u021be de porc Smoked BBQ cu livrare la domiciliu de la restaurantul Pegas\",\"isPartOf\":{\"@id\":\"https:\/\/pegasrestaurant.md\/en\/#website\"},\"datePublished\":\"2021-04-22T13:27:50+00:00\",\"dateModified\":\"2022-06-10T14:20:58+00:00\",\"description\":\"Plasa\u021bi o comand\u0103 online sau apela\u021bi 078800600 pentru a comanda Costi\u021be de port Smoked BBQ cu salat\u0103 Koul Slou de la buc\u0103tarul Chef al restaurantului Pegas, precum \u0219i alte m\u00e2nc\u0103ruri livrate direct la domiciliu.\",\"breadcrumb\":{\"@id\":\"https:\/\/pegasrestaurant.md\/ro\/produs\/costite-de-porc-smoked-bbq-cu-salata-koul-slou\/#breadcrumb\"},\"inLanguage\":\"ro-RO\",\"potentialAction\":[{\"@type\":\"ReadAction\",\"target\":[\"https:\/\/pegasrestaurant.md\/ro\/produs\/costite-de-porc-smoked-bbq-cu-salata-koul-slou\/\"]}]},{\"@type\":\"BreadcrumbList\",\"@id\":\"https:\/\/pegasrestaurant.md\/ro\/produs\/costite-de-porc-smoked-bbq-cu-salata-koul-slou\/#breadcrumb\",\"itemListElement\":[{\"@type\":\"ListItem\",\"position\":1,\"name\":\"\u0413\u043b\u0430\u0432\u043d\u0430\u044f \u0441\u0442\u0440\u0430\u043d\u0438\u0446\u0430\",\"item\":\"https:\/\/pegasrestaurant.md\/ro\/\"},{\"@type\":\"ListItem\",\"position\":2,\"name\":\"Comand\u0103 online\",\"item\":\"https:\/\/pegasrestaurant.md\/ro\/comanda-online\/\"},{\"@type\":\"ListItem\",\"position\":3,\"name\":\"Costi\u021be de porc Smoked BBQ cu salat\u0103 Koul Slou\"}]},{\"@type\":\"WebSite\",\"@id\":\"https:\/\/pegasrestaurant.md\/en\/#website\",\"url\":\"https:\/\/pegasrestaurant.md\/en\/\",\"name\":\"Pegas Terrace &amp; Restaurant\",\"description\":\"\",\"potentialAction\":[{\"@type\":\"SearchAction\",\"target\":{\"@type\":\"EntryPoint\",\"urlTemplate\":\"https:\/\/pegasrestaurant.md\/en\/?s={search_term_string}\"},\"query-input\":\"required name=search_term_string\"}],\"inLanguage\":\"ro-RO\"}]}<\/script>\n<!-- \/ Yoast SEO plugin. -->","yoast_head_json":{"title":"Costi\u021be de porc Smoked BBQ cu livrare la domiciliu de la restaurantul Pegas","description":"Plasa\u021bi o comand\u0103 online sau apela\u021bi 078800600 pentru a comanda Costi\u021be de port Smoked BBQ cu salat\u0103 Koul Slou de la buc\u0103tarul Chef al restaurantului Pegas, precum \u0219i alte m\u00e2nc\u0103ruri livrate direct la domiciliu.","robots":{"index":"index","follow":"follow","max-snippet":"max-snippet:-1","max-image-preview":"max-image-preview:large","max-video-preview":"max-video-preview:-1"},"canonical":"https:\/\/pegasrestaurant.md\/ro\/produs\/costite-de-porc-smoked-bbq-cu-salata-koul-slou\/","og_locale":"ro_RO","og_type":"article","og_title":"Costi\u021be de porc Smoked BBQ cu livrare la domiciliu de la restaurantul Pegas","og_description":"Plasa\u021bi o comand\u0103 online sau apela\u021bi 078800600 pentru a comanda Costi\u021be de port Smoked BBQ cu salat\u0103 Koul Slou de la buc\u0103tarul Chef al restaurantului Pegas, precum \u0219i alte m\u00e2nc\u0103ruri livrate direct la domiciliu.","og_url":"https:\/\/pegasrestaurant.md\/ro\/produs\/costite-de-porc-smoked-bbq-cu-salata-koul-slou\/","og_site_name":"Pegas Terrace &amp; Restaurant","article_modified_time":"2022-06-10T14:20:58+00:00","twitter_card":"summary_large_image","twitter_misc":{"Timp estimat pentru citire":"1 minut"},"schema":{"@context":"https:\/\/schema.org","@graph":[{"@type":"WebPage","@id":"https:\/\/pegasrestaurant.md\/ro\/produs\/costite-de-porc-smoked-bbq-cu-salata-koul-slou\/","url":"https:\/\/pegasrestaurant.md\/ro\/produs\/costite-de-porc-smoked-bbq-cu-salata-koul-slou\/","name":"Costi\u021be de porc Smoked BBQ cu livrare la domiciliu de la restaurantul Pegas","isPartOf":{"@id":"https:\/\/pegasrestaurant.md\/en\/#website"},"datePublished":"2021-04-22T13:27:50+00:00","dateModified":"2022-06-10T14:20:58+00:00","description":"Plasa\u021bi o comand\u0103 online sau apela\u021bi 078800600 pentru a comanda Costi\u021be de port Smoked BBQ cu salat\u0103 Koul Slou de la buc\u0103tarul Chef al restaurantului Pegas, precum \u0219i alte m\u00e2nc\u0103ruri livrate direct la domiciliu.","breadcrumb":{"@id":"https:\/\/pegasrestaurant.md\/ro\/produs\/costite-de-porc-smoked-bbq-cu-salata-koul-slou\/#breadcrumb"},"inLanguage":"ro-RO","potentialAction":[{"@type":"ReadAction","target":["https:\/\/pegasrestaurant.md\/ro\/produs\/costite-de-porc-smoked-bbq-cu-salata-koul-slou\/"]}]},{"@type":"BreadcrumbList","@id":"https:\/\/pegasrestaurant.md\/ro\/produs\/costite-de-porc-smoked-bbq-cu-salata-koul-slou\/#breadcrumb","itemListElement":[{"@type":"ListItem","position":1,"name":"\u0413\u043b\u0430\u0432\u043d\u0430\u044f \u0441\u0442\u0440\u0430\u043d\u0438\u0446\u0430","item":"https:\/\/pegasrestaurant.md\/ro\/"},{"@type":"ListItem","position":2,"name":"Comand\u0103 online","item":"https:\/\/pegasrestaurant.md\/ro\/comanda-online\/"},{"@type":"ListItem","position":3,"name":"Costi\u021be de porc Smoked BBQ cu salat\u0103 Koul Slou"}]},{"@type":"WebSite","@id":"https:\/\/pegasrestaurant.md\/en\/#website","url":"https:\/\/pegasrestaurant.md\/en\/","name":"Pegas Terrace &amp; Restaurant","description":"","potentialAction":[{"@type":"SearchAction","target":{"@type":"EntryPoint","urlTemplate":"https:\/\/pegasrestaurant.md\/en\/?s={search_term_string}"},"query-input":"required name=search_term_string"}],"inLanguage":"ro-RO"}]}},"_links":{"self":[{"href":"https:\/\/pegasrestaurant.md\/ro\/wp-json\/wp\/v2\/product\/5730","targetHints":{"allow":["GET"]}}],"collection":[{"href":"https:\/\/pegasrestaurant.md\/ro\/wp-json\/wp\/v2\/product"}],"about":[{"href":"https:\/\/pegasrestaurant.md\/ro\/wp-json\/wp\/v2\/types\/product"}],"version-history":[{"count":0,"href":"https:\/\/pegasrestaurant.md\/ro\/wp-json\/wp\/v2\/product\/5730\/revisions"}],"wp:attachment":[{"href":"https:\/\/pegasrestaurant.md\/ro\/wp-json\/wp\/v2\/media?parent=5730"}],"wp:term":[{"taxonomy":"product_cat","embeddable":true,"href":"https:\/\/pegasrestaurant.md\/ro\/wp-json\/wp\/v2\/product_cat?post=5730"},{"taxonomy":"product_tag","embeddable":true,"href":"https:\/\/pegasrestaurant.md\/ro\/wp-json\/wp\/v2\/product_tag?post=5730"}],"curies":[{"name":"wp","href":"https:\/\/api.w.org\/{rel}","templated":true}]}}