{"id":5614,"date":"2021-04-22T16:26:02","date_gmt":"2021-04-22T13:26:02","guid":{"rendered":"https:\/\/dev.pegasrestaurant.md\/?post_type=product&#038;p=5614"},"modified":"2022-06-10T17:29:03","modified_gmt":"2022-06-10T14:29:03","slug":"salata-caesar-cu-carne-de-pui","status":"publish","type":"product","link":"https:\/\/pegasrestaurant.md\/ro\/produs\/salata-caesar-cu-carne-de-pui\/","title":{"rendered":"Salat\u0103 Caesar cu carne de pui"},"content":{"rendered":"<p>Exist\u0103 at\u00e2t de multe op\u021biuni pentru salata Caesar \u00eenc\u00e2t pute\u021bi crea un meniu variat pentru fiecare zi. \u00cens\u0103 la ce bun, doar ast\u0103zi pute\u021bi gusta clasicul Caesar cu pui, iar m\u00e2ine, de exemplu, o salat\u0103 cu avocado \u0219i creve\u021bi. Caesar-ul nostru este fidel tradi\u021biilor sale: frunze de aisberg proaspete, file fraged de pui, parmezan aromat \u0219i ro\u0219ii cherry.<\/p>\n","protected":false},"excerpt":{"rendered":"<p><span style=\"color: #c9ab81;\"><strong>Greutate:<\/strong><\/span> 300 g<\/p>\n<p>&nbsp;<\/p>\n<p><span style=\"color: #c9ab81;\"><strong>Ingrediente:<\/strong><\/span> Salat\u0103 Eisberg, piept de pui, parmezan, ro\u0219ii cherry, pesmet, sos Caesar<\/p>\n","protected":false},"featured_media":5659,"template":"","meta":{"inline_featured_image":false},"product_cat":[115],"product_tag":[],"class_list":["post-5614","product","type-product","status-publish","has-post-thumbnail","hentry","product_cat-salate"],"yoast_head":"<!-- This site is optimized with the Yoast SEO plugin v19.6.1 - https:\/\/yoast.com\/wordpress\/plugins\/seo\/ -->\n<title>Salat\u0103 Caesar cu carne de pui | Meniul restaurantului Pegas cu pre\u021buri<\/title>\n<meta name=\"description\" content=\"Salat\u0103 Caesar pentru inima \u0219i stomacul nostru. Frunze de aisberg, filet, parmezan, sos, cherry. Salat\u0103 Caesar 95,00 MDL comand\u0103 m\u00e2ncare.\" \/>\n<meta name=\"robots\" content=\"index, follow, max-snippet:-1, max-image-preview:large, max-video-preview:-1\" \/>\n<link rel=\"canonical\" href=\"https:\/\/pegasrestaurant.md\/ro\/produs\/salata-caesar-cu-carne-de-pui\/\" \/>\n<meta property=\"og:locale\" content=\"ro_RO\" \/>\n<meta property=\"og:type\" content=\"article\" \/>\n<meta property=\"og:title\" content=\"Salat\u0103 Caesar cu carne de pui | Meniul restaurantului Pegas cu pre\u021buri\" \/>\n<meta property=\"og:description\" content=\"Salat\u0103 Caesar pentru inima \u0219i stomacul nostru. Frunze de aisberg, filet, parmezan, sos, cherry. Salat\u0103 Caesar 95,00 MDL comand\u0103 m\u00e2ncare.\" \/>\n<meta property=\"og:url\" content=\"https:\/\/pegasrestaurant.md\/ro\/produs\/salata-caesar-cu-carne-de-pui\/\" \/>\n<meta property=\"og:site_name\" content=\"Pegas Terrace &amp; Restaurant\" \/>\n<meta property=\"article:modified_time\" content=\"2022-06-10T14:29:03+00:00\" \/>\n<meta property=\"og:image\" content=\"https:\/\/pegasrestaurant.md\/wp-content\/uploads\/2021\/04\/15.jpg\" \/>\n\t<meta property=\"og:image:width\" content=\"2500\" \/>\n\t<meta property=\"og:image:height\" content=\"2500\" \/>\n\t<meta property=\"og:image:type\" content=\"image\/jpeg\" \/>\n<meta name=\"twitter:card\" content=\"summary_large_image\" \/>\n<script type=\"application\/ld+json\" class=\"yoast-schema-graph\">{\"@context\":\"https:\/\/schema.org\",\"@graph\":[{\"@type\":\"WebPage\",\"@id\":\"https:\/\/pegasrestaurant.md\/ro\/produs\/salata-caesar-cu-carne-de-pui\/\",\"url\":\"https:\/\/pegasrestaurant.md\/ro\/produs\/salata-caesar-cu-carne-de-pui\/\",\"name\":\"Salat\u0103 Caesar cu carne de pui | Meniul restaurantului Pegas cu pre\u021buri\",\"isPartOf\":{\"@id\":\"https:\/\/pegasrestaurant.md\/en\/#website\"},\"datePublished\":\"2021-04-22T13:26:02+00:00\",\"dateModified\":\"2022-06-10T14:29:03+00:00\",\"description\":\"Salat\u0103 Caesar pentru inima \u0219i stomacul nostru. Frunze de aisberg, filet, parmezan, sos, cherry. Salat\u0103 Caesar 95,00 MDL comand\u0103 m\u00e2ncare.\",\"breadcrumb\":{\"@id\":\"https:\/\/pegasrestaurant.md\/ro\/produs\/salata-caesar-cu-carne-de-pui\/#breadcrumb\"},\"inLanguage\":\"ro-RO\",\"potentialAction\":[{\"@type\":\"ReadAction\",\"target\":[\"https:\/\/pegasrestaurant.md\/ro\/produs\/salata-caesar-cu-carne-de-pui\/\"]}]},{\"@type\":\"BreadcrumbList\",\"@id\":\"https:\/\/pegasrestaurant.md\/ro\/produs\/salata-caesar-cu-carne-de-pui\/#breadcrumb\",\"itemListElement\":[{\"@type\":\"ListItem\",\"position\":1,\"name\":\"\u0413\u043b\u0430\u0432\u043d\u0430\u044f \u0441\u0442\u0440\u0430\u043d\u0438\u0446\u0430\",\"item\":\"https:\/\/pegasrestaurant.md\/ro\/\"},{\"@type\":\"ListItem\",\"position\":2,\"name\":\"Comand\u0103 online\",\"item\":\"https:\/\/pegasrestaurant.md\/ro\/comanda-online\/\"},{\"@type\":\"ListItem\",\"position\":3,\"name\":\"Salat\u0103 Caesar cu carne de pui\"}]},{\"@type\":\"WebSite\",\"@id\":\"https:\/\/pegasrestaurant.md\/en\/#website\",\"url\":\"https:\/\/pegasrestaurant.md\/en\/\",\"name\":\"Pegas Terrace &amp; Restaurant\",\"description\":\"\",\"potentialAction\":[{\"@type\":\"SearchAction\",\"target\":{\"@type\":\"EntryPoint\",\"urlTemplate\":\"https:\/\/pegasrestaurant.md\/en\/?s={search_term_string}\"},\"query-input\":\"required name=search_term_string\"}],\"inLanguage\":\"ro-RO\"}]}<\/script>\n<!-- \/ Yoast SEO plugin. -->","yoast_head_json":{"title":"Salat\u0103 Caesar cu carne de pui | Meniul restaurantului Pegas cu pre\u021buri","description":"Salat\u0103 Caesar pentru inima \u0219i stomacul nostru. Frunze de aisberg, filet, parmezan, sos, cherry. Salat\u0103 Caesar 95,00 MDL comand\u0103 m\u00e2ncare.","robots":{"index":"index","follow":"follow","max-snippet":"max-snippet:-1","max-image-preview":"max-image-preview:large","max-video-preview":"max-video-preview:-1"},"canonical":"https:\/\/pegasrestaurant.md\/ro\/produs\/salata-caesar-cu-carne-de-pui\/","og_locale":"ro_RO","og_type":"article","og_title":"Salat\u0103 Caesar cu carne de pui | Meniul restaurantului Pegas cu pre\u021buri","og_description":"Salat\u0103 Caesar pentru inima \u0219i stomacul nostru. Frunze de aisberg, filet, parmezan, sos, cherry. Salat\u0103 Caesar 95,00 MDL comand\u0103 m\u00e2ncare.","og_url":"https:\/\/pegasrestaurant.md\/ro\/produs\/salata-caesar-cu-carne-de-pui\/","og_site_name":"Pegas Terrace &amp; Restaurant","article_modified_time":"2022-06-10T14:29:03+00:00","og_image":[{"width":2500,"height":2500,"url":"https:\/\/pegasrestaurant.md\/wp-content\/uploads\/2021\/04\/15.jpg","type":"image\/jpeg"}],"twitter_card":"summary_large_image","schema":{"@context":"https:\/\/schema.org","@graph":[{"@type":"WebPage","@id":"https:\/\/pegasrestaurant.md\/ro\/produs\/salata-caesar-cu-carne-de-pui\/","url":"https:\/\/pegasrestaurant.md\/ro\/produs\/salata-caesar-cu-carne-de-pui\/","name":"Salat\u0103 Caesar cu carne de pui | Meniul restaurantului Pegas cu pre\u021buri","isPartOf":{"@id":"https:\/\/pegasrestaurant.md\/en\/#website"},"datePublished":"2021-04-22T13:26:02+00:00","dateModified":"2022-06-10T14:29:03+00:00","description":"Salat\u0103 Caesar pentru inima \u0219i stomacul nostru. Frunze de aisberg, filet, parmezan, sos, cherry. Salat\u0103 Caesar 95,00 MDL comand\u0103 m\u00e2ncare.","breadcrumb":{"@id":"https:\/\/pegasrestaurant.md\/ro\/produs\/salata-caesar-cu-carne-de-pui\/#breadcrumb"},"inLanguage":"ro-RO","potentialAction":[{"@type":"ReadAction","target":["https:\/\/pegasrestaurant.md\/ro\/produs\/salata-caesar-cu-carne-de-pui\/"]}]},{"@type":"BreadcrumbList","@id":"https:\/\/pegasrestaurant.md\/ro\/produs\/salata-caesar-cu-carne-de-pui\/#breadcrumb","itemListElement":[{"@type":"ListItem","position":1,"name":"\u0413\u043b\u0430\u0432\u043d\u0430\u044f \u0441\u0442\u0440\u0430\u043d\u0438\u0446\u0430","item":"https:\/\/pegasrestaurant.md\/ro\/"},{"@type":"ListItem","position":2,"name":"Comand\u0103 online","item":"https:\/\/pegasrestaurant.md\/ro\/comanda-online\/"},{"@type":"ListItem","position":3,"name":"Salat\u0103 Caesar cu carne de pui"}]},{"@type":"WebSite","@id":"https:\/\/pegasrestaurant.md\/en\/#website","url":"https:\/\/pegasrestaurant.md\/en\/","name":"Pegas Terrace &amp; Restaurant","description":"","potentialAction":[{"@type":"SearchAction","target":{"@type":"EntryPoint","urlTemplate":"https:\/\/pegasrestaurant.md\/en\/?s={search_term_string}"},"query-input":"required name=search_term_string"}],"inLanguage":"ro-RO"}]}},"_links":{"self":[{"href":"https:\/\/pegasrestaurant.md\/ro\/wp-json\/wp\/v2\/product\/5614","targetHints":{"allow":["GET"]}}],"collection":[{"href":"https:\/\/pegasrestaurant.md\/ro\/wp-json\/wp\/v2\/product"}],"about":[{"href":"https:\/\/pegasrestaurant.md\/ro\/wp-json\/wp\/v2\/types\/product"}],"version-history":[{"count":0,"href":"https:\/\/pegasrestaurant.md\/ro\/wp-json\/wp\/v2\/product\/5614\/revisions"}],"wp:featuredmedia":[{"embeddable":true,"href":"https:\/\/pegasrestaurant.md\/ro\/wp-json\/wp\/v2\/media\/5659"}],"wp:attachment":[{"href":"https:\/\/pegasrestaurant.md\/ro\/wp-json\/wp\/v2\/media?parent=5614"}],"wp:term":[{"taxonomy":"product_cat","embeddable":true,"href":"https:\/\/pegasrestaurant.md\/ro\/wp-json\/wp\/v2\/product_cat?post=5614"},{"taxonomy":"product_tag","embeddable":true,"href":"https:\/\/pegasrestaurant.md\/ro\/wp-json\/wp\/v2\/product_tag?post=5614"}],"curies":[{"name":"wp","href":"https:\/\/api.w.org\/{rel}","templated":true}]}}