{"id":5582,"date":"2021-04-22T16:25:34","date_gmt":"2021-04-22T13:25:34","guid":{"rendered":"https:\/\/dev.pegasrestaurant.md\/?post_type=product&#038;p=5582"},"modified":"2023-05-26T10:22:39","modified_gmt":"2023-05-26T07:22:39","slug":"pate-de-casa-din-%ef%ac%81cat-de-pui","status":"publish","type":"product","link":"https:\/\/pegasrestaurant.md\/ro\/produs\/pate-de-casa-din-%ef%ac%81cat-de-pui\/","title":{"rendered":"Pate de cas\u0103 din \ufb01cat de pui"},"content":{"rendered":"<p>Ficatul de pui proasp\u0103t este u\u0219or pr\u0103jit, apoi l\u0103sat cu ceap\u0103 \u0219i unt. Felul de m\u00e2ncare finit este servit cu pr\u0103jituri crocante, astfel \u00eenc\u00e2t s\u0103 pute\u021bi aprecia pe deplin gustul pastelor de cas\u0103 f\u0103cute din ingrediente naturale.<\/p>\n","protected":false},"excerpt":{"rendered":"<p><span style=\"color: #c9ab81;\"><strong>Greutate:<\/strong><\/span> 150\/60 g<\/p>\n<p>&nbsp;<\/p>\n<p><span style=\"color: #c9ab81;\"><strong>Ingrediente:<\/strong><\/span> ficat de pui, ceap\u0103, unt<\/p>\n","protected":false},"featured_media":5627,"template":"","meta":{"inline_featured_image":false},"product_cat":[111],"product_tag":[],"class_list":["post-5582","product","type-product","status-publish","has-post-thumbnail","hentry","product_cat-gustari"],"yoast_head":"<!-- This site is optimized with the Yoast SEO plugin v19.6.1 - https:\/\/yoast.com\/wordpress\/plugins\/seo\/ -->\n<title>Pate din ficat de pui | Pegas (pre\u021b foto)<\/title>\n<meta name=\"description\" content=\"Pl\u0103cerea gastronomic\u0103 la Pegas este pateul de ficat. Ficat de pui pr\u0103jit u\u0219or, ceap\u0103, unt. Comanda\u021bi restaurant livrare la domiciliu.\" \/>\n<meta name=\"robots\" content=\"index, follow, max-snippet:-1, max-image-preview:large, max-video-preview:-1\" \/>\n<link rel=\"canonical\" href=\"https:\/\/pegasrestaurant.md\/ro\/produs\/pate-de-casa-din-%ef%ac%81cat-de-pui\/\" \/>\n<meta property=\"og:locale\" content=\"ro_RO\" \/>\n<meta property=\"og:type\" content=\"article\" \/>\n<meta property=\"og:title\" content=\"Pate din ficat de pui | Pegas (pre\u021b foto)\" \/>\n<meta property=\"og:description\" content=\"Pl\u0103cerea gastronomic\u0103 la Pegas este pateul de ficat. Ficat de pui pr\u0103jit u\u0219or, ceap\u0103, unt. Comanda\u021bi restaurant livrare la domiciliu.\" \/>\n<meta property=\"og:url\" content=\"https:\/\/pegasrestaurant.md\/ro\/produs\/pate-de-casa-din-%ef%ac%81cat-de-pui\/\" \/>\n<meta property=\"og:site_name\" content=\"Pegas Terrace &amp; Restaurant\" \/>\n<meta property=\"article:modified_time\" content=\"2023-05-26T07:22:39+00:00\" \/>\n<meta property=\"og:image\" content=\"https:\/\/pegasrestaurant.md\/wp-content\/uploads\/2021\/04\/28.jpg\" \/>\n\t<meta property=\"og:image:width\" content=\"2500\" \/>\n\t<meta property=\"og:image:height\" content=\"2500\" \/>\n\t<meta property=\"og:image:type\" content=\"image\/jpeg\" \/>\n<meta name=\"twitter:card\" content=\"summary_large_image\" \/>\n<script type=\"application\/ld+json\" class=\"yoast-schema-graph\">{\"@context\":\"https:\/\/schema.org\",\"@graph\":[{\"@type\":\"WebPage\",\"@id\":\"https:\/\/pegasrestaurant.md\/ro\/produs\/pate-de-casa-din-%ef%ac%81cat-de-pui\/\",\"url\":\"https:\/\/pegasrestaurant.md\/ro\/produs\/pate-de-casa-din-%ef%ac%81cat-de-pui\/\",\"name\":\"Pate din ficat de pui | Pegas (pre\u021b foto)\",\"isPartOf\":{\"@id\":\"https:\/\/pegasrestaurant.md\/en\/#website\"},\"datePublished\":\"2021-04-22T13:25:34+00:00\",\"dateModified\":\"2023-05-26T07:22:39+00:00\",\"description\":\"Pl\u0103cerea gastronomic\u0103 la Pegas este pateul de ficat. Ficat de pui pr\u0103jit u\u0219or, ceap\u0103, unt. Comanda\u021bi restaurant livrare la domiciliu.\",\"breadcrumb\":{\"@id\":\"https:\/\/pegasrestaurant.md\/ro\/produs\/pate-de-casa-din-%ef%ac%81cat-de-pui\/#breadcrumb\"},\"inLanguage\":\"ro-RO\",\"potentialAction\":[{\"@type\":\"ReadAction\",\"target\":[\"https:\/\/pegasrestaurant.md\/ro\/produs\/pate-de-casa-din-%ef%ac%81cat-de-pui\/\"]}]},{\"@type\":\"BreadcrumbList\",\"@id\":\"https:\/\/pegasrestaurant.md\/ro\/produs\/pate-de-casa-din-%ef%ac%81cat-de-pui\/#breadcrumb\",\"itemListElement\":[{\"@type\":\"ListItem\",\"position\":1,\"name\":\"\u0413\u043b\u0430\u0432\u043d\u0430\u044f \u0441\u0442\u0440\u0430\u043d\u0438\u0446\u0430\",\"item\":\"https:\/\/pegasrestaurant.md\/ro\/\"},{\"@type\":\"ListItem\",\"position\":2,\"name\":\"Comand\u0103 online\",\"item\":\"https:\/\/pegasrestaurant.md\/ro\/comanda-online\/\"},{\"@type\":\"ListItem\",\"position\":3,\"name\":\"Pate de cas\u0103 din \ufb01cat de pui\"}]},{\"@type\":\"WebSite\",\"@id\":\"https:\/\/pegasrestaurant.md\/en\/#website\",\"url\":\"https:\/\/pegasrestaurant.md\/en\/\",\"name\":\"Pegas Terrace &amp; Restaurant\",\"description\":\"\",\"potentialAction\":[{\"@type\":\"SearchAction\",\"target\":{\"@type\":\"EntryPoint\",\"urlTemplate\":\"https:\/\/pegasrestaurant.md\/en\/?s={search_term_string}\"},\"query-input\":\"required name=search_term_string\"}],\"inLanguage\":\"ro-RO\"}]}<\/script>\n<!-- \/ Yoast SEO plugin. -->","yoast_head_json":{"title":"Pate din ficat de pui | Pegas (pre\u021b foto)","description":"Pl\u0103cerea gastronomic\u0103 la Pegas este pateul de ficat. Ficat de pui pr\u0103jit u\u0219or, ceap\u0103, unt. Comanda\u021bi restaurant livrare la domiciliu.","robots":{"index":"index","follow":"follow","max-snippet":"max-snippet:-1","max-image-preview":"max-image-preview:large","max-video-preview":"max-video-preview:-1"},"canonical":"https:\/\/pegasrestaurant.md\/ro\/produs\/pate-de-casa-din-%ef%ac%81cat-de-pui\/","og_locale":"ro_RO","og_type":"article","og_title":"Pate din ficat de pui | Pegas (pre\u021b foto)","og_description":"Pl\u0103cerea gastronomic\u0103 la Pegas este pateul de ficat. Ficat de pui pr\u0103jit u\u0219or, ceap\u0103, unt. Comanda\u021bi restaurant livrare la domiciliu.","og_url":"https:\/\/pegasrestaurant.md\/ro\/produs\/pate-de-casa-din-%ef%ac%81cat-de-pui\/","og_site_name":"Pegas Terrace &amp; Restaurant","article_modified_time":"2023-05-26T07:22:39+00:00","og_image":[{"width":2500,"height":2500,"url":"https:\/\/pegasrestaurant.md\/wp-content\/uploads\/2021\/04\/28.jpg","type":"image\/jpeg"}],"twitter_card":"summary_large_image","schema":{"@context":"https:\/\/schema.org","@graph":[{"@type":"WebPage","@id":"https:\/\/pegasrestaurant.md\/ro\/produs\/pate-de-casa-din-%ef%ac%81cat-de-pui\/","url":"https:\/\/pegasrestaurant.md\/ro\/produs\/pate-de-casa-din-%ef%ac%81cat-de-pui\/","name":"Pate din ficat de pui | Pegas (pre\u021b foto)","isPartOf":{"@id":"https:\/\/pegasrestaurant.md\/en\/#website"},"datePublished":"2021-04-22T13:25:34+00:00","dateModified":"2023-05-26T07:22:39+00:00","description":"Pl\u0103cerea gastronomic\u0103 la Pegas este pateul de ficat. Ficat de pui pr\u0103jit u\u0219or, ceap\u0103, unt. Comanda\u021bi restaurant livrare la domiciliu.","breadcrumb":{"@id":"https:\/\/pegasrestaurant.md\/ro\/produs\/pate-de-casa-din-%ef%ac%81cat-de-pui\/#breadcrumb"},"inLanguage":"ro-RO","potentialAction":[{"@type":"ReadAction","target":["https:\/\/pegasrestaurant.md\/ro\/produs\/pate-de-casa-din-%ef%ac%81cat-de-pui\/"]}]},{"@type":"BreadcrumbList","@id":"https:\/\/pegasrestaurant.md\/ro\/produs\/pate-de-casa-din-%ef%ac%81cat-de-pui\/#breadcrumb","itemListElement":[{"@type":"ListItem","position":1,"name":"\u0413\u043b\u0430\u0432\u043d\u0430\u044f \u0441\u0442\u0440\u0430\u043d\u0438\u0446\u0430","item":"https:\/\/pegasrestaurant.md\/ro\/"},{"@type":"ListItem","position":2,"name":"Comand\u0103 online","item":"https:\/\/pegasrestaurant.md\/ro\/comanda-online\/"},{"@type":"ListItem","position":3,"name":"Pate de cas\u0103 din \ufb01cat de pui"}]},{"@type":"WebSite","@id":"https:\/\/pegasrestaurant.md\/en\/#website","url":"https:\/\/pegasrestaurant.md\/en\/","name":"Pegas Terrace &amp; Restaurant","description":"","potentialAction":[{"@type":"SearchAction","target":{"@type":"EntryPoint","urlTemplate":"https:\/\/pegasrestaurant.md\/en\/?s={search_term_string}"},"query-input":"required name=search_term_string"}],"inLanguage":"ro-RO"}]}},"_links":{"self":[{"href":"https:\/\/pegasrestaurant.md\/ro\/wp-json\/wp\/v2\/product\/5582","targetHints":{"allow":["GET"]}}],"collection":[{"href":"https:\/\/pegasrestaurant.md\/ro\/wp-json\/wp\/v2\/product"}],"about":[{"href":"https:\/\/pegasrestaurant.md\/ro\/wp-json\/wp\/v2\/types\/product"}],"version-history":[{"count":0,"href":"https:\/\/pegasrestaurant.md\/ro\/wp-json\/wp\/v2\/product\/5582\/revisions"}],"wp:featuredmedia":[{"embeddable":true,"href":"https:\/\/pegasrestaurant.md\/ro\/wp-json\/wp\/v2\/media\/5627"}],"wp:attachment":[{"href":"https:\/\/pegasrestaurant.md\/ro\/wp-json\/wp\/v2\/media?parent=5582"}],"wp:term":[{"taxonomy":"product_cat","embeddable":true,"href":"https:\/\/pegasrestaurant.md\/ro\/wp-json\/wp\/v2\/product_cat?post=5582"},{"taxonomy":"product_tag","embeddable":true,"href":"https:\/\/pegasrestaurant.md\/ro\/wp-json\/wp\/v2\/product_tag?post=5582"}],"curies":[{"name":"wp","href":"https:\/\/api.w.org\/{rel}","templated":true}]}}