{"id":5578,"date":"2021-04-22T16:25:33","date_gmt":"2021-04-22T13:25:33","guid":{"rendered":"https:\/\/dev.pegasrestaurant.md\/?post_type=product&#038;p=5578"},"modified":"2023-05-26T10:22:54","modified_gmt":"2023-05-26T07:22:54","slug":"tartar-de-somon","status":"publish","type":"product","link":"https:\/\/pegasrestaurant.md\/ro\/produs\/tartar-de-somon\/","title":{"rendered":"Tartar de somon"},"content":{"rendered":"<p>Un produs al buc\u0103t\u0103riei franceze, caracterizat prin rafinament \u0219i gust perfect echilibrat al tuturor ingredientelor. Somonul proasp\u0103t \u00een sos de br\u00e2nz\u0103 se asorteaz\u0103 bine cu icrele de pe\u0219te zbur\u0103tor \u0219i avocado. Strope\u0219te tot asta suc de grapefruit &#8211; \u0219i, voila, ai o gustare de lux chiar pe masa ta!<\/p>\n","protected":false},"excerpt":{"rendered":"<p><span style=\"color: #c9ab81;\" data-darkreader-inline-color=\"\"><strong>Greutate:<\/strong><\/span> 210 g<\/p>\n<p>&nbsp;<\/p>\n<p><span style=\"color: #c9ab81;\" data-darkreader-inline-color=\"\"><strong>Ingrediente:<\/strong><\/span> Somon, sos de br\u00e2nz\u0103, avocado, grapefruit, icre de pe\u0219te zbur\u0103tor<\/p>\n","protected":false},"featured_media":8327,"template":"","meta":{"inline_featured_image":false},"product_cat":[111],"product_tag":[],"class_list":["post-5578","product","type-product","status-publish","has-post-thumbnail","hentry","product_cat-gustari"],"yoast_head":"<!-- This site is optimized with the Yoast SEO plugin v19.6.1 - https:\/\/yoast.com\/wordpress\/plugins\/seo\/ -->\n<title>Tartar de somon \u00een sos de br\u00e2nz\u0103 cu avocado \u0219i caviar de pe\u0219te zbur\u0103tor la Pegas<\/title>\n<meta name=\"description\" content=\"Tartarul de somon cu icre de pe\u0219te zbur\u0103tor \u00een sos de br\u00e2nz\u0103 \u0219i avocado este un aperitiv delicios pentru vinurile albe. \u00cencearc\u0103-l la noi!\" \/>\n<meta name=\"robots\" content=\"index, follow, max-snippet:-1, max-image-preview:large, max-video-preview:-1\" \/>\n<link rel=\"canonical\" href=\"https:\/\/pegasrestaurant.md\/ro\/produs\/tartar-de-somon\/\" \/>\n<meta property=\"og:locale\" content=\"ro_RO\" \/>\n<meta property=\"og:type\" content=\"article\" \/>\n<meta property=\"og:title\" content=\"Tartar de somon \u00een sos de br\u00e2nz\u0103 cu avocado \u0219i caviar de pe\u0219te zbur\u0103tor la Pegas\" \/>\n<meta property=\"og:description\" content=\"Tartarul de somon cu icre de pe\u0219te zbur\u0103tor \u00een sos de br\u00e2nz\u0103 \u0219i avocado este un aperitiv delicios pentru vinurile albe. \u00cencearc\u0103-l la noi!\" \/>\n<meta property=\"og:url\" content=\"https:\/\/pegasrestaurant.md\/ro\/produs\/tartar-de-somon\/\" \/>\n<meta property=\"og:site_name\" content=\"Pegas Terrace &amp; Restaurant\" \/>\n<meta property=\"article:modified_time\" content=\"2023-05-26T07:22:54+00:00\" \/>\n<meta property=\"og:image\" content=\"https:\/\/pegasrestaurant.md\/wp-content\/uploads\/2021\/04\/no-product.jpg\" \/>\n\t<meta property=\"og:image:width\" content=\"1000\" \/>\n\t<meta property=\"og:image:height\" content=\"1000\" \/>\n\t<meta property=\"og:image:type\" content=\"image\/jpeg\" \/>\n<meta name=\"twitter:card\" content=\"summary_large_image\" \/>\n<script type=\"application\/ld+json\" class=\"yoast-schema-graph\">{\"@context\":\"https:\/\/schema.org\",\"@graph\":[{\"@type\":\"WebPage\",\"@id\":\"https:\/\/pegasrestaurant.md\/ro\/produs\/tartar-de-somon\/\",\"url\":\"https:\/\/pegasrestaurant.md\/ro\/produs\/tartar-de-somon\/\",\"name\":\"Tartar de somon \u00een sos de br\u00e2nz\u0103 cu avocado \u0219i caviar de pe\u0219te zbur\u0103tor la Pegas\",\"isPartOf\":{\"@id\":\"https:\/\/pegasrestaurant.md\/en\/#website\"},\"datePublished\":\"2021-04-22T13:25:33+00:00\",\"dateModified\":\"2023-05-26T07:22:54+00:00\",\"description\":\"Tartarul de somon cu icre de pe\u0219te zbur\u0103tor \u00een sos de br\u00e2nz\u0103 \u0219i avocado este un aperitiv delicios pentru vinurile albe. \u00cencearc\u0103-l la noi!\",\"breadcrumb\":{\"@id\":\"https:\/\/pegasrestaurant.md\/ro\/produs\/tartar-de-somon\/#breadcrumb\"},\"inLanguage\":\"ro-RO\",\"potentialAction\":[{\"@type\":\"ReadAction\",\"target\":[\"https:\/\/pegasrestaurant.md\/ro\/produs\/tartar-de-somon\/\"]}]},{\"@type\":\"BreadcrumbList\",\"@id\":\"https:\/\/pegasrestaurant.md\/ro\/produs\/tartar-de-somon\/#breadcrumb\",\"itemListElement\":[{\"@type\":\"ListItem\",\"position\":1,\"name\":\"\u0413\u043b\u0430\u0432\u043d\u0430\u044f \u0441\u0442\u0440\u0430\u043d\u0438\u0446\u0430\",\"item\":\"https:\/\/pegasrestaurant.md\/ro\/\"},{\"@type\":\"ListItem\",\"position\":2,\"name\":\"Comand\u0103 online\",\"item\":\"https:\/\/pegasrestaurant.md\/ro\/comanda-online\/\"},{\"@type\":\"ListItem\",\"position\":3,\"name\":\"Tartar de somon\"}]},{\"@type\":\"WebSite\",\"@id\":\"https:\/\/pegasrestaurant.md\/en\/#website\",\"url\":\"https:\/\/pegasrestaurant.md\/en\/\",\"name\":\"Pegas Terrace &amp; Restaurant\",\"description\":\"\",\"potentialAction\":[{\"@type\":\"SearchAction\",\"target\":{\"@type\":\"EntryPoint\",\"urlTemplate\":\"https:\/\/pegasrestaurant.md\/en\/?s={search_term_string}\"},\"query-input\":\"required name=search_term_string\"}],\"inLanguage\":\"ro-RO\"}]}<\/script>\n<!-- \/ Yoast SEO plugin. -->","yoast_head_json":{"title":"Tartar de somon \u00een sos de br\u00e2nz\u0103 cu avocado \u0219i caviar de pe\u0219te zbur\u0103tor la Pegas","description":"Tartarul de somon cu icre de pe\u0219te zbur\u0103tor \u00een sos de br\u00e2nz\u0103 \u0219i avocado este un aperitiv delicios pentru vinurile albe. \u00cencearc\u0103-l la noi!","robots":{"index":"index","follow":"follow","max-snippet":"max-snippet:-1","max-image-preview":"max-image-preview:large","max-video-preview":"max-video-preview:-1"},"canonical":"https:\/\/pegasrestaurant.md\/ro\/produs\/tartar-de-somon\/","og_locale":"ro_RO","og_type":"article","og_title":"Tartar de somon \u00een sos de br\u00e2nz\u0103 cu avocado \u0219i caviar de pe\u0219te zbur\u0103tor la Pegas","og_description":"Tartarul de somon cu icre de pe\u0219te zbur\u0103tor \u00een sos de br\u00e2nz\u0103 \u0219i avocado este un aperitiv delicios pentru vinurile albe. \u00cencearc\u0103-l la noi!","og_url":"https:\/\/pegasrestaurant.md\/ro\/produs\/tartar-de-somon\/","og_site_name":"Pegas Terrace &amp; Restaurant","article_modified_time":"2023-05-26T07:22:54+00:00","og_image":[{"width":1000,"height":1000,"url":"https:\/\/pegasrestaurant.md\/wp-content\/uploads\/2021\/04\/no-product.jpg","type":"image\/jpeg"}],"twitter_card":"summary_large_image","schema":{"@context":"https:\/\/schema.org","@graph":[{"@type":"WebPage","@id":"https:\/\/pegasrestaurant.md\/ro\/produs\/tartar-de-somon\/","url":"https:\/\/pegasrestaurant.md\/ro\/produs\/tartar-de-somon\/","name":"Tartar de somon \u00een sos de br\u00e2nz\u0103 cu avocado \u0219i caviar de pe\u0219te zbur\u0103tor la Pegas","isPartOf":{"@id":"https:\/\/pegasrestaurant.md\/en\/#website"},"datePublished":"2021-04-22T13:25:33+00:00","dateModified":"2023-05-26T07:22:54+00:00","description":"Tartarul de somon cu icre de pe\u0219te zbur\u0103tor \u00een sos de br\u00e2nz\u0103 \u0219i avocado este un aperitiv delicios pentru vinurile albe. \u00cencearc\u0103-l la noi!","breadcrumb":{"@id":"https:\/\/pegasrestaurant.md\/ro\/produs\/tartar-de-somon\/#breadcrumb"},"inLanguage":"ro-RO","potentialAction":[{"@type":"ReadAction","target":["https:\/\/pegasrestaurant.md\/ro\/produs\/tartar-de-somon\/"]}]},{"@type":"BreadcrumbList","@id":"https:\/\/pegasrestaurant.md\/ro\/produs\/tartar-de-somon\/#breadcrumb","itemListElement":[{"@type":"ListItem","position":1,"name":"\u0413\u043b\u0430\u0432\u043d\u0430\u044f \u0441\u0442\u0440\u0430\u043d\u0438\u0446\u0430","item":"https:\/\/pegasrestaurant.md\/ro\/"},{"@type":"ListItem","position":2,"name":"Comand\u0103 online","item":"https:\/\/pegasrestaurant.md\/ro\/comanda-online\/"},{"@type":"ListItem","position":3,"name":"Tartar de somon"}]},{"@type":"WebSite","@id":"https:\/\/pegasrestaurant.md\/en\/#website","url":"https:\/\/pegasrestaurant.md\/en\/","name":"Pegas Terrace &amp; Restaurant","description":"","potentialAction":[{"@type":"SearchAction","target":{"@type":"EntryPoint","urlTemplate":"https:\/\/pegasrestaurant.md\/en\/?s={search_term_string}"},"query-input":"required name=search_term_string"}],"inLanguage":"ro-RO"}]}},"_links":{"self":[{"href":"https:\/\/pegasrestaurant.md\/ro\/wp-json\/wp\/v2\/product\/5578","targetHints":{"allow":["GET"]}}],"collection":[{"href":"https:\/\/pegasrestaurant.md\/ro\/wp-json\/wp\/v2\/product"}],"about":[{"href":"https:\/\/pegasrestaurant.md\/ro\/wp-json\/wp\/v2\/types\/product"}],"version-history":[{"count":0,"href":"https:\/\/pegasrestaurant.md\/ro\/wp-json\/wp\/v2\/product\/5578\/revisions"}],"wp:featuredmedia":[{"embeddable":true,"href":"https:\/\/pegasrestaurant.md\/ro\/wp-json\/wp\/v2\/media\/8327"}],"wp:attachment":[{"href":"https:\/\/pegasrestaurant.md\/ro\/wp-json\/wp\/v2\/media?parent=5578"}],"wp:term":[{"taxonomy":"product_cat","embeddable":true,"href":"https:\/\/pegasrestaurant.md\/ro\/wp-json\/wp\/v2\/product_cat?post=5578"},{"taxonomy":"product_tag","embeddable":true,"href":"https:\/\/pegasrestaurant.md\/ro\/wp-json\/wp\/v2\/product_tag?post=5578"}],"curies":[{"name":"wp","href":"https:\/\/api.w.org\/{rel}","templated":true}]}}