{"id":5550,"date":"2021-04-22T16:25:31","date_gmt":"2021-04-22T13:25:31","guid":{"rendered":"https:\/\/dev.pegasrestaurant.md\/?post_type=product&#038;p=5550"},"modified":"2022-06-10T17:23:05","modified_gmt":"2022-06-10T14:23:05","slug":"bruschette-cu-ardei-copt","status":"publish","type":"product","link":"https:\/\/pegasrestaurant.md\/ro\/produs\/bruschette-cu-ardei-copt\/","title":{"rendered":"Bruschette cu ardei copt"},"content":{"rendered":"<p>O gustare u\u0219oar\u0103 \u0219i s\u0103\u021bioas\u0103, \u00een care se combin\u0103 toate gusturile prim\u0103verii \u0219i culorile verii. Coacem ardeii suculen\u021bi la cuptor p\u00e2n\u0103 se fierb, dup\u0103 care \u00eei servim pe platou \u00eempreun\u0103 cu ca\u0219caval de capr\u0103 aromat\u0103 si sos de miere cu mu\u0219tar. Aperitivul va avea un gust \u0219i mai bun dac\u0103 este \u00eenso\u021bit de o dispozi\u021bie bun\u0103! La gustare v\u0103 suger\u0103m s\u0103 comanda\u021bi o b\u0103utur\u0103 potrivit\u0103 din lista noastr\u0103 de vinuri \u0219i bar.<\/p>\n","protected":false},"excerpt":{"rendered":"<p><span style=\"color: #c9ab81;\"><strong>Greutate:<\/strong><\/span> 1\/115 g<\/p>\n<p>&nbsp;<\/p>\n<p><span style=\"color: #c9ab81;\"><strong>Ingrediente:<\/strong><\/span> ca\u0219caval de c\u0103pri\u021b\u0103, p\u00e2ine ciabatta, ardei gras, o\u021bet balsamic, unt<\/p>\n","protected":false},"featured_media":8889,"template":"","meta":{"inline_featured_image":false},"product_cat":[111],"product_tag":[],"class_list":["post-5550","product","type-product","status-publish","has-post-thumbnail","hentry","product_cat-gustari"],"yoast_head":"<!-- This site is optimized with the Yoast SEO plugin v19.6.1 - https:\/\/yoast.com\/wordpress\/plugins\/seo\/ -->\n<title>Bruschette cu ardei copt | Meniu nou [Pegas]<\/title>\n<meta name=\"description\" content=\"Gust\u0103ri de prim\u0103var\u0103 \u0219i var\u0103. Ca\u0219caval de c\u0103pri\u021b\u0103, ardei, varz\u0103 \u0219i sos de miere-mu\u0219tar. Meniul restaurantului Pegas, m\u00e2ncare comanda online.\" \/>\n<meta name=\"robots\" content=\"index, follow, max-snippet:-1, max-image-preview:large, max-video-preview:-1\" \/>\n<link rel=\"canonical\" href=\"https:\/\/pegasrestaurant.md\/ro\/produs\/bruschette-cu-ardei-copt\/\" \/>\n<meta property=\"og:locale\" content=\"ro_RO\" \/>\n<meta property=\"og:type\" content=\"article\" \/>\n<meta property=\"og:title\" content=\"60\" \/>\n<meta property=\"og:description\" content=\"false\" \/>\n<meta property=\"og:url\" content=\"https:\/\/pegasrestaurant.md\/ro\/produs\/bruschette-cu-ardei-copt\/\" \/>\n<meta property=\"og:site_name\" content=\"Pegas Terrace &amp; Restaurant\" \/>\n<meta property=\"article:modified_time\" content=\"2022-06-10T14:23:05+00:00\" \/>\n<meta property=\"og:image\" content=\"https:\/\/pegasrestaurant.md\/wp-content\/uploads\/2021\/04\/VP_0213.jpg\" \/>\n\t<meta property=\"og:image:width\" content=\"2500\" \/>\n\t<meta property=\"og:image:height\" content=\"2500\" \/>\n\t<meta property=\"og:image:type\" content=\"image\/jpeg\" \/>\n<meta name=\"twitter:card\" content=\"summary_large_image\" \/>\n<script type=\"application\/ld+json\" class=\"yoast-schema-graph\">{\"@context\":\"https:\/\/schema.org\",\"@graph\":[{\"@type\":\"WebPage\",\"@id\":\"https:\/\/pegasrestaurant.md\/ro\/produs\/bruschette-cu-ardei-copt\/\",\"url\":\"https:\/\/pegasrestaurant.md\/ro\/produs\/bruschette-cu-ardei-copt\/\",\"name\":\"Bruschette cu ardei copt | Meniu nou [Pegas]\",\"isPartOf\":{\"@id\":\"https:\/\/pegasrestaurant.md\/en\/#website\"},\"datePublished\":\"2021-04-22T13:25:31+00:00\",\"dateModified\":\"2022-06-10T14:23:05+00:00\",\"description\":\"Gust\u0103ri de prim\u0103var\u0103 \u0219i var\u0103. Ca\u0219caval de c\u0103pri\u021b\u0103, ardei, varz\u0103 \u0219i sos de miere-mu\u0219tar. Meniul restaurantului Pegas, m\u00e2ncare comanda online.\",\"breadcrumb\":{\"@id\":\"https:\/\/pegasrestaurant.md\/ro\/produs\/bruschette-cu-ardei-copt\/#breadcrumb\"},\"inLanguage\":\"ro-RO\",\"potentialAction\":[{\"@type\":\"ReadAction\",\"target\":[\"https:\/\/pegasrestaurant.md\/ro\/produs\/bruschette-cu-ardei-copt\/\"]}]},{\"@type\":\"BreadcrumbList\",\"@id\":\"https:\/\/pegasrestaurant.md\/ro\/produs\/bruschette-cu-ardei-copt\/#breadcrumb\",\"itemListElement\":[{\"@type\":\"ListItem\",\"position\":1,\"name\":\"\u0413\u043b\u0430\u0432\u043d\u0430\u044f \u0441\u0442\u0440\u0430\u043d\u0438\u0446\u0430\",\"item\":\"https:\/\/pegasrestaurant.md\/ro\/\"},{\"@type\":\"ListItem\",\"position\":2,\"name\":\"Comand\u0103 online\",\"item\":\"https:\/\/pegasrestaurant.md\/ro\/comanda-online\/\"},{\"@type\":\"ListItem\",\"position\":3,\"name\":\"Bruschette cu ardei copt\"}]},{\"@type\":\"WebSite\",\"@id\":\"https:\/\/pegasrestaurant.md\/en\/#website\",\"url\":\"https:\/\/pegasrestaurant.md\/en\/\",\"name\":\"Pegas Terrace &amp; Restaurant\",\"description\":\"\",\"potentialAction\":[{\"@type\":\"SearchAction\",\"target\":{\"@type\":\"EntryPoint\",\"urlTemplate\":\"https:\/\/pegasrestaurant.md\/en\/?s={search_term_string}\"},\"query-input\":\"required name=search_term_string\"}],\"inLanguage\":\"ro-RO\"}]}<\/script>\n<!-- \/ Yoast SEO plugin. -->","yoast_head_json":{"title":"Bruschette cu ardei copt | Meniu nou [Pegas]","description":"Gust\u0103ri de prim\u0103var\u0103 \u0219i var\u0103. Ca\u0219caval de c\u0103pri\u021b\u0103, ardei, varz\u0103 \u0219i sos de miere-mu\u0219tar. Meniul restaurantului Pegas, m\u00e2ncare comanda online.","robots":{"index":"index","follow":"follow","max-snippet":"max-snippet:-1","max-image-preview":"max-image-preview:large","max-video-preview":"max-video-preview:-1"},"canonical":"https:\/\/pegasrestaurant.md\/ro\/produs\/bruschette-cu-ardei-copt\/","og_locale":"ro_RO","og_type":"article","og_title":"60","og_description":"false","og_url":"https:\/\/pegasrestaurant.md\/ro\/produs\/bruschette-cu-ardei-copt\/","og_site_name":"Pegas Terrace &amp; Restaurant","article_modified_time":"2022-06-10T14:23:05+00:00","og_image":[{"width":2500,"height":2500,"url":"https:\/\/pegasrestaurant.md\/wp-content\/uploads\/2021\/04\/VP_0213.jpg","type":"image\/jpeg"}],"twitter_card":"summary_large_image","schema":{"@context":"https:\/\/schema.org","@graph":[{"@type":"WebPage","@id":"https:\/\/pegasrestaurant.md\/ro\/produs\/bruschette-cu-ardei-copt\/","url":"https:\/\/pegasrestaurant.md\/ro\/produs\/bruschette-cu-ardei-copt\/","name":"Bruschette cu ardei copt | Meniu nou [Pegas]","isPartOf":{"@id":"https:\/\/pegasrestaurant.md\/en\/#website"},"datePublished":"2021-04-22T13:25:31+00:00","dateModified":"2022-06-10T14:23:05+00:00","description":"Gust\u0103ri de prim\u0103var\u0103 \u0219i var\u0103. Ca\u0219caval de c\u0103pri\u021b\u0103, ardei, varz\u0103 \u0219i sos de miere-mu\u0219tar. Meniul restaurantului Pegas, m\u00e2ncare comanda online.","breadcrumb":{"@id":"https:\/\/pegasrestaurant.md\/ro\/produs\/bruschette-cu-ardei-copt\/#breadcrumb"},"inLanguage":"ro-RO","potentialAction":[{"@type":"ReadAction","target":["https:\/\/pegasrestaurant.md\/ro\/produs\/bruschette-cu-ardei-copt\/"]}]},{"@type":"BreadcrumbList","@id":"https:\/\/pegasrestaurant.md\/ro\/produs\/bruschette-cu-ardei-copt\/#breadcrumb","itemListElement":[{"@type":"ListItem","position":1,"name":"\u0413\u043b\u0430\u0432\u043d\u0430\u044f \u0441\u0442\u0440\u0430\u043d\u0438\u0446\u0430","item":"https:\/\/pegasrestaurant.md\/ro\/"},{"@type":"ListItem","position":2,"name":"Comand\u0103 online","item":"https:\/\/pegasrestaurant.md\/ro\/comanda-online\/"},{"@type":"ListItem","position":3,"name":"Bruschette cu ardei copt"}]},{"@type":"WebSite","@id":"https:\/\/pegasrestaurant.md\/en\/#website","url":"https:\/\/pegasrestaurant.md\/en\/","name":"Pegas Terrace &amp; Restaurant","description":"","potentialAction":[{"@type":"SearchAction","target":{"@type":"EntryPoint","urlTemplate":"https:\/\/pegasrestaurant.md\/en\/?s={search_term_string}"},"query-input":"required name=search_term_string"}],"inLanguage":"ro-RO"}]}},"_links":{"self":[{"href":"https:\/\/pegasrestaurant.md\/ro\/wp-json\/wp\/v2\/product\/5550","targetHints":{"allow":["GET"]}}],"collection":[{"href":"https:\/\/pegasrestaurant.md\/ro\/wp-json\/wp\/v2\/product"}],"about":[{"href":"https:\/\/pegasrestaurant.md\/ro\/wp-json\/wp\/v2\/types\/product"}],"version-history":[{"count":0,"href":"https:\/\/pegasrestaurant.md\/ro\/wp-json\/wp\/v2\/product\/5550\/revisions"}],"wp:featuredmedia":[{"embeddable":true,"href":"https:\/\/pegasrestaurant.md\/ro\/wp-json\/wp\/v2\/media\/8889"}],"wp:attachment":[{"href":"https:\/\/pegasrestaurant.md\/ro\/wp-json\/wp\/v2\/media?parent=5550"}],"wp:term":[{"taxonomy":"product_cat","embeddable":true,"href":"https:\/\/pegasrestaurant.md\/ro\/wp-json\/wp\/v2\/product_cat?post=5550"},{"taxonomy":"product_tag","embeddable":true,"href":"https:\/\/pegasrestaurant.md\/ro\/wp-json\/wp\/v2\/product_tag?post=5550"}],"curies":[{"name":"wp","href":"https:\/\/api.w.org\/{rel}","templated":true}]}}