{"id":5546,"date":"2021-04-22T16:25:07","date_gmt":"2021-04-22T13:25:07","guid":{"rendered":"https:\/\/dev.pegasrestaurant.md\/?post_type=product&#038;p=5546"},"modified":"2022-06-10T17:23:05","modified_gmt":"2022-06-10T14:23:05","slug":"bruschette-cu-vita-prajita","status":"publish","type":"product","link":"https:\/\/pegasrestaurant.md\/ro\/produs\/bruschette-cu-vita-prajita\/","title":{"rendered":"Bruschette cu vit\u0103 pr\u0103jit\u0103"},"content":{"rendered":"<p>Un aperitiv clasic italian care completeaz\u0103 un pahar de vin este bruschette cu steak de vit\u0103. Se preg\u0103te\u0219te din p\u00e2ine ciabatta, ulei de mu\u0219tar, ardei iute, steak de vit\u0103 \u0219i l\u0103stari tineri de verdea\u021b\u0103. Bruschetta poate fi comandat\u0103 online pe site-ul nostru.<\/p>\n","protected":false},"excerpt":{"rendered":"<p><span style=\"color: #c9ab81;\"><strong>Greutate:<\/strong><\/span> 1\/90 g<\/p>\n<p>&nbsp;<\/p>\n<p><span style=\"color: #c9ab81;\"><strong>Ingrediente:<\/strong><\/span> friptur\u0103 de vit\u0103, p\u00e2ine ciabatta, ulei de mu\u0219tar, ardei iute, l\u0103stari de verdea\u021b\u0103<\/p>\n","protected":false},"featured_media":8889,"template":"","meta":{"inline_featured_image":false},"product_cat":[111],"product_tag":[],"class_list":["post-5546","product","type-product","status-publish","has-post-thumbnail","hentry","product_cat-gustari"],"yoast_head":"<!-- This site is optimized with the Yoast SEO plugin v19.6.1 - https:\/\/yoast.com\/wordpress\/plugins\/seo\/ -->\n<title>Bruschette cu vit\u0103 pr\u0103jit\u0103 | Gust\u0103ri [\u0420\u0435\u0441\u0442\u043e\u0440\u0430\u043d Pegas]<\/title>\n<meta name=\"description\" content=\"Bruschett\u0103 clasic\u0103 italian\u0103 cu steak de vit\u0103. P\u00e2ine italian\u0103 autentic\u0103 ciabatta, l\u0103stari tineri de verdea\u021b\u0103, ulei de mu\u0219tar, ardei iute \u0219i steak de vit\u0103.\" \/>\n<meta name=\"robots\" content=\"index, follow, max-snippet:-1, max-image-preview:large, max-video-preview:-1\" \/>\n<link rel=\"canonical\" href=\"https:\/\/pegasrestaurant.md\/ro\/produs\/bruschette-cu-vita-prajita\/\" \/>\n<meta property=\"og:locale\" content=\"ro_RO\" \/>\n<meta property=\"og:type\" content=\"article\" \/>\n<meta property=\"og:title\" content=\"false\" \/>\n<meta property=\"og:description\" content=\"Bruschett\u0103 clasic\u0103 italian\u0103 cu steak de vit\u0103. P\u00e2ine italian\u0103 autentic\u0103 ciabatta, l\u0103stari tineri de verdea\u021b\u0103, ulei de mu\u0219tar, ardei iute \u0219i steak de vit\u0103.\" \/>\n<meta property=\"og:url\" content=\"https:\/\/pegasrestaurant.md\/ro\/produs\/bruschette-cu-vita-prajita\/\" \/>\n<meta property=\"og:site_name\" content=\"Pegas Terrace &amp; Restaurant\" \/>\n<meta property=\"article:modified_time\" content=\"2022-06-10T14:23:05+00:00\" \/>\n<meta property=\"og:image\" content=\"https:\/\/pegasrestaurant.md\/wp-content\/uploads\/2021\/04\/VP_0213.jpg\" \/>\n\t<meta property=\"og:image:width\" content=\"2500\" \/>\n\t<meta property=\"og:image:height\" content=\"2500\" \/>\n\t<meta property=\"og:image:type\" content=\"image\/jpeg\" \/>\n<meta name=\"twitter:card\" content=\"summary_large_image\" \/>\n<script type=\"application\/ld+json\" class=\"yoast-schema-graph\">{\"@context\":\"https:\/\/schema.org\",\"@graph\":[{\"@type\":\"WebPage\",\"@id\":\"https:\/\/pegasrestaurant.md\/ro\/produs\/bruschette-cu-vita-prajita\/\",\"url\":\"https:\/\/pegasrestaurant.md\/ro\/produs\/bruschette-cu-vita-prajita\/\",\"name\":\"Bruschette cu vit\u0103 pr\u0103jit\u0103 | Gust\u0103ri [\u0420\u0435\u0441\u0442\u043e\u0440\u0430\u043d Pegas]\",\"isPartOf\":{\"@id\":\"https:\/\/pegasrestaurant.md\/en\/#website\"},\"datePublished\":\"2021-04-22T13:25:07+00:00\",\"dateModified\":\"2022-06-10T14:23:05+00:00\",\"description\":\"Bruschett\u0103 clasic\u0103 italian\u0103 cu steak de vit\u0103. P\u00e2ine italian\u0103 autentic\u0103 ciabatta, l\u0103stari tineri de verdea\u021b\u0103, ulei de mu\u0219tar, ardei iute \u0219i steak de vit\u0103.\",\"breadcrumb\":{\"@id\":\"https:\/\/pegasrestaurant.md\/ro\/produs\/bruschette-cu-vita-prajita\/#breadcrumb\"},\"inLanguage\":\"ro-RO\",\"potentialAction\":[{\"@type\":\"ReadAction\",\"target\":[\"https:\/\/pegasrestaurant.md\/ro\/produs\/bruschette-cu-vita-prajita\/\"]}]},{\"@type\":\"BreadcrumbList\",\"@id\":\"https:\/\/pegasrestaurant.md\/ro\/produs\/bruschette-cu-vita-prajita\/#breadcrumb\",\"itemListElement\":[{\"@type\":\"ListItem\",\"position\":1,\"name\":\"\u0413\u043b\u0430\u0432\u043d\u0430\u044f \u0441\u0442\u0440\u0430\u043d\u0438\u0446\u0430\",\"item\":\"https:\/\/pegasrestaurant.md\/ro\/\"},{\"@type\":\"ListItem\",\"position\":2,\"name\":\"Comand\u0103 online\",\"item\":\"https:\/\/pegasrestaurant.md\/ro\/comanda-online\/\"},{\"@type\":\"ListItem\",\"position\":3,\"name\":\"Bruschette cu vit\u0103 pr\u0103jit\u0103\"}]},{\"@type\":\"WebSite\",\"@id\":\"https:\/\/pegasrestaurant.md\/en\/#website\",\"url\":\"https:\/\/pegasrestaurant.md\/en\/\",\"name\":\"Pegas Terrace &amp; Restaurant\",\"description\":\"\",\"potentialAction\":[{\"@type\":\"SearchAction\",\"target\":{\"@type\":\"EntryPoint\",\"urlTemplate\":\"https:\/\/pegasrestaurant.md\/en\/?s={search_term_string}\"},\"query-input\":\"required name=search_term_string\"}],\"inLanguage\":\"ro-RO\"}]}<\/script>\n<!-- \/ Yoast SEO plugin. -->","yoast_head_json":{"title":"Bruschette cu vit\u0103 pr\u0103jit\u0103 | Gust\u0103ri [\u0420\u0435\u0441\u0442\u043e\u0440\u0430\u043d Pegas]","description":"Bruschett\u0103 clasic\u0103 italian\u0103 cu steak de vit\u0103. P\u00e2ine italian\u0103 autentic\u0103 ciabatta, l\u0103stari tineri de verdea\u021b\u0103, ulei de mu\u0219tar, ardei iute \u0219i steak de vit\u0103.","robots":{"index":"index","follow":"follow","max-snippet":"max-snippet:-1","max-image-preview":"max-image-preview:large","max-video-preview":"max-video-preview:-1"},"canonical":"https:\/\/pegasrestaurant.md\/ro\/produs\/bruschette-cu-vita-prajita\/","og_locale":"ro_RO","og_type":"article","og_title":"false","og_description":"Bruschett\u0103 clasic\u0103 italian\u0103 cu steak de vit\u0103. P\u00e2ine italian\u0103 autentic\u0103 ciabatta, l\u0103stari tineri de verdea\u021b\u0103, ulei de mu\u0219tar, ardei iute \u0219i steak de vit\u0103.","og_url":"https:\/\/pegasrestaurant.md\/ro\/produs\/bruschette-cu-vita-prajita\/","og_site_name":"Pegas Terrace &amp; Restaurant","article_modified_time":"2022-06-10T14:23:05+00:00","og_image":[{"width":2500,"height":2500,"url":"https:\/\/pegasrestaurant.md\/wp-content\/uploads\/2021\/04\/VP_0213.jpg","type":"image\/jpeg"}],"twitter_card":"summary_large_image","schema":{"@context":"https:\/\/schema.org","@graph":[{"@type":"WebPage","@id":"https:\/\/pegasrestaurant.md\/ro\/produs\/bruschette-cu-vita-prajita\/","url":"https:\/\/pegasrestaurant.md\/ro\/produs\/bruschette-cu-vita-prajita\/","name":"Bruschette cu vit\u0103 pr\u0103jit\u0103 | Gust\u0103ri [\u0420\u0435\u0441\u0442\u043e\u0440\u0430\u043d Pegas]","isPartOf":{"@id":"https:\/\/pegasrestaurant.md\/en\/#website"},"datePublished":"2021-04-22T13:25:07+00:00","dateModified":"2022-06-10T14:23:05+00:00","description":"Bruschett\u0103 clasic\u0103 italian\u0103 cu steak de vit\u0103. P\u00e2ine italian\u0103 autentic\u0103 ciabatta, l\u0103stari tineri de verdea\u021b\u0103, ulei de mu\u0219tar, ardei iute \u0219i steak de vit\u0103.","breadcrumb":{"@id":"https:\/\/pegasrestaurant.md\/ro\/produs\/bruschette-cu-vita-prajita\/#breadcrumb"},"inLanguage":"ro-RO","potentialAction":[{"@type":"ReadAction","target":["https:\/\/pegasrestaurant.md\/ro\/produs\/bruschette-cu-vita-prajita\/"]}]},{"@type":"BreadcrumbList","@id":"https:\/\/pegasrestaurant.md\/ro\/produs\/bruschette-cu-vita-prajita\/#breadcrumb","itemListElement":[{"@type":"ListItem","position":1,"name":"\u0413\u043b\u0430\u0432\u043d\u0430\u044f \u0441\u0442\u0440\u0430\u043d\u0438\u0446\u0430","item":"https:\/\/pegasrestaurant.md\/ro\/"},{"@type":"ListItem","position":2,"name":"Comand\u0103 online","item":"https:\/\/pegasrestaurant.md\/ro\/comanda-online\/"},{"@type":"ListItem","position":3,"name":"Bruschette cu vit\u0103 pr\u0103jit\u0103"}]},{"@type":"WebSite","@id":"https:\/\/pegasrestaurant.md\/en\/#website","url":"https:\/\/pegasrestaurant.md\/en\/","name":"Pegas Terrace &amp; Restaurant","description":"","potentialAction":[{"@type":"SearchAction","target":{"@type":"EntryPoint","urlTemplate":"https:\/\/pegasrestaurant.md\/en\/?s={search_term_string}"},"query-input":"required name=search_term_string"}],"inLanguage":"ro-RO"}]}},"_links":{"self":[{"href":"https:\/\/pegasrestaurant.md\/ro\/wp-json\/wp\/v2\/product\/5546","targetHints":{"allow":["GET"]}}],"collection":[{"href":"https:\/\/pegasrestaurant.md\/ro\/wp-json\/wp\/v2\/product"}],"about":[{"href":"https:\/\/pegasrestaurant.md\/ro\/wp-json\/wp\/v2\/types\/product"}],"version-history":[{"count":0,"href":"https:\/\/pegasrestaurant.md\/ro\/wp-json\/wp\/v2\/product\/5546\/revisions"}],"wp:featuredmedia":[{"embeddable":true,"href":"https:\/\/pegasrestaurant.md\/ro\/wp-json\/wp\/v2\/media\/8889"}],"wp:attachment":[{"href":"https:\/\/pegasrestaurant.md\/ro\/wp-json\/wp\/v2\/media?parent=5546"}],"wp:term":[{"taxonomy":"product_cat","embeddable":true,"href":"https:\/\/pegasrestaurant.md\/ro\/wp-json\/wp\/v2\/product_cat?post=5546"},{"taxonomy":"product_tag","embeddable":true,"href":"https:\/\/pegasrestaurant.md\/ro\/wp-json\/wp\/v2\/product_tag?post=5546"}],"curies":[{"name":"wp","href":"https:\/\/api.w.org\/{rel}","templated":true}]}}