{"id":5542,"date":"2021-04-22T16:25:06","date_gmt":"2021-04-22T13:25:06","guid":{"rendered":"https:\/\/dev.pegasrestaurant.md\/?post_type=product&#038;p=5542"},"modified":"2023-05-26T10:17:45","modified_gmt":"2023-05-26T07:17:45","slug":"bruschette-cu-somon","status":"publish","type":"product","link":"https:\/\/pegasrestaurant.md\/ro\/produs\/bruschette-cu-somon\/","title":{"rendered":"Bruschette cu somon"},"content":{"rendered":"<p>Un aperitiv \u00eenainte de masa principal\u0103 \u00een cele mai bune tradi\u021bii din buc\u0103t\u0103ria italian\u0103 este o bruschette. Servim toasturi crocante ciabatta cu somon, friptur\u0103 de vit\u0103 sau ardei gras \u0219i ca\u0219caval de c\u0103pri\u021b\u0103. Fiecare bruschette este unic\u0103 \u00een felul s\u0103u \u0219i merit\u0103 s\u0103 o gusta\u021bi.<\/p>\n","protected":false},"excerpt":{"rendered":"<p><span style=\"color: #c9ab81;\"><strong>Greutate:<\/strong><\/span> 1\/100 g<\/p>\n<p>&nbsp;<\/p>\n<p><span style=\"color: #c9ab81;\"><strong>Ingrediente: <\/strong><\/span>somon s\u0103rat, p\u00e2ine ciabatta, br\u00e2nz\u0103 crem\u0103 cu grepfrut, capperi, ierburi<\/p>\n","protected":false},"featured_media":8889,"template":"","meta":{"inline_featured_image":false},"product_cat":[111],"product_tag":[],"class_list":["post-5542","product","type-product","status-publish","has-post-thumbnail","hentry","product_cat-gustari"],"yoast_head":"<!-- This site is optimized with the Yoast SEO plugin v19.6.1 - https:\/\/yoast.com\/wordpress\/plugins\/seo\/ -->\n<title>Bruschette cu somon | Gust\u0103ri la domiciliu de la restaurantul Pegas<\/title>\n<meta name=\"description\" content=\"Comanda\u021bi gust\u0103ri italiene cu livrare la domiciliu de la restaurantul Pegas - bruschette aromate cu somon. P\u00e2ine ciabatta, somon, crem\u0103 de ca\u0219caval.\" \/>\n<meta name=\"robots\" content=\"index, follow, max-snippet:-1, max-image-preview:large, max-video-preview:-1\" \/>\n<link rel=\"canonical\" href=\"https:\/\/pegasrestaurant.md\/ro\/produs\/bruschette-cu-somon\/\" \/>\n<meta property=\"og:locale\" content=\"ro_RO\" \/>\n<meta property=\"og:type\" content=\"article\" \/>\n<meta property=\"og:title\" content=\"Bruschette cu somon | Gust\u0103ri la domiciliu de la restaurantul Pegas\" \/>\n<meta property=\"og:description\" content=\"Comanda\u021bi gust\u0103ri italiene cu livrare la domiciliu de la restaurantul Pegas - bruschette aromate cu somon. P\u00e2ine ciabatta, somon, crem\u0103 de ca\u0219caval.\" \/>\n<meta property=\"og:url\" content=\"https:\/\/pegasrestaurant.md\/ro\/produs\/bruschette-cu-somon\/\" \/>\n<meta property=\"og:site_name\" content=\"Pegas Terrace &amp; Restaurant\" \/>\n<meta property=\"article:modified_time\" content=\"2023-05-26T07:17:45+00:00\" \/>\n<meta property=\"og:image\" content=\"https:\/\/pegasrestaurant.md\/wp-content\/uploads\/2021\/04\/VP_0213.jpg\" \/>\n\t<meta property=\"og:image:width\" content=\"2500\" \/>\n\t<meta property=\"og:image:height\" content=\"2500\" \/>\n\t<meta property=\"og:image:type\" content=\"image\/jpeg\" \/>\n<meta name=\"twitter:card\" content=\"summary_large_image\" \/>\n<script type=\"application\/ld+json\" class=\"yoast-schema-graph\">{\"@context\":\"https:\/\/schema.org\",\"@graph\":[{\"@type\":\"WebPage\",\"@id\":\"https:\/\/pegasrestaurant.md\/ro\/produs\/bruschette-cu-somon\/\",\"url\":\"https:\/\/pegasrestaurant.md\/ro\/produs\/bruschette-cu-somon\/\",\"name\":\"Bruschette cu somon | Gust\u0103ri la domiciliu de la restaurantul Pegas\",\"isPartOf\":{\"@id\":\"https:\/\/pegasrestaurant.md\/en\/#website\"},\"datePublished\":\"2021-04-22T13:25:06+00:00\",\"dateModified\":\"2023-05-26T07:17:45+00:00\",\"description\":\"Comanda\u021bi gust\u0103ri italiene cu livrare la domiciliu de la restaurantul Pegas - bruschette aromate cu somon. P\u00e2ine ciabatta, somon, crem\u0103 de ca\u0219caval.\",\"breadcrumb\":{\"@id\":\"https:\/\/pegasrestaurant.md\/ro\/produs\/bruschette-cu-somon\/#breadcrumb\"},\"inLanguage\":\"ro-RO\",\"potentialAction\":[{\"@type\":\"ReadAction\",\"target\":[\"https:\/\/pegasrestaurant.md\/ro\/produs\/bruschette-cu-somon\/\"]}]},{\"@type\":\"BreadcrumbList\",\"@id\":\"https:\/\/pegasrestaurant.md\/ro\/produs\/bruschette-cu-somon\/#breadcrumb\",\"itemListElement\":[{\"@type\":\"ListItem\",\"position\":1,\"name\":\"\u0413\u043b\u0430\u0432\u043d\u0430\u044f \u0441\u0442\u0440\u0430\u043d\u0438\u0446\u0430\",\"item\":\"https:\/\/pegasrestaurant.md\/ro\/\"},{\"@type\":\"ListItem\",\"position\":2,\"name\":\"Comand\u0103 online\",\"item\":\"https:\/\/pegasrestaurant.md\/ro\/comanda-online\/\"},{\"@type\":\"ListItem\",\"position\":3,\"name\":\"Bruschette cu somon\"}]},{\"@type\":\"WebSite\",\"@id\":\"https:\/\/pegasrestaurant.md\/en\/#website\",\"url\":\"https:\/\/pegasrestaurant.md\/en\/\",\"name\":\"Pegas Terrace &amp; Restaurant\",\"description\":\"\",\"potentialAction\":[{\"@type\":\"SearchAction\",\"target\":{\"@type\":\"EntryPoint\",\"urlTemplate\":\"https:\/\/pegasrestaurant.md\/en\/?s={search_term_string}\"},\"query-input\":\"required name=search_term_string\"}],\"inLanguage\":\"ro-RO\"}]}<\/script>\n<!-- \/ Yoast SEO plugin. -->","yoast_head_json":{"title":"Bruschette cu somon | Gust\u0103ri la domiciliu de la restaurantul Pegas","description":"Comanda\u021bi gust\u0103ri italiene cu livrare la domiciliu de la restaurantul Pegas - bruschette aromate cu somon. P\u00e2ine ciabatta, somon, crem\u0103 de ca\u0219caval.","robots":{"index":"index","follow":"follow","max-snippet":"max-snippet:-1","max-image-preview":"max-image-preview:large","max-video-preview":"max-video-preview:-1"},"canonical":"https:\/\/pegasrestaurant.md\/ro\/produs\/bruschette-cu-somon\/","og_locale":"ro_RO","og_type":"article","og_title":"Bruschette cu somon | Gust\u0103ri la domiciliu de la restaurantul Pegas","og_description":"Comanda\u021bi gust\u0103ri italiene cu livrare la domiciliu de la restaurantul Pegas - bruschette aromate cu somon. P\u00e2ine ciabatta, somon, crem\u0103 de ca\u0219caval.","og_url":"https:\/\/pegasrestaurant.md\/ro\/produs\/bruschette-cu-somon\/","og_site_name":"Pegas Terrace &amp; Restaurant","article_modified_time":"2023-05-26T07:17:45+00:00","og_image":[{"width":2500,"height":2500,"url":"https:\/\/pegasrestaurant.md\/wp-content\/uploads\/2021\/04\/VP_0213.jpg","type":"image\/jpeg"}],"twitter_card":"summary_large_image","schema":{"@context":"https:\/\/schema.org","@graph":[{"@type":"WebPage","@id":"https:\/\/pegasrestaurant.md\/ro\/produs\/bruschette-cu-somon\/","url":"https:\/\/pegasrestaurant.md\/ro\/produs\/bruschette-cu-somon\/","name":"Bruschette cu somon | Gust\u0103ri la domiciliu de la restaurantul Pegas","isPartOf":{"@id":"https:\/\/pegasrestaurant.md\/en\/#website"},"datePublished":"2021-04-22T13:25:06+00:00","dateModified":"2023-05-26T07:17:45+00:00","description":"Comanda\u021bi gust\u0103ri italiene cu livrare la domiciliu de la restaurantul Pegas - bruschette aromate cu somon. P\u00e2ine ciabatta, somon, crem\u0103 de ca\u0219caval.","breadcrumb":{"@id":"https:\/\/pegasrestaurant.md\/ro\/produs\/bruschette-cu-somon\/#breadcrumb"},"inLanguage":"ro-RO","potentialAction":[{"@type":"ReadAction","target":["https:\/\/pegasrestaurant.md\/ro\/produs\/bruschette-cu-somon\/"]}]},{"@type":"BreadcrumbList","@id":"https:\/\/pegasrestaurant.md\/ro\/produs\/bruschette-cu-somon\/#breadcrumb","itemListElement":[{"@type":"ListItem","position":1,"name":"\u0413\u043b\u0430\u0432\u043d\u0430\u044f \u0441\u0442\u0440\u0430\u043d\u0438\u0446\u0430","item":"https:\/\/pegasrestaurant.md\/ro\/"},{"@type":"ListItem","position":2,"name":"Comand\u0103 online","item":"https:\/\/pegasrestaurant.md\/ro\/comanda-online\/"},{"@type":"ListItem","position":3,"name":"Bruschette cu somon"}]},{"@type":"WebSite","@id":"https:\/\/pegasrestaurant.md\/en\/#website","url":"https:\/\/pegasrestaurant.md\/en\/","name":"Pegas Terrace &amp; Restaurant","description":"","potentialAction":[{"@type":"SearchAction","target":{"@type":"EntryPoint","urlTemplate":"https:\/\/pegasrestaurant.md\/en\/?s={search_term_string}"},"query-input":"required name=search_term_string"}],"inLanguage":"ro-RO"}]}},"_links":{"self":[{"href":"https:\/\/pegasrestaurant.md\/ro\/wp-json\/wp\/v2\/product\/5542","targetHints":{"allow":["GET"]}}],"collection":[{"href":"https:\/\/pegasrestaurant.md\/ro\/wp-json\/wp\/v2\/product"}],"about":[{"href":"https:\/\/pegasrestaurant.md\/ro\/wp-json\/wp\/v2\/types\/product"}],"version-history":[{"count":0,"href":"https:\/\/pegasrestaurant.md\/ro\/wp-json\/wp\/v2\/product\/5542\/revisions"}],"wp:featuredmedia":[{"embeddable":true,"href":"https:\/\/pegasrestaurant.md\/ro\/wp-json\/wp\/v2\/media\/8889"}],"wp:attachment":[{"href":"https:\/\/pegasrestaurant.md\/ro\/wp-json\/wp\/v2\/media?parent=5542"}],"wp:term":[{"taxonomy":"product_cat","embeddable":true,"href":"https:\/\/pegasrestaurant.md\/ro\/wp-json\/wp\/v2\/product_cat?post=5542"},{"taxonomy":"product_tag","embeddable":true,"href":"https:\/\/pegasrestaurant.md\/ro\/wp-json\/wp\/v2\/product_tag?post=5542"}],"curies":[{"name":"wp","href":"https:\/\/api.w.org\/{rel}","templated":true}]}}