{"id":5530,"date":"2021-04-22T16:25:04","date_gmt":"2021-04-22T13:25:04","guid":{"rendered":"https:\/\/dev.pegasrestaurant.md\/?post_type=product&#038;p=5530"},"modified":"2022-06-10T17:23:06","modified_gmt":"2022-06-10T14:23:06","slug":"platou-de-carne-cu-sos-tonnato","status":"publish","type":"product","link":"https:\/\/pegasrestaurant.md\/ro\/produs\/platou-de-carne-cu-sos-tonnato\/","title":{"rendered":"Platou de carne cu sos Tonnato"},"content":{"rendered":"<p>Un aperitiv clasic, care v\u0103 va \u00eenveseli seara cu un pahar de vin ro\u0219u sau bere. Acesta combin\u0103 carnea de vit\u0103 suculent\u0103, carnea delicioas\u0103 fiart\u0103 de porc, ardeiul iute, amestecul de salate \u0219i sosul picant Vitello Tonnato<\/p>\n","protected":false},"excerpt":{"rendered":"<p><span style=\"color: #c9ab81;\"><strong>Greutate:<\/strong><\/span> 1\/300 g<\/p>\n<p>&nbsp;<\/p>\n<p><span style=\"color: #c9ab81;\"><strong>Ingrediente:<\/strong><\/span> steak de vit\u0103 pr\u0103jit\u0103, carne de porc fiart\u0103, sos Vitello Tonnato, amestec de salate, nuci, ardei iute<\/p>\n","protected":false},"featured_media":5559,"template":"","meta":{"inline_featured_image":false},"product_cat":[111],"product_tag":[],"class_list":["post-5530","product","type-product","status-publish","has-post-thumbnail","hentry","product_cat-gustari"],"yoast_head":"<!-- This site is optimized with the Yoast SEO plugin v19.6.1 - https:\/\/yoast.com\/wordpress\/plugins\/seo\/ -->\n<title>Platou de carne cu sos Tonnato | Cele mai bune aperitive Pegas [2020]<\/title>\n<meta name=\"description\" content=\"Gustare de la buc\u0103tarul chef Pegas \u2013 platou de carne. Carne de vit\u0103 suculent\u0103, carne de porc fiart\u0103, sos Tonnato, amestec de salate \u0219i chili. 150 MDL.\" \/>\n<meta name=\"robots\" content=\"index, follow, max-snippet:-1, max-image-preview:large, max-video-preview:-1\" \/>\n<link rel=\"canonical\" href=\"https:\/\/pegasrestaurant.md\/ro\/produs\/platou-de-carne-cu-sos-tonnato\/\" \/>\n<meta property=\"og:locale\" content=\"ro_RO\" \/>\n<meta property=\"og:type\" content=\"article\" \/>\n<meta property=\"og:title\" content=\"Platou de carne cu sos Tonnato | Cele mai bune aperitive Pegas [2020]\" \/>\n<meta property=\"og:description\" content=\"Gustare de la buc\u0103tarul chef Pegas \u2013 platou de carne. Carne de vit\u0103 suculent\u0103, carne de porc fiart\u0103, sos Tonnato, amestec de salate \u0219i chili. 150 MDL.\" \/>\n<meta property=\"og:url\" content=\"https:\/\/pegasrestaurant.md\/ro\/produs\/platou-de-carne-cu-sos-tonnato\/\" \/>\n<meta property=\"og:site_name\" content=\"Pegas Terrace &amp; Restaurant\" \/>\n<meta property=\"article:modified_time\" content=\"2022-06-10T14:23:06+00:00\" \/>\n<meta property=\"og:image\" content=\"https:\/\/pegasrestaurant.md\/wp-content\/uploads\/2021\/04\/7.jpg\" \/>\n\t<meta property=\"og:image:width\" content=\"2500\" \/>\n\t<meta property=\"og:image:height\" content=\"2500\" \/>\n\t<meta property=\"og:image:type\" content=\"image\/jpeg\" \/>\n<meta name=\"twitter:card\" content=\"summary_large_image\" \/>\n<script type=\"application\/ld+json\" class=\"yoast-schema-graph\">{\"@context\":\"https:\/\/schema.org\",\"@graph\":[{\"@type\":\"WebPage\",\"@id\":\"https:\/\/pegasrestaurant.md\/ro\/produs\/platou-de-carne-cu-sos-tonnato\/\",\"url\":\"https:\/\/pegasrestaurant.md\/ro\/produs\/platou-de-carne-cu-sos-tonnato\/\",\"name\":\"Platou de carne cu sos Tonnato | Cele mai bune aperitive Pegas [2020]\",\"isPartOf\":{\"@id\":\"https:\/\/pegasrestaurant.md\/en\/#website\"},\"datePublished\":\"2021-04-22T13:25:04+00:00\",\"dateModified\":\"2022-06-10T14:23:06+00:00\",\"description\":\"Gustare de la buc\u0103tarul chef Pegas \u2013 platou de carne. Carne de vit\u0103 suculent\u0103, carne de porc fiart\u0103, sos Tonnato, amestec de salate \u0219i chili. 150 MDL.\",\"breadcrumb\":{\"@id\":\"https:\/\/pegasrestaurant.md\/ro\/produs\/platou-de-carne-cu-sos-tonnato\/#breadcrumb\"},\"inLanguage\":\"ro-RO\",\"potentialAction\":[{\"@type\":\"ReadAction\",\"target\":[\"https:\/\/pegasrestaurant.md\/ro\/produs\/platou-de-carne-cu-sos-tonnato\/\"]}]},{\"@type\":\"BreadcrumbList\",\"@id\":\"https:\/\/pegasrestaurant.md\/ro\/produs\/platou-de-carne-cu-sos-tonnato\/#breadcrumb\",\"itemListElement\":[{\"@type\":\"ListItem\",\"position\":1,\"name\":\"\u0413\u043b\u0430\u0432\u043d\u0430\u044f \u0441\u0442\u0440\u0430\u043d\u0438\u0446\u0430\",\"item\":\"https:\/\/pegasrestaurant.md\/ro\/\"},{\"@type\":\"ListItem\",\"position\":2,\"name\":\"Comand\u0103 online\",\"item\":\"https:\/\/pegasrestaurant.md\/ro\/comanda-online\/\"},{\"@type\":\"ListItem\",\"position\":3,\"name\":\"Platou de carne cu sos Tonnato\"}]},{\"@type\":\"WebSite\",\"@id\":\"https:\/\/pegasrestaurant.md\/en\/#website\",\"url\":\"https:\/\/pegasrestaurant.md\/en\/\",\"name\":\"Pegas Terrace &amp; Restaurant\",\"description\":\"\",\"potentialAction\":[{\"@type\":\"SearchAction\",\"target\":{\"@type\":\"EntryPoint\",\"urlTemplate\":\"https:\/\/pegasrestaurant.md\/en\/?s={search_term_string}\"},\"query-input\":\"required name=search_term_string\"}],\"inLanguage\":\"ro-RO\"}]}<\/script>\n<!-- \/ Yoast SEO plugin. -->","yoast_head_json":{"title":"Platou de carne cu sos Tonnato | Cele mai bune aperitive Pegas [2020]","description":"Gustare de la buc\u0103tarul chef Pegas \u2013 platou de carne. Carne de vit\u0103 suculent\u0103, carne de porc fiart\u0103, sos Tonnato, amestec de salate \u0219i chili. 150 MDL.","robots":{"index":"index","follow":"follow","max-snippet":"max-snippet:-1","max-image-preview":"max-image-preview:large","max-video-preview":"max-video-preview:-1"},"canonical":"https:\/\/pegasrestaurant.md\/ro\/produs\/platou-de-carne-cu-sos-tonnato\/","og_locale":"ro_RO","og_type":"article","og_title":"Platou de carne cu sos Tonnato | Cele mai bune aperitive Pegas [2020]","og_description":"Gustare de la buc\u0103tarul chef Pegas \u2013 platou de carne. Carne de vit\u0103 suculent\u0103, carne de porc fiart\u0103, sos Tonnato, amestec de salate \u0219i chili. 150 MDL.","og_url":"https:\/\/pegasrestaurant.md\/ro\/produs\/platou-de-carne-cu-sos-tonnato\/","og_site_name":"Pegas Terrace &amp; Restaurant","article_modified_time":"2022-06-10T14:23:06+00:00","og_image":[{"width":2500,"height":2500,"url":"https:\/\/pegasrestaurant.md\/wp-content\/uploads\/2021\/04\/7.jpg","type":"image\/jpeg"}],"twitter_card":"summary_large_image","schema":{"@context":"https:\/\/schema.org","@graph":[{"@type":"WebPage","@id":"https:\/\/pegasrestaurant.md\/ro\/produs\/platou-de-carne-cu-sos-tonnato\/","url":"https:\/\/pegasrestaurant.md\/ro\/produs\/platou-de-carne-cu-sos-tonnato\/","name":"Platou de carne cu sos Tonnato | Cele mai bune aperitive Pegas [2020]","isPartOf":{"@id":"https:\/\/pegasrestaurant.md\/en\/#website"},"datePublished":"2021-04-22T13:25:04+00:00","dateModified":"2022-06-10T14:23:06+00:00","description":"Gustare de la buc\u0103tarul chef Pegas \u2013 platou de carne. Carne de vit\u0103 suculent\u0103, carne de porc fiart\u0103, sos Tonnato, amestec de salate \u0219i chili. 150 MDL.","breadcrumb":{"@id":"https:\/\/pegasrestaurant.md\/ro\/produs\/platou-de-carne-cu-sos-tonnato\/#breadcrumb"},"inLanguage":"ro-RO","potentialAction":[{"@type":"ReadAction","target":["https:\/\/pegasrestaurant.md\/ro\/produs\/platou-de-carne-cu-sos-tonnato\/"]}]},{"@type":"BreadcrumbList","@id":"https:\/\/pegasrestaurant.md\/ro\/produs\/platou-de-carne-cu-sos-tonnato\/#breadcrumb","itemListElement":[{"@type":"ListItem","position":1,"name":"\u0413\u043b\u0430\u0432\u043d\u0430\u044f \u0441\u0442\u0440\u0430\u043d\u0438\u0446\u0430","item":"https:\/\/pegasrestaurant.md\/ro\/"},{"@type":"ListItem","position":2,"name":"Comand\u0103 online","item":"https:\/\/pegasrestaurant.md\/ro\/comanda-online\/"},{"@type":"ListItem","position":3,"name":"Platou de carne cu sos Tonnato"}]},{"@type":"WebSite","@id":"https:\/\/pegasrestaurant.md\/en\/#website","url":"https:\/\/pegasrestaurant.md\/en\/","name":"Pegas Terrace &amp; Restaurant","description":"","potentialAction":[{"@type":"SearchAction","target":{"@type":"EntryPoint","urlTemplate":"https:\/\/pegasrestaurant.md\/en\/?s={search_term_string}"},"query-input":"required name=search_term_string"}],"inLanguage":"ro-RO"}]}},"_links":{"self":[{"href":"https:\/\/pegasrestaurant.md\/ro\/wp-json\/wp\/v2\/product\/5530","targetHints":{"allow":["GET"]}}],"collection":[{"href":"https:\/\/pegasrestaurant.md\/ro\/wp-json\/wp\/v2\/product"}],"about":[{"href":"https:\/\/pegasrestaurant.md\/ro\/wp-json\/wp\/v2\/types\/product"}],"version-history":[{"count":0,"href":"https:\/\/pegasrestaurant.md\/ro\/wp-json\/wp\/v2\/product\/5530\/revisions"}],"wp:featuredmedia":[{"embeddable":true,"href":"https:\/\/pegasrestaurant.md\/ro\/wp-json\/wp\/v2\/media\/5559"}],"wp:attachment":[{"href":"https:\/\/pegasrestaurant.md\/ro\/wp-json\/wp\/v2\/media?parent=5530"}],"wp:term":[{"taxonomy":"product_cat","embeddable":true,"href":"https:\/\/pegasrestaurant.md\/ro\/wp-json\/wp\/v2\/product_cat?post=5530"},{"taxonomy":"product_tag","embeddable":true,"href":"https:\/\/pegasrestaurant.md\/ro\/wp-json\/wp\/v2\/product_tag?post=5530"}],"curies":[{"name":"wp","href":"https:\/\/api.w.org\/{rel}","templated":true}]}}