{"id":5506,"date":"2021-04-22T16:24:35","date_gmt":"2021-04-22T13:24:35","guid":{"rendered":"https:\/\/dev.pegasrestaurant.md\/?post_type=product&#038;p=5506"},"modified":"2023-05-26T10:24:30","modified_gmt":"2023-05-26T07:24:30","slug":"oua-benedict-cu-spanac-si-somon","status":"publish","type":"product","link":"https:\/\/pegasrestaurant.md\/ro\/produs\/oua-benedict-cu-spanac-si-somon\/","title":{"rendered":"Ou\u0103 Benedict cu spanac \u0219i somon"},"content":{"rendered":"<p>Micul dejun aristocratic \u0219i incredibil de delicios Benedict de la Pegas Terrace &amp; Restaurant \u2013 un ou fraged, somon \u0219i spanac asezonat cu sos olandez. Cump\u0103r\u0103m toate ingredientele de la furnizori de \u00eencredere, astfel \u00eenc\u00e2t s\u0103 putem garanta acela\u0219i gust al felului de m\u00e2ncare, indiferent de c\u00e2te ori \u00eel comanda\u021bi. Bon appetit!<\/p>\n","protected":false},"excerpt":{"rendered":"<p><span style=\"color: #c9ab81;\"><strong>Greutate:<\/strong><\/span> 280 g<\/p>\n<p>&nbsp;<\/p>\n<p><span style=\"color: #c9ab81;\"><strong>Ingrediente:<\/strong><\/span> ou, spanac, somon, sos olandez<\/p>\n","protected":false},"featured_media":5522,"template":"","meta":{"inline_featured_image":false},"product_cat":[88],"product_tag":[],"class_list":["post-5506","product","type-product","status-publish","has-post-thumbnail","hentry","product_cat-mic-dejun"],"yoast_head":"<!-- This site is optimized with the Yoast SEO plugin v19.6.1 - https:\/\/yoast.com\/wordpress\/plugins\/seo\/ -->\n<title>Ou\u0103 Benedict cu spanac \u0219i somon | Pegas Terrace &amp; Restaurant<\/title>\n<meta name=\"description\" content=\"Mic dejun select, gustos \u0219i hr\u0103nitor: ou\u0103 Benedict cu spanac \u0219i somon. Cu sos olandez. Comanda\u021bi micul dejun acas\u0103. Pre\u021b 130 MDL.\" \/>\n<meta name=\"robots\" content=\"index, follow, max-snippet:-1, max-image-preview:large, max-video-preview:-1\" \/>\n<link rel=\"canonical\" href=\"https:\/\/pegasrestaurant.md\/ro\/produs\/oua-benedict-cu-spanac-si-somon\/\" \/>\n<meta property=\"og:locale\" content=\"ro_RO\" \/>\n<meta property=\"og:type\" content=\"article\" \/>\n<meta property=\"og:title\" content=\"Ou\u0103 Benedict cu spanac \u0219i somon | Pegas Terrace &amp; Restaurant\" \/>\n<meta property=\"og:description\" content=\"-1374\" \/>\n<meta property=\"og:url\" content=\"https:\/\/pegasrestaurant.md\/ro\/produs\/oua-benedict-cu-spanac-si-somon\/\" \/>\n<meta property=\"og:site_name\" content=\"Pegas Terrace &amp; Restaurant\" \/>\n<meta property=\"article:modified_time\" content=\"2023-05-26T07:24:30+00:00\" \/>\n<meta name=\"twitter:card\" content=\"summary_large_image\" \/>\n<meta name=\"twitter:image\" content=\"https:\/\/pegasrestaurant.md\/wp-content\/uploads\/2021\/04\/30.jpg\" \/>\n<meta name=\"twitter:label1\" content=\"Timp estimat pentru citire\" \/>\n\t<meta name=\"twitter:data1\" content=\"1 minut\" \/>\n<script type=\"application\/ld+json\" class=\"yoast-schema-graph\">{\"@context\":\"https:\/\/schema.org\",\"@graph\":[{\"@type\":\"WebPage\",\"@id\":\"https:\/\/pegasrestaurant.md\/ro\/produs\/oua-benedict-cu-spanac-si-somon\/\",\"url\":\"https:\/\/pegasrestaurant.md\/ro\/produs\/oua-benedict-cu-spanac-si-somon\/\",\"name\":\"Ou\u0103 Benedict cu spanac \u0219i somon | Pegas Terrace & Restaurant\",\"isPartOf\":{\"@id\":\"https:\/\/pegasrestaurant.md\/en\/#website\"},\"datePublished\":\"2021-04-22T13:24:35+00:00\",\"dateModified\":\"2023-05-26T07:24:30+00:00\",\"description\":\"Mic dejun select, gustos \u0219i hr\u0103nitor: ou\u0103 Benedict cu spanac \u0219i somon. Cu sos olandez. Comanda\u021bi micul dejun acas\u0103. Pre\u021b 130 MDL.\",\"breadcrumb\":{\"@id\":\"https:\/\/pegasrestaurant.md\/ro\/produs\/oua-benedict-cu-spanac-si-somon\/#breadcrumb\"},\"inLanguage\":\"ro-RO\",\"potentialAction\":[{\"@type\":\"ReadAction\",\"target\":[\"https:\/\/pegasrestaurant.md\/ro\/produs\/oua-benedict-cu-spanac-si-somon\/\"]}]},{\"@type\":\"BreadcrumbList\",\"@id\":\"https:\/\/pegasrestaurant.md\/ro\/produs\/oua-benedict-cu-spanac-si-somon\/#breadcrumb\",\"itemListElement\":[{\"@type\":\"ListItem\",\"position\":1,\"name\":\"\u0413\u043b\u0430\u0432\u043d\u0430\u044f \u0441\u0442\u0440\u0430\u043d\u0438\u0446\u0430\",\"item\":\"https:\/\/pegasrestaurant.md\/ro\/\"},{\"@type\":\"ListItem\",\"position\":2,\"name\":\"Comand\u0103 online\",\"item\":\"https:\/\/pegasrestaurant.md\/ro\/comanda-online\/\"},{\"@type\":\"ListItem\",\"position\":3,\"name\":\"Ou\u0103 Benedict cu spanac \u0219i somon\"}]},{\"@type\":\"WebSite\",\"@id\":\"https:\/\/pegasrestaurant.md\/en\/#website\",\"url\":\"https:\/\/pegasrestaurant.md\/en\/\",\"name\":\"Pegas Terrace &amp; Restaurant\",\"description\":\"\",\"potentialAction\":[{\"@type\":\"SearchAction\",\"target\":{\"@type\":\"EntryPoint\",\"urlTemplate\":\"https:\/\/pegasrestaurant.md\/en\/?s={search_term_string}\"},\"query-input\":\"required name=search_term_string\"}],\"inLanguage\":\"ro-RO\"}]}<\/script>\n<!-- \/ Yoast SEO plugin. -->","yoast_head_json":{"title":"Ou\u0103 Benedict cu spanac \u0219i somon | Pegas Terrace & Restaurant","description":"Mic dejun select, gustos \u0219i hr\u0103nitor: ou\u0103 Benedict cu spanac \u0219i somon. Cu sos olandez. Comanda\u021bi micul dejun acas\u0103. Pre\u021b 130 MDL.","robots":{"index":"index","follow":"follow","max-snippet":"max-snippet:-1","max-image-preview":"max-image-preview:large","max-video-preview":"max-video-preview:-1"},"canonical":"https:\/\/pegasrestaurant.md\/ro\/produs\/oua-benedict-cu-spanac-si-somon\/","og_locale":"ro_RO","og_type":"article","og_title":"Ou\u0103 Benedict cu spanac \u0219i somon | Pegas Terrace & Restaurant","og_description":"-1374","og_url":"https:\/\/pegasrestaurant.md\/ro\/produs\/oua-benedict-cu-spanac-si-somon\/","og_site_name":"Pegas Terrace &amp; Restaurant","article_modified_time":"2023-05-26T07:24:30+00:00","twitter_card":"summary_large_image","twitter_image":"https:\/\/pegasrestaurant.md\/wp-content\/uploads\/2021\/04\/30.jpg","twitter_misc":{"Timp estimat pentru citire":"1 minut"},"schema":{"@context":"https:\/\/schema.org","@graph":[{"@type":"WebPage","@id":"https:\/\/pegasrestaurant.md\/ro\/produs\/oua-benedict-cu-spanac-si-somon\/","url":"https:\/\/pegasrestaurant.md\/ro\/produs\/oua-benedict-cu-spanac-si-somon\/","name":"Ou\u0103 Benedict cu spanac \u0219i somon | Pegas Terrace & Restaurant","isPartOf":{"@id":"https:\/\/pegasrestaurant.md\/en\/#website"},"datePublished":"2021-04-22T13:24:35+00:00","dateModified":"2023-05-26T07:24:30+00:00","description":"Mic dejun select, gustos \u0219i hr\u0103nitor: ou\u0103 Benedict cu spanac \u0219i somon. Cu sos olandez. Comanda\u021bi micul dejun acas\u0103. Pre\u021b 130 MDL.","breadcrumb":{"@id":"https:\/\/pegasrestaurant.md\/ro\/produs\/oua-benedict-cu-spanac-si-somon\/#breadcrumb"},"inLanguage":"ro-RO","potentialAction":[{"@type":"ReadAction","target":["https:\/\/pegasrestaurant.md\/ro\/produs\/oua-benedict-cu-spanac-si-somon\/"]}]},{"@type":"BreadcrumbList","@id":"https:\/\/pegasrestaurant.md\/ro\/produs\/oua-benedict-cu-spanac-si-somon\/#breadcrumb","itemListElement":[{"@type":"ListItem","position":1,"name":"\u0413\u043b\u0430\u0432\u043d\u0430\u044f \u0441\u0442\u0440\u0430\u043d\u0438\u0446\u0430","item":"https:\/\/pegasrestaurant.md\/ro\/"},{"@type":"ListItem","position":2,"name":"Comand\u0103 online","item":"https:\/\/pegasrestaurant.md\/ro\/comanda-online\/"},{"@type":"ListItem","position":3,"name":"Ou\u0103 Benedict cu spanac \u0219i somon"}]},{"@type":"WebSite","@id":"https:\/\/pegasrestaurant.md\/en\/#website","url":"https:\/\/pegasrestaurant.md\/en\/","name":"Pegas Terrace &amp; Restaurant","description":"","potentialAction":[{"@type":"SearchAction","target":{"@type":"EntryPoint","urlTemplate":"https:\/\/pegasrestaurant.md\/en\/?s={search_term_string}"},"query-input":"required name=search_term_string"}],"inLanguage":"ro-RO"}]}},"_links":{"self":[{"href":"https:\/\/pegasrestaurant.md\/ro\/wp-json\/wp\/v2\/product\/5506","targetHints":{"allow":["GET"]}}],"collection":[{"href":"https:\/\/pegasrestaurant.md\/ro\/wp-json\/wp\/v2\/product"}],"about":[{"href":"https:\/\/pegasrestaurant.md\/ro\/wp-json\/wp\/v2\/types\/product"}],"version-history":[{"count":0,"href":"https:\/\/pegasrestaurant.md\/ro\/wp-json\/wp\/v2\/product\/5506\/revisions"}],"wp:featuredmedia":[{"embeddable":true,"href":"https:\/\/pegasrestaurant.md\/ro\/wp-json\/wp\/v2\/media\/5522"}],"wp:attachment":[{"href":"https:\/\/pegasrestaurant.md\/ro\/wp-json\/wp\/v2\/media?parent=5506"}],"wp:term":[{"taxonomy":"product_cat","embeddable":true,"href":"https:\/\/pegasrestaurant.md\/ro\/wp-json\/wp\/v2\/product_cat?post=5506"},{"taxonomy":"product_tag","embeddable":true,"href":"https:\/\/pegasrestaurant.md\/ro\/wp-json\/wp\/v2\/product_tag?post=5506"}],"curies":[{"name":"wp","href":"https:\/\/api.w.org\/{rel}","templated":true}]}}