{"id":5486,"date":"2021-04-22T16:24:31","date_gmt":"2021-04-22T13:24:31","guid":{"rendered":"https:\/\/dev.pegasrestaurant.md\/?post_type=product&#038;p=5486"},"modified":"2023-05-26T13:15:00","modified_gmt":"2023-05-26T10:15:00","slug":"shakshuka","status":"publish","type":"product","link":"https:\/\/pegasrestaurant.md\/ro\/produs\/shakshuka\/","title":{"rendered":"Shakshuka"},"content":{"rendered":"<p>Pentru o \u0219ac\u0219uca gustoas\u0103 combin\u0103m ro\u0219iile suculente moldovene\u0219ti  cu ardei gras, ardei iute, ceapa \u0219i urfa turceasc\u0103. Pentru un gust picant ad\u0103ug\u0103m un pic de coriandru, condiment sumy \u0219i batem ou\u0103le. Coacem p\u00e2n\u0103 ce \u0219ac\u0219uca e gata \u0219i pute\u021bi mirosi arom\u0103 pl\u0103cut\u0103 a unui mic dejun perfect. Se serve\u0219te cu ciabatta. Acest fel de m\u00e2ncare v\u0103 va cuceri \u0219i va satisface pe deplin gusturile dvs gastronomice!<\/p>\n","protected":false},"excerpt":{"rendered":"<p><span style=\"color: #c9ab81;\"><strong>Greutate:<\/strong><\/span> 370 g<\/p>\n<p>&nbsp;<\/p>\n<p><span style=\"color: #c9ab81;\"><strong>Ingrediente:<\/strong><\/span> ro\u0219ii, ardei gras, ardei iute, ceap\u0103, urfa turceasc\u0103, coriandru, condiment sumy, ou\u0103<\/p>\n","protected":false},"featured_media":11199,"template":"","meta":{"inline_featured_image":false},"product_cat":[88],"product_tag":[],"class_list":["post-5486","product","type-product","status-publish","has-post-thumbnail","hentry","product_cat-mic-dejun"],"yoast_head":"<!-- This site is optimized with the Yoast SEO plugin v19.6.1 - https:\/\/yoast.com\/wordpress\/plugins\/seo\/ -->\n<title>Shakshuka | Micele dejunuri Chi\u0219in\u0103u [Pegas 2023]<\/title>\n<meta name=\"description\" content=\"Mic dejun de la buc\u0103tarul Pegas. Shakshuka: ou\u0103, ro\u0219ii, ardei gras, sumac, ceap\u0103, urfa turceasc\u0103, ardei iute, cilantro. Micele dejunuri restaurant.\" \/>\n<meta name=\"robots\" content=\"index, follow, max-snippet:-1, max-image-preview:large, max-video-preview:-1\" \/>\n<link rel=\"canonical\" href=\"https:\/\/pegasrestaurant.md\/ro\/produs\/shakshuka\/\" \/>\n<meta property=\"og:locale\" content=\"ro_RO\" \/>\n<meta property=\"og:type\" content=\"article\" \/>\n<meta property=\"og:title\" content=\"Shakshuka | Micele dejunuri Chi\u0219in\u0103u [Pegas 2023]\" \/>\n<meta property=\"og:description\" content=\"-1374\" \/>\n<meta property=\"og:url\" content=\"https:\/\/pegasrestaurant.md\/ro\/produs\/shakshuka\/\" \/>\n<meta property=\"og:site_name\" content=\"Pegas Terrace &amp; Restaurant\" \/>\n<meta property=\"article:modified_time\" content=\"2023-05-26T10:15:00+00:00\" \/>\n<meta name=\"twitter:card\" content=\"summary_large_image\" \/>\n<meta name=\"twitter:image\" content=\"https:\/\/pegasrestaurant.md\/wp-content\/uploads\/2021\/08\/39-new-resized.jpg\" \/>\n<script type=\"application\/ld+json\" class=\"yoast-schema-graph\">{\"@context\":\"https:\/\/schema.org\",\"@graph\":[{\"@type\":\"WebPage\",\"@id\":\"https:\/\/pegasrestaurant.md\/ro\/produs\/shakshuka\/\",\"url\":\"https:\/\/pegasrestaurant.md\/ro\/produs\/shakshuka\/\",\"name\":\"Shakshuka | Micele dejunuri Chi\u0219in\u0103u [Pegas 2023]\",\"isPartOf\":{\"@id\":\"https:\/\/pegasrestaurant.md\/en\/#website\"},\"datePublished\":\"2021-04-22T13:24:31+00:00\",\"dateModified\":\"2023-05-26T10:15:00+00:00\",\"description\":\"Mic dejun de la buc\u0103tarul Pegas. Shakshuka: ou\u0103, ro\u0219ii, ardei gras, sumac, ceap\u0103, urfa turceasc\u0103, ardei iute, cilantro. Micele dejunuri restaurant.\",\"breadcrumb\":{\"@id\":\"https:\/\/pegasrestaurant.md\/ro\/produs\/shakshuka\/#breadcrumb\"},\"inLanguage\":\"ro-RO\",\"potentialAction\":[{\"@type\":\"ReadAction\",\"target\":[\"https:\/\/pegasrestaurant.md\/ro\/produs\/shakshuka\/\"]}]},{\"@type\":\"BreadcrumbList\",\"@id\":\"https:\/\/pegasrestaurant.md\/ro\/produs\/shakshuka\/#breadcrumb\",\"itemListElement\":[{\"@type\":\"ListItem\",\"position\":1,\"name\":\"\u0413\u043b\u0430\u0432\u043d\u0430\u044f \u0441\u0442\u0440\u0430\u043d\u0438\u0446\u0430\",\"item\":\"https:\/\/pegasrestaurant.md\/ro\/\"},{\"@type\":\"ListItem\",\"position\":2,\"name\":\"Comand\u0103 online\",\"item\":\"https:\/\/pegasrestaurant.md\/ro\/comanda-online\/\"},{\"@type\":\"ListItem\",\"position\":3,\"name\":\"Shakshuka\"}]},{\"@type\":\"WebSite\",\"@id\":\"https:\/\/pegasrestaurant.md\/en\/#website\",\"url\":\"https:\/\/pegasrestaurant.md\/en\/\",\"name\":\"Pegas Terrace &amp; Restaurant\",\"description\":\"\",\"potentialAction\":[{\"@type\":\"SearchAction\",\"target\":{\"@type\":\"EntryPoint\",\"urlTemplate\":\"https:\/\/pegasrestaurant.md\/en\/?s={search_term_string}\"},\"query-input\":\"required name=search_term_string\"}],\"inLanguage\":\"ro-RO\"}]}<\/script>\n<!-- \/ Yoast SEO plugin. -->","yoast_head_json":{"title":"Shakshuka | Micele dejunuri Chi\u0219in\u0103u [Pegas 2023]","description":"Mic dejun de la buc\u0103tarul Pegas. Shakshuka: ou\u0103, ro\u0219ii, ardei gras, sumac, ceap\u0103, urfa turceasc\u0103, ardei iute, cilantro. Micele dejunuri restaurant.","robots":{"index":"index","follow":"follow","max-snippet":"max-snippet:-1","max-image-preview":"max-image-preview:large","max-video-preview":"max-video-preview:-1"},"canonical":"https:\/\/pegasrestaurant.md\/ro\/produs\/shakshuka\/","og_locale":"ro_RO","og_type":"article","og_title":"Shakshuka | Micele dejunuri Chi\u0219in\u0103u [Pegas 2023]","og_description":"-1374","og_url":"https:\/\/pegasrestaurant.md\/ro\/produs\/shakshuka\/","og_site_name":"Pegas Terrace &amp; Restaurant","article_modified_time":"2023-05-26T10:15:00+00:00","twitter_card":"summary_large_image","twitter_image":"https:\/\/pegasrestaurant.md\/wp-content\/uploads\/2021\/08\/39-new-resized.jpg","schema":{"@context":"https:\/\/schema.org","@graph":[{"@type":"WebPage","@id":"https:\/\/pegasrestaurant.md\/ro\/produs\/shakshuka\/","url":"https:\/\/pegasrestaurant.md\/ro\/produs\/shakshuka\/","name":"Shakshuka | Micele dejunuri Chi\u0219in\u0103u [Pegas 2023]","isPartOf":{"@id":"https:\/\/pegasrestaurant.md\/en\/#website"},"datePublished":"2021-04-22T13:24:31+00:00","dateModified":"2023-05-26T10:15:00+00:00","description":"Mic dejun de la buc\u0103tarul Pegas. Shakshuka: ou\u0103, ro\u0219ii, ardei gras, sumac, ceap\u0103, urfa turceasc\u0103, ardei iute, cilantro. Micele dejunuri restaurant.","breadcrumb":{"@id":"https:\/\/pegasrestaurant.md\/ro\/produs\/shakshuka\/#breadcrumb"},"inLanguage":"ro-RO","potentialAction":[{"@type":"ReadAction","target":["https:\/\/pegasrestaurant.md\/ro\/produs\/shakshuka\/"]}]},{"@type":"BreadcrumbList","@id":"https:\/\/pegasrestaurant.md\/ro\/produs\/shakshuka\/#breadcrumb","itemListElement":[{"@type":"ListItem","position":1,"name":"\u0413\u043b\u0430\u0432\u043d\u0430\u044f \u0441\u0442\u0440\u0430\u043d\u0438\u0446\u0430","item":"https:\/\/pegasrestaurant.md\/ro\/"},{"@type":"ListItem","position":2,"name":"Comand\u0103 online","item":"https:\/\/pegasrestaurant.md\/ro\/comanda-online\/"},{"@type":"ListItem","position":3,"name":"Shakshuka"}]},{"@type":"WebSite","@id":"https:\/\/pegasrestaurant.md\/en\/#website","url":"https:\/\/pegasrestaurant.md\/en\/","name":"Pegas Terrace &amp; Restaurant","description":"","potentialAction":[{"@type":"SearchAction","target":{"@type":"EntryPoint","urlTemplate":"https:\/\/pegasrestaurant.md\/en\/?s={search_term_string}"},"query-input":"required name=search_term_string"}],"inLanguage":"ro-RO"}]}},"_links":{"self":[{"href":"https:\/\/pegasrestaurant.md\/ro\/wp-json\/wp\/v2\/product\/5486","targetHints":{"allow":["GET"]}}],"collection":[{"href":"https:\/\/pegasrestaurant.md\/ro\/wp-json\/wp\/v2\/product"}],"about":[{"href":"https:\/\/pegasrestaurant.md\/ro\/wp-json\/wp\/v2\/types\/product"}],"version-history":[{"count":0,"href":"https:\/\/pegasrestaurant.md\/ro\/wp-json\/wp\/v2\/product\/5486\/revisions"}],"wp:featuredmedia":[{"embeddable":true,"href":"https:\/\/pegasrestaurant.md\/ro\/wp-json\/wp\/v2\/media\/11199"}],"wp:attachment":[{"href":"https:\/\/pegasrestaurant.md\/ro\/wp-json\/wp\/v2\/media?parent=5486"}],"wp:term":[{"taxonomy":"product_cat","embeddable":true,"href":"https:\/\/pegasrestaurant.md\/ro\/wp-json\/wp\/v2\/product_cat?post=5486"},{"taxonomy":"product_tag","embeddable":true,"href":"https:\/\/pegasrestaurant.md\/ro\/wp-json\/wp\/v2\/product_tag?post=5486"}],"curies":[{"name":"wp","href":"https:\/\/api.w.org\/{rel}","templated":true}]}}