{"id":5482,"date":"2021-04-22T16:24:31","date_gmt":"2021-04-22T13:24:31","guid":{"rendered":"https:\/\/dev.pegasrestaurant.md\/?post_type=product&#038;p=5482"},"modified":"2022-06-10T17:23:34","modified_gmt":"2022-06-10T14:23:34","slug":"omleta-cu-spanac-si-cascaval","status":"publish","type":"product","link":"https:\/\/pegasrestaurant.md\/ro\/produs\/omleta-cu-spanac-si-cascaval\/","title":{"rendered":"Omlet\u0103 cu spanac \u0219i ca\u0219caval"},"content":{"rendered":"<p>Ro\u0219iile suculente moldovene\u0219ti sunt combinate cu ardeiul gras, ardeiul iute, ceapa \u0219i urfa turceasc\u0103. Pentru picanterie, se adaug\u0103 un pic de coriandru, condiment sumy \u0219i se bat ou\u0103le. Coacem p\u00e2n\u0103 c\u00e2nd sunt complet g\u0103tite \u0219i a apari\u021biei unei arome persistente a micului dejun perfect. Se serve\u0219te cu ciabatta. Acest fel de m\u00e2ncare v\u0103 va cuceri gusturile gastronomice \u0219i inima, gusta\u021bi-l!<\/p>\n","protected":false},"excerpt":{"rendered":"<p><span style=\"color: #c9ab81;\"><strong>Greutate:<\/strong><\/span> 230 g<\/p>\n<p>&nbsp;<\/p>\n<p><span style=\"color: #c9ab81;\"><strong>Ingrediente:<\/strong><\/span> ou\u0103, spanac, 4 tipuri de ca\u0219caval (dorblu, mozzarella, parmezan, eden), ro\u0219ii cherry, frunze de spanac<\/p>\n","protected":false},"featured_media":5514,"template":"","meta":{"inline_featured_image":false},"product_cat":[88],"product_tag":[],"class_list":["post-5482","product","type-product","status-publish","has-post-thumbnail","hentry","product_cat-mic-dejun"],"yoast_head":"<!-- This site is optimized with the Yoast SEO plugin v19.6.1 - https:\/\/yoast.com\/wordpress\/plugins\/seo\/ -->\n<title>Omleta cu spanac si ca\u0219caval | Restaurant Pegas [Chi\u0219in\u0103u]<\/title>\n<meta name=\"description\" content=\"Buc\u0103t\u0103ria european\u0103 \u00een Pegas. Ou\u0103, spanac, 4 tipuri de ca\u0219caval, frunze de spanac, cherry. Mic dejun \u00een restaurante (65,00 MDL). Livrare.\" \/>\n<meta name=\"robots\" content=\"index, follow, max-snippet:-1, max-image-preview:large, max-video-preview:-1\" \/>\n<link rel=\"canonical\" href=\"https:\/\/pegasrestaurant.md\/ro\/produs\/omleta-cu-spanac-si-cascaval\/\" \/>\n<meta property=\"og:locale\" content=\"ro_RO\" \/>\n<meta property=\"og:type\" content=\"article\" \/>\n<meta property=\"og:title\" content=\"Omleta cu spanac si ca\u0219caval | Restaurant Pegas [Chi\u0219in\u0103u]\" \/>\n<meta property=\"og:description\" content=\"-1374\" \/>\n<meta property=\"og:url\" content=\"https:\/\/pegasrestaurant.md\/ro\/produs\/omleta-cu-spanac-si-cascaval\/\" \/>\n<meta property=\"og:site_name\" content=\"Pegas Terrace &amp; Restaurant\" \/>\n<meta property=\"article:modified_time\" content=\"2022-06-10T14:23:34+00:00\" \/>\n<meta name=\"twitter:card\" content=\"summary_large_image\" \/>\n<meta name=\"twitter:image\" content=\"https:\/\/pegasrestaurant.md\/wp-content\/uploads\/2021\/04\/37.jpg\" \/>\n<script type=\"application\/ld+json\" class=\"yoast-schema-graph\">{\"@context\":\"https:\/\/schema.org\",\"@graph\":[{\"@type\":\"WebPage\",\"@id\":\"https:\/\/pegasrestaurant.md\/ro\/produs\/omleta-cu-spanac-si-cascaval\/\",\"url\":\"https:\/\/pegasrestaurant.md\/ro\/produs\/omleta-cu-spanac-si-cascaval\/\",\"name\":\"Omleta cu spanac si ca\u0219caval | Restaurant Pegas [Chi\u0219in\u0103u]\",\"isPartOf\":{\"@id\":\"https:\/\/pegasrestaurant.md\/en\/#website\"},\"datePublished\":\"2021-04-22T13:24:31+00:00\",\"dateModified\":\"2022-06-10T14:23:34+00:00\",\"description\":\"Buc\u0103t\u0103ria european\u0103 \u00een Pegas. Ou\u0103, spanac, 4 tipuri de ca\u0219caval, frunze de spanac, cherry. Mic dejun \u00een restaurante (65,00 MDL). Livrare.\",\"breadcrumb\":{\"@id\":\"https:\/\/pegasrestaurant.md\/ro\/produs\/omleta-cu-spanac-si-cascaval\/#breadcrumb\"},\"inLanguage\":\"ro-RO\",\"potentialAction\":[{\"@type\":\"ReadAction\",\"target\":[\"https:\/\/pegasrestaurant.md\/ro\/produs\/omleta-cu-spanac-si-cascaval\/\"]}]},{\"@type\":\"BreadcrumbList\",\"@id\":\"https:\/\/pegasrestaurant.md\/ro\/produs\/omleta-cu-spanac-si-cascaval\/#breadcrumb\",\"itemListElement\":[{\"@type\":\"ListItem\",\"position\":1,\"name\":\"\u0413\u043b\u0430\u0432\u043d\u0430\u044f \u0441\u0442\u0440\u0430\u043d\u0438\u0446\u0430\",\"item\":\"https:\/\/pegasrestaurant.md\/ro\/\"},{\"@type\":\"ListItem\",\"position\":2,\"name\":\"Comand\u0103 online\",\"item\":\"https:\/\/pegasrestaurant.md\/ro\/comanda-online\/\"},{\"@type\":\"ListItem\",\"position\":3,\"name\":\"Omlet\u0103 cu spanac \u0219i ca\u0219caval\"}]},{\"@type\":\"WebSite\",\"@id\":\"https:\/\/pegasrestaurant.md\/en\/#website\",\"url\":\"https:\/\/pegasrestaurant.md\/en\/\",\"name\":\"Pegas Terrace &amp; Restaurant\",\"description\":\"\",\"potentialAction\":[{\"@type\":\"SearchAction\",\"target\":{\"@type\":\"EntryPoint\",\"urlTemplate\":\"https:\/\/pegasrestaurant.md\/en\/?s={search_term_string}\"},\"query-input\":\"required name=search_term_string\"}],\"inLanguage\":\"ro-RO\"}]}<\/script>\n<!-- \/ Yoast SEO plugin. -->","yoast_head_json":{"title":"Omleta cu spanac si ca\u0219caval | Restaurant Pegas [Chi\u0219in\u0103u]","description":"Buc\u0103t\u0103ria european\u0103 \u00een Pegas. Ou\u0103, spanac, 4 tipuri de ca\u0219caval, frunze de spanac, cherry. Mic dejun \u00een restaurante (65,00 MDL). Livrare.","robots":{"index":"index","follow":"follow","max-snippet":"max-snippet:-1","max-image-preview":"max-image-preview:large","max-video-preview":"max-video-preview:-1"},"canonical":"https:\/\/pegasrestaurant.md\/ro\/produs\/omleta-cu-spanac-si-cascaval\/","og_locale":"ro_RO","og_type":"article","og_title":"Omleta cu spanac si ca\u0219caval | Restaurant Pegas [Chi\u0219in\u0103u]","og_description":"-1374","og_url":"https:\/\/pegasrestaurant.md\/ro\/produs\/omleta-cu-spanac-si-cascaval\/","og_site_name":"Pegas Terrace &amp; Restaurant","article_modified_time":"2022-06-10T14:23:34+00:00","twitter_card":"summary_large_image","twitter_image":"https:\/\/pegasrestaurant.md\/wp-content\/uploads\/2021\/04\/37.jpg","schema":{"@context":"https:\/\/schema.org","@graph":[{"@type":"WebPage","@id":"https:\/\/pegasrestaurant.md\/ro\/produs\/omleta-cu-spanac-si-cascaval\/","url":"https:\/\/pegasrestaurant.md\/ro\/produs\/omleta-cu-spanac-si-cascaval\/","name":"Omleta cu spanac si ca\u0219caval | Restaurant Pegas [Chi\u0219in\u0103u]","isPartOf":{"@id":"https:\/\/pegasrestaurant.md\/en\/#website"},"datePublished":"2021-04-22T13:24:31+00:00","dateModified":"2022-06-10T14:23:34+00:00","description":"Buc\u0103t\u0103ria european\u0103 \u00een Pegas. Ou\u0103, spanac, 4 tipuri de ca\u0219caval, frunze de spanac, cherry. Mic dejun \u00een restaurante (65,00 MDL). Livrare.","breadcrumb":{"@id":"https:\/\/pegasrestaurant.md\/ro\/produs\/omleta-cu-spanac-si-cascaval\/#breadcrumb"},"inLanguage":"ro-RO","potentialAction":[{"@type":"ReadAction","target":["https:\/\/pegasrestaurant.md\/ro\/produs\/omleta-cu-spanac-si-cascaval\/"]}]},{"@type":"BreadcrumbList","@id":"https:\/\/pegasrestaurant.md\/ro\/produs\/omleta-cu-spanac-si-cascaval\/#breadcrumb","itemListElement":[{"@type":"ListItem","position":1,"name":"\u0413\u043b\u0430\u0432\u043d\u0430\u044f \u0441\u0442\u0440\u0430\u043d\u0438\u0446\u0430","item":"https:\/\/pegasrestaurant.md\/ro\/"},{"@type":"ListItem","position":2,"name":"Comand\u0103 online","item":"https:\/\/pegasrestaurant.md\/ro\/comanda-online\/"},{"@type":"ListItem","position":3,"name":"Omlet\u0103 cu spanac \u0219i ca\u0219caval"}]},{"@type":"WebSite","@id":"https:\/\/pegasrestaurant.md\/en\/#website","url":"https:\/\/pegasrestaurant.md\/en\/","name":"Pegas Terrace &amp; Restaurant","description":"","potentialAction":[{"@type":"SearchAction","target":{"@type":"EntryPoint","urlTemplate":"https:\/\/pegasrestaurant.md\/en\/?s={search_term_string}"},"query-input":"required name=search_term_string"}],"inLanguage":"ro-RO"}]}},"_links":{"self":[{"href":"https:\/\/pegasrestaurant.md\/ro\/wp-json\/wp\/v2\/product\/5482","targetHints":{"allow":["GET"]}}],"collection":[{"href":"https:\/\/pegasrestaurant.md\/ro\/wp-json\/wp\/v2\/product"}],"about":[{"href":"https:\/\/pegasrestaurant.md\/ro\/wp-json\/wp\/v2\/types\/product"}],"version-history":[{"count":0,"href":"https:\/\/pegasrestaurant.md\/ro\/wp-json\/wp\/v2\/product\/5482\/revisions"}],"wp:featuredmedia":[{"embeddable":true,"href":"https:\/\/pegasrestaurant.md\/ro\/wp-json\/wp\/v2\/media\/5514"}],"wp:attachment":[{"href":"https:\/\/pegasrestaurant.md\/ro\/wp-json\/wp\/v2\/media?parent=5482"}],"wp:term":[{"taxonomy":"product_cat","embeddable":true,"href":"https:\/\/pegasrestaurant.md\/ro\/wp-json\/wp\/v2\/product_cat?post=5482"},{"taxonomy":"product_tag","embeddable":true,"href":"https:\/\/pegasrestaurant.md\/ro\/wp-json\/wp\/v2\/product_tag?post=5482"}],"curies":[{"name":"wp","href":"https:\/\/api.w.org\/{rel}","templated":true}]}}