{"id":5432,"date":"2021-04-22T16:23:39","date_gmt":"2021-04-22T13:23:39","guid":{"rendered":"https:\/\/dev.pegasrestaurant.md\/?post_type=product&#038;p=5432"},"modified":"2023-05-26T12:04:32","modified_gmt":"2023-05-26T09:04:32","slug":"bors-ucrainean","status":"publish","type":"product","link":"https:\/\/pegasrestaurant.md\/ro\/produs\/bors-ucrainean\/","title":{"rendered":"Bor\u015f ucrainean"},"content":{"rendered":"<p>Cea mai popular\u0103 m\u00e2ncare din buc\u0103t\u0103ria na\u021bional\u0103 ucrainean\u0103 este cunoscut\u0103 multora \u00eenc\u0103 din copil\u0103rie. \u00cen restaurantul nostru respect\u0103m tradi\u021biile, prin urmare, preg\u0103tim bor\u0219 ucrainean aromat respect\u00e2nd re\u021beta clasic\u0103 \u0219i servim, a\u0219a cum se \u0219i cuvine, cu sm\u00e2nt\u00e2n\u0103 \u0219i verdea\u021b\u0103.<\/p>\n","protected":false},"excerpt":{"rendered":"<p><span style=\"color: #c9ab81;\"><strong>Greutate:<\/strong><\/span> 350\/30\/30 g<\/p>\n<p>&nbsp;<\/p>\n<p><span style=\"color: #c9ab81;\"><strong>Ingrediente:<\/strong><\/span> carne de vit\u0103, sfecl\u0103, morcov, ceap\u0103, varz\u0103, cartofi, sm\u00e2nt\u00e2n\u0103, verdea\u021b\u0103<\/p>\n","protected":false},"featured_media":8327,"template":"","meta":{"inline_featured_image":false},"product_cat":[98],"product_tag":[],"class_list":["post-5432","product","type-product","status-publish","has-post-thumbnail","hentry","product_cat-feluri-intai"],"yoast_head":"<!-- This site is optimized with the Yoast SEO plugin v19.6.1 - https:\/\/yoast.com\/wordpress\/plugins\/seo\/ -->\n<title>Bor\u0219 ucrainean | Restaurant Pegas [Meniul Felului \u00cent\u00e2i]<\/title>\n<meta name=\"description\" content=\"Bor\u0219ul tipic ucrainean \u2013 gust din copil\u0103rie. Carne de vit\u0103, sfecl\u0103, ceap\u0103, varz\u0103, morcovi, cartofi, sm\u00e2nt\u00e2n\u0103. Livrare la domiciliu m\u00e2ncare.\" \/>\n<meta name=\"robots\" content=\"index, follow, max-snippet:-1, max-image-preview:large, max-video-preview:-1\" \/>\n<link rel=\"canonical\" href=\"https:\/\/pegasrestaurant.md\/ro\/produs\/bors-ucrainean\/\" \/>\n<meta property=\"og:locale\" content=\"ro_RO\" \/>\n<meta property=\"og:type\" content=\"article\" \/>\n<meta property=\"og:title\" content=\"Bor\u0219 ucrainean | Restaurant Pegas [Meniul Felului \u00cent\u00e2i]\" \/>\n<meta property=\"og:description\" content=\"Bor\u0219ul tipic ucrainean \u2013 gust din copil\u0103rie. Carne de vit\u0103, sfecl\u0103, ceap\u0103, varz\u0103, morcovi, cartofi, sm\u00e2nt\u00e2n\u0103. Livrare la domiciliu m\u00e2ncare.\" \/>\n<meta property=\"og:url\" content=\"https:\/\/pegasrestaurant.md\/ro\/produs\/bors-ucrainean\/\" \/>\n<meta property=\"og:site_name\" content=\"Pegas Terrace &amp; Restaurant\" \/>\n<meta property=\"article:modified_time\" content=\"2023-05-26T09:04:32+00:00\" \/>\n<meta property=\"og:image\" content=\"https:\/\/pegasrestaurant.md\/wp-content\/uploads\/2021\/04\/64.jpg\" \/>\n\t<meta property=\"og:image:width\" content=\"2500\" \/>\n\t<meta property=\"og:image:height\" content=\"2500\" \/>\n\t<meta property=\"og:image:type\" content=\"image\/jpeg\" \/>\n<meta name=\"twitter:card\" content=\"summary_large_image\" \/>\n<meta name=\"twitter:label1\" content=\"Timp estimat pentru citire\" \/>\n\t<meta name=\"twitter:data1\" content=\"1 minut\" \/>\n<script type=\"application\/ld+json\" class=\"yoast-schema-graph\">{\"@context\":\"https:\/\/schema.org\",\"@graph\":[{\"@type\":\"WebPage\",\"@id\":\"https:\/\/pegasrestaurant.md\/ro\/produs\/bors-ucrainean\/\",\"url\":\"https:\/\/pegasrestaurant.md\/ro\/produs\/bors-ucrainean\/\",\"name\":\"Bor\u0219 ucrainean | Restaurant Pegas [Meniul Felului \u00cent\u00e2i]\",\"isPartOf\":{\"@id\":\"https:\/\/pegasrestaurant.md\/en\/#website\"},\"datePublished\":\"2021-04-22T13:23:39+00:00\",\"dateModified\":\"2023-05-26T09:04:32+00:00\",\"description\":\"Bor\u0219ul tipic ucrainean \u2013 gust din copil\u0103rie. Carne de vit\u0103, sfecl\u0103, ceap\u0103, varz\u0103, morcovi, cartofi, sm\u00e2nt\u00e2n\u0103. Livrare la domiciliu m\u00e2ncare.\",\"breadcrumb\":{\"@id\":\"https:\/\/pegasrestaurant.md\/ro\/produs\/bors-ucrainean\/#breadcrumb\"},\"inLanguage\":\"ro-RO\",\"potentialAction\":[{\"@type\":\"ReadAction\",\"target\":[\"https:\/\/pegasrestaurant.md\/ro\/produs\/bors-ucrainean\/\"]}]},{\"@type\":\"BreadcrumbList\",\"@id\":\"https:\/\/pegasrestaurant.md\/ro\/produs\/bors-ucrainean\/#breadcrumb\",\"itemListElement\":[{\"@type\":\"ListItem\",\"position\":1,\"name\":\"\u0413\u043b\u0430\u0432\u043d\u0430\u044f \u0441\u0442\u0440\u0430\u043d\u0438\u0446\u0430\",\"item\":\"https:\/\/pegasrestaurant.md\/ro\/\"},{\"@type\":\"ListItem\",\"position\":2,\"name\":\"Comand\u0103 online\",\"item\":\"https:\/\/pegasrestaurant.md\/ro\/comanda-online\/\"},{\"@type\":\"ListItem\",\"position\":3,\"name\":\"Bor\u015f ucrainean\"}]},{\"@type\":\"WebSite\",\"@id\":\"https:\/\/pegasrestaurant.md\/en\/#website\",\"url\":\"https:\/\/pegasrestaurant.md\/en\/\",\"name\":\"Pegas Terrace &amp; Restaurant\",\"description\":\"\",\"potentialAction\":[{\"@type\":\"SearchAction\",\"target\":{\"@type\":\"EntryPoint\",\"urlTemplate\":\"https:\/\/pegasrestaurant.md\/en\/?s={search_term_string}\"},\"query-input\":\"required name=search_term_string\"}],\"inLanguage\":\"ro-RO\"}]}<\/script>\n<!-- \/ Yoast SEO plugin. -->","yoast_head_json":{"title":"Bor\u0219 ucrainean | Restaurant Pegas [Meniul Felului \u00cent\u00e2i]","description":"Bor\u0219ul tipic ucrainean \u2013 gust din copil\u0103rie. Carne de vit\u0103, sfecl\u0103, ceap\u0103, varz\u0103, morcovi, cartofi, sm\u00e2nt\u00e2n\u0103. Livrare la domiciliu m\u00e2ncare.","robots":{"index":"index","follow":"follow","max-snippet":"max-snippet:-1","max-image-preview":"max-image-preview:large","max-video-preview":"max-video-preview:-1"},"canonical":"https:\/\/pegasrestaurant.md\/ro\/produs\/bors-ucrainean\/","og_locale":"ro_RO","og_type":"article","og_title":"Bor\u0219 ucrainean | Restaurant Pegas [Meniul Felului \u00cent\u00e2i]","og_description":"Bor\u0219ul tipic ucrainean \u2013 gust din copil\u0103rie. Carne de vit\u0103, sfecl\u0103, ceap\u0103, varz\u0103, morcovi, cartofi, sm\u00e2nt\u00e2n\u0103. Livrare la domiciliu m\u00e2ncare.","og_url":"https:\/\/pegasrestaurant.md\/ro\/produs\/bors-ucrainean\/","og_site_name":"Pegas Terrace &amp; Restaurant","article_modified_time":"2023-05-26T09:04:32+00:00","og_image":[{"width":2500,"height":2500,"url":"https:\/\/pegasrestaurant.md\/wp-content\/uploads\/2021\/04\/64.jpg","type":"image\/jpeg"}],"twitter_card":"summary_large_image","twitter_misc":{"Timp estimat pentru citire":"1 minut"},"schema":{"@context":"https:\/\/schema.org","@graph":[{"@type":"WebPage","@id":"https:\/\/pegasrestaurant.md\/ro\/produs\/bors-ucrainean\/","url":"https:\/\/pegasrestaurant.md\/ro\/produs\/bors-ucrainean\/","name":"Bor\u0219 ucrainean | Restaurant Pegas [Meniul Felului \u00cent\u00e2i]","isPartOf":{"@id":"https:\/\/pegasrestaurant.md\/en\/#website"},"datePublished":"2021-04-22T13:23:39+00:00","dateModified":"2023-05-26T09:04:32+00:00","description":"Bor\u0219ul tipic ucrainean \u2013 gust din copil\u0103rie. Carne de vit\u0103, sfecl\u0103, ceap\u0103, varz\u0103, morcovi, cartofi, sm\u00e2nt\u00e2n\u0103. Livrare la domiciliu m\u00e2ncare.","breadcrumb":{"@id":"https:\/\/pegasrestaurant.md\/ro\/produs\/bors-ucrainean\/#breadcrumb"},"inLanguage":"ro-RO","potentialAction":[{"@type":"ReadAction","target":["https:\/\/pegasrestaurant.md\/ro\/produs\/bors-ucrainean\/"]}]},{"@type":"BreadcrumbList","@id":"https:\/\/pegasrestaurant.md\/ro\/produs\/bors-ucrainean\/#breadcrumb","itemListElement":[{"@type":"ListItem","position":1,"name":"\u0413\u043b\u0430\u0432\u043d\u0430\u044f \u0441\u0442\u0440\u0430\u043d\u0438\u0446\u0430","item":"https:\/\/pegasrestaurant.md\/ro\/"},{"@type":"ListItem","position":2,"name":"Comand\u0103 online","item":"https:\/\/pegasrestaurant.md\/ro\/comanda-online\/"},{"@type":"ListItem","position":3,"name":"Bor\u015f ucrainean"}]},{"@type":"WebSite","@id":"https:\/\/pegasrestaurant.md\/en\/#website","url":"https:\/\/pegasrestaurant.md\/en\/","name":"Pegas Terrace &amp; Restaurant","description":"","potentialAction":[{"@type":"SearchAction","target":{"@type":"EntryPoint","urlTemplate":"https:\/\/pegasrestaurant.md\/en\/?s={search_term_string}"},"query-input":"required name=search_term_string"}],"inLanguage":"ro-RO"}]}},"_links":{"self":[{"href":"https:\/\/pegasrestaurant.md\/ro\/wp-json\/wp\/v2\/product\/5432","targetHints":{"allow":["GET"]}}],"collection":[{"href":"https:\/\/pegasrestaurant.md\/ro\/wp-json\/wp\/v2\/product"}],"about":[{"href":"https:\/\/pegasrestaurant.md\/ro\/wp-json\/wp\/v2\/types\/product"}],"version-history":[{"count":0,"href":"https:\/\/pegasrestaurant.md\/ro\/wp-json\/wp\/v2\/product\/5432\/revisions"}],"wp:featuredmedia":[{"embeddable":true,"href":"https:\/\/pegasrestaurant.md\/ro\/wp-json\/wp\/v2\/media\/8327"}],"wp:attachment":[{"href":"https:\/\/pegasrestaurant.md\/ro\/wp-json\/wp\/v2\/media?parent=5432"}],"wp:term":[{"taxonomy":"product_cat","embeddable":true,"href":"https:\/\/pegasrestaurant.md\/ro\/wp-json\/wp\/v2\/product_cat?post=5432"},{"taxonomy":"product_tag","embeddable":true,"href":"https:\/\/pegasrestaurant.md\/ro\/wp-json\/wp\/v2\/product_tag?post=5432"}],"curies":[{"name":"wp","href":"https:\/\/api.w.org\/{rel}","templated":true}]}}