{"id":5420,"date":"2021-04-22T16:23:34","date_gmt":"2021-04-22T13:23:34","guid":{"rendered":"https:\/\/dev.pegasrestaurant.md\/?post_type=product&#038;p=5420"},"modified":"2022-06-10T17:21:50","modified_gmt":"2022-06-10T14:21:50","slug":"kiev-cake","status":"publish","type":"product","link":"https:\/\/pegasrestaurant.md\/ro\/produs\/kiev-cake\/","title":{"rendered":"Kiev cake"},"content":{"rendered":"<p>Torta Kiev este un desert din copil\u0103rie. Preg\u0103tim acest desert respect\u00e2nd re\u021beta lui clasic\u0103: ganache delicat de nuci \u0219i ciocolat\u0103 \u0219i bezea crocant\u0103 cu alune. Este at\u00e2t de gustos \u00eenc\u00e2t e p\u0103cat s\u0103 nu \u00eel gu\u0219ti!<\/p>\n","protected":false},"excerpt":{"rendered":"<p><span style=\"color: #c9ab81;\"><strong>Greutate:<\/strong><\/span> 135 g<\/p>\n<p>&nbsp;<\/p>\n<p><span style=\"color: #c9ab81;\"><strong>Ingrediente:<\/strong><\/span> ganache de nuci \u0219i ciocolat\u0103, bezea, alune<\/p>\n","protected":false},"featured_media":11203,"template":"","meta":{"inline_featured_image":false},"product_cat":[92],"product_tag":[],"class_list":["post-5420","product","type-product","status-publish","has-post-thumbnail","hentry","product_cat-deserte"],"yoast_head":"<!-- This site is optimized with the Yoast SEO plugin v19.6.1 - https:\/\/yoast.com\/wordpress\/plugins\/seo\/ -->\n<title>Kiev cake \u00een restaurantul Pegas | Tort cu livrare<\/title>\n<meta name=\"description\" content=\"Meniu de deserturi \u2013 Kiev cake. Ganache delicat\u0103 de nuci \u0219i ciocolat\u0103, bezea, alune. Un desert minunat, delicios. Livrare de torturi Chi\u0219in\u0103u.\" \/>\n<meta name=\"robots\" content=\"index, follow, max-snippet:-1, max-image-preview:large, max-video-preview:-1\" \/>\n<link rel=\"canonical\" href=\"https:\/\/pegasrestaurant.md\/ro\/produs\/kiev-cake\/\" \/>\n<meta property=\"og:locale\" content=\"ro_RO\" \/>\n<meta property=\"og:type\" content=\"article\" \/>\n<meta property=\"og:title\" content=\"Kiev cake \u00een restaurantul Pegas | Tort cu livrare\" \/>\n<meta property=\"og:description\" content=\"-1389\" \/>\n<meta property=\"og:url\" content=\"https:\/\/pegasrestaurant.md\/ro\/produs\/kiev-cake\/\" \/>\n<meta property=\"og:site_name\" content=\"Pegas Terrace &amp; Restaurant\" \/>\n<meta property=\"article:modified_time\" content=\"2022-06-10T14:21:50+00:00\" \/>\n<meta name=\"twitter:card\" content=\"summary_large_image\" \/>\n<meta name=\"twitter:image\" content=\"https:\/\/pegasrestaurant.md\/wp-content\/uploads\/2021\/08\/66-new-resized.jpg\" \/>\n<script type=\"application\/ld+json\" class=\"yoast-schema-graph\">{\"@context\":\"https:\/\/schema.org\",\"@graph\":[{\"@type\":\"WebPage\",\"@id\":\"https:\/\/pegasrestaurant.md\/ro\/produs\/kiev-cake\/\",\"url\":\"https:\/\/pegasrestaurant.md\/ro\/produs\/kiev-cake\/\",\"name\":\"Kiev cake \u00een restaurantul Pegas | Tort cu livrare\",\"isPartOf\":{\"@id\":\"https:\/\/pegasrestaurant.md\/en\/#website\"},\"datePublished\":\"2021-04-22T13:23:34+00:00\",\"dateModified\":\"2022-06-10T14:21:50+00:00\",\"description\":\"Meniu de deserturi \u2013 Kiev cake. Ganache delicat\u0103 de nuci \u0219i ciocolat\u0103, bezea, alune. Un desert minunat, delicios. Livrare de torturi Chi\u0219in\u0103u.\",\"breadcrumb\":{\"@id\":\"https:\/\/pegasrestaurant.md\/ro\/produs\/kiev-cake\/#breadcrumb\"},\"inLanguage\":\"ro-RO\",\"potentialAction\":[{\"@type\":\"ReadAction\",\"target\":[\"https:\/\/pegasrestaurant.md\/ro\/produs\/kiev-cake\/\"]}]},{\"@type\":\"BreadcrumbList\",\"@id\":\"https:\/\/pegasrestaurant.md\/ro\/produs\/kiev-cake\/#breadcrumb\",\"itemListElement\":[{\"@type\":\"ListItem\",\"position\":1,\"name\":\"\u0413\u043b\u0430\u0432\u043d\u0430\u044f \u0441\u0442\u0440\u0430\u043d\u0438\u0446\u0430\",\"item\":\"https:\/\/pegasrestaurant.md\/ro\/\"},{\"@type\":\"ListItem\",\"position\":2,\"name\":\"Comand\u0103 online\",\"item\":\"https:\/\/pegasrestaurant.md\/ro\/comanda-online\/\"},{\"@type\":\"ListItem\",\"position\":3,\"name\":\"Kiev cake\"}]},{\"@type\":\"WebSite\",\"@id\":\"https:\/\/pegasrestaurant.md\/en\/#website\",\"url\":\"https:\/\/pegasrestaurant.md\/en\/\",\"name\":\"Pegas Terrace &amp; Restaurant\",\"description\":\"\",\"potentialAction\":[{\"@type\":\"SearchAction\",\"target\":{\"@type\":\"EntryPoint\",\"urlTemplate\":\"https:\/\/pegasrestaurant.md\/en\/?s={search_term_string}\"},\"query-input\":\"required name=search_term_string\"}],\"inLanguage\":\"ro-RO\"}]}<\/script>\n<!-- \/ Yoast SEO plugin. -->","yoast_head_json":{"title":"Kiev cake \u00een restaurantul Pegas | Tort cu livrare","description":"Meniu de deserturi \u2013 Kiev cake. Ganache delicat\u0103 de nuci \u0219i ciocolat\u0103, bezea, alune. Un desert minunat, delicios. Livrare de torturi Chi\u0219in\u0103u.","robots":{"index":"index","follow":"follow","max-snippet":"max-snippet:-1","max-image-preview":"max-image-preview:large","max-video-preview":"max-video-preview:-1"},"canonical":"https:\/\/pegasrestaurant.md\/ro\/produs\/kiev-cake\/","og_locale":"ro_RO","og_type":"article","og_title":"Kiev cake \u00een restaurantul Pegas | Tort cu livrare","og_description":"-1389","og_url":"https:\/\/pegasrestaurant.md\/ro\/produs\/kiev-cake\/","og_site_name":"Pegas Terrace &amp; Restaurant","article_modified_time":"2022-06-10T14:21:50+00:00","twitter_card":"summary_large_image","twitter_image":"https:\/\/pegasrestaurant.md\/wp-content\/uploads\/2021\/08\/66-new-resized.jpg","schema":{"@context":"https:\/\/schema.org","@graph":[{"@type":"WebPage","@id":"https:\/\/pegasrestaurant.md\/ro\/produs\/kiev-cake\/","url":"https:\/\/pegasrestaurant.md\/ro\/produs\/kiev-cake\/","name":"Kiev cake \u00een restaurantul Pegas | Tort cu livrare","isPartOf":{"@id":"https:\/\/pegasrestaurant.md\/en\/#website"},"datePublished":"2021-04-22T13:23:34+00:00","dateModified":"2022-06-10T14:21:50+00:00","description":"Meniu de deserturi \u2013 Kiev cake. Ganache delicat\u0103 de nuci \u0219i ciocolat\u0103, bezea, alune. Un desert minunat, delicios. Livrare de torturi Chi\u0219in\u0103u.","breadcrumb":{"@id":"https:\/\/pegasrestaurant.md\/ro\/produs\/kiev-cake\/#breadcrumb"},"inLanguage":"ro-RO","potentialAction":[{"@type":"ReadAction","target":["https:\/\/pegasrestaurant.md\/ro\/produs\/kiev-cake\/"]}]},{"@type":"BreadcrumbList","@id":"https:\/\/pegasrestaurant.md\/ro\/produs\/kiev-cake\/#breadcrumb","itemListElement":[{"@type":"ListItem","position":1,"name":"\u0413\u043b\u0430\u0432\u043d\u0430\u044f \u0441\u0442\u0440\u0430\u043d\u0438\u0446\u0430","item":"https:\/\/pegasrestaurant.md\/ro\/"},{"@type":"ListItem","position":2,"name":"Comand\u0103 online","item":"https:\/\/pegasrestaurant.md\/ro\/comanda-online\/"},{"@type":"ListItem","position":3,"name":"Kiev cake"}]},{"@type":"WebSite","@id":"https:\/\/pegasrestaurant.md\/en\/#website","url":"https:\/\/pegasrestaurant.md\/en\/","name":"Pegas Terrace &amp; Restaurant","description":"","potentialAction":[{"@type":"SearchAction","target":{"@type":"EntryPoint","urlTemplate":"https:\/\/pegasrestaurant.md\/en\/?s={search_term_string}"},"query-input":"required name=search_term_string"}],"inLanguage":"ro-RO"}]}},"_links":{"self":[{"href":"https:\/\/pegasrestaurant.md\/ro\/wp-json\/wp\/v2\/product\/5420","targetHints":{"allow":["GET"]}}],"collection":[{"href":"https:\/\/pegasrestaurant.md\/ro\/wp-json\/wp\/v2\/product"}],"about":[{"href":"https:\/\/pegasrestaurant.md\/ro\/wp-json\/wp\/v2\/types\/product"}],"version-history":[{"count":0,"href":"https:\/\/pegasrestaurant.md\/ro\/wp-json\/wp\/v2\/product\/5420\/revisions"}],"wp:featuredmedia":[{"embeddable":true,"href":"https:\/\/pegasrestaurant.md\/ro\/wp-json\/wp\/v2\/media\/11203"}],"wp:attachment":[{"href":"https:\/\/pegasrestaurant.md\/ro\/wp-json\/wp\/v2\/media?parent=5420"}],"wp:term":[{"taxonomy":"product_cat","embeddable":true,"href":"https:\/\/pegasrestaurant.md\/ro\/wp-json\/wp\/v2\/product_cat?post=5420"},{"taxonomy":"product_tag","embeddable":true,"href":"https:\/\/pegasrestaurant.md\/ro\/wp-json\/wp\/v2\/product_tag?post=5420"}],"curies":[{"name":"wp","href":"https:\/\/api.w.org\/{rel}","templated":true}]}}