{"id":16767,"date":"2023-11-30T17:02:10","date_gmt":"2023-11-30T14:02:10","guid":{"rendered":"https:\/\/pegasrestaurant.md\/product\/snickers-cake\/"},"modified":"2023-12-01T13:32:13","modified_gmt":"2023-12-01T10:32:13","slug":"snickers-cake","status":"publish","type":"product","link":"https:\/\/pegasrestaurant.md\/ro\/produs\/snickers-cake\/","title":{"rendered":"Snickers cake"},"content":{"rendered":"<p>Tortul Snickers este o combina\u021bie perfect\u0103 de blat pandispan de ciocolata, stratul de alune cu caramel sarat \u0219i mousse delicat de lapte. Desertul fabulos cu combina\u021bia echhilibrat\u0103 de dulce \u0219i s\u0103rat, se potrive\u0219te c\u00e2t se poate de bine cu o cea\u0219c\u0103 de cafea sau ceai. Este cu adevarat un deliciu pentru to\u021bi iubitorii de dulce \u0219i va fi \u00eencheierea perfect\u0103 a unui pr\u00e2nz sau a cinei.<\/p>\n","protected":false},"excerpt":{"rendered":"<p><span style=\"color: #c9ab81;\"><strong>Volum:<\/strong><\/span> 1\/210 g<\/p>\n<p>&nbsp;<\/p>\n<p><span style=\"color: #c9ab81;\"><strong>Ingrediente: <\/strong><\/span>Alune cu caramel s\u0103rat pe tort pandi\u0219pan de ciocolat\u0103 \u0219i mousse de lapte<\/p>\n","protected":false},"featured_media":8327,"template":"","meta":{"inline_featured_image":false},"product_cat":[92],"product_tag":[],"class_list":["post-16767","product","type-product","status-publish","has-post-thumbnail","hentry","product_cat-deserte"],"yoast_head":"<!-- This site is optimized with the Yoast SEO plugin v19.6.1 - https:\/\/yoast.com\/wordpress\/plugins\/seo\/ -->\n<title>Snickers Cake: un desert de neuitat | Pegas Terrace &amp; Restaurant<\/title>\n<meta name=\"description\" content=\"Bucura\u021bi-v\u0103 de gustul de ciocolat\u0103 a tortului de pandispan \u0219i caramel s\u0103rat! Un desert ideal pentru cei care apreciaz\u0103 aroma de ciocolat\u0103 \u0219i combina\u021biile neobi\u0219nuite.\" \/>\n<meta name=\"robots\" content=\"index, follow, max-snippet:-1, max-image-preview:large, max-video-preview:-1\" \/>\n<link rel=\"canonical\" href=\"https:\/\/pegasrestaurant.md\/ro\/produs\/snickers-cake\/\" \/>\n<meta property=\"og:locale\" content=\"ro_RO\" \/>\n<meta property=\"og:type\" content=\"article\" \/>\n<meta property=\"og:title\" content=\"Snickers Cake: un desert de neuitat | Pegas Terrace &amp; Restaurant\" \/>\n<meta property=\"og:description\" content=\"Bucura\u021bi-v\u0103 de gustul de ciocolat\u0103 a tortului de pandispan \u0219i caramel s\u0103rat! Un desert ideal pentru cei care apreciaz\u0103 aroma de ciocolat\u0103 \u0219i combina\u021biile neobi\u0219nuite.\" \/>\n<meta property=\"og:url\" content=\"https:\/\/pegasrestaurant.md\/ro\/produs\/snickers-cake\/\" \/>\n<meta property=\"og:site_name\" content=\"Pegas Terrace &amp; Restaurant\" \/>\n<meta property=\"article:modified_time\" content=\"2023-12-01T10:32:13+00:00\" \/>\n<meta property=\"og:image\" content=\"https:\/\/pegasrestaurant.md\/wp-content\/uploads\/2021\/04\/no-product.jpg\" \/>\n\t<meta property=\"og:image:width\" content=\"1000\" \/>\n\t<meta property=\"og:image:height\" content=\"1000\" \/>\n\t<meta property=\"og:image:type\" content=\"image\/jpeg\" \/>\n<meta name=\"twitter:card\" content=\"summary_large_image\" \/>\n<script type=\"application\/ld+json\" class=\"yoast-schema-graph\">{\"@context\":\"https:\/\/schema.org\",\"@graph\":[{\"@type\":\"WebPage\",\"@id\":\"https:\/\/pegasrestaurant.md\/ro\/produs\/snickers-cake\/\",\"url\":\"https:\/\/pegasrestaurant.md\/ro\/produs\/snickers-cake\/\",\"name\":\"Snickers Cake: un desert de neuitat | Pegas Terrace & Restaurant\",\"isPartOf\":{\"@id\":\"https:\/\/pegasrestaurant.md\/en\/#website\"},\"datePublished\":\"2023-11-30T14:02:10+00:00\",\"dateModified\":\"2023-12-01T10:32:13+00:00\",\"description\":\"Bucura\u021bi-v\u0103 de gustul de ciocolat\u0103 a tortului de pandispan \u0219i caramel s\u0103rat! Un desert ideal pentru cei care apreciaz\u0103 aroma de ciocolat\u0103 \u0219i combina\u021biile neobi\u0219nuite.\",\"breadcrumb\":{\"@id\":\"https:\/\/pegasrestaurant.md\/ro\/produs\/snickers-cake\/#breadcrumb\"},\"inLanguage\":\"ro-RO\",\"potentialAction\":[{\"@type\":\"ReadAction\",\"target\":[\"https:\/\/pegasrestaurant.md\/ro\/produs\/snickers-cake\/\"]}]},{\"@type\":\"BreadcrumbList\",\"@id\":\"https:\/\/pegasrestaurant.md\/ro\/produs\/snickers-cake\/#breadcrumb\",\"itemListElement\":[{\"@type\":\"ListItem\",\"position\":1,\"name\":\"\u0413\u043b\u0430\u0432\u043d\u0430\u044f \u0441\u0442\u0440\u0430\u043d\u0438\u0446\u0430\",\"item\":\"https:\/\/pegasrestaurant.md\/ro\/\"},{\"@type\":\"ListItem\",\"position\":2,\"name\":\"Comand\u0103 online\",\"item\":\"https:\/\/pegasrestaurant.md\/ro\/comanda-online\/\"},{\"@type\":\"ListItem\",\"position\":3,\"name\":\"Snickers cake\"}]},{\"@type\":\"WebSite\",\"@id\":\"https:\/\/pegasrestaurant.md\/en\/#website\",\"url\":\"https:\/\/pegasrestaurant.md\/en\/\",\"name\":\"Pegas Terrace &amp; Restaurant\",\"description\":\"\",\"potentialAction\":[{\"@type\":\"SearchAction\",\"target\":{\"@type\":\"EntryPoint\",\"urlTemplate\":\"https:\/\/pegasrestaurant.md\/en\/?s={search_term_string}\"},\"query-input\":\"required name=search_term_string\"}],\"inLanguage\":\"ro-RO\"}]}<\/script>\n<!-- \/ Yoast SEO plugin. -->","yoast_head_json":{"title":"Snickers Cake: un desert de neuitat | Pegas Terrace & Restaurant","description":"Bucura\u021bi-v\u0103 de gustul de ciocolat\u0103 a tortului de pandispan \u0219i caramel s\u0103rat! Un desert ideal pentru cei care apreciaz\u0103 aroma de ciocolat\u0103 \u0219i combina\u021biile neobi\u0219nuite.","robots":{"index":"index","follow":"follow","max-snippet":"max-snippet:-1","max-image-preview":"max-image-preview:large","max-video-preview":"max-video-preview:-1"},"canonical":"https:\/\/pegasrestaurant.md\/ro\/produs\/snickers-cake\/","og_locale":"ro_RO","og_type":"article","og_title":"Snickers Cake: un desert de neuitat | Pegas Terrace & Restaurant","og_description":"Bucura\u021bi-v\u0103 de gustul de ciocolat\u0103 a tortului de pandispan \u0219i caramel s\u0103rat! Un desert ideal pentru cei care apreciaz\u0103 aroma de ciocolat\u0103 \u0219i combina\u021biile neobi\u0219nuite.","og_url":"https:\/\/pegasrestaurant.md\/ro\/produs\/snickers-cake\/","og_site_name":"Pegas Terrace &amp; Restaurant","article_modified_time":"2023-12-01T10:32:13+00:00","og_image":[{"width":1000,"height":1000,"url":"https:\/\/pegasrestaurant.md\/wp-content\/uploads\/2021\/04\/no-product.jpg","type":"image\/jpeg"}],"twitter_card":"summary_large_image","schema":{"@context":"https:\/\/schema.org","@graph":[{"@type":"WebPage","@id":"https:\/\/pegasrestaurant.md\/ro\/produs\/snickers-cake\/","url":"https:\/\/pegasrestaurant.md\/ro\/produs\/snickers-cake\/","name":"Snickers Cake: un desert de neuitat | Pegas Terrace & Restaurant","isPartOf":{"@id":"https:\/\/pegasrestaurant.md\/en\/#website"},"datePublished":"2023-11-30T14:02:10+00:00","dateModified":"2023-12-01T10:32:13+00:00","description":"Bucura\u021bi-v\u0103 de gustul de ciocolat\u0103 a tortului de pandispan \u0219i caramel s\u0103rat! Un desert ideal pentru cei care apreciaz\u0103 aroma de ciocolat\u0103 \u0219i combina\u021biile neobi\u0219nuite.","breadcrumb":{"@id":"https:\/\/pegasrestaurant.md\/ro\/produs\/snickers-cake\/#breadcrumb"},"inLanguage":"ro-RO","potentialAction":[{"@type":"ReadAction","target":["https:\/\/pegasrestaurant.md\/ro\/produs\/snickers-cake\/"]}]},{"@type":"BreadcrumbList","@id":"https:\/\/pegasrestaurant.md\/ro\/produs\/snickers-cake\/#breadcrumb","itemListElement":[{"@type":"ListItem","position":1,"name":"\u0413\u043b\u0430\u0432\u043d\u0430\u044f \u0441\u0442\u0440\u0430\u043d\u0438\u0446\u0430","item":"https:\/\/pegasrestaurant.md\/ro\/"},{"@type":"ListItem","position":2,"name":"Comand\u0103 online","item":"https:\/\/pegasrestaurant.md\/ro\/comanda-online\/"},{"@type":"ListItem","position":3,"name":"Snickers cake"}]},{"@type":"WebSite","@id":"https:\/\/pegasrestaurant.md\/en\/#website","url":"https:\/\/pegasrestaurant.md\/en\/","name":"Pegas Terrace &amp; Restaurant","description":"","potentialAction":[{"@type":"SearchAction","target":{"@type":"EntryPoint","urlTemplate":"https:\/\/pegasrestaurant.md\/en\/?s={search_term_string}"},"query-input":"required name=search_term_string"}],"inLanguage":"ro-RO"}]}},"_links":{"self":[{"href":"https:\/\/pegasrestaurant.md\/ro\/wp-json\/wp\/v2\/product\/16767","targetHints":{"allow":["GET"]}}],"collection":[{"href":"https:\/\/pegasrestaurant.md\/ro\/wp-json\/wp\/v2\/product"}],"about":[{"href":"https:\/\/pegasrestaurant.md\/ro\/wp-json\/wp\/v2\/types\/product"}],"version-history":[{"count":0,"href":"https:\/\/pegasrestaurant.md\/ro\/wp-json\/wp\/v2\/product\/16767\/revisions"}],"wp:featuredmedia":[{"embeddable":true,"href":"https:\/\/pegasrestaurant.md\/ro\/wp-json\/wp\/v2\/media\/8327"}],"wp:attachment":[{"href":"https:\/\/pegasrestaurant.md\/ro\/wp-json\/wp\/v2\/media?parent=16767"}],"wp:term":[{"taxonomy":"product_cat","embeddable":true,"href":"https:\/\/pegasrestaurant.md\/ro\/wp-json\/wp\/v2\/product_cat?post=16767"},{"taxonomy":"product_tag","embeddable":true,"href":"https:\/\/pegasrestaurant.md\/ro\/wp-json\/wp\/v2\/product_tag?post=16767"}],"curies":[{"name":"wp","href":"https:\/\/api.w.org\/{rel}","templated":true}]}}