{"id":16660,"date":"2023-11-30T16:39:38","date_gmt":"2023-11-30T13:39:38","guid":{"rendered":"https:\/\/pegasrestaurant.md\/product\/file-de-somon-la-gratar-cu-sos-berblan\/"},"modified":"2023-12-01T11:59:24","modified_gmt":"2023-12-01T08:59:24","slug":"file-de-somon-la-gratar-cu-sos-berblan","status":"publish","type":"product","link":"https:\/\/pegasrestaurant.md\/ro\/produs\/file-de-somon-la-gratar-cu-sos-berblan\/","title":{"rendered":"File de somon la gr\u0103tar cu sos berblan"},"content":{"rendered":"<p>Somonul la cuptor cu sos berblanc este un file de somon perfect copt, cu o crust\u0103 crocant\u0103 \u0219i aurie \u0219i carne roz \u0219i suculent\u0103 \u00een interior. Somonul este servit cu ptiptim, o garnitur\u0103 de gr\u00e2u fin care adaug\u0103 textur\u0103 \u0219i nutri\u021bie. Dar adev\u0103rata bijuterie a felului de m\u00e2ncare este sosul berblanc &#8211; bogat, cremos, cu o u\u0219oar\u0103 acrivie. O alegere perfect\u0103!<\/p>\n","protected":false},"excerpt":{"rendered":"<p><span style=\"color: #c9ab81;\"><strong>Volum:<\/strong><\/span> 1\/320 g<\/p>\n<p>&nbsp;<\/p>\n<p><span style=\"color: #c9ab81;\"><strong>Ingrediente: <\/strong><\/span>File de somon, piptim, sos berblan<\/p>\n","protected":false},"featured_media":8327,"template":"","meta":{"inline_featured_image":false},"product_cat":[101],"product_tag":[],"class_list":["post-16660","product","type-product","status-publish","has-post-thumbnail","hentry","product_cat-peste"],"yoast_head":"<!-- This site is optimized with the Yoast SEO plugin v19.6.1 - https:\/\/yoast.com\/wordpress\/plugins\/seo\/ -->\n<title>Somon la cuptor cu sos berblanc | Pegas Terrace &amp; Restaurant<\/title>\n<meta name=\"description\" content=\"Somon fraged cu sos \u0219i ptiptim la Pegas Terrace. Alegerea adev\u0103ra\u021bilor cunosc\u0103tori de m\u00e2nc\u0103ruri gourmet!\" \/>\n<meta name=\"robots\" content=\"index, follow, max-snippet:-1, max-image-preview:large, max-video-preview:-1\" \/>\n<link rel=\"canonical\" href=\"https:\/\/pegasrestaurant.md\/ro\/produs\/file-de-somon-la-gratar-cu-sos-berblan\/\" \/>\n<meta property=\"og:locale\" content=\"ro_RO\" \/>\n<meta property=\"og:type\" content=\"article\" \/>\n<meta property=\"og:title\" content=\"Somon la cuptor cu sos berblanc | Pegas Terrace &amp; Restaurant\" \/>\n<meta property=\"og:description\" content=\"Somon fraged cu sos \u0219i ptiptim la Pegas Terrace. Alegerea adev\u0103ra\u021bilor cunosc\u0103tori de m\u00e2nc\u0103ruri gourmet!\" \/>\n<meta property=\"og:url\" content=\"https:\/\/pegasrestaurant.md\/ro\/produs\/file-de-somon-la-gratar-cu-sos-berblan\/\" \/>\n<meta property=\"og:site_name\" content=\"Pegas Terrace &amp; Restaurant\" \/>\n<meta property=\"article:modified_time\" content=\"2023-12-01T08:59:24+00:00\" \/>\n<meta property=\"og:image\" content=\"https:\/\/pegasrestaurant.md\/wp-content\/uploads\/2021\/04\/no-product.jpg\" \/>\n\t<meta property=\"og:image:width\" content=\"1000\" \/>\n\t<meta property=\"og:image:height\" content=\"1000\" \/>\n\t<meta property=\"og:image:type\" content=\"image\/jpeg\" \/>\n<meta name=\"twitter:card\" content=\"summary_large_image\" \/>\n<script type=\"application\/ld+json\" class=\"yoast-schema-graph\">{\"@context\":\"https:\/\/schema.org\",\"@graph\":[{\"@type\":\"WebPage\",\"@id\":\"https:\/\/pegasrestaurant.md\/ro\/produs\/file-de-somon-la-gratar-cu-sos-berblan\/\",\"url\":\"https:\/\/pegasrestaurant.md\/ro\/produs\/file-de-somon-la-gratar-cu-sos-berblan\/\",\"name\":\"Somon la cuptor cu sos berblanc | Pegas Terrace & Restaurant\",\"isPartOf\":{\"@id\":\"https:\/\/pegasrestaurant.md\/en\/#website\"},\"datePublished\":\"2023-11-30T13:39:38+00:00\",\"dateModified\":\"2023-12-01T08:59:24+00:00\",\"description\":\"Somon fraged cu sos \u0219i ptiptim la Pegas Terrace. Alegerea adev\u0103ra\u021bilor cunosc\u0103tori de m\u00e2nc\u0103ruri gourmet!\",\"breadcrumb\":{\"@id\":\"https:\/\/pegasrestaurant.md\/ro\/produs\/file-de-somon-la-gratar-cu-sos-berblan\/#breadcrumb\"},\"inLanguage\":\"ro-RO\",\"potentialAction\":[{\"@type\":\"ReadAction\",\"target\":[\"https:\/\/pegasrestaurant.md\/ro\/produs\/file-de-somon-la-gratar-cu-sos-berblan\/\"]}]},{\"@type\":\"BreadcrumbList\",\"@id\":\"https:\/\/pegasrestaurant.md\/ro\/produs\/file-de-somon-la-gratar-cu-sos-berblan\/#breadcrumb\",\"itemListElement\":[{\"@type\":\"ListItem\",\"position\":1,\"name\":\"\u0413\u043b\u0430\u0432\u043d\u0430\u044f \u0441\u0442\u0440\u0430\u043d\u0438\u0446\u0430\",\"item\":\"https:\/\/pegasrestaurant.md\/ro\/\"},{\"@type\":\"ListItem\",\"position\":2,\"name\":\"Comand\u0103 online\",\"item\":\"https:\/\/pegasrestaurant.md\/ro\/comanda-online\/\"},{\"@type\":\"ListItem\",\"position\":3,\"name\":\"File de somon la gr\u0103tar cu sos berblan\"}]},{\"@type\":\"WebSite\",\"@id\":\"https:\/\/pegasrestaurant.md\/en\/#website\",\"url\":\"https:\/\/pegasrestaurant.md\/en\/\",\"name\":\"Pegas Terrace &amp; Restaurant\",\"description\":\"\",\"potentialAction\":[{\"@type\":\"SearchAction\",\"target\":{\"@type\":\"EntryPoint\",\"urlTemplate\":\"https:\/\/pegasrestaurant.md\/en\/?s={search_term_string}\"},\"query-input\":\"required name=search_term_string\"}],\"inLanguage\":\"ro-RO\"}]}<\/script>\n<!-- \/ Yoast SEO plugin. -->","yoast_head_json":{"title":"Somon la cuptor cu sos berblanc | Pegas Terrace & Restaurant","description":"Somon fraged cu sos \u0219i ptiptim la Pegas Terrace. Alegerea adev\u0103ra\u021bilor cunosc\u0103tori de m\u00e2nc\u0103ruri gourmet!","robots":{"index":"index","follow":"follow","max-snippet":"max-snippet:-1","max-image-preview":"max-image-preview:large","max-video-preview":"max-video-preview:-1"},"canonical":"https:\/\/pegasrestaurant.md\/ro\/produs\/file-de-somon-la-gratar-cu-sos-berblan\/","og_locale":"ro_RO","og_type":"article","og_title":"Somon la cuptor cu sos berblanc | Pegas Terrace & Restaurant","og_description":"Somon fraged cu sos \u0219i ptiptim la Pegas Terrace. Alegerea adev\u0103ra\u021bilor cunosc\u0103tori de m\u00e2nc\u0103ruri gourmet!","og_url":"https:\/\/pegasrestaurant.md\/ro\/produs\/file-de-somon-la-gratar-cu-sos-berblan\/","og_site_name":"Pegas Terrace &amp; Restaurant","article_modified_time":"2023-12-01T08:59:24+00:00","og_image":[{"width":1000,"height":1000,"url":"https:\/\/pegasrestaurant.md\/wp-content\/uploads\/2021\/04\/no-product.jpg","type":"image\/jpeg"}],"twitter_card":"summary_large_image","schema":{"@context":"https:\/\/schema.org","@graph":[{"@type":"WebPage","@id":"https:\/\/pegasrestaurant.md\/ro\/produs\/file-de-somon-la-gratar-cu-sos-berblan\/","url":"https:\/\/pegasrestaurant.md\/ro\/produs\/file-de-somon-la-gratar-cu-sos-berblan\/","name":"Somon la cuptor cu sos berblanc | Pegas Terrace & Restaurant","isPartOf":{"@id":"https:\/\/pegasrestaurant.md\/en\/#website"},"datePublished":"2023-11-30T13:39:38+00:00","dateModified":"2023-12-01T08:59:24+00:00","description":"Somon fraged cu sos \u0219i ptiptim la Pegas Terrace. Alegerea adev\u0103ra\u021bilor cunosc\u0103tori de m\u00e2nc\u0103ruri gourmet!","breadcrumb":{"@id":"https:\/\/pegasrestaurant.md\/ro\/produs\/file-de-somon-la-gratar-cu-sos-berblan\/#breadcrumb"},"inLanguage":"ro-RO","potentialAction":[{"@type":"ReadAction","target":["https:\/\/pegasrestaurant.md\/ro\/produs\/file-de-somon-la-gratar-cu-sos-berblan\/"]}]},{"@type":"BreadcrumbList","@id":"https:\/\/pegasrestaurant.md\/ro\/produs\/file-de-somon-la-gratar-cu-sos-berblan\/#breadcrumb","itemListElement":[{"@type":"ListItem","position":1,"name":"\u0413\u043b\u0430\u0432\u043d\u0430\u044f \u0441\u0442\u0440\u0430\u043d\u0438\u0446\u0430","item":"https:\/\/pegasrestaurant.md\/ro\/"},{"@type":"ListItem","position":2,"name":"Comand\u0103 online","item":"https:\/\/pegasrestaurant.md\/ro\/comanda-online\/"},{"@type":"ListItem","position":3,"name":"File de somon la gr\u0103tar cu sos berblan"}]},{"@type":"WebSite","@id":"https:\/\/pegasrestaurant.md\/en\/#website","url":"https:\/\/pegasrestaurant.md\/en\/","name":"Pegas Terrace &amp; Restaurant","description":"","potentialAction":[{"@type":"SearchAction","target":{"@type":"EntryPoint","urlTemplate":"https:\/\/pegasrestaurant.md\/en\/?s={search_term_string}"},"query-input":"required name=search_term_string"}],"inLanguage":"ro-RO"}]}},"_links":{"self":[{"href":"https:\/\/pegasrestaurant.md\/ro\/wp-json\/wp\/v2\/product\/16660","targetHints":{"allow":["GET"]}}],"collection":[{"href":"https:\/\/pegasrestaurant.md\/ro\/wp-json\/wp\/v2\/product"}],"about":[{"href":"https:\/\/pegasrestaurant.md\/ro\/wp-json\/wp\/v2\/types\/product"}],"version-history":[{"count":0,"href":"https:\/\/pegasrestaurant.md\/ro\/wp-json\/wp\/v2\/product\/16660\/revisions"}],"wp:featuredmedia":[{"embeddable":true,"href":"https:\/\/pegasrestaurant.md\/ro\/wp-json\/wp\/v2\/media\/8327"}],"wp:attachment":[{"href":"https:\/\/pegasrestaurant.md\/ro\/wp-json\/wp\/v2\/media?parent=16660"}],"wp:term":[{"taxonomy":"product_cat","embeddable":true,"href":"https:\/\/pegasrestaurant.md\/ro\/wp-json\/wp\/v2\/product_cat?post=16660"},{"taxonomy":"product_tag","embeddable":true,"href":"https:\/\/pegasrestaurant.md\/ro\/wp-json\/wp\/v2\/product_tag?post=16660"}],"curies":[{"name":"wp","href":"https:\/\/api.w.org\/{rel}","templated":true}]}}