{"id":16541,"date":"2023-11-30T15:52:50","date_gmt":"2023-11-30T12:52:50","guid":{"rendered":"https:\/\/pegasrestaurant.md\/product\/file-de-salau-cu-sos-de-midii-pastarnac-si-caviar-rosu\/"},"modified":"2023-12-01T15:14:07","modified_gmt":"2023-12-01T12:14:07","slug":"file-de-salau-cu-sos-de-midii-pastarnac-si-caviar-rosu","status":"publish","type":"product","link":"https:\/\/pegasrestaurant.md\/ro\/produs\/file-de-salau-cu-sos-de-midii-pastarnac-si-caviar-rosu\/","title":{"rendered":"File de \u0219al\u0103u cu sos de midii, p\u0103st\u00e2rnac \u0219i caviar ro\u0219u"},"content":{"rendered":"<p>Fileul de \u0219al\u0103u cu sos de midii, p\u0103st\u00e2rnac \u0219i caviar ro\u0219u este o capodoper\u0103 culinar\u0103 pentru to\u021bi iubitorii de delicatese marine. Fileul fraged \u0219i suculent de \u0219al\u0103u cu crust\u0103 aromat\u0103 \u00een sos viloute din midii fragede \u0219i vin alb. Se serve\u0219te cu p\u0103st\u00e2rnac crocant, felii sub\u021biri de dovlecel, cu capere \u0219i caviar ro\u0219u. R\u0103sf\u0103\u021ba\u021bi-v\u0103 cu un gust rafinat!<\/p>\n","protected":false},"excerpt":{"rendered":"<p><span style=\"color: #c9ab81;\"><strong>Volum:<\/strong><\/span> 1\/280 g<\/p>\n<p>&nbsp;<\/p>\n<p><span style=\"color: #c9ab81;\"><strong>Ingrediente: <\/strong><\/span>File de \u0219al\u0103u, midii, sos veloute, caviar rosu, dovlecel, capere, sare, piper, vin, pastarnac<\/p>\n","protected":false},"featured_media":8327,"template":"","meta":{"inline_featured_image":false},"product_cat":[101],"product_tag":[],"class_list":["post-16541","product","type-product","status-publish","has-post-thumbnail","hentry","product_cat-peste"],"yoast_head":"<!-- This site is optimized with the Yoast SEO plugin v19.6.1 - https:\/\/yoast.com\/wordpress\/plugins\/seo\/ -->\n<title>File de \u0219al\u0103u cu caviar \u0219i midii | Pegas Terrace &amp; Restaurant<\/title>\n<meta name=\"description\" content=\"Savura\u021bi fileul de \u0219al\u0103u cu caviar \u0219i midii la Pegas Terrace &amp; Restaurant. Gust exclusivist pentru adev\u0103ra\u021bii gurmanzi!\" \/>\n<meta name=\"robots\" content=\"index, follow, max-snippet:-1, max-image-preview:large, max-video-preview:-1\" \/>\n<link rel=\"canonical\" href=\"https:\/\/pegasrestaurant.md\/ro\/produs\/file-de-salau-cu-sos-de-midii-pastarnac-si-caviar-rosu\/\" \/>\n<meta property=\"og:locale\" content=\"ro_RO\" \/>\n<meta property=\"og:type\" content=\"article\" \/>\n<meta property=\"og:title\" content=\"File de \u0219al\u0103u cu caviar \u0219i midii | Pegas Terrace &amp; Restaurant\" \/>\n<meta property=\"og:description\" content=\"Savura\u021bi fileul de \u0219al\u0103u cu caviar \u0219i midii la Pegas Terrace &amp; Restaurant. Gust exclusivist pentru adev\u0103ra\u021bii gurmanzi!\" \/>\n<meta property=\"og:url\" content=\"https:\/\/pegasrestaurant.md\/ro\/produs\/file-de-salau-cu-sos-de-midii-pastarnac-si-caviar-rosu\/\" \/>\n<meta property=\"og:site_name\" content=\"Pegas Terrace &amp; Restaurant\" \/>\n<meta property=\"article:modified_time\" content=\"2023-12-01T12:14:07+00:00\" \/>\n<meta property=\"og:image\" content=\"https:\/\/pegasrestaurant.md\/wp-content\/uploads\/2021\/04\/no-product.jpg\" \/>\n\t<meta property=\"og:image:width\" content=\"1000\" \/>\n\t<meta property=\"og:image:height\" content=\"1000\" \/>\n\t<meta property=\"og:image:type\" content=\"image\/jpeg\" \/>\n<meta name=\"twitter:card\" content=\"summary_large_image\" \/>\n<script type=\"application\/ld+json\" class=\"yoast-schema-graph\">{\"@context\":\"https:\/\/schema.org\",\"@graph\":[{\"@type\":\"WebPage\",\"@id\":\"https:\/\/pegasrestaurant.md\/ro\/produs\/file-de-salau-cu-sos-de-midii-pastarnac-si-caviar-rosu\/\",\"url\":\"https:\/\/pegasrestaurant.md\/ro\/produs\/file-de-salau-cu-sos-de-midii-pastarnac-si-caviar-rosu\/\",\"name\":\"File de \u0219al\u0103u cu caviar \u0219i midii | Pegas Terrace & Restaurant\",\"isPartOf\":{\"@id\":\"https:\/\/pegasrestaurant.md\/en\/#website\"},\"datePublished\":\"2023-11-30T12:52:50+00:00\",\"dateModified\":\"2023-12-01T12:14:07+00:00\",\"description\":\"Savura\u021bi fileul de \u0219al\u0103u cu caviar \u0219i midii la Pegas Terrace & Restaurant. Gust exclusivist pentru adev\u0103ra\u021bii gurmanzi!\",\"breadcrumb\":{\"@id\":\"https:\/\/pegasrestaurant.md\/ro\/produs\/file-de-salau-cu-sos-de-midii-pastarnac-si-caviar-rosu\/#breadcrumb\"},\"inLanguage\":\"ro-RO\",\"potentialAction\":[{\"@type\":\"ReadAction\",\"target\":[\"https:\/\/pegasrestaurant.md\/ro\/produs\/file-de-salau-cu-sos-de-midii-pastarnac-si-caviar-rosu\/\"]}]},{\"@type\":\"BreadcrumbList\",\"@id\":\"https:\/\/pegasrestaurant.md\/ro\/produs\/file-de-salau-cu-sos-de-midii-pastarnac-si-caviar-rosu\/#breadcrumb\",\"itemListElement\":[{\"@type\":\"ListItem\",\"position\":1,\"name\":\"\u0413\u043b\u0430\u0432\u043d\u0430\u044f \u0441\u0442\u0440\u0430\u043d\u0438\u0446\u0430\",\"item\":\"https:\/\/pegasrestaurant.md\/ro\/\"},{\"@type\":\"ListItem\",\"position\":2,\"name\":\"Comand\u0103 online\",\"item\":\"https:\/\/pegasrestaurant.md\/ro\/comanda-online\/\"},{\"@type\":\"ListItem\",\"position\":3,\"name\":\"File de \u0219al\u0103u cu sos de midii, p\u0103st\u00e2rnac \u0219i caviar ro\u0219u\"}]},{\"@type\":\"WebSite\",\"@id\":\"https:\/\/pegasrestaurant.md\/en\/#website\",\"url\":\"https:\/\/pegasrestaurant.md\/en\/\",\"name\":\"Pegas Terrace &amp; Restaurant\",\"description\":\"\",\"potentialAction\":[{\"@type\":\"SearchAction\",\"target\":{\"@type\":\"EntryPoint\",\"urlTemplate\":\"https:\/\/pegasrestaurant.md\/en\/?s={search_term_string}\"},\"query-input\":\"required name=search_term_string\"}],\"inLanguage\":\"ro-RO\"}]}<\/script>\n<!-- \/ Yoast SEO plugin. -->","yoast_head_json":{"title":"File de \u0219al\u0103u cu caviar \u0219i midii | Pegas Terrace & Restaurant","description":"Savura\u021bi fileul de \u0219al\u0103u cu caviar \u0219i midii la Pegas Terrace & Restaurant. Gust exclusivist pentru adev\u0103ra\u021bii gurmanzi!","robots":{"index":"index","follow":"follow","max-snippet":"max-snippet:-1","max-image-preview":"max-image-preview:large","max-video-preview":"max-video-preview:-1"},"canonical":"https:\/\/pegasrestaurant.md\/ro\/produs\/file-de-salau-cu-sos-de-midii-pastarnac-si-caviar-rosu\/","og_locale":"ro_RO","og_type":"article","og_title":"File de \u0219al\u0103u cu caviar \u0219i midii | Pegas Terrace & Restaurant","og_description":"Savura\u021bi fileul de \u0219al\u0103u cu caviar \u0219i midii la Pegas Terrace & Restaurant. Gust exclusivist pentru adev\u0103ra\u021bii gurmanzi!","og_url":"https:\/\/pegasrestaurant.md\/ro\/produs\/file-de-salau-cu-sos-de-midii-pastarnac-si-caviar-rosu\/","og_site_name":"Pegas Terrace &amp; Restaurant","article_modified_time":"2023-12-01T12:14:07+00:00","og_image":[{"width":1000,"height":1000,"url":"https:\/\/pegasrestaurant.md\/wp-content\/uploads\/2021\/04\/no-product.jpg","type":"image\/jpeg"}],"twitter_card":"summary_large_image","schema":{"@context":"https:\/\/schema.org","@graph":[{"@type":"WebPage","@id":"https:\/\/pegasrestaurant.md\/ro\/produs\/file-de-salau-cu-sos-de-midii-pastarnac-si-caviar-rosu\/","url":"https:\/\/pegasrestaurant.md\/ro\/produs\/file-de-salau-cu-sos-de-midii-pastarnac-si-caviar-rosu\/","name":"File de \u0219al\u0103u cu caviar \u0219i midii | Pegas Terrace & Restaurant","isPartOf":{"@id":"https:\/\/pegasrestaurant.md\/en\/#website"},"datePublished":"2023-11-30T12:52:50+00:00","dateModified":"2023-12-01T12:14:07+00:00","description":"Savura\u021bi fileul de \u0219al\u0103u cu caviar \u0219i midii la Pegas Terrace & Restaurant. Gust exclusivist pentru adev\u0103ra\u021bii gurmanzi!","breadcrumb":{"@id":"https:\/\/pegasrestaurant.md\/ro\/produs\/file-de-salau-cu-sos-de-midii-pastarnac-si-caviar-rosu\/#breadcrumb"},"inLanguage":"ro-RO","potentialAction":[{"@type":"ReadAction","target":["https:\/\/pegasrestaurant.md\/ro\/produs\/file-de-salau-cu-sos-de-midii-pastarnac-si-caviar-rosu\/"]}]},{"@type":"BreadcrumbList","@id":"https:\/\/pegasrestaurant.md\/ro\/produs\/file-de-salau-cu-sos-de-midii-pastarnac-si-caviar-rosu\/#breadcrumb","itemListElement":[{"@type":"ListItem","position":1,"name":"\u0413\u043b\u0430\u0432\u043d\u0430\u044f \u0441\u0442\u0440\u0430\u043d\u0438\u0446\u0430","item":"https:\/\/pegasrestaurant.md\/ro\/"},{"@type":"ListItem","position":2,"name":"Comand\u0103 online","item":"https:\/\/pegasrestaurant.md\/ro\/comanda-online\/"},{"@type":"ListItem","position":3,"name":"File de \u0219al\u0103u cu sos de midii, p\u0103st\u00e2rnac \u0219i caviar ro\u0219u"}]},{"@type":"WebSite","@id":"https:\/\/pegasrestaurant.md\/en\/#website","url":"https:\/\/pegasrestaurant.md\/en\/","name":"Pegas Terrace &amp; Restaurant","description":"","potentialAction":[{"@type":"SearchAction","target":{"@type":"EntryPoint","urlTemplate":"https:\/\/pegasrestaurant.md\/en\/?s={search_term_string}"},"query-input":"required name=search_term_string"}],"inLanguage":"ro-RO"}]}},"_links":{"self":[{"href":"https:\/\/pegasrestaurant.md\/ro\/wp-json\/wp\/v2\/product\/16541","targetHints":{"allow":["GET"]}}],"collection":[{"href":"https:\/\/pegasrestaurant.md\/ro\/wp-json\/wp\/v2\/product"}],"about":[{"href":"https:\/\/pegasrestaurant.md\/ro\/wp-json\/wp\/v2\/types\/product"}],"version-history":[{"count":0,"href":"https:\/\/pegasrestaurant.md\/ro\/wp-json\/wp\/v2\/product\/16541\/revisions"}],"wp:featuredmedia":[{"embeddable":true,"href":"https:\/\/pegasrestaurant.md\/ro\/wp-json\/wp\/v2\/media\/8327"}],"wp:attachment":[{"href":"https:\/\/pegasrestaurant.md\/ro\/wp-json\/wp\/v2\/media?parent=16541"}],"wp:term":[{"taxonomy":"product_cat","embeddable":true,"href":"https:\/\/pegasrestaurant.md\/ro\/wp-json\/wp\/v2\/product_cat?post=16541"},{"taxonomy":"product_tag","embeddable":true,"href":"https:\/\/pegasrestaurant.md\/ro\/wp-json\/wp\/v2\/product_tag?post=16541"}],"curies":[{"name":"wp","href":"https:\/\/api.w.org\/{rel}","templated":true}]}}