{"id":16521,"date":"2023-11-30T15:29:57","date_gmt":"2023-11-30T12:29:57","guid":{"rendered":"https:\/\/pegasrestaurant.md\/product\/roast-beef-cu-vinete-si-branza-de-capra\/"},"modified":"2023-12-01T14:06:24","modified_gmt":"2023-12-01T11:06:24","slug":"roast-beef-cu-vinete-si-branza-de-capra","status":"publish","type":"product","link":"https:\/\/pegasrestaurant.md\/ro\/produs\/roast-beef-cu-vinete-si-branza-de-capra\/","title":{"rendered":"Roast beef cu vinete \u0219i br\u00e2nz\u0103 de capr\u0103"},"content":{"rendered":"<p>Savura\u021bi una dintre cele mai fragede \u0219i suculente fripturi de vit\u0103 cu vinete \u0219i br\u00e2nz\u0103 de capr\u0103. Perfect coapt\u0103 \u0219i \u00een combina\u021bie cu vinetele moi \u0219i ardeii cop\u021bi, creaz\u0103 un contrast armonios de gusturi \u0219i arome. Amestecul de br\u00e2nzeturi ofer\u0103 acestui fel de m\u00e2ncare o textur\u0103 cremoas\u0103 \u0219i un gust delicat.<\/p>\n","protected":false},"excerpt":{"rendered":"<p><span style=\"color: #c9ab81;\"><strong>Volum:<\/strong><\/span> 1\/300 g<\/p>\n<p>&nbsp;<\/p>\n<p><span style=\"color: #c9ab81;\"><strong>Ingrediente: <\/strong><\/span>Roast beef, ardei cop\u021bi, vinete, amestec de br\u00e2nz\u0103, sos<\/p>\n","protected":false},"featured_media":8327,"template":"","meta":{"inline_featured_image":false},"product_cat":[111],"product_tag":[],"class_list":["post-16521","product","type-product","status-publish","has-post-thumbnail","hentry","product_cat-gustari"],"yoast_head":"<!-- This site is optimized with the Yoast SEO plugin v19.6.1 - https:\/\/yoast.com\/wordpress\/plugins\/seo\/ -->\n<title>Friptur\u0103 de vit\u0103 cu vinete \u0219i br\u00e2nz\u0103 de capr\u0103 | Pegas Terrace &amp; Restaurant<\/title>\n<meta name=\"description\" content=\"Descoperi\u021bi friptura de vit\u0103 gourmet cu vinete \u0219i br\u00e2nz\u0103 de capr\u0103 la Pegas Terrace &amp; Restaurant. O combina\u021bie unic\u0103 de arome!\" \/>\n<meta name=\"robots\" content=\"index, follow, max-snippet:-1, max-image-preview:large, max-video-preview:-1\" \/>\n<link rel=\"canonical\" href=\"https:\/\/pegasrestaurant.md\/ro\/produs\/roast-beef-cu-vinete-si-branza-de-capra\/\" \/>\n<meta property=\"og:locale\" content=\"ro_RO\" \/>\n<meta property=\"og:type\" content=\"article\" \/>\n<meta property=\"og:title\" content=\"Friptur\u0103 de vit\u0103 cu vinete \u0219i br\u00e2nz\u0103 de capr\u0103 | Pegas Terrace &amp; Restaurant\" \/>\n<meta property=\"og:description\" content=\"Descoperi\u021bi friptura de vit\u0103 gourmet cu vinete \u0219i br\u00e2nz\u0103 de capr\u0103 la Pegas Terrace &amp; Restaurant. O combina\u021bie unic\u0103 de arome!\" \/>\n<meta property=\"og:url\" content=\"https:\/\/pegasrestaurant.md\/ro\/produs\/roast-beef-cu-vinete-si-branza-de-capra\/\" \/>\n<meta property=\"og:site_name\" content=\"Pegas Terrace &amp; Restaurant\" \/>\n<meta property=\"article:modified_time\" content=\"2023-12-01T11:06:24+00:00\" \/>\n<meta property=\"og:image\" content=\"https:\/\/pegasrestaurant.md\/wp-content\/uploads\/2021\/04\/no-product.jpg\" \/>\n\t<meta property=\"og:image:width\" content=\"1000\" \/>\n\t<meta property=\"og:image:height\" content=\"1000\" \/>\n\t<meta property=\"og:image:type\" content=\"image\/jpeg\" \/>\n<meta name=\"twitter:card\" content=\"summary_large_image\" \/>\n<script type=\"application\/ld+json\" class=\"yoast-schema-graph\">{\"@context\":\"https:\/\/schema.org\",\"@graph\":[{\"@type\":\"WebPage\",\"@id\":\"https:\/\/pegasrestaurant.md\/ro\/produs\/roast-beef-cu-vinete-si-branza-de-capra\/\",\"url\":\"https:\/\/pegasrestaurant.md\/ro\/produs\/roast-beef-cu-vinete-si-branza-de-capra\/\",\"name\":\"Friptur\u0103 de vit\u0103 cu vinete \u0219i br\u00e2nz\u0103 de capr\u0103 | Pegas Terrace & Restaurant\",\"isPartOf\":{\"@id\":\"https:\/\/pegasrestaurant.md\/en\/#website\"},\"datePublished\":\"2023-11-30T12:29:57+00:00\",\"dateModified\":\"2023-12-01T11:06:24+00:00\",\"description\":\"Descoperi\u021bi friptura de vit\u0103 gourmet cu vinete \u0219i br\u00e2nz\u0103 de capr\u0103 la Pegas Terrace & Restaurant. O combina\u021bie unic\u0103 de arome!\",\"breadcrumb\":{\"@id\":\"https:\/\/pegasrestaurant.md\/ro\/produs\/roast-beef-cu-vinete-si-branza-de-capra\/#breadcrumb\"},\"inLanguage\":\"ro-RO\",\"potentialAction\":[{\"@type\":\"ReadAction\",\"target\":[\"https:\/\/pegasrestaurant.md\/ro\/produs\/roast-beef-cu-vinete-si-branza-de-capra\/\"]}]},{\"@type\":\"BreadcrumbList\",\"@id\":\"https:\/\/pegasrestaurant.md\/ro\/produs\/roast-beef-cu-vinete-si-branza-de-capra\/#breadcrumb\",\"itemListElement\":[{\"@type\":\"ListItem\",\"position\":1,\"name\":\"\u0413\u043b\u0430\u0432\u043d\u0430\u044f \u0441\u0442\u0440\u0430\u043d\u0438\u0446\u0430\",\"item\":\"https:\/\/pegasrestaurant.md\/ro\/\"},{\"@type\":\"ListItem\",\"position\":2,\"name\":\"Comand\u0103 online\",\"item\":\"https:\/\/pegasrestaurant.md\/ro\/comanda-online\/\"},{\"@type\":\"ListItem\",\"position\":3,\"name\":\"Roast beef cu vinete \u0219i br\u00e2nz\u0103 de capr\u0103\"}]},{\"@type\":\"WebSite\",\"@id\":\"https:\/\/pegasrestaurant.md\/en\/#website\",\"url\":\"https:\/\/pegasrestaurant.md\/en\/\",\"name\":\"Pegas Terrace &amp; Restaurant\",\"description\":\"\",\"potentialAction\":[{\"@type\":\"SearchAction\",\"target\":{\"@type\":\"EntryPoint\",\"urlTemplate\":\"https:\/\/pegasrestaurant.md\/en\/?s={search_term_string}\"},\"query-input\":\"required name=search_term_string\"}],\"inLanguage\":\"ro-RO\"}]}<\/script>\n<!-- \/ Yoast SEO plugin. -->","yoast_head_json":{"title":"Friptur\u0103 de vit\u0103 cu vinete \u0219i br\u00e2nz\u0103 de capr\u0103 | Pegas Terrace & Restaurant","description":"Descoperi\u021bi friptura de vit\u0103 gourmet cu vinete \u0219i br\u00e2nz\u0103 de capr\u0103 la Pegas Terrace & Restaurant. O combina\u021bie unic\u0103 de arome!","robots":{"index":"index","follow":"follow","max-snippet":"max-snippet:-1","max-image-preview":"max-image-preview:large","max-video-preview":"max-video-preview:-1"},"canonical":"https:\/\/pegasrestaurant.md\/ro\/produs\/roast-beef-cu-vinete-si-branza-de-capra\/","og_locale":"ro_RO","og_type":"article","og_title":"Friptur\u0103 de vit\u0103 cu vinete \u0219i br\u00e2nz\u0103 de capr\u0103 | Pegas Terrace & Restaurant","og_description":"Descoperi\u021bi friptura de vit\u0103 gourmet cu vinete \u0219i br\u00e2nz\u0103 de capr\u0103 la Pegas Terrace & Restaurant. O combina\u021bie unic\u0103 de arome!","og_url":"https:\/\/pegasrestaurant.md\/ro\/produs\/roast-beef-cu-vinete-si-branza-de-capra\/","og_site_name":"Pegas Terrace &amp; Restaurant","article_modified_time":"2023-12-01T11:06:24+00:00","og_image":[{"width":1000,"height":1000,"url":"https:\/\/pegasrestaurant.md\/wp-content\/uploads\/2021\/04\/no-product.jpg","type":"image\/jpeg"}],"twitter_card":"summary_large_image","schema":{"@context":"https:\/\/schema.org","@graph":[{"@type":"WebPage","@id":"https:\/\/pegasrestaurant.md\/ro\/produs\/roast-beef-cu-vinete-si-branza-de-capra\/","url":"https:\/\/pegasrestaurant.md\/ro\/produs\/roast-beef-cu-vinete-si-branza-de-capra\/","name":"Friptur\u0103 de vit\u0103 cu vinete \u0219i br\u00e2nz\u0103 de capr\u0103 | Pegas Terrace & Restaurant","isPartOf":{"@id":"https:\/\/pegasrestaurant.md\/en\/#website"},"datePublished":"2023-11-30T12:29:57+00:00","dateModified":"2023-12-01T11:06:24+00:00","description":"Descoperi\u021bi friptura de vit\u0103 gourmet cu vinete \u0219i br\u00e2nz\u0103 de capr\u0103 la Pegas Terrace & Restaurant. O combina\u021bie unic\u0103 de arome!","breadcrumb":{"@id":"https:\/\/pegasrestaurant.md\/ro\/produs\/roast-beef-cu-vinete-si-branza-de-capra\/#breadcrumb"},"inLanguage":"ro-RO","potentialAction":[{"@type":"ReadAction","target":["https:\/\/pegasrestaurant.md\/ro\/produs\/roast-beef-cu-vinete-si-branza-de-capra\/"]}]},{"@type":"BreadcrumbList","@id":"https:\/\/pegasrestaurant.md\/ro\/produs\/roast-beef-cu-vinete-si-branza-de-capra\/#breadcrumb","itemListElement":[{"@type":"ListItem","position":1,"name":"\u0413\u043b\u0430\u0432\u043d\u0430\u044f \u0441\u0442\u0440\u0430\u043d\u0438\u0446\u0430","item":"https:\/\/pegasrestaurant.md\/ro\/"},{"@type":"ListItem","position":2,"name":"Comand\u0103 online","item":"https:\/\/pegasrestaurant.md\/ro\/comanda-online\/"},{"@type":"ListItem","position":3,"name":"Roast beef cu vinete \u0219i br\u00e2nz\u0103 de capr\u0103"}]},{"@type":"WebSite","@id":"https:\/\/pegasrestaurant.md\/en\/#website","url":"https:\/\/pegasrestaurant.md\/en\/","name":"Pegas Terrace &amp; Restaurant","description":"","potentialAction":[{"@type":"SearchAction","target":{"@type":"EntryPoint","urlTemplate":"https:\/\/pegasrestaurant.md\/en\/?s={search_term_string}"},"query-input":"required name=search_term_string"}],"inLanguage":"ro-RO"}]}},"_links":{"self":[{"href":"https:\/\/pegasrestaurant.md\/ro\/wp-json\/wp\/v2\/product\/16521","targetHints":{"allow":["GET"]}}],"collection":[{"href":"https:\/\/pegasrestaurant.md\/ro\/wp-json\/wp\/v2\/product"}],"about":[{"href":"https:\/\/pegasrestaurant.md\/ro\/wp-json\/wp\/v2\/types\/product"}],"version-history":[{"count":0,"href":"https:\/\/pegasrestaurant.md\/ro\/wp-json\/wp\/v2\/product\/16521\/revisions"}],"wp:featuredmedia":[{"embeddable":true,"href":"https:\/\/pegasrestaurant.md\/ro\/wp-json\/wp\/v2\/media\/8327"}],"wp:attachment":[{"href":"https:\/\/pegasrestaurant.md\/ro\/wp-json\/wp\/v2\/media?parent=16521"}],"wp:term":[{"taxonomy":"product_cat","embeddable":true,"href":"https:\/\/pegasrestaurant.md\/ro\/wp-json\/wp\/v2\/product_cat?post=16521"},{"taxonomy":"product_tag","embeddable":true,"href":"https:\/\/pegasrestaurant.md\/ro\/wp-json\/wp\/v2\/product_tag?post=16521"}],"curies":[{"name":"wp","href":"https:\/\/api.w.org\/{rel}","templated":true}]}}