{"id":16515,"date":"2023-11-30T15:13:57","date_gmt":"2023-11-30T12:13:57","guid":{"rendered":"https:\/\/pegasrestaurant.md\/product\/carpaccio-din-carne-de-vita-cu-pesto-de-spanac-si-sos-picant\/"},"modified":"2023-12-01T15:40:23","modified_gmt":"2023-12-01T12:40:23","slug":"carpaccio-din-carne-de-vita-cu-pesto-de-spanac-si-sos-picant","status":"publish","type":"product","link":"https:\/\/pegasrestaurant.md\/ro\/produs\/carpaccio-din-carne-de-vita-cu-pesto-de-spanac-si-sos-picant\/","title":{"rendered":"Carpaccio din carne de vit\u0103 cu pesto de spanac \u0219i sos picant"},"content":{"rendered":"<p>Carpaccio de vi\u021bel cu pesto de spanac \u0219i sos picant &#8211; m\u00e2ncare rafinat\u0103, \u00een care pulpa de vi\u021bel t\u0103iat\u0103 \u00een felii sub\u021biri se potrive\u0219te fabulos cu amestecul de salat\u0103 \u0219i parmezan proasp\u0103t.Un accent viu de savoare este pus de pesto din spanac, acompaniat de sosul picant, care d\u0103 picanterie preparatului. Se serve\u0219te cu p\u00e2ine crocant\u0103 cu ierburi.<\/p>\n","protected":false},"excerpt":{"rendered":"<p><span style=\"color: #c9ab81;\"><strong>Volum:<\/strong><\/span> 1\/215 g<\/p>\n<p>&nbsp;<\/p>\n<p><span style=\"color: #c9ab81;\"><strong>Ingrediente: <\/strong><\/span>carne de vit\u0103, pesto de spanac, sos picant<\/p>\n","protected":false},"featured_media":8327,"template":"","meta":{"inline_featured_image":false},"product_cat":[111],"product_tag":[],"class_list":["post-16515","product","type-product","status-publish","has-post-thumbnail","hentry","product_cat-gustari"],"yoast_head":"<!-- This site is optimized with the Yoast SEO plugin v19.6.1 - https:\/\/yoast.com\/wordpress\/plugins\/seo\/ -->\n<title>Carpaccio de vi\u021bel cu pesto \u0219i sos picant | Pegas Terrace<\/title>\n<meta name=\"description\" content=\"Un tandem u\u0219or \u0219i rafinat de file de vi\u021bel fraged \u0219i legume este alegerea perfect\u0103 pentru o cin\u0103 romantic\u0103 la Pegas Terrace &amp; Restaurant.\" \/>\n<meta name=\"robots\" content=\"index, follow, max-snippet:-1, max-image-preview:large, max-video-preview:-1\" \/>\n<link rel=\"canonical\" href=\"https:\/\/pegasrestaurant.md\/ro\/produs\/carpaccio-din-carne-de-vita-cu-pesto-de-spanac-si-sos-picant\/\" \/>\n<meta property=\"og:locale\" content=\"ro_RO\" \/>\n<meta property=\"og:type\" content=\"article\" \/>\n<meta property=\"og:title\" content=\"Carpaccio de vi\u021bel cu pesto \u0219i sos picant | Pegas Terrace\" \/>\n<meta property=\"og:description\" content=\"Un tandem u\u0219or \u0219i rafinat de file de vi\u021bel fraged \u0219i legume este alegerea perfect\u0103 pentru o cin\u0103 romantic\u0103 la Pegas Terrace &amp; Restaurant.\" \/>\n<meta property=\"og:url\" content=\"https:\/\/pegasrestaurant.md\/ro\/produs\/carpaccio-din-carne-de-vita-cu-pesto-de-spanac-si-sos-picant\/\" \/>\n<meta property=\"og:site_name\" content=\"Pegas Terrace &amp; Restaurant\" \/>\n<meta property=\"article:modified_time\" content=\"2023-12-01T12:40:23+00:00\" \/>\n<meta property=\"og:image\" content=\"https:\/\/pegasrestaurant.md\/wp-content\/uploads\/2021\/04\/no-product.jpg\" \/>\n\t<meta property=\"og:image:width\" content=\"1000\" \/>\n\t<meta property=\"og:image:height\" content=\"1000\" \/>\n\t<meta property=\"og:image:type\" content=\"image\/jpeg\" \/>\n<meta name=\"twitter:card\" content=\"summary_large_image\" \/>\n<script type=\"application\/ld+json\" class=\"yoast-schema-graph\">{\"@context\":\"https:\/\/schema.org\",\"@graph\":[{\"@type\":\"WebPage\",\"@id\":\"https:\/\/pegasrestaurant.md\/ro\/produs\/carpaccio-din-carne-de-vita-cu-pesto-de-spanac-si-sos-picant\/\",\"url\":\"https:\/\/pegasrestaurant.md\/ro\/produs\/carpaccio-din-carne-de-vita-cu-pesto-de-spanac-si-sos-picant\/\",\"name\":\"Carpaccio de vi\u021bel cu pesto \u0219i sos picant | Pegas Terrace\",\"isPartOf\":{\"@id\":\"https:\/\/pegasrestaurant.md\/en\/#website\"},\"datePublished\":\"2023-11-30T12:13:57+00:00\",\"dateModified\":\"2023-12-01T12:40:23+00:00\",\"description\":\"Un tandem u\u0219or \u0219i rafinat de file de vi\u021bel fraged \u0219i legume este alegerea perfect\u0103 pentru o cin\u0103 romantic\u0103 la Pegas Terrace & Restaurant.\",\"breadcrumb\":{\"@id\":\"https:\/\/pegasrestaurant.md\/ro\/produs\/carpaccio-din-carne-de-vita-cu-pesto-de-spanac-si-sos-picant\/#breadcrumb\"},\"inLanguage\":\"ro-RO\",\"potentialAction\":[{\"@type\":\"ReadAction\",\"target\":[\"https:\/\/pegasrestaurant.md\/ro\/produs\/carpaccio-din-carne-de-vita-cu-pesto-de-spanac-si-sos-picant\/\"]}]},{\"@type\":\"BreadcrumbList\",\"@id\":\"https:\/\/pegasrestaurant.md\/ro\/produs\/carpaccio-din-carne-de-vita-cu-pesto-de-spanac-si-sos-picant\/#breadcrumb\",\"itemListElement\":[{\"@type\":\"ListItem\",\"position\":1,\"name\":\"\u0413\u043b\u0430\u0432\u043d\u0430\u044f \u0441\u0442\u0440\u0430\u043d\u0438\u0446\u0430\",\"item\":\"https:\/\/pegasrestaurant.md\/ro\/\"},{\"@type\":\"ListItem\",\"position\":2,\"name\":\"Comand\u0103 online\",\"item\":\"https:\/\/pegasrestaurant.md\/ro\/comanda-online\/\"},{\"@type\":\"ListItem\",\"position\":3,\"name\":\"Carpaccio din carne de vit\u0103 cu pesto de spanac \u0219i sos picant\"}]},{\"@type\":\"WebSite\",\"@id\":\"https:\/\/pegasrestaurant.md\/en\/#website\",\"url\":\"https:\/\/pegasrestaurant.md\/en\/\",\"name\":\"Pegas Terrace &amp; Restaurant\",\"description\":\"\",\"potentialAction\":[{\"@type\":\"SearchAction\",\"target\":{\"@type\":\"EntryPoint\",\"urlTemplate\":\"https:\/\/pegasrestaurant.md\/en\/?s={search_term_string}\"},\"query-input\":\"required name=search_term_string\"}],\"inLanguage\":\"ro-RO\"}]}<\/script>\n<!-- \/ Yoast SEO plugin. -->","yoast_head_json":{"title":"Carpaccio de vi\u021bel cu pesto \u0219i sos picant | Pegas Terrace","description":"Un tandem u\u0219or \u0219i rafinat de file de vi\u021bel fraged \u0219i legume este alegerea perfect\u0103 pentru o cin\u0103 romantic\u0103 la Pegas Terrace & Restaurant.","robots":{"index":"index","follow":"follow","max-snippet":"max-snippet:-1","max-image-preview":"max-image-preview:large","max-video-preview":"max-video-preview:-1"},"canonical":"https:\/\/pegasrestaurant.md\/ro\/produs\/carpaccio-din-carne-de-vita-cu-pesto-de-spanac-si-sos-picant\/","og_locale":"ro_RO","og_type":"article","og_title":"Carpaccio de vi\u021bel cu pesto \u0219i sos picant | Pegas Terrace","og_description":"Un tandem u\u0219or \u0219i rafinat de file de vi\u021bel fraged \u0219i legume este alegerea perfect\u0103 pentru o cin\u0103 romantic\u0103 la Pegas Terrace & Restaurant.","og_url":"https:\/\/pegasrestaurant.md\/ro\/produs\/carpaccio-din-carne-de-vita-cu-pesto-de-spanac-si-sos-picant\/","og_site_name":"Pegas Terrace &amp; Restaurant","article_modified_time":"2023-12-01T12:40:23+00:00","og_image":[{"width":1000,"height":1000,"url":"https:\/\/pegasrestaurant.md\/wp-content\/uploads\/2021\/04\/no-product.jpg","type":"image\/jpeg"}],"twitter_card":"summary_large_image","schema":{"@context":"https:\/\/schema.org","@graph":[{"@type":"WebPage","@id":"https:\/\/pegasrestaurant.md\/ro\/produs\/carpaccio-din-carne-de-vita-cu-pesto-de-spanac-si-sos-picant\/","url":"https:\/\/pegasrestaurant.md\/ro\/produs\/carpaccio-din-carne-de-vita-cu-pesto-de-spanac-si-sos-picant\/","name":"Carpaccio de vi\u021bel cu pesto \u0219i sos picant | Pegas Terrace","isPartOf":{"@id":"https:\/\/pegasrestaurant.md\/en\/#website"},"datePublished":"2023-11-30T12:13:57+00:00","dateModified":"2023-12-01T12:40:23+00:00","description":"Un tandem u\u0219or \u0219i rafinat de file de vi\u021bel fraged \u0219i legume este alegerea perfect\u0103 pentru o cin\u0103 romantic\u0103 la Pegas Terrace & Restaurant.","breadcrumb":{"@id":"https:\/\/pegasrestaurant.md\/ro\/produs\/carpaccio-din-carne-de-vita-cu-pesto-de-spanac-si-sos-picant\/#breadcrumb"},"inLanguage":"ro-RO","potentialAction":[{"@type":"ReadAction","target":["https:\/\/pegasrestaurant.md\/ro\/produs\/carpaccio-din-carne-de-vita-cu-pesto-de-spanac-si-sos-picant\/"]}]},{"@type":"BreadcrumbList","@id":"https:\/\/pegasrestaurant.md\/ro\/produs\/carpaccio-din-carne-de-vita-cu-pesto-de-spanac-si-sos-picant\/#breadcrumb","itemListElement":[{"@type":"ListItem","position":1,"name":"\u0413\u043b\u0430\u0432\u043d\u0430\u044f \u0441\u0442\u0440\u0430\u043d\u0438\u0446\u0430","item":"https:\/\/pegasrestaurant.md\/ro\/"},{"@type":"ListItem","position":2,"name":"Comand\u0103 online","item":"https:\/\/pegasrestaurant.md\/ro\/comanda-online\/"},{"@type":"ListItem","position":3,"name":"Carpaccio din carne de vit\u0103 cu pesto de spanac \u0219i sos picant"}]},{"@type":"WebSite","@id":"https:\/\/pegasrestaurant.md\/en\/#website","url":"https:\/\/pegasrestaurant.md\/en\/","name":"Pegas Terrace &amp; Restaurant","description":"","potentialAction":[{"@type":"SearchAction","target":{"@type":"EntryPoint","urlTemplate":"https:\/\/pegasrestaurant.md\/en\/?s={search_term_string}"},"query-input":"required name=search_term_string"}],"inLanguage":"ro-RO"}]}},"_links":{"self":[{"href":"https:\/\/pegasrestaurant.md\/ro\/wp-json\/wp\/v2\/product\/16515","targetHints":{"allow":["GET"]}}],"collection":[{"href":"https:\/\/pegasrestaurant.md\/ro\/wp-json\/wp\/v2\/product"}],"about":[{"href":"https:\/\/pegasrestaurant.md\/ro\/wp-json\/wp\/v2\/types\/product"}],"version-history":[{"count":0,"href":"https:\/\/pegasrestaurant.md\/ro\/wp-json\/wp\/v2\/product\/16515\/revisions"}],"wp:featuredmedia":[{"embeddable":true,"href":"https:\/\/pegasrestaurant.md\/ro\/wp-json\/wp\/v2\/media\/8327"}],"wp:attachment":[{"href":"https:\/\/pegasrestaurant.md\/ro\/wp-json\/wp\/v2\/media?parent=16515"}],"wp:term":[{"taxonomy":"product_cat","embeddable":true,"href":"https:\/\/pegasrestaurant.md\/ro\/wp-json\/wp\/v2\/product_cat?post=16515"},{"taxonomy":"product_tag","embeddable":true,"href":"https:\/\/pegasrestaurant.md\/ro\/wp-json\/wp\/v2\/product_tag?post=16515"}],"curies":[{"name":"wp","href":"https:\/\/api.w.org\/{rel}","templated":true}]}}