{"id":16502,"date":"2023-11-30T13:40:18","date_gmt":"2023-11-30T10:40:18","guid":{"rendered":"https:\/\/pegasrestaurant.md\/product\/supa-crema-de-dovleac-cu-dorblu\/"},"modified":"2023-11-30T13:40:18","modified_gmt":"2023-11-30T10:40:18","slug":"supa-crema-de-dovleac-cu-dorblu","status":"publish","type":"product","link":"https:\/\/pegasrestaurant.md\/ro\/produs\/supa-crema-de-dovleac-cu-dorblu\/","title":{"rendered":"Sup\u0103-crem\u0103 de dovleac cu Dorblu"},"content":{"rendered":"<p>Sup\u0103 delicioas\u0103 de dovleac preg\u0103tit\u0103 din leguma regin\u0103 a toamnei aurii. Gustul dulciu de dovleac este pus \u00een valoare de rafinata branz\u0103 Dorblu \u0219i smantan\u0103, datorit\u0103 c\u0103rora supa crem\u0103 prime\u0219te o textur\u0103 fin\u0103 \u0219i arom\u0103 placut\u0103. Semin\u021bele de dovleac completeaz\u0103 perfect gustul acestei supe-creme.<\/p>\n","protected":false},"excerpt":{"rendered":"<p><span style=\"color: #c9ab81;\"><strong>Volume:<\/strong><\/span> 1\/250 g<\/p>\n<p>&nbsp;<\/p>\n<p><span style=\"color: #c9ab81;\"><strong>Ingrediente: <\/strong><\/span>Dovleac, sm\u00e2nt\u00e2n\u0103, br\u00e2nz\u0103 Dorblu, semin\u021be de dovleac<\/p>\n","protected":false},"featured_media":8327,"template":"","meta":{"inline_featured_image":false},"product_cat":[98],"product_tag":[],"class_list":["post-16502","product","type-product","status-publish","has-post-thumbnail","hentry","product_cat-feluri-intai"],"yoast_head":"<!-- This site is optimized with the Yoast SEO plugin v19.6.1 - https:\/\/yoast.com\/wordpress\/plugins\/seo\/ -->\n<title>Sup\u0103 cremoas\u0103 clasic\u0103 de dovleac cu gust absolut inconfundabil de la Pegas Terrace &amp; Restaurant. Felul \u00eent\u00e2i al mesei de care oricine se poate bucura!<\/title>\n<meta name=\"description\" content=\"Gusta\u021bi supa crem\u0103 de dovleac pregatit\u0103 intr-o combina\u021bie neobisnuit\u0103 de gusturi. V\u0103 invit\u0103m sa descoperi\u021bi gustul no\u0433 rafinat, care transform\u0103 supa \u00eentr-o adev\u0103rat\u0103 capodoper\u0103!\" \/>\n<meta name=\"robots\" content=\"index, follow, max-snippet:-1, max-image-preview:large, max-video-preview:-1\" \/>\n<link rel=\"canonical\" href=\"https:\/\/pegasrestaurant.md\/ro\/produs\/supa-crema-de-dovleac-cu-dorblu\/\" \/>\n<meta property=\"og:locale\" content=\"ro_RO\" \/>\n<meta property=\"og:type\" content=\"article\" \/>\n<meta property=\"og:title\" content=\"Sup\u0103 cremoas\u0103 clasic\u0103 de dovleac cu gust absolut inconfundabil de la Pegas Terrace &amp; Restaurant. Felul \u00eent\u00e2i al mesei de care oricine se poate bucura!\" \/>\n<meta property=\"og:description\" content=\"Gusta\u021bi supa crem\u0103 de dovleac pregatit\u0103 intr-o combina\u021bie neobisnuit\u0103 de gusturi. V\u0103 invit\u0103m sa descoperi\u021bi gustul no\u0433 rafinat, care transform\u0103 supa \u00eentr-o adev\u0103rat\u0103 capodoper\u0103!\" \/>\n<meta property=\"og:url\" content=\"https:\/\/pegasrestaurant.md\/ro\/produs\/supa-crema-de-dovleac-cu-dorblu\/\" \/>\n<meta property=\"og:site_name\" content=\"Pegas Terrace &amp; Restaurant\" \/>\n<meta property=\"og:image\" content=\"https:\/\/pegasrestaurant.md\/wp-content\/uploads\/2021\/04\/no-product.jpg\" \/>\n\t<meta property=\"og:image:width\" content=\"1000\" \/>\n\t<meta property=\"og:image:height\" content=\"1000\" \/>\n\t<meta property=\"og:image:type\" content=\"image\/jpeg\" \/>\n<meta name=\"twitter:card\" content=\"summary_large_image\" \/>\n<script type=\"application\/ld+json\" class=\"yoast-schema-graph\">{\"@context\":\"https:\/\/schema.org\",\"@graph\":[{\"@type\":\"WebPage\",\"@id\":\"https:\/\/pegasrestaurant.md\/ro\/produs\/supa-crema-de-dovleac-cu-dorblu\/\",\"url\":\"https:\/\/pegasrestaurant.md\/ro\/produs\/supa-crema-de-dovleac-cu-dorblu\/\",\"name\":\"Sup\u0103 cremoas\u0103 clasic\u0103 de dovleac cu gust absolut inconfundabil de la Pegas Terrace & Restaurant. Felul \u00eent\u00e2i al mesei de care oricine se poate bucura!\",\"isPartOf\":{\"@id\":\"https:\/\/pegasrestaurant.md\/en\/#website\"},\"datePublished\":\"2023-11-30T10:40:18+00:00\",\"dateModified\":\"2023-11-30T10:40:18+00:00\",\"description\":\"Gusta\u021bi supa crem\u0103 de dovleac pregatit\u0103 intr-o combina\u021bie neobisnuit\u0103 de gusturi. V\u0103 invit\u0103m sa descoperi\u021bi gustul no\u0433 rafinat, care transform\u0103 supa \u00eentr-o adev\u0103rat\u0103 capodoper\u0103!\",\"breadcrumb\":{\"@id\":\"https:\/\/pegasrestaurant.md\/ro\/produs\/supa-crema-de-dovleac-cu-dorblu\/#breadcrumb\"},\"inLanguage\":\"ro-RO\",\"potentialAction\":[{\"@type\":\"ReadAction\",\"target\":[\"https:\/\/pegasrestaurant.md\/ro\/produs\/supa-crema-de-dovleac-cu-dorblu\/\"]}]},{\"@type\":\"BreadcrumbList\",\"@id\":\"https:\/\/pegasrestaurant.md\/ro\/produs\/supa-crema-de-dovleac-cu-dorblu\/#breadcrumb\",\"itemListElement\":[{\"@type\":\"ListItem\",\"position\":1,\"name\":\"\u0413\u043b\u0430\u0432\u043d\u0430\u044f \u0441\u0442\u0440\u0430\u043d\u0438\u0446\u0430\",\"item\":\"https:\/\/pegasrestaurant.md\/ro\/\"},{\"@type\":\"ListItem\",\"position\":2,\"name\":\"Comand\u0103 online\",\"item\":\"https:\/\/pegasrestaurant.md\/ro\/comanda-online\/\"},{\"@type\":\"ListItem\",\"position\":3,\"name\":\"Sup\u0103-crem\u0103 de dovleac cu Dorblu\"}]},{\"@type\":\"WebSite\",\"@id\":\"https:\/\/pegasrestaurant.md\/en\/#website\",\"url\":\"https:\/\/pegasrestaurant.md\/en\/\",\"name\":\"Pegas Terrace &amp; Restaurant\",\"description\":\"\",\"potentialAction\":[{\"@type\":\"SearchAction\",\"target\":{\"@type\":\"EntryPoint\",\"urlTemplate\":\"https:\/\/pegasrestaurant.md\/en\/?s={search_term_string}\"},\"query-input\":\"required name=search_term_string\"}],\"inLanguage\":\"ro-RO\"}]}<\/script>\n<!-- \/ Yoast SEO plugin. -->","yoast_head_json":{"title":"Sup\u0103 cremoas\u0103 clasic\u0103 de dovleac cu gust absolut inconfundabil de la Pegas Terrace & Restaurant. Felul \u00eent\u00e2i al mesei de care oricine se poate bucura!","description":"Gusta\u021bi supa crem\u0103 de dovleac pregatit\u0103 intr-o combina\u021bie neobisnuit\u0103 de gusturi. V\u0103 invit\u0103m sa descoperi\u021bi gustul no\u0433 rafinat, care transform\u0103 supa \u00eentr-o adev\u0103rat\u0103 capodoper\u0103!","robots":{"index":"index","follow":"follow","max-snippet":"max-snippet:-1","max-image-preview":"max-image-preview:large","max-video-preview":"max-video-preview:-1"},"canonical":"https:\/\/pegasrestaurant.md\/ro\/produs\/supa-crema-de-dovleac-cu-dorblu\/","og_locale":"ro_RO","og_type":"article","og_title":"Sup\u0103 cremoas\u0103 clasic\u0103 de dovleac cu gust absolut inconfundabil de la Pegas Terrace & Restaurant. Felul \u00eent\u00e2i al mesei de care oricine se poate bucura!","og_description":"Gusta\u021bi supa crem\u0103 de dovleac pregatit\u0103 intr-o combina\u021bie neobisnuit\u0103 de gusturi. V\u0103 invit\u0103m sa descoperi\u021bi gustul no\u0433 rafinat, care transform\u0103 supa \u00eentr-o adev\u0103rat\u0103 capodoper\u0103!","og_url":"https:\/\/pegasrestaurant.md\/ro\/produs\/supa-crema-de-dovleac-cu-dorblu\/","og_site_name":"Pegas Terrace &amp; Restaurant","og_image":[{"width":1000,"height":1000,"url":"https:\/\/pegasrestaurant.md\/wp-content\/uploads\/2021\/04\/no-product.jpg","type":"image\/jpeg"}],"twitter_card":"summary_large_image","schema":{"@context":"https:\/\/schema.org","@graph":[{"@type":"WebPage","@id":"https:\/\/pegasrestaurant.md\/ro\/produs\/supa-crema-de-dovleac-cu-dorblu\/","url":"https:\/\/pegasrestaurant.md\/ro\/produs\/supa-crema-de-dovleac-cu-dorblu\/","name":"Sup\u0103 cremoas\u0103 clasic\u0103 de dovleac cu gust absolut inconfundabil de la Pegas Terrace & Restaurant. Felul \u00eent\u00e2i al mesei de care oricine se poate bucura!","isPartOf":{"@id":"https:\/\/pegasrestaurant.md\/en\/#website"},"datePublished":"2023-11-30T10:40:18+00:00","dateModified":"2023-11-30T10:40:18+00:00","description":"Gusta\u021bi supa crem\u0103 de dovleac pregatit\u0103 intr-o combina\u021bie neobisnuit\u0103 de gusturi. V\u0103 invit\u0103m sa descoperi\u021bi gustul no\u0433 rafinat, care transform\u0103 supa \u00eentr-o adev\u0103rat\u0103 capodoper\u0103!","breadcrumb":{"@id":"https:\/\/pegasrestaurant.md\/ro\/produs\/supa-crema-de-dovleac-cu-dorblu\/#breadcrumb"},"inLanguage":"ro-RO","potentialAction":[{"@type":"ReadAction","target":["https:\/\/pegasrestaurant.md\/ro\/produs\/supa-crema-de-dovleac-cu-dorblu\/"]}]},{"@type":"BreadcrumbList","@id":"https:\/\/pegasrestaurant.md\/ro\/produs\/supa-crema-de-dovleac-cu-dorblu\/#breadcrumb","itemListElement":[{"@type":"ListItem","position":1,"name":"\u0413\u043b\u0430\u0432\u043d\u0430\u044f \u0441\u0442\u0440\u0430\u043d\u0438\u0446\u0430","item":"https:\/\/pegasrestaurant.md\/ro\/"},{"@type":"ListItem","position":2,"name":"Comand\u0103 online","item":"https:\/\/pegasrestaurant.md\/ro\/comanda-online\/"},{"@type":"ListItem","position":3,"name":"Sup\u0103-crem\u0103 de dovleac cu Dorblu"}]},{"@type":"WebSite","@id":"https:\/\/pegasrestaurant.md\/en\/#website","url":"https:\/\/pegasrestaurant.md\/en\/","name":"Pegas Terrace &amp; Restaurant","description":"","potentialAction":[{"@type":"SearchAction","target":{"@type":"EntryPoint","urlTemplate":"https:\/\/pegasrestaurant.md\/en\/?s={search_term_string}"},"query-input":"required name=search_term_string"}],"inLanguage":"ro-RO"}]}},"_links":{"self":[{"href":"https:\/\/pegasrestaurant.md\/ro\/wp-json\/wp\/v2\/product\/16502","targetHints":{"allow":["GET"]}}],"collection":[{"href":"https:\/\/pegasrestaurant.md\/ro\/wp-json\/wp\/v2\/product"}],"about":[{"href":"https:\/\/pegasrestaurant.md\/ro\/wp-json\/wp\/v2\/types\/product"}],"version-history":[{"count":0,"href":"https:\/\/pegasrestaurant.md\/ro\/wp-json\/wp\/v2\/product\/16502\/revisions"}],"wp:featuredmedia":[{"embeddable":true,"href":"https:\/\/pegasrestaurant.md\/ro\/wp-json\/wp\/v2\/media\/8327"}],"wp:attachment":[{"href":"https:\/\/pegasrestaurant.md\/ro\/wp-json\/wp\/v2\/media?parent=16502"}],"wp:term":[{"taxonomy":"product_cat","embeddable":true,"href":"https:\/\/pegasrestaurant.md\/ro\/wp-json\/wp\/v2\/product_cat?post=16502"},{"taxonomy":"product_tag","embeddable":true,"href":"https:\/\/pegasrestaurant.md\/ro\/wp-json\/wp\/v2\/product_tag?post=16502"}],"curies":[{"name":"wp","href":"https:\/\/api.w.org\/{rel}","templated":true}]}}