{"id":16228,"date":"2023-05-25T17:14:04","date_gmt":"2023-05-25T14:14:04","guid":{"rendered":"https:\/\/pegasrestaurant.md\/?post_type=product&#038;p=16228"},"modified":"2023-05-26T18:48:08","modified_gmt":"2023-05-26T15:48:08","slug":"aripioare-de-pui-in-sos-shipotle","status":"publish","type":"product","link":"https:\/\/pegasrestaurant.md\/ro\/produs\/aripioare-de-pui-in-sos-shipotle\/","title":{"rendered":"Aripioare de pui \u00een sos \u0421hipotle"},"content":{"rendered":"<p>Aripioarele delicioase la gr\u0103tar cu sosul dulce-acri\u0219or Chipotle devin un amalgam perfect de arome \u0219i gusturi. Poft\u0103 bun\u0103!<\/p>\n","protected":false},"excerpt":{"rendered":"<p><span style=\"color: #c9ab81;\"><strong>Volum:<\/strong><\/span> 1\/380 g<\/p>\n<p>&nbsp;<\/p>\n<p><span style=\"color: #c9ab81;\"><strong>Ingrediente: <\/strong><\/span>Aripioare de pui, \u021belin\u0103, sm\u00e2nt\u00e2n\u0103 dulce, condimente, sos unagi<\/p>\n","protected":false},"featured_media":0,"template":"","meta":{"inline_featured_image":false},"product_cat":[94],"product_tag":[],"class_list":["post-16228","product","type-product","status-publish","hentry","product_cat-carne-de-pasare"],"yoast_head":"<!-- This site is optimized with the Yoast SEO plugin v19.6.1 - https:\/\/yoast.com\/wordpress\/plugins\/seo\/ -->\n<title>Dedicat tuturor amatorilor de aripioare de pui picante | Pegas Terrace &amp; Restaurant<\/title>\n<meta name=\"description\" content=\"&quot;Te lingi pe degete!&quot; - asta \u00eei despre aripioarele noastre de pui la gratar cu sos Chipotle dulce-acri\u0219or picant. Savureaz\u0103 singur sau cu prietenii t\u0103i!\" \/>\n<meta name=\"robots\" content=\"index, follow, max-snippet:-1, max-image-preview:large, max-video-preview:-1\" \/>\n<link rel=\"canonical\" href=\"https:\/\/pegasrestaurant.md\/ro\/produs\/aripioare-de-pui-in-sos-shipotle\/\" \/>\n<meta property=\"og:locale\" content=\"ro_RO\" \/>\n<meta property=\"og:type\" content=\"article\" \/>\n<meta property=\"og:title\" content=\"Dedicat tuturor amatorilor de aripioare de pui picante | Pegas Terrace &amp; Restaurant\" \/>\n<meta property=\"og:description\" content=\"&quot;Te lingi pe degete!&quot; - asta \u00eei despre aripioarele noastre de pui la gratar cu sos Chipotle dulce-acri\u0219or picant. Savureaz\u0103 singur sau cu prietenii t\u0103i!\" \/>\n<meta property=\"og:url\" content=\"https:\/\/pegasrestaurant.md\/ro\/produs\/aripioare-de-pui-in-sos-shipotle\/\" \/>\n<meta property=\"og:site_name\" content=\"Pegas Terrace &amp; Restaurant\" \/>\n<meta property=\"article:modified_time\" content=\"2023-05-26T15:48:08+00:00\" \/>\n<meta name=\"twitter:card\" content=\"summary_large_image\" \/>\n<script type=\"application\/ld+json\" class=\"yoast-schema-graph\">{\"@context\":\"https:\/\/schema.org\",\"@graph\":[{\"@type\":\"WebPage\",\"@id\":\"https:\/\/pegasrestaurant.md\/ro\/produs\/aripioare-de-pui-in-sos-shipotle\/\",\"url\":\"https:\/\/pegasrestaurant.md\/ro\/produs\/aripioare-de-pui-in-sos-shipotle\/\",\"name\":\"Dedicat tuturor amatorilor de aripioare de pui picante | Pegas Terrace & Restaurant\",\"isPartOf\":{\"@id\":\"https:\/\/pegasrestaurant.md\/en\/#website\"},\"datePublished\":\"2023-05-25T14:14:04+00:00\",\"dateModified\":\"2023-05-26T15:48:08+00:00\",\"description\":\"\\\"Te lingi pe degete!\\\" - asta \u00eei despre aripioarele noastre de pui la gratar cu sos Chipotle dulce-acri\u0219or picant. Savureaz\u0103 singur sau cu prietenii t\u0103i!\",\"breadcrumb\":{\"@id\":\"https:\/\/pegasrestaurant.md\/ro\/produs\/aripioare-de-pui-in-sos-shipotle\/#breadcrumb\"},\"inLanguage\":\"ro-RO\",\"potentialAction\":[{\"@type\":\"ReadAction\",\"target\":[\"https:\/\/pegasrestaurant.md\/ro\/produs\/aripioare-de-pui-in-sos-shipotle\/\"]}]},{\"@type\":\"BreadcrumbList\",\"@id\":\"https:\/\/pegasrestaurant.md\/ro\/produs\/aripioare-de-pui-in-sos-shipotle\/#breadcrumb\",\"itemListElement\":[{\"@type\":\"ListItem\",\"position\":1,\"name\":\"\u0413\u043b\u0430\u0432\u043d\u0430\u044f \u0441\u0442\u0440\u0430\u043d\u0438\u0446\u0430\",\"item\":\"https:\/\/pegasrestaurant.md\/ro\/\"},{\"@type\":\"ListItem\",\"position\":2,\"name\":\"Comand\u0103 online\",\"item\":\"https:\/\/pegasrestaurant.md\/ro\/comanda-online\/\"},{\"@type\":\"ListItem\",\"position\":3,\"name\":\"Aripioare de pui \u00een sos \u0421hipotle\"}]},{\"@type\":\"WebSite\",\"@id\":\"https:\/\/pegasrestaurant.md\/en\/#website\",\"url\":\"https:\/\/pegasrestaurant.md\/en\/\",\"name\":\"Pegas Terrace &amp; Restaurant\",\"description\":\"\",\"potentialAction\":[{\"@type\":\"SearchAction\",\"target\":{\"@type\":\"EntryPoint\",\"urlTemplate\":\"https:\/\/pegasrestaurant.md\/en\/?s={search_term_string}\"},\"query-input\":\"required name=search_term_string\"}],\"inLanguage\":\"ro-RO\"}]}<\/script>\n<!-- \/ Yoast SEO plugin. -->","yoast_head_json":{"title":"Dedicat tuturor amatorilor de aripioare de pui picante | Pegas Terrace & Restaurant","description":"\"Te lingi pe degete!\" - asta \u00eei despre aripioarele noastre de pui la gratar cu sos Chipotle dulce-acri\u0219or picant. Savureaz\u0103 singur sau cu prietenii t\u0103i!","robots":{"index":"index","follow":"follow","max-snippet":"max-snippet:-1","max-image-preview":"max-image-preview:large","max-video-preview":"max-video-preview:-1"},"canonical":"https:\/\/pegasrestaurant.md\/ro\/produs\/aripioare-de-pui-in-sos-shipotle\/","og_locale":"ro_RO","og_type":"article","og_title":"Dedicat tuturor amatorilor de aripioare de pui picante | Pegas Terrace & Restaurant","og_description":"\"Te lingi pe degete!\" - asta \u00eei despre aripioarele noastre de pui la gratar cu sos Chipotle dulce-acri\u0219or picant. Savureaz\u0103 singur sau cu prietenii t\u0103i!","og_url":"https:\/\/pegasrestaurant.md\/ro\/produs\/aripioare-de-pui-in-sos-shipotle\/","og_site_name":"Pegas Terrace &amp; Restaurant","article_modified_time":"2023-05-26T15:48:08+00:00","twitter_card":"summary_large_image","schema":{"@context":"https:\/\/schema.org","@graph":[{"@type":"WebPage","@id":"https:\/\/pegasrestaurant.md\/ro\/produs\/aripioare-de-pui-in-sos-shipotle\/","url":"https:\/\/pegasrestaurant.md\/ro\/produs\/aripioare-de-pui-in-sos-shipotle\/","name":"Dedicat tuturor amatorilor de aripioare de pui picante | Pegas Terrace & Restaurant","isPartOf":{"@id":"https:\/\/pegasrestaurant.md\/en\/#website"},"datePublished":"2023-05-25T14:14:04+00:00","dateModified":"2023-05-26T15:48:08+00:00","description":"\"Te lingi pe degete!\" - asta \u00eei despre aripioarele noastre de pui la gratar cu sos Chipotle dulce-acri\u0219or picant. Savureaz\u0103 singur sau cu prietenii t\u0103i!","breadcrumb":{"@id":"https:\/\/pegasrestaurant.md\/ro\/produs\/aripioare-de-pui-in-sos-shipotle\/#breadcrumb"},"inLanguage":"ro-RO","potentialAction":[{"@type":"ReadAction","target":["https:\/\/pegasrestaurant.md\/ro\/produs\/aripioare-de-pui-in-sos-shipotle\/"]}]},{"@type":"BreadcrumbList","@id":"https:\/\/pegasrestaurant.md\/ro\/produs\/aripioare-de-pui-in-sos-shipotle\/#breadcrumb","itemListElement":[{"@type":"ListItem","position":1,"name":"\u0413\u043b\u0430\u0432\u043d\u0430\u044f \u0441\u0442\u0440\u0430\u043d\u0438\u0446\u0430","item":"https:\/\/pegasrestaurant.md\/ro\/"},{"@type":"ListItem","position":2,"name":"Comand\u0103 online","item":"https:\/\/pegasrestaurant.md\/ro\/comanda-online\/"},{"@type":"ListItem","position":3,"name":"Aripioare de pui \u00een sos \u0421hipotle"}]},{"@type":"WebSite","@id":"https:\/\/pegasrestaurant.md\/en\/#website","url":"https:\/\/pegasrestaurant.md\/en\/","name":"Pegas Terrace &amp; Restaurant","description":"","potentialAction":[{"@type":"SearchAction","target":{"@type":"EntryPoint","urlTemplate":"https:\/\/pegasrestaurant.md\/en\/?s={search_term_string}"},"query-input":"required name=search_term_string"}],"inLanguage":"ro-RO"}]}},"_links":{"self":[{"href":"https:\/\/pegasrestaurant.md\/ro\/wp-json\/wp\/v2\/product\/16228","targetHints":{"allow":["GET"]}}],"collection":[{"href":"https:\/\/pegasrestaurant.md\/ro\/wp-json\/wp\/v2\/product"}],"about":[{"href":"https:\/\/pegasrestaurant.md\/ro\/wp-json\/wp\/v2\/types\/product"}],"version-history":[{"count":0,"href":"https:\/\/pegasrestaurant.md\/ro\/wp-json\/wp\/v2\/product\/16228\/revisions"}],"wp:attachment":[{"href":"https:\/\/pegasrestaurant.md\/ro\/wp-json\/wp\/v2\/media?parent=16228"}],"wp:term":[{"taxonomy":"product_cat","embeddable":true,"href":"https:\/\/pegasrestaurant.md\/ro\/wp-json\/wp\/v2\/product_cat?post=16228"},{"taxonomy":"product_tag","embeddable":true,"href":"https:\/\/pegasrestaurant.md\/ro\/wp-json\/wp\/v2\/product_tag?post=16228"}],"curies":[{"name":"wp","href":"https:\/\/api.w.org\/{rel}","templated":true}]}}