{"id":16225,"date":"2023-05-25T17:03:20","date_gmt":"2023-05-25T14:03:20","guid":{"rendered":"https:\/\/pegasrestaurant.md\/?post_type=product&#038;p=16225"},"modified":"2023-05-26T18:15:41","modified_gmt":"2023-05-26T15:15:41","slug":"creveti-in-sos-chipotle-cu-guacamole","status":"publish","type":"product","link":"https:\/\/pegasrestaurant.md\/ro\/produs\/creveti-in-sos-chipotle-cu-guacamole\/","title":{"rendered":"Creve\u021bi \u00een sos \u0421hipotle cu guacamole"},"content":{"rendered":"<p>Creve\u021bi suculen\u021bi, dulcii, aroma\u021bi \u0219i proaspe\u021bi cu un sos clasic aromat \u0219i picant, combinat cu avocado delicios \u0219i cremos &#8211; o adev\u0103rat\u0103 poezie a buc\u0103t\u0103riei! Aperitivul perfect te va cuceri din prima!<\/p>\n","protected":false},"excerpt":{"rendered":"<p><span style=\"color: #c9ab81;\"><strong>Volum:<\/strong><\/span> 1\/260 g<\/p>\n<p>&nbsp;<\/p>\n<p><span style=\"color: #c9ab81;\"><strong>Ingrediente: <\/strong><\/span>Avocado, creve\u021bi, ardei chipotle, p\u00e2ine pita, vin, l\u0103m\u00e2ie<\/p>\n","protected":false},"featured_media":0,"template":"","meta":{"inline_featured_image":false},"product_cat":[101],"product_tag":[],"class_list":["post-16225","product","type-product","status-publish","hentry","product_cat-peste"],"yoast_head":"<!-- This site is optimized with the Yoast SEO plugin v19.6.1 - https:\/\/yoast.com\/wordpress\/plugins\/seo\/ -->\n<title>Creve\u021bi, avocado \u0219i ardei chipotle: o m\u00e2ncare deosebit\u0103 de la Pegas Terrace &amp; Restaurant<\/title>\n<meta name=\"description\" content=\"\u00cencepe\u021bi ziua corect - cu o combina\u021bie perfect\u0103 de arome \u0219i texturi. Creve\u021bi \u00een sos chipotle cu guacamole - cea mai bun\u0103 alegere a gurmanzilor\" \/>\n<meta name=\"robots\" content=\"index, follow, max-snippet:-1, max-image-preview:large, max-video-preview:-1\" \/>\n<link rel=\"canonical\" href=\"https:\/\/pegasrestaurant.md\/ro\/produs\/creveti-in-sos-chipotle-cu-guacamole\/\" \/>\n<meta property=\"og:locale\" content=\"ro_RO\" \/>\n<meta property=\"og:type\" content=\"article\" \/>\n<meta property=\"og:title\" content=\"Creve\u021bi, avocado \u0219i ardei chipotle: o m\u00e2ncare deosebit\u0103 de la Pegas Terrace &amp; Restaurant\" \/>\n<meta property=\"og:description\" content=\"\u00cencepe\u021bi ziua corect - cu o combina\u021bie perfect\u0103 de arome \u0219i texturi. Creve\u021bi \u00een sos chipotle cu guacamole - cea mai bun\u0103 alegere a gurmanzilor\" \/>\n<meta property=\"og:url\" content=\"https:\/\/pegasrestaurant.md\/ro\/produs\/creveti-in-sos-chipotle-cu-guacamole\/\" \/>\n<meta property=\"og:site_name\" content=\"Pegas Terrace &amp; Restaurant\" \/>\n<meta property=\"article:modified_time\" content=\"2023-05-26T15:15:41+00:00\" \/>\n<meta name=\"twitter:card\" content=\"summary_large_image\" \/>\n<script type=\"application\/ld+json\" class=\"yoast-schema-graph\">{\"@context\":\"https:\/\/schema.org\",\"@graph\":[{\"@type\":\"WebPage\",\"@id\":\"https:\/\/pegasrestaurant.md\/ro\/produs\/creveti-in-sos-chipotle-cu-guacamole\/\",\"url\":\"https:\/\/pegasrestaurant.md\/ro\/produs\/creveti-in-sos-chipotle-cu-guacamole\/\",\"name\":\"Creve\u021bi, avocado \u0219i ardei chipotle: o m\u00e2ncare deosebit\u0103 de la Pegas Terrace & Restaurant\",\"isPartOf\":{\"@id\":\"https:\/\/pegasrestaurant.md\/en\/#website\"},\"datePublished\":\"2023-05-25T14:03:20+00:00\",\"dateModified\":\"2023-05-26T15:15:41+00:00\",\"description\":\"\u00cencepe\u021bi ziua corect - cu o combina\u021bie perfect\u0103 de arome \u0219i texturi. Creve\u021bi \u00een sos chipotle cu guacamole - cea mai bun\u0103 alegere a gurmanzilor\",\"breadcrumb\":{\"@id\":\"https:\/\/pegasrestaurant.md\/ro\/produs\/creveti-in-sos-chipotle-cu-guacamole\/#breadcrumb\"},\"inLanguage\":\"ro-RO\",\"potentialAction\":[{\"@type\":\"ReadAction\",\"target\":[\"https:\/\/pegasrestaurant.md\/ro\/produs\/creveti-in-sos-chipotle-cu-guacamole\/\"]}]},{\"@type\":\"BreadcrumbList\",\"@id\":\"https:\/\/pegasrestaurant.md\/ro\/produs\/creveti-in-sos-chipotle-cu-guacamole\/#breadcrumb\",\"itemListElement\":[{\"@type\":\"ListItem\",\"position\":1,\"name\":\"\u0413\u043b\u0430\u0432\u043d\u0430\u044f \u0441\u0442\u0440\u0430\u043d\u0438\u0446\u0430\",\"item\":\"https:\/\/pegasrestaurant.md\/ro\/\"},{\"@type\":\"ListItem\",\"position\":2,\"name\":\"Comand\u0103 online\",\"item\":\"https:\/\/pegasrestaurant.md\/ro\/comanda-online\/\"},{\"@type\":\"ListItem\",\"position\":3,\"name\":\"Creve\u021bi \u00een sos \u0421hipotle cu guacamole\"}]},{\"@type\":\"WebSite\",\"@id\":\"https:\/\/pegasrestaurant.md\/en\/#website\",\"url\":\"https:\/\/pegasrestaurant.md\/en\/\",\"name\":\"Pegas Terrace &amp; Restaurant\",\"description\":\"\",\"potentialAction\":[{\"@type\":\"SearchAction\",\"target\":{\"@type\":\"EntryPoint\",\"urlTemplate\":\"https:\/\/pegasrestaurant.md\/en\/?s={search_term_string}\"},\"query-input\":\"required name=search_term_string\"}],\"inLanguage\":\"ro-RO\"}]}<\/script>\n<!-- \/ Yoast SEO plugin. -->","yoast_head_json":{"title":"Creve\u021bi, avocado \u0219i ardei chipotle: o m\u00e2ncare deosebit\u0103 de la Pegas Terrace & Restaurant","description":"\u00cencepe\u021bi ziua corect - cu o combina\u021bie perfect\u0103 de arome \u0219i texturi. Creve\u021bi \u00een sos chipotle cu guacamole - cea mai bun\u0103 alegere a gurmanzilor","robots":{"index":"index","follow":"follow","max-snippet":"max-snippet:-1","max-image-preview":"max-image-preview:large","max-video-preview":"max-video-preview:-1"},"canonical":"https:\/\/pegasrestaurant.md\/ro\/produs\/creveti-in-sos-chipotle-cu-guacamole\/","og_locale":"ro_RO","og_type":"article","og_title":"Creve\u021bi, avocado \u0219i ardei chipotle: o m\u00e2ncare deosebit\u0103 de la Pegas Terrace & Restaurant","og_description":"\u00cencepe\u021bi ziua corect - cu o combina\u021bie perfect\u0103 de arome \u0219i texturi. Creve\u021bi \u00een sos chipotle cu guacamole - cea mai bun\u0103 alegere a gurmanzilor","og_url":"https:\/\/pegasrestaurant.md\/ro\/produs\/creveti-in-sos-chipotle-cu-guacamole\/","og_site_name":"Pegas Terrace &amp; Restaurant","article_modified_time":"2023-05-26T15:15:41+00:00","twitter_card":"summary_large_image","schema":{"@context":"https:\/\/schema.org","@graph":[{"@type":"WebPage","@id":"https:\/\/pegasrestaurant.md\/ro\/produs\/creveti-in-sos-chipotle-cu-guacamole\/","url":"https:\/\/pegasrestaurant.md\/ro\/produs\/creveti-in-sos-chipotle-cu-guacamole\/","name":"Creve\u021bi, avocado \u0219i ardei chipotle: o m\u00e2ncare deosebit\u0103 de la Pegas Terrace & Restaurant","isPartOf":{"@id":"https:\/\/pegasrestaurant.md\/en\/#website"},"datePublished":"2023-05-25T14:03:20+00:00","dateModified":"2023-05-26T15:15:41+00:00","description":"\u00cencepe\u021bi ziua corect - cu o combina\u021bie perfect\u0103 de arome \u0219i texturi. Creve\u021bi \u00een sos chipotle cu guacamole - cea mai bun\u0103 alegere a gurmanzilor","breadcrumb":{"@id":"https:\/\/pegasrestaurant.md\/ro\/produs\/creveti-in-sos-chipotle-cu-guacamole\/#breadcrumb"},"inLanguage":"ro-RO","potentialAction":[{"@type":"ReadAction","target":["https:\/\/pegasrestaurant.md\/ro\/produs\/creveti-in-sos-chipotle-cu-guacamole\/"]}]},{"@type":"BreadcrumbList","@id":"https:\/\/pegasrestaurant.md\/ro\/produs\/creveti-in-sos-chipotle-cu-guacamole\/#breadcrumb","itemListElement":[{"@type":"ListItem","position":1,"name":"\u0413\u043b\u0430\u0432\u043d\u0430\u044f \u0441\u0442\u0440\u0430\u043d\u0438\u0446\u0430","item":"https:\/\/pegasrestaurant.md\/ro\/"},{"@type":"ListItem","position":2,"name":"Comand\u0103 online","item":"https:\/\/pegasrestaurant.md\/ro\/comanda-online\/"},{"@type":"ListItem","position":3,"name":"Creve\u021bi \u00een sos \u0421hipotle cu guacamole"}]},{"@type":"WebSite","@id":"https:\/\/pegasrestaurant.md\/en\/#website","url":"https:\/\/pegasrestaurant.md\/en\/","name":"Pegas Terrace &amp; Restaurant","description":"","potentialAction":[{"@type":"SearchAction","target":{"@type":"EntryPoint","urlTemplate":"https:\/\/pegasrestaurant.md\/en\/?s={search_term_string}"},"query-input":"required name=search_term_string"}],"inLanguage":"ro-RO"}]}},"_links":{"self":[{"href":"https:\/\/pegasrestaurant.md\/ro\/wp-json\/wp\/v2\/product\/16225","targetHints":{"allow":["GET"]}}],"collection":[{"href":"https:\/\/pegasrestaurant.md\/ro\/wp-json\/wp\/v2\/product"}],"about":[{"href":"https:\/\/pegasrestaurant.md\/ro\/wp-json\/wp\/v2\/types\/product"}],"version-history":[{"count":0,"href":"https:\/\/pegasrestaurant.md\/ro\/wp-json\/wp\/v2\/product\/16225\/revisions"}],"wp:attachment":[{"href":"https:\/\/pegasrestaurant.md\/ro\/wp-json\/wp\/v2\/media?parent=16225"}],"wp:term":[{"taxonomy":"product_cat","embeddable":true,"href":"https:\/\/pegasrestaurant.md\/ro\/wp-json\/wp\/v2\/product_cat?post=16225"},{"taxonomy":"product_tag","embeddable":true,"href":"https:\/\/pegasrestaurant.md\/ro\/wp-json\/wp\/v2\/product_tag?post=16225"}],"curies":[{"name":"wp","href":"https:\/\/api.w.org\/{rel}","templated":true}]}}