{"id":16224,"date":"2023-05-25T16:59:53","date_gmt":"2023-05-25T13:59:53","guid":{"rendered":"https:\/\/pegasrestaurant.md\/?post_type=product&#038;p=16224"},"modified":"2023-05-26T18:12:57","modified_gmt":"2023-05-26T15:12:57","slug":"salata-cu-calamar-baby-creveti-si-vinete","status":"publish","type":"product","link":"https:\/\/pegasrestaurant.md\/ro\/produs\/salata-cu-calamar-baby-creveti-si-vinete\/","title":{"rendered":"Salat\u0103 cu calamar baby, creve\u021bi  \u0219i vinete"},"content":{"rendered":"<p>O salat\u0103 apetisant\u0103 \u0219i, \u00een acela\u0219i timp, dietetic\u0103 \u0219i aromat\u0103, care ofer\u0103 o combina\u021bie perfect\u0103 de legume \u0219i fructe de mare delicate. Ro\u0219ii suculente, calamar baby dulce \u0219i fraged, aroma semin\u021belor de susan \u0219i crocantul verde\u021burilor proaspete de salat\u0103 &#8211; re\u021beta unei mese perfecte!<\/p>\n","protected":false},"excerpt":{"rendered":"<p><span style=\"color: #c9ab81;\"><strong>Volum:<\/strong><\/span> 1\/300 g<\/p>\n<p>&nbsp;<\/p>\n<p><span style=\"color: #c9ab81;\"><strong>Ingrediente: <\/strong><\/span>Calamar baby, creve\u021bi, vinete, sos pentru salata, amestec de salat\u0103, ro\u0219ii cherry, susan<\/p>\n","protected":false},"featured_media":0,"template":"","meta":{"inline_featured_image":false},"product_cat":[115],"product_tag":[],"class_list":["post-16224","product","type-product","status-publish","hentry","product_cat-salate"],"yoast_head":"<!-- This site is optimized with the Yoast SEO plugin v19.6.1 - https:\/\/yoast.com\/wordpress\/plugins\/seo\/ -->\n<title>Salata cu calamari \u0219i vinete | O perla de la Pegas Terrace &amp; Restaurant<\/title>\n<meta name=\"description\" content=\"\u00cendr\u0103zne\u021b \u0219i fraged, am\u0103rui \u0219i proasp\u0103t, un amalgam de gusturi \u0219i texturi se \u00eembin\u0103 perfect \u00een salata de calamari cu vinete \u0219i creve\u021bi suculen\u021bi\" \/>\n<meta name=\"robots\" content=\"index, follow, max-snippet:-1, max-image-preview:large, max-video-preview:-1\" \/>\n<link rel=\"canonical\" href=\"https:\/\/pegasrestaurant.md\/ro\/produs\/salata-cu-calamar-baby-creveti-si-vinete\/\" \/>\n<meta property=\"og:locale\" content=\"ro_RO\" \/>\n<meta property=\"og:type\" content=\"article\" \/>\n<meta property=\"og:title\" content=\"Salata cu calamari \u0219i vinete | O perla de la Pegas Terrace &amp; Restaurant\" \/>\n<meta property=\"og:description\" content=\"\u00cendr\u0103zne\u021b \u0219i fraged, am\u0103rui \u0219i proasp\u0103t, un amalgam de gusturi \u0219i texturi se \u00eembin\u0103 perfect \u00een salata de calamari cu vinete \u0219i creve\u021bi suculen\u021bi\" \/>\n<meta property=\"og:url\" content=\"https:\/\/pegasrestaurant.md\/ro\/produs\/salata-cu-calamar-baby-creveti-si-vinete\/\" \/>\n<meta property=\"og:site_name\" content=\"Pegas Terrace &amp; Restaurant\" \/>\n<meta property=\"article:modified_time\" content=\"2023-05-26T15:12:57+00:00\" \/>\n<meta name=\"twitter:card\" content=\"summary_large_image\" \/>\n<script type=\"application\/ld+json\" class=\"yoast-schema-graph\">{\"@context\":\"https:\/\/schema.org\",\"@graph\":[{\"@type\":\"WebPage\",\"@id\":\"https:\/\/pegasrestaurant.md\/ro\/produs\/salata-cu-calamar-baby-creveti-si-vinete\/\",\"url\":\"https:\/\/pegasrestaurant.md\/ro\/produs\/salata-cu-calamar-baby-creveti-si-vinete\/\",\"name\":\"Salata cu calamari \u0219i vinete | O perla de la Pegas Terrace & Restaurant\",\"isPartOf\":{\"@id\":\"https:\/\/pegasrestaurant.md\/en\/#website\"},\"datePublished\":\"2023-05-25T13:59:53+00:00\",\"dateModified\":\"2023-05-26T15:12:57+00:00\",\"description\":\"\u00cendr\u0103zne\u021b \u0219i fraged, am\u0103rui \u0219i proasp\u0103t, un amalgam de gusturi \u0219i texturi se \u00eembin\u0103 perfect \u00een salata de calamari cu vinete \u0219i creve\u021bi suculen\u021bi\",\"breadcrumb\":{\"@id\":\"https:\/\/pegasrestaurant.md\/ro\/produs\/salata-cu-calamar-baby-creveti-si-vinete\/#breadcrumb\"},\"inLanguage\":\"ro-RO\",\"potentialAction\":[{\"@type\":\"ReadAction\",\"target\":[\"https:\/\/pegasrestaurant.md\/ro\/produs\/salata-cu-calamar-baby-creveti-si-vinete\/\"]}]},{\"@type\":\"BreadcrumbList\",\"@id\":\"https:\/\/pegasrestaurant.md\/ro\/produs\/salata-cu-calamar-baby-creveti-si-vinete\/#breadcrumb\",\"itemListElement\":[{\"@type\":\"ListItem\",\"position\":1,\"name\":\"\u0413\u043b\u0430\u0432\u043d\u0430\u044f \u0441\u0442\u0440\u0430\u043d\u0438\u0446\u0430\",\"item\":\"https:\/\/pegasrestaurant.md\/ro\/\"},{\"@type\":\"ListItem\",\"position\":2,\"name\":\"Comand\u0103 online\",\"item\":\"https:\/\/pegasrestaurant.md\/ro\/comanda-online\/\"},{\"@type\":\"ListItem\",\"position\":3,\"name\":\"Salat\u0103 cu calamar baby, creve\u021bi \u0219i vinete\"}]},{\"@type\":\"WebSite\",\"@id\":\"https:\/\/pegasrestaurant.md\/en\/#website\",\"url\":\"https:\/\/pegasrestaurant.md\/en\/\",\"name\":\"Pegas Terrace &amp; Restaurant\",\"description\":\"\",\"potentialAction\":[{\"@type\":\"SearchAction\",\"target\":{\"@type\":\"EntryPoint\",\"urlTemplate\":\"https:\/\/pegasrestaurant.md\/en\/?s={search_term_string}\"},\"query-input\":\"required name=search_term_string\"}],\"inLanguage\":\"ro-RO\"}]}<\/script>\n<!-- \/ Yoast SEO plugin. -->","yoast_head_json":{"title":"Salata cu calamari \u0219i vinete | O perla de la Pegas Terrace & Restaurant","description":"\u00cendr\u0103zne\u021b \u0219i fraged, am\u0103rui \u0219i proasp\u0103t, un amalgam de gusturi \u0219i texturi se \u00eembin\u0103 perfect \u00een salata de calamari cu vinete \u0219i creve\u021bi suculen\u021bi","robots":{"index":"index","follow":"follow","max-snippet":"max-snippet:-1","max-image-preview":"max-image-preview:large","max-video-preview":"max-video-preview:-1"},"canonical":"https:\/\/pegasrestaurant.md\/ro\/produs\/salata-cu-calamar-baby-creveti-si-vinete\/","og_locale":"ro_RO","og_type":"article","og_title":"Salata cu calamari \u0219i vinete | O perla de la Pegas Terrace & Restaurant","og_description":"\u00cendr\u0103zne\u021b \u0219i fraged, am\u0103rui \u0219i proasp\u0103t, un amalgam de gusturi \u0219i texturi se \u00eembin\u0103 perfect \u00een salata de calamari cu vinete \u0219i creve\u021bi suculen\u021bi","og_url":"https:\/\/pegasrestaurant.md\/ro\/produs\/salata-cu-calamar-baby-creveti-si-vinete\/","og_site_name":"Pegas Terrace &amp; Restaurant","article_modified_time":"2023-05-26T15:12:57+00:00","twitter_card":"summary_large_image","schema":{"@context":"https:\/\/schema.org","@graph":[{"@type":"WebPage","@id":"https:\/\/pegasrestaurant.md\/ro\/produs\/salata-cu-calamar-baby-creveti-si-vinete\/","url":"https:\/\/pegasrestaurant.md\/ro\/produs\/salata-cu-calamar-baby-creveti-si-vinete\/","name":"Salata cu calamari \u0219i vinete | O perla de la Pegas Terrace & Restaurant","isPartOf":{"@id":"https:\/\/pegasrestaurant.md\/en\/#website"},"datePublished":"2023-05-25T13:59:53+00:00","dateModified":"2023-05-26T15:12:57+00:00","description":"\u00cendr\u0103zne\u021b \u0219i fraged, am\u0103rui \u0219i proasp\u0103t, un amalgam de gusturi \u0219i texturi se \u00eembin\u0103 perfect \u00een salata de calamari cu vinete \u0219i creve\u021bi suculen\u021bi","breadcrumb":{"@id":"https:\/\/pegasrestaurant.md\/ro\/produs\/salata-cu-calamar-baby-creveti-si-vinete\/#breadcrumb"},"inLanguage":"ro-RO","potentialAction":[{"@type":"ReadAction","target":["https:\/\/pegasrestaurant.md\/ro\/produs\/salata-cu-calamar-baby-creveti-si-vinete\/"]}]},{"@type":"BreadcrumbList","@id":"https:\/\/pegasrestaurant.md\/ro\/produs\/salata-cu-calamar-baby-creveti-si-vinete\/#breadcrumb","itemListElement":[{"@type":"ListItem","position":1,"name":"\u0413\u043b\u0430\u0432\u043d\u0430\u044f \u0441\u0442\u0440\u0430\u043d\u0438\u0446\u0430","item":"https:\/\/pegasrestaurant.md\/ro\/"},{"@type":"ListItem","position":2,"name":"Comand\u0103 online","item":"https:\/\/pegasrestaurant.md\/ro\/comanda-online\/"},{"@type":"ListItem","position":3,"name":"Salat\u0103 cu calamar baby, creve\u021bi \u0219i vinete"}]},{"@type":"WebSite","@id":"https:\/\/pegasrestaurant.md\/en\/#website","url":"https:\/\/pegasrestaurant.md\/en\/","name":"Pegas Terrace &amp; Restaurant","description":"","potentialAction":[{"@type":"SearchAction","target":{"@type":"EntryPoint","urlTemplate":"https:\/\/pegasrestaurant.md\/en\/?s={search_term_string}"},"query-input":"required name=search_term_string"}],"inLanguage":"ro-RO"}]}},"_links":{"self":[{"href":"https:\/\/pegasrestaurant.md\/ro\/wp-json\/wp\/v2\/product\/16224","targetHints":{"allow":["GET"]}}],"collection":[{"href":"https:\/\/pegasrestaurant.md\/ro\/wp-json\/wp\/v2\/product"}],"about":[{"href":"https:\/\/pegasrestaurant.md\/ro\/wp-json\/wp\/v2\/types\/product"}],"version-history":[{"count":0,"href":"https:\/\/pegasrestaurant.md\/ro\/wp-json\/wp\/v2\/product\/16224\/revisions"}],"wp:attachment":[{"href":"https:\/\/pegasrestaurant.md\/ro\/wp-json\/wp\/v2\/media?parent=16224"}],"wp:term":[{"taxonomy":"product_cat","embeddable":true,"href":"https:\/\/pegasrestaurant.md\/ro\/wp-json\/wp\/v2\/product_cat?post=16224"},{"taxonomy":"product_tag","embeddable":true,"href":"https:\/\/pegasrestaurant.md\/ro\/wp-json\/wp\/v2\/product_tag?post=16224"}],"curies":[{"name":"wp","href":"https:\/\/api.w.org\/{rel}","templated":true}]}}