{"id":15460,"date":"2022-10-19T15:42:13","date_gmt":"2022-10-19T12:42:13","guid":{"rendered":"https:\/\/pegasrestaurant.md\/product\/cotlet-de-vitel-pe-os-cu-gratin-de-cartof\/"},"modified":"2022-10-27T16:45:35","modified_gmt":"2022-10-27T13:45:35","slug":"cotlet-de-vitel-pe-os-cu-gratin-de-cartof","status":"publish","type":"product","link":"https:\/\/pegasrestaurant.md\/ro\/produs\/cotlet-de-vitel-pe-os-cu-gratin-de-cartof\/","title":{"rendered":"Cotlet de vi\u021bel pe os cu gratin de cartof"},"content":{"rendered":"<p>Coaste de vi\u021bel incredibil de fragede, \u00een\u0103bu\u0219ite \u00een sos de kvas, al\u0103turi de gratinat de cartofi delicios. Ardeii iu\u021bi \u0219i vl\u0103starii verzi completeaz\u0103 perfect aceast\u0103 capodoper\u0103, care nu te va l\u0103sa indiferent. O adev\u0103rat\u0103 descoperire pentru iubitorii de carne!<\/p>\n","protected":false},"excerpt":{"rendered":"<p><span style=\"color: #c9ab81;\"><strong>Volum:<\/strong><\/span> 1\/320 g<\/p>\n<p>&nbsp;<\/p>\n<p><span style=\"color: #c9ab81;\"><strong>Ingrediente: <\/strong><\/span>cotlet de vi\u021bel, cartofi gratina\u021bi, sos de kvas, vl\u0103stari proaspe\u021bi, ardei iute<\/p>\n","protected":false},"featured_media":0,"template":"","meta":{"inline_featured_image":false},"product_cat":[119],"product_tag":[],"class_list":["post-15460","product","type-product","status-publish","hentry","product_cat-carne-de-vita"],"yoast_head":"<!-- This site is optimized with the Yoast SEO plugin v19.6.1 - https:\/\/yoast.com\/wordpress\/plugins\/seo\/ -->\n<title>Cotlet de vi\u021bel cu gratinat de cartofi, l\u0103stari \u0219i ardei iute este o nou\u0103 completare delicioas\u0103 la meniul Pegas Terrace &amp; Restaurant. Savureaz\u0103-l \u00een restaurantul nostru!<\/title>\n<meta name=\"description\" content=\"Cotletul delicios de vi\u021bel cu gratin de cartofi v\u0103 poate \u00eembun\u0103t\u0103\u021bi starea de spirit chiar \u0219i \u00een cea mai mohor\u00e2t\u0103 zi. Acest fel de m\u00e2ncare te va energiza \u0219i \u00ee\u021bi va readuce gustul la via\u021b\u0103! Savureaz\u0103-l singur sau cu prietenii \u00een atmosfera confortabil\u0103 a restaurantului nostru!\" \/>\n<meta name=\"robots\" content=\"index, follow, max-snippet:-1, max-image-preview:large, max-video-preview:-1\" \/>\n<link rel=\"canonical\" href=\"https:\/\/pegasrestaurant.md\/ro\/produs\/cotlet-de-vitel-pe-os-cu-gratin-de-cartof\/\" \/>\n<meta property=\"og:locale\" content=\"ro_RO\" \/>\n<meta property=\"og:type\" content=\"article\" \/>\n<meta property=\"og:title\" content=\"Cotlet de vi\u021bel cu gratinat de cartofi, l\u0103stari \u0219i ardei iute este o nou\u0103 completare delicioas\u0103 la meniul Pegas Terrace &amp; Restaurant. Savureaz\u0103-l \u00een restaurantul nostru!\" \/>\n<meta property=\"og:description\" content=\"Cotletul delicios de vi\u021bel cu gratin de cartofi v\u0103 poate \u00eembun\u0103t\u0103\u021bi starea de spirit chiar \u0219i \u00een cea mai mohor\u00e2t\u0103 zi. Acest fel de m\u00e2ncare te va energiza \u0219i \u00ee\u021bi va readuce gustul la via\u021b\u0103! Savureaz\u0103-l singur sau cu prietenii \u00een atmosfera confortabil\u0103 a restaurantului nostru!\" \/>\n<meta property=\"og:url\" content=\"https:\/\/pegasrestaurant.md\/ro\/produs\/cotlet-de-vitel-pe-os-cu-gratin-de-cartof\/\" \/>\n<meta property=\"og:site_name\" content=\"Pegas Terrace &amp; Restaurant\" \/>\n<meta property=\"article:modified_time\" content=\"2022-10-27T13:45:35+00:00\" \/>\n<meta name=\"twitter:card\" content=\"summary_large_image\" \/>\n<meta name=\"twitter:label1\" content=\"Timp estimat pentru citire\" \/>\n\t<meta name=\"twitter:data1\" content=\"1 minut\" \/>\n<script type=\"application\/ld+json\" class=\"yoast-schema-graph\">{\"@context\":\"https:\/\/schema.org\",\"@graph\":[{\"@type\":\"WebPage\",\"@id\":\"https:\/\/pegasrestaurant.md\/ro\/produs\/cotlet-de-vitel-pe-os-cu-gratin-de-cartof\/\",\"url\":\"https:\/\/pegasrestaurant.md\/ro\/produs\/cotlet-de-vitel-pe-os-cu-gratin-de-cartof\/\",\"name\":\"Cotlet de vi\u021bel cu gratinat de cartofi, l\u0103stari \u0219i ardei iute este o nou\u0103 completare delicioas\u0103 la meniul Pegas Terrace & Restaurant. Savureaz\u0103-l \u00een restaurantul nostru!\",\"isPartOf\":{\"@id\":\"https:\/\/pegasrestaurant.md\/en\/#website\"},\"datePublished\":\"2022-10-19T12:42:13+00:00\",\"dateModified\":\"2022-10-27T13:45:35+00:00\",\"description\":\"Cotletul delicios de vi\u021bel cu gratin de cartofi v\u0103 poate \u00eembun\u0103t\u0103\u021bi starea de spirit chiar \u0219i \u00een cea mai mohor\u00e2t\u0103 zi. Acest fel de m\u00e2ncare te va energiza \u0219i \u00ee\u021bi va readuce gustul la via\u021b\u0103! Savureaz\u0103-l singur sau cu prietenii \u00een atmosfera confortabil\u0103 a restaurantului nostru!\",\"breadcrumb\":{\"@id\":\"https:\/\/pegasrestaurant.md\/ro\/produs\/cotlet-de-vitel-pe-os-cu-gratin-de-cartof\/#breadcrumb\"},\"inLanguage\":\"ro-RO\",\"potentialAction\":[{\"@type\":\"ReadAction\",\"target\":[\"https:\/\/pegasrestaurant.md\/ro\/produs\/cotlet-de-vitel-pe-os-cu-gratin-de-cartof\/\"]}]},{\"@type\":\"BreadcrumbList\",\"@id\":\"https:\/\/pegasrestaurant.md\/ro\/produs\/cotlet-de-vitel-pe-os-cu-gratin-de-cartof\/#breadcrumb\",\"itemListElement\":[{\"@type\":\"ListItem\",\"position\":1,\"name\":\"\u0413\u043b\u0430\u0432\u043d\u0430\u044f \u0441\u0442\u0440\u0430\u043d\u0438\u0446\u0430\",\"item\":\"https:\/\/pegasrestaurant.md\/ro\/\"},{\"@type\":\"ListItem\",\"position\":2,\"name\":\"Comand\u0103 online\",\"item\":\"https:\/\/pegasrestaurant.md\/ro\/comanda-online\/\"},{\"@type\":\"ListItem\",\"position\":3,\"name\":\"Cotlet de vi\u021bel pe os cu gratin de cartof\"}]},{\"@type\":\"WebSite\",\"@id\":\"https:\/\/pegasrestaurant.md\/en\/#website\",\"url\":\"https:\/\/pegasrestaurant.md\/en\/\",\"name\":\"Pegas Terrace &amp; Restaurant\",\"description\":\"\",\"potentialAction\":[{\"@type\":\"SearchAction\",\"target\":{\"@type\":\"EntryPoint\",\"urlTemplate\":\"https:\/\/pegasrestaurant.md\/en\/?s={search_term_string}\"},\"query-input\":\"required name=search_term_string\"}],\"inLanguage\":\"ro-RO\"}]}<\/script>\n<!-- \/ Yoast SEO plugin. -->","yoast_head_json":{"title":"Cotlet de vi\u021bel cu gratinat de cartofi, l\u0103stari \u0219i ardei iute este o nou\u0103 completare delicioas\u0103 la meniul Pegas Terrace & Restaurant. Savureaz\u0103-l \u00een restaurantul nostru!","description":"Cotletul delicios de vi\u021bel cu gratin de cartofi v\u0103 poate \u00eembun\u0103t\u0103\u021bi starea de spirit chiar \u0219i \u00een cea mai mohor\u00e2t\u0103 zi. Acest fel de m\u00e2ncare te va energiza \u0219i \u00ee\u021bi va readuce gustul la via\u021b\u0103! Savureaz\u0103-l singur sau cu prietenii \u00een atmosfera confortabil\u0103 a restaurantului nostru!","robots":{"index":"index","follow":"follow","max-snippet":"max-snippet:-1","max-image-preview":"max-image-preview:large","max-video-preview":"max-video-preview:-1"},"canonical":"https:\/\/pegasrestaurant.md\/ro\/produs\/cotlet-de-vitel-pe-os-cu-gratin-de-cartof\/","og_locale":"ro_RO","og_type":"article","og_title":"Cotlet de vi\u021bel cu gratinat de cartofi, l\u0103stari \u0219i ardei iute este o nou\u0103 completare delicioas\u0103 la meniul Pegas Terrace & Restaurant. Savureaz\u0103-l \u00een restaurantul nostru!","og_description":"Cotletul delicios de vi\u021bel cu gratin de cartofi v\u0103 poate \u00eembun\u0103t\u0103\u021bi starea de spirit chiar \u0219i \u00een cea mai mohor\u00e2t\u0103 zi. Acest fel de m\u00e2ncare te va energiza \u0219i \u00ee\u021bi va readuce gustul la via\u021b\u0103! Savureaz\u0103-l singur sau cu prietenii \u00een atmosfera confortabil\u0103 a restaurantului nostru!","og_url":"https:\/\/pegasrestaurant.md\/ro\/produs\/cotlet-de-vitel-pe-os-cu-gratin-de-cartof\/","og_site_name":"Pegas Terrace &amp; Restaurant","article_modified_time":"2022-10-27T13:45:35+00:00","twitter_card":"summary_large_image","twitter_misc":{"Timp estimat pentru citire":"1 minut"},"schema":{"@context":"https:\/\/schema.org","@graph":[{"@type":"WebPage","@id":"https:\/\/pegasrestaurant.md\/ro\/produs\/cotlet-de-vitel-pe-os-cu-gratin-de-cartof\/","url":"https:\/\/pegasrestaurant.md\/ro\/produs\/cotlet-de-vitel-pe-os-cu-gratin-de-cartof\/","name":"Cotlet de vi\u021bel cu gratinat de cartofi, l\u0103stari \u0219i ardei iute este o nou\u0103 completare delicioas\u0103 la meniul Pegas Terrace & Restaurant. Savureaz\u0103-l \u00een restaurantul nostru!","isPartOf":{"@id":"https:\/\/pegasrestaurant.md\/en\/#website"},"datePublished":"2022-10-19T12:42:13+00:00","dateModified":"2022-10-27T13:45:35+00:00","description":"Cotletul delicios de vi\u021bel cu gratin de cartofi v\u0103 poate \u00eembun\u0103t\u0103\u021bi starea de spirit chiar \u0219i \u00een cea mai mohor\u00e2t\u0103 zi. Acest fel de m\u00e2ncare te va energiza \u0219i \u00ee\u021bi va readuce gustul la via\u021b\u0103! Savureaz\u0103-l singur sau cu prietenii \u00een atmosfera confortabil\u0103 a restaurantului nostru!","breadcrumb":{"@id":"https:\/\/pegasrestaurant.md\/ro\/produs\/cotlet-de-vitel-pe-os-cu-gratin-de-cartof\/#breadcrumb"},"inLanguage":"ro-RO","potentialAction":[{"@type":"ReadAction","target":["https:\/\/pegasrestaurant.md\/ro\/produs\/cotlet-de-vitel-pe-os-cu-gratin-de-cartof\/"]}]},{"@type":"BreadcrumbList","@id":"https:\/\/pegasrestaurant.md\/ro\/produs\/cotlet-de-vitel-pe-os-cu-gratin-de-cartof\/#breadcrumb","itemListElement":[{"@type":"ListItem","position":1,"name":"\u0413\u043b\u0430\u0432\u043d\u0430\u044f \u0441\u0442\u0440\u0430\u043d\u0438\u0446\u0430","item":"https:\/\/pegasrestaurant.md\/ro\/"},{"@type":"ListItem","position":2,"name":"Comand\u0103 online","item":"https:\/\/pegasrestaurant.md\/ro\/comanda-online\/"},{"@type":"ListItem","position":3,"name":"Cotlet de vi\u021bel pe os cu gratin de cartof"}]},{"@type":"WebSite","@id":"https:\/\/pegasrestaurant.md\/en\/#website","url":"https:\/\/pegasrestaurant.md\/en\/","name":"Pegas Terrace &amp; Restaurant","description":"","potentialAction":[{"@type":"SearchAction","target":{"@type":"EntryPoint","urlTemplate":"https:\/\/pegasrestaurant.md\/en\/?s={search_term_string}"},"query-input":"required name=search_term_string"}],"inLanguage":"ro-RO"}]}},"_links":{"self":[{"href":"https:\/\/pegasrestaurant.md\/ro\/wp-json\/wp\/v2\/product\/15460","targetHints":{"allow":["GET"]}}],"collection":[{"href":"https:\/\/pegasrestaurant.md\/ro\/wp-json\/wp\/v2\/product"}],"about":[{"href":"https:\/\/pegasrestaurant.md\/ro\/wp-json\/wp\/v2\/types\/product"}],"version-history":[{"count":0,"href":"https:\/\/pegasrestaurant.md\/ro\/wp-json\/wp\/v2\/product\/15460\/revisions"}],"wp:attachment":[{"href":"https:\/\/pegasrestaurant.md\/ro\/wp-json\/wp\/v2\/media?parent=15460"}],"wp:term":[{"taxonomy":"product_cat","embeddable":true,"href":"https:\/\/pegasrestaurant.md\/ro\/wp-json\/wp\/v2\/product_cat?post=15460"},{"taxonomy":"product_tag","embeddable":true,"href":"https:\/\/pegasrestaurant.md\/ro\/wp-json\/wp\/v2\/product_tag?post=15460"}],"curies":[{"name":"wp","href":"https:\/\/api.w.org\/{rel}","templated":true}]}}