{"id":15439,"date":"2022-10-19T14:37:03","date_gmt":"2022-10-19T11:37:03","guid":{"rendered":"https:\/\/pegasrestaurant.md\/product\/pulpa-de-rata-inabusita-cu-cartofi-dauphinois\/"},"modified":"2022-10-26T13:30:01","modified_gmt":"2022-10-26T10:30:01","slug":"pulpa-de-rata-inabusita-cu-cartofi-dauphinois","status":"publish","type":"product","link":"https:\/\/pegasrestaurant.md\/ro\/produs\/pulpa-de-rata-inabusita-cu-cartofi-dauphinois\/","title":{"rendered":"Pulp\u0103 de ra\u021b\u0103 \u00een\u0103bu\u0219it\u0103 cu cartofi Dauphinois"},"content":{"rendered":"<p>Vrei ceva original? Savureaz\u0103 gustul impecabil al c\u0103rnii de ra\u021b\u0103 \u00een\u0103bu\u0219it\u0103 \u00een kvas cu sos demi-glace. Un atribut demn pe l\u00e2ng\u0103 pulpa de pui este gratinatul de cartofi Dauphinois. Vei adora combina\u021bia uimitoare de arome \u0219i vei reveni cu siguran\u021b\u0103 dup\u0103 o a doua por\u021bie!<\/p>\n","protected":false},"excerpt":{"rendered":"<p><span style=\"color: #c9ab81;\"><strong>Volum:<\/strong><\/span> 1\/280 g<\/p>\n<p>&nbsp;<\/p>\n<p><span style=\"color: #c9ab81;\"><strong>Ingrediente: <\/strong><\/span>pulp\u0103 de ra\u021b\u0103, sos de cvas, sos demi-glace, cartofi gratina\u021bi<\/p>\n","protected":false},"featured_media":0,"template":"","meta":{"inline_featured_image":false},"product_cat":[94],"product_tag":[],"class_list":["post-15439","product","type-product","status-publish","hentry","product_cat-carne-de-pasare"],"yoast_head":"<!-- This site is optimized with the Yoast SEO plugin v19.6.1 - https:\/\/yoast.com\/wordpress\/plugins\/seo\/ -->\n<title>Pulp\u0103 de ra\u021b\u0103 \u00een\u0103bu\u0219it delicat\u0103 cu cartofi Dauphinois de la Pegas Terrace &amp; Restaurant. Gust rafinat pentru iubitorii de preparate originale!<\/title>\n<meta name=\"description\" content=\"Pulp\u0103 de ra\u021b\u0103 \u00een\u0103bu\u0219it\u0103 cu cartofi Dauphinois - cel mai bun lucru care \u021bi se poate \u00eent\u00e2mpla. Niciodat\u0103 nu ai gustat carne de ra\u021b\u0103 \u00eentr-at\u00e2t de fraged\u0103, un sos at\u00e2t de picant \u0219i un gratinat at\u00e2t de delicios! Plaseaz\u0103 o comand\u0103 \u0219i convinge-te!\" \/>\n<meta name=\"robots\" content=\"index, follow, max-snippet:-1, max-image-preview:large, max-video-preview:-1\" \/>\n<link rel=\"canonical\" href=\"https:\/\/pegasrestaurant.md\/ro\/produs\/pulpa-de-rata-inabusita-cu-cartofi-dauphinois\/\" \/>\n<meta property=\"og:locale\" content=\"ro_RO\" \/>\n<meta property=\"og:type\" content=\"article\" \/>\n<meta property=\"og:title\" content=\"Pulp\u0103 de ra\u021b\u0103 \u00een\u0103bu\u0219it delicat\u0103 cu cartofi Dauphinois de la Pegas Terrace &amp; Restaurant. Gust rafinat pentru iubitorii de preparate originale!\" \/>\n<meta property=\"og:description\" content=\"Pulp\u0103 de ra\u021b\u0103 \u00een\u0103bu\u0219it\u0103 cu cartofi Dauphinois - cel mai bun lucru care \u021bi se poate \u00eent\u00e2mpla. Niciodat\u0103 nu ai gustat carne de ra\u021b\u0103 \u00eentr-at\u00e2t de fraged\u0103, un sos at\u00e2t de picant \u0219i un gratinat at\u00e2t de delicios! Plaseaz\u0103 o comand\u0103 \u0219i convinge-te!\" \/>\n<meta property=\"og:url\" content=\"https:\/\/pegasrestaurant.md\/ro\/produs\/pulpa-de-rata-inabusita-cu-cartofi-dauphinois\/\" \/>\n<meta property=\"og:site_name\" content=\"Pegas Terrace &amp; Restaurant\" \/>\n<meta property=\"article:modified_time\" content=\"2022-10-26T10:30:01+00:00\" \/>\n<meta name=\"twitter:card\" content=\"summary_large_image\" \/>\n<meta name=\"twitter:label1\" content=\"Timp estimat pentru citire\" \/>\n\t<meta name=\"twitter:data1\" content=\"1 minut\" \/>\n<script type=\"application\/ld+json\" class=\"yoast-schema-graph\">{\"@context\":\"https:\/\/schema.org\",\"@graph\":[{\"@type\":\"WebPage\",\"@id\":\"https:\/\/pegasrestaurant.md\/ro\/produs\/pulpa-de-rata-inabusita-cu-cartofi-dauphinois\/\",\"url\":\"https:\/\/pegasrestaurant.md\/ro\/produs\/pulpa-de-rata-inabusita-cu-cartofi-dauphinois\/\",\"name\":\"Pulp\u0103 de ra\u021b\u0103 \u00een\u0103bu\u0219it delicat\u0103 cu cartofi Dauphinois de la Pegas Terrace & Restaurant. Gust rafinat pentru iubitorii de preparate originale!\",\"isPartOf\":{\"@id\":\"https:\/\/pegasrestaurant.md\/en\/#website\"},\"datePublished\":\"2022-10-19T11:37:03+00:00\",\"dateModified\":\"2022-10-26T10:30:01+00:00\",\"description\":\"Pulp\u0103 de ra\u021b\u0103 \u00een\u0103bu\u0219it\u0103 cu cartofi Dauphinois - cel mai bun lucru care \u021bi se poate \u00eent\u00e2mpla. Niciodat\u0103 nu ai gustat carne de ra\u021b\u0103 \u00eentr-at\u00e2t de fraged\u0103, un sos at\u00e2t de picant \u0219i un gratinat at\u00e2t de delicios! Plaseaz\u0103 o comand\u0103 \u0219i convinge-te!\",\"breadcrumb\":{\"@id\":\"https:\/\/pegasrestaurant.md\/ro\/produs\/pulpa-de-rata-inabusita-cu-cartofi-dauphinois\/#breadcrumb\"},\"inLanguage\":\"ro-RO\",\"potentialAction\":[{\"@type\":\"ReadAction\",\"target\":[\"https:\/\/pegasrestaurant.md\/ro\/produs\/pulpa-de-rata-inabusita-cu-cartofi-dauphinois\/\"]}]},{\"@type\":\"BreadcrumbList\",\"@id\":\"https:\/\/pegasrestaurant.md\/ro\/produs\/pulpa-de-rata-inabusita-cu-cartofi-dauphinois\/#breadcrumb\",\"itemListElement\":[{\"@type\":\"ListItem\",\"position\":1,\"name\":\"\u0413\u043b\u0430\u0432\u043d\u0430\u044f \u0441\u0442\u0440\u0430\u043d\u0438\u0446\u0430\",\"item\":\"https:\/\/pegasrestaurant.md\/ro\/\"},{\"@type\":\"ListItem\",\"position\":2,\"name\":\"Comand\u0103 online\",\"item\":\"https:\/\/pegasrestaurant.md\/ro\/comanda-online\/\"},{\"@type\":\"ListItem\",\"position\":3,\"name\":\"Pulp\u0103 de ra\u021b\u0103 \u00een\u0103bu\u0219it\u0103 cu cartofi Dauphinois\"}]},{\"@type\":\"WebSite\",\"@id\":\"https:\/\/pegasrestaurant.md\/en\/#website\",\"url\":\"https:\/\/pegasrestaurant.md\/en\/\",\"name\":\"Pegas Terrace &amp; Restaurant\",\"description\":\"\",\"potentialAction\":[{\"@type\":\"SearchAction\",\"target\":{\"@type\":\"EntryPoint\",\"urlTemplate\":\"https:\/\/pegasrestaurant.md\/en\/?s={search_term_string}\"},\"query-input\":\"required name=search_term_string\"}],\"inLanguage\":\"ro-RO\"}]}<\/script>\n<!-- \/ Yoast SEO plugin. -->","yoast_head_json":{"title":"Pulp\u0103 de ra\u021b\u0103 \u00een\u0103bu\u0219it delicat\u0103 cu cartofi Dauphinois de la Pegas Terrace & Restaurant. Gust rafinat pentru iubitorii de preparate originale!","description":"Pulp\u0103 de ra\u021b\u0103 \u00een\u0103bu\u0219it\u0103 cu cartofi Dauphinois - cel mai bun lucru care \u021bi se poate \u00eent\u00e2mpla. Niciodat\u0103 nu ai gustat carne de ra\u021b\u0103 \u00eentr-at\u00e2t de fraged\u0103, un sos at\u00e2t de picant \u0219i un gratinat at\u00e2t de delicios! Plaseaz\u0103 o comand\u0103 \u0219i convinge-te!","robots":{"index":"index","follow":"follow","max-snippet":"max-snippet:-1","max-image-preview":"max-image-preview:large","max-video-preview":"max-video-preview:-1"},"canonical":"https:\/\/pegasrestaurant.md\/ro\/produs\/pulpa-de-rata-inabusita-cu-cartofi-dauphinois\/","og_locale":"ro_RO","og_type":"article","og_title":"Pulp\u0103 de ra\u021b\u0103 \u00een\u0103bu\u0219it delicat\u0103 cu cartofi Dauphinois de la Pegas Terrace & Restaurant. Gust rafinat pentru iubitorii de preparate originale!","og_description":"Pulp\u0103 de ra\u021b\u0103 \u00een\u0103bu\u0219it\u0103 cu cartofi Dauphinois - cel mai bun lucru care \u021bi se poate \u00eent\u00e2mpla. Niciodat\u0103 nu ai gustat carne de ra\u021b\u0103 \u00eentr-at\u00e2t de fraged\u0103, un sos at\u00e2t de picant \u0219i un gratinat at\u00e2t de delicios! Plaseaz\u0103 o comand\u0103 \u0219i convinge-te!","og_url":"https:\/\/pegasrestaurant.md\/ro\/produs\/pulpa-de-rata-inabusita-cu-cartofi-dauphinois\/","og_site_name":"Pegas Terrace &amp; Restaurant","article_modified_time":"2022-10-26T10:30:01+00:00","twitter_card":"summary_large_image","twitter_misc":{"Timp estimat pentru citire":"1 minut"},"schema":{"@context":"https:\/\/schema.org","@graph":[{"@type":"WebPage","@id":"https:\/\/pegasrestaurant.md\/ro\/produs\/pulpa-de-rata-inabusita-cu-cartofi-dauphinois\/","url":"https:\/\/pegasrestaurant.md\/ro\/produs\/pulpa-de-rata-inabusita-cu-cartofi-dauphinois\/","name":"Pulp\u0103 de ra\u021b\u0103 \u00een\u0103bu\u0219it delicat\u0103 cu cartofi Dauphinois de la Pegas Terrace & Restaurant. Gust rafinat pentru iubitorii de preparate originale!","isPartOf":{"@id":"https:\/\/pegasrestaurant.md\/en\/#website"},"datePublished":"2022-10-19T11:37:03+00:00","dateModified":"2022-10-26T10:30:01+00:00","description":"Pulp\u0103 de ra\u021b\u0103 \u00een\u0103bu\u0219it\u0103 cu cartofi Dauphinois - cel mai bun lucru care \u021bi se poate \u00eent\u00e2mpla. Niciodat\u0103 nu ai gustat carne de ra\u021b\u0103 \u00eentr-at\u00e2t de fraged\u0103, un sos at\u00e2t de picant \u0219i un gratinat at\u00e2t de delicios! Plaseaz\u0103 o comand\u0103 \u0219i convinge-te!","breadcrumb":{"@id":"https:\/\/pegasrestaurant.md\/ro\/produs\/pulpa-de-rata-inabusita-cu-cartofi-dauphinois\/#breadcrumb"},"inLanguage":"ro-RO","potentialAction":[{"@type":"ReadAction","target":["https:\/\/pegasrestaurant.md\/ro\/produs\/pulpa-de-rata-inabusita-cu-cartofi-dauphinois\/"]}]},{"@type":"BreadcrumbList","@id":"https:\/\/pegasrestaurant.md\/ro\/produs\/pulpa-de-rata-inabusita-cu-cartofi-dauphinois\/#breadcrumb","itemListElement":[{"@type":"ListItem","position":1,"name":"\u0413\u043b\u0430\u0432\u043d\u0430\u044f \u0441\u0442\u0440\u0430\u043d\u0438\u0446\u0430","item":"https:\/\/pegasrestaurant.md\/ro\/"},{"@type":"ListItem","position":2,"name":"Comand\u0103 online","item":"https:\/\/pegasrestaurant.md\/ro\/comanda-online\/"},{"@type":"ListItem","position":3,"name":"Pulp\u0103 de ra\u021b\u0103 \u00een\u0103bu\u0219it\u0103 cu cartofi Dauphinois"}]},{"@type":"WebSite","@id":"https:\/\/pegasrestaurant.md\/en\/#website","url":"https:\/\/pegasrestaurant.md\/en\/","name":"Pegas Terrace &amp; Restaurant","description":"","potentialAction":[{"@type":"SearchAction","target":{"@type":"EntryPoint","urlTemplate":"https:\/\/pegasrestaurant.md\/en\/?s={search_term_string}"},"query-input":"required name=search_term_string"}],"inLanguage":"ro-RO"}]}},"_links":{"self":[{"href":"https:\/\/pegasrestaurant.md\/ro\/wp-json\/wp\/v2\/product\/15439","targetHints":{"allow":["GET"]}}],"collection":[{"href":"https:\/\/pegasrestaurant.md\/ro\/wp-json\/wp\/v2\/product"}],"about":[{"href":"https:\/\/pegasrestaurant.md\/ro\/wp-json\/wp\/v2\/types\/product"}],"version-history":[{"count":0,"href":"https:\/\/pegasrestaurant.md\/ro\/wp-json\/wp\/v2\/product\/15439\/revisions"}],"wp:attachment":[{"href":"https:\/\/pegasrestaurant.md\/ro\/wp-json\/wp\/v2\/media?parent=15439"}],"wp:term":[{"taxonomy":"product_cat","embeddable":true,"href":"https:\/\/pegasrestaurant.md\/ro\/wp-json\/wp\/v2\/product_cat?post=15439"},{"taxonomy":"product_tag","embeddable":true,"href":"https:\/\/pegasrestaurant.md\/ro\/wp-json\/wp\/v2\/product_tag?post=15439"}],"curies":[{"name":"wp","href":"https:\/\/api.w.org\/{rel}","templated":true}]}}