{"id":15432,"date":"2022-10-19T14:18:28","date_gmt":"2022-10-19T11:18:28","guid":{"rendered":"https:\/\/pegasrestaurant.md\/product\/fettuccine-cu-trufe-negre\/"},"modified":"2022-10-26T13:20:39","modified_gmt":"2022-10-26T10:20:39","slug":"fettuccine-cu-trufe-negre","status":"publish","type":"product","link":"https:\/\/pegasrestaurant.md\/ro\/produs\/fettuccine-cu-trufe-negre\/","title":{"rendered":"Fettuccine cu trufe negre"},"content":{"rendered":"<p>Adev\u0103rata bijuterie culinar\u0103, trufa neagr\u0103, transform\u0103 fettuccine \u00eentr-o adev\u0103rat\u0103 bomb\u0103 de arome care poate exploda \u00een orice moment. Pu\u021bin\u0103 sm\u00e2nt\u00e2n\u0103 \u0219i parmezan &#8211; \u0219i devine pur \u0219i simplu imposibil s\u0103 te desprinzi de farfurie! Nici nu este nevoie s\u0103 renun\u021bi &#8211; savureaz\u0103!<\/p>\n","protected":false},"excerpt":{"rendered":"<p><span style=\"color: #c9ab81;\"><strong>Volum:<\/strong><\/span> 1\/280 g<\/p>\n<p>&nbsp;<\/p>\n<p><span style=\"color: #c9ab81;\"><strong>Ingrediente: <\/strong><\/span>paste fettuccine, sm\u00e2nt\u00e2n\u0103, trufe negre, Parmezan<\/p>\n","protected":false},"featured_media":0,"template":"","meta":{"inline_featured_image":false},"product_cat":[131],"product_tag":[],"class_list":["post-15432","product","type-product","status-publish","hentry","product_cat-paste"],"yoast_head":"<!-- This site is optimized with the Yoast SEO plugin v19.6.1 - https:\/\/yoast.com\/wordpress\/plugins\/seo\/ -->\n<title>Re\u021bet\u0103 de fettuccine cu trufe negre Pegas Terrace &amp; Restaurant. O varia\u021bie neobi\u0219nuit\u0103 \u0219i original\u0103 a unei re\u021bete tradi\u021bionale.<\/title>\n<meta name=\"description\" content=\"\u00cencearc\u0103 fettuccine cu trufe negre \u00eentr-un sos cremos! Evalueaz\u0103 priceperea buc\u0103tarului nostru \u0219i servirea original\u0103. Savureaz\u0103 la Pegas Terrace &amp; Restaurant sau comand\u0103 livrare la domiciliu.\" \/>\n<meta name=\"robots\" content=\"index, follow, max-snippet:-1, max-image-preview:large, max-video-preview:-1\" \/>\n<link rel=\"canonical\" href=\"https:\/\/pegasrestaurant.md\/ro\/produs\/fettuccine-cu-trufe-negre\/\" \/>\n<meta property=\"og:locale\" content=\"ro_RO\" \/>\n<meta property=\"og:type\" content=\"article\" \/>\n<meta property=\"og:title\" content=\"Re\u021bet\u0103 de fettuccine cu trufe negre Pegas Terrace &amp; Restaurant. O varia\u021bie neobi\u0219nuit\u0103 \u0219i original\u0103 a unei re\u021bete tradi\u021bionale.\" \/>\n<meta property=\"og:description\" content=\"\u00cencearc\u0103 fettuccine cu trufe negre \u00eentr-un sos cremos! Evalueaz\u0103 priceperea buc\u0103tarului nostru \u0219i servirea original\u0103. Savureaz\u0103 la Pegas Terrace &amp; Restaurant sau comand\u0103 livrare la domiciliu.\" \/>\n<meta property=\"og:url\" content=\"https:\/\/pegasrestaurant.md\/ro\/produs\/fettuccine-cu-trufe-negre\/\" \/>\n<meta property=\"og:site_name\" content=\"Pegas Terrace &amp; Restaurant\" \/>\n<meta property=\"article:modified_time\" content=\"2022-10-26T10:20:39+00:00\" \/>\n<meta name=\"twitter:card\" content=\"summary_large_image\" \/>\n<meta name=\"twitter:label1\" content=\"Timp estimat pentru citire\" \/>\n\t<meta name=\"twitter:data1\" content=\"1 minut\" \/>\n<script type=\"application\/ld+json\" class=\"yoast-schema-graph\">{\"@context\":\"https:\/\/schema.org\",\"@graph\":[{\"@type\":\"WebPage\",\"@id\":\"https:\/\/pegasrestaurant.md\/ro\/produs\/fettuccine-cu-trufe-negre\/\",\"url\":\"https:\/\/pegasrestaurant.md\/ro\/produs\/fettuccine-cu-trufe-negre\/\",\"name\":\"Re\u021bet\u0103 de fettuccine cu trufe negre Pegas Terrace & Restaurant. O varia\u021bie neobi\u0219nuit\u0103 \u0219i original\u0103 a unei re\u021bete tradi\u021bionale.\",\"isPartOf\":{\"@id\":\"https:\/\/pegasrestaurant.md\/en\/#website\"},\"datePublished\":\"2022-10-19T11:18:28+00:00\",\"dateModified\":\"2022-10-26T10:20:39+00:00\",\"description\":\"\u00cencearc\u0103 fettuccine cu trufe negre \u00eentr-un sos cremos! Evalueaz\u0103 priceperea buc\u0103tarului nostru \u0219i servirea original\u0103. Savureaz\u0103 la Pegas Terrace & Restaurant sau comand\u0103 livrare la domiciliu.\",\"breadcrumb\":{\"@id\":\"https:\/\/pegasrestaurant.md\/ro\/produs\/fettuccine-cu-trufe-negre\/#breadcrumb\"},\"inLanguage\":\"ro-RO\",\"potentialAction\":[{\"@type\":\"ReadAction\",\"target\":[\"https:\/\/pegasrestaurant.md\/ro\/produs\/fettuccine-cu-trufe-negre\/\"]}]},{\"@type\":\"BreadcrumbList\",\"@id\":\"https:\/\/pegasrestaurant.md\/ro\/produs\/fettuccine-cu-trufe-negre\/#breadcrumb\",\"itemListElement\":[{\"@type\":\"ListItem\",\"position\":1,\"name\":\"\u0413\u043b\u0430\u0432\u043d\u0430\u044f \u0441\u0442\u0440\u0430\u043d\u0438\u0446\u0430\",\"item\":\"https:\/\/pegasrestaurant.md\/ro\/\"},{\"@type\":\"ListItem\",\"position\":2,\"name\":\"Comand\u0103 online\",\"item\":\"https:\/\/pegasrestaurant.md\/ro\/comanda-online\/\"},{\"@type\":\"ListItem\",\"position\":3,\"name\":\"Fettuccine cu trufe negre\"}]},{\"@type\":\"WebSite\",\"@id\":\"https:\/\/pegasrestaurant.md\/en\/#website\",\"url\":\"https:\/\/pegasrestaurant.md\/en\/\",\"name\":\"Pegas Terrace &amp; Restaurant\",\"description\":\"\",\"potentialAction\":[{\"@type\":\"SearchAction\",\"target\":{\"@type\":\"EntryPoint\",\"urlTemplate\":\"https:\/\/pegasrestaurant.md\/en\/?s={search_term_string}\"},\"query-input\":\"required name=search_term_string\"}],\"inLanguage\":\"ro-RO\"}]}<\/script>\n<!-- \/ Yoast SEO plugin. -->","yoast_head_json":{"title":"Re\u021bet\u0103 de fettuccine cu trufe negre Pegas Terrace & Restaurant. O varia\u021bie neobi\u0219nuit\u0103 \u0219i original\u0103 a unei re\u021bete tradi\u021bionale.","description":"\u00cencearc\u0103 fettuccine cu trufe negre \u00eentr-un sos cremos! Evalueaz\u0103 priceperea buc\u0103tarului nostru \u0219i servirea original\u0103. Savureaz\u0103 la Pegas Terrace & Restaurant sau comand\u0103 livrare la domiciliu.","robots":{"index":"index","follow":"follow","max-snippet":"max-snippet:-1","max-image-preview":"max-image-preview:large","max-video-preview":"max-video-preview:-1"},"canonical":"https:\/\/pegasrestaurant.md\/ro\/produs\/fettuccine-cu-trufe-negre\/","og_locale":"ro_RO","og_type":"article","og_title":"Re\u021bet\u0103 de fettuccine cu trufe negre Pegas Terrace & Restaurant. O varia\u021bie neobi\u0219nuit\u0103 \u0219i original\u0103 a unei re\u021bete tradi\u021bionale.","og_description":"\u00cencearc\u0103 fettuccine cu trufe negre \u00eentr-un sos cremos! Evalueaz\u0103 priceperea buc\u0103tarului nostru \u0219i servirea original\u0103. Savureaz\u0103 la Pegas Terrace & Restaurant sau comand\u0103 livrare la domiciliu.","og_url":"https:\/\/pegasrestaurant.md\/ro\/produs\/fettuccine-cu-trufe-negre\/","og_site_name":"Pegas Terrace &amp; Restaurant","article_modified_time":"2022-10-26T10:20:39+00:00","twitter_card":"summary_large_image","twitter_misc":{"Timp estimat pentru citire":"1 minut"},"schema":{"@context":"https:\/\/schema.org","@graph":[{"@type":"WebPage","@id":"https:\/\/pegasrestaurant.md\/ro\/produs\/fettuccine-cu-trufe-negre\/","url":"https:\/\/pegasrestaurant.md\/ro\/produs\/fettuccine-cu-trufe-negre\/","name":"Re\u021bet\u0103 de fettuccine cu trufe negre Pegas Terrace & Restaurant. O varia\u021bie neobi\u0219nuit\u0103 \u0219i original\u0103 a unei re\u021bete tradi\u021bionale.","isPartOf":{"@id":"https:\/\/pegasrestaurant.md\/en\/#website"},"datePublished":"2022-10-19T11:18:28+00:00","dateModified":"2022-10-26T10:20:39+00:00","description":"\u00cencearc\u0103 fettuccine cu trufe negre \u00eentr-un sos cremos! Evalueaz\u0103 priceperea buc\u0103tarului nostru \u0219i servirea original\u0103. Savureaz\u0103 la Pegas Terrace & Restaurant sau comand\u0103 livrare la domiciliu.","breadcrumb":{"@id":"https:\/\/pegasrestaurant.md\/ro\/produs\/fettuccine-cu-trufe-negre\/#breadcrumb"},"inLanguage":"ro-RO","potentialAction":[{"@type":"ReadAction","target":["https:\/\/pegasrestaurant.md\/ro\/produs\/fettuccine-cu-trufe-negre\/"]}]},{"@type":"BreadcrumbList","@id":"https:\/\/pegasrestaurant.md\/ro\/produs\/fettuccine-cu-trufe-negre\/#breadcrumb","itemListElement":[{"@type":"ListItem","position":1,"name":"\u0413\u043b\u0430\u0432\u043d\u0430\u044f \u0441\u0442\u0440\u0430\u043d\u0438\u0446\u0430","item":"https:\/\/pegasrestaurant.md\/ro\/"},{"@type":"ListItem","position":2,"name":"Comand\u0103 online","item":"https:\/\/pegasrestaurant.md\/ro\/comanda-online\/"},{"@type":"ListItem","position":3,"name":"Fettuccine cu trufe negre"}]},{"@type":"WebSite","@id":"https:\/\/pegasrestaurant.md\/en\/#website","url":"https:\/\/pegasrestaurant.md\/en\/","name":"Pegas Terrace &amp; Restaurant","description":"","potentialAction":[{"@type":"SearchAction","target":{"@type":"EntryPoint","urlTemplate":"https:\/\/pegasrestaurant.md\/en\/?s={search_term_string}"},"query-input":"required name=search_term_string"}],"inLanguage":"ro-RO"}]}},"_links":{"self":[{"href":"https:\/\/pegasrestaurant.md\/ro\/wp-json\/wp\/v2\/product\/15432","targetHints":{"allow":["GET"]}}],"collection":[{"href":"https:\/\/pegasrestaurant.md\/ro\/wp-json\/wp\/v2\/product"}],"about":[{"href":"https:\/\/pegasrestaurant.md\/ro\/wp-json\/wp\/v2\/types\/product"}],"version-history":[{"count":0,"href":"https:\/\/pegasrestaurant.md\/ro\/wp-json\/wp\/v2\/product\/15432\/revisions"}],"wp:attachment":[{"href":"https:\/\/pegasrestaurant.md\/ro\/wp-json\/wp\/v2\/media?parent=15432"}],"wp:term":[{"taxonomy":"product_cat","embeddable":true,"href":"https:\/\/pegasrestaurant.md\/ro\/wp-json\/wp\/v2\/product_cat?post=15432"},{"taxonomy":"product_tag","embeddable":true,"href":"https:\/\/pegasrestaurant.md\/ro\/wp-json\/wp\/v2\/product_tag?post=15432"}],"curies":[{"name":"wp","href":"https:\/\/api.w.org\/{rel}","templated":true}]}}