{"id":15426,"date":"2022-10-19T12:50:19","date_gmt":"2022-10-19T09:50:19","guid":{"rendered":"https:\/\/pegasrestaurant.md\/product\/penne-cu-creveti-si-fistic\/"},"modified":"2022-10-26T13:16:52","modified_gmt":"2022-10-26T10:16:52","slug":"penne-cu-creveti-si-fistic","status":"publish","type":"product","link":"https:\/\/pegasrestaurant.md\/ro\/produs\/penne-cu-creveti-si-fistic\/","title":{"rendered":"Penne cu creve\u021bi \u0219i fistic"},"content":{"rendered":"<p>Preferata oaspe\u021bilor no\u0219tri, pasta penne cu cei mai proaspe\u021bi creve\u021bi \u00een sm\u00e2nt\u00e2n\u0103. Iubitorii gustului picant vor aprecia notele de usturoi \u0219i aroma picant\u0103 a parmezanului, iar fisticul contribuie original la aceast\u0103 simfonie a gustului!<\/p>\n","protected":false},"excerpt":{"rendered":"<p><span style=\"color: #c9ab81;\"><strong>Greutate:<\/strong><\/span> 1\/300 g<\/p>\n<p>&nbsp;<\/p>\n<p><span style=\"color: #c9ab81;\"><strong>Ingrediente: <\/strong><\/span>paste penne, sm\u00e2nt\u00e2n\u0103, creve\u021bi, usturoi, Parmezan<\/p>\n","protected":false},"featured_media":0,"template":"","meta":{"inline_featured_image":false},"product_cat":[131],"product_tag":[],"class_list":["post-15426","product","type-product","status-publish","hentry","product_cat-paste"],"yoast_head":"<!-- This site is optimized with the Yoast SEO plugin v19.6.1 - https:\/\/yoast.com\/wordpress\/plugins\/seo\/ -->\n<title>Penne cu creve\u021bi \u00een crem\u0103 de la Pegas cu parmezan \u0219i fistic - cu siguran\u021b\u0103 vor fi apreciate de adev\u0103ra\u021bii iubitori de fructe de mare.<\/title>\n<meta name=\"description\" content=\"Pastele cremoase delicate cu creve\u021bi, parmezan \u0219i fistic sunt o alegere excelent\u0103 pentru orice moment al zilei. Gustul minunat te va face s\u0103 comanzi acest fel de m\u00e2ncare din nou \u0219i din nou! Nu renun\u021ba la aceast\u0103 pl\u0103cere!\" \/>\n<meta name=\"robots\" content=\"index, follow, max-snippet:-1, max-image-preview:large, max-video-preview:-1\" \/>\n<link rel=\"canonical\" href=\"https:\/\/pegasrestaurant.md\/ro\/produs\/penne-cu-creveti-si-fistic\/\" \/>\n<meta property=\"og:locale\" content=\"ro_RO\" \/>\n<meta property=\"og:type\" content=\"article\" \/>\n<meta property=\"og:title\" content=\"Penne cu creve\u021bi \u00een crem\u0103 de la Pegas cu parmezan \u0219i fistic - cu siguran\u021b\u0103 vor fi apreciate de adev\u0103ra\u021bii iubitori de fructe de mare.\" \/>\n<meta property=\"og:description\" content=\"Pastele cremoase delicate cu creve\u021bi, parmezan \u0219i fistic sunt o alegere excelent\u0103 pentru orice moment al zilei. Gustul minunat te va face s\u0103 comanzi acest fel de m\u00e2ncare din nou \u0219i din nou! Nu renun\u021ba la aceast\u0103 pl\u0103cere!\" \/>\n<meta property=\"og:url\" content=\"https:\/\/pegasrestaurant.md\/ro\/produs\/penne-cu-creveti-si-fistic\/\" \/>\n<meta property=\"og:site_name\" content=\"Pegas Terrace &amp; Restaurant\" \/>\n<meta property=\"article:modified_time\" content=\"2022-10-26T10:16:52+00:00\" \/>\n<meta name=\"twitter:card\" content=\"summary_large_image\" \/>\n<meta name=\"twitter:label1\" content=\"Timp estimat pentru citire\" \/>\n\t<meta name=\"twitter:data1\" content=\"1 minut\" \/>\n<script type=\"application\/ld+json\" class=\"yoast-schema-graph\">{\"@context\":\"https:\/\/schema.org\",\"@graph\":[{\"@type\":\"WebPage\",\"@id\":\"https:\/\/pegasrestaurant.md\/ro\/produs\/penne-cu-creveti-si-fistic\/\",\"url\":\"https:\/\/pegasrestaurant.md\/ro\/produs\/penne-cu-creveti-si-fistic\/\",\"name\":\"Penne cu creve\u021bi \u00een crem\u0103 de la Pegas cu parmezan \u0219i fistic - cu siguran\u021b\u0103 vor fi apreciate de adev\u0103ra\u021bii iubitori de fructe de mare.\",\"isPartOf\":{\"@id\":\"https:\/\/pegasrestaurant.md\/en\/#website\"},\"datePublished\":\"2022-10-19T09:50:19+00:00\",\"dateModified\":\"2022-10-26T10:16:52+00:00\",\"description\":\"Pastele cremoase delicate cu creve\u021bi, parmezan \u0219i fistic sunt o alegere excelent\u0103 pentru orice moment al zilei. Gustul minunat te va face s\u0103 comanzi acest fel de m\u00e2ncare din nou \u0219i din nou! Nu renun\u021ba la aceast\u0103 pl\u0103cere!\",\"breadcrumb\":{\"@id\":\"https:\/\/pegasrestaurant.md\/ro\/produs\/penne-cu-creveti-si-fistic\/#breadcrumb\"},\"inLanguage\":\"ro-RO\",\"potentialAction\":[{\"@type\":\"ReadAction\",\"target\":[\"https:\/\/pegasrestaurant.md\/ro\/produs\/penne-cu-creveti-si-fistic\/\"]}]},{\"@type\":\"BreadcrumbList\",\"@id\":\"https:\/\/pegasrestaurant.md\/ro\/produs\/penne-cu-creveti-si-fistic\/#breadcrumb\",\"itemListElement\":[{\"@type\":\"ListItem\",\"position\":1,\"name\":\"\u0413\u043b\u0430\u0432\u043d\u0430\u044f \u0441\u0442\u0440\u0430\u043d\u0438\u0446\u0430\",\"item\":\"https:\/\/pegasrestaurant.md\/ro\/\"},{\"@type\":\"ListItem\",\"position\":2,\"name\":\"Comand\u0103 online\",\"item\":\"https:\/\/pegasrestaurant.md\/ro\/comanda-online\/\"},{\"@type\":\"ListItem\",\"position\":3,\"name\":\"Penne cu creve\u021bi \u0219i fistic\"}]},{\"@type\":\"WebSite\",\"@id\":\"https:\/\/pegasrestaurant.md\/en\/#website\",\"url\":\"https:\/\/pegasrestaurant.md\/en\/\",\"name\":\"Pegas Terrace &amp; Restaurant\",\"description\":\"\",\"potentialAction\":[{\"@type\":\"SearchAction\",\"target\":{\"@type\":\"EntryPoint\",\"urlTemplate\":\"https:\/\/pegasrestaurant.md\/en\/?s={search_term_string}\"},\"query-input\":\"required name=search_term_string\"}],\"inLanguage\":\"ro-RO\"}]}<\/script>\n<!-- \/ Yoast SEO plugin. -->","yoast_head_json":{"title":"Penne cu creve\u021bi \u00een crem\u0103 de la Pegas cu parmezan \u0219i fistic - cu siguran\u021b\u0103 vor fi apreciate de adev\u0103ra\u021bii iubitori de fructe de mare.","description":"Pastele cremoase delicate cu creve\u021bi, parmezan \u0219i fistic sunt o alegere excelent\u0103 pentru orice moment al zilei. Gustul minunat te va face s\u0103 comanzi acest fel de m\u00e2ncare din nou \u0219i din nou! Nu renun\u021ba la aceast\u0103 pl\u0103cere!","robots":{"index":"index","follow":"follow","max-snippet":"max-snippet:-1","max-image-preview":"max-image-preview:large","max-video-preview":"max-video-preview:-1"},"canonical":"https:\/\/pegasrestaurant.md\/ro\/produs\/penne-cu-creveti-si-fistic\/","og_locale":"ro_RO","og_type":"article","og_title":"Penne cu creve\u021bi \u00een crem\u0103 de la Pegas cu parmezan \u0219i fistic - cu siguran\u021b\u0103 vor fi apreciate de adev\u0103ra\u021bii iubitori de fructe de mare.","og_description":"Pastele cremoase delicate cu creve\u021bi, parmezan \u0219i fistic sunt o alegere excelent\u0103 pentru orice moment al zilei. Gustul minunat te va face s\u0103 comanzi acest fel de m\u00e2ncare din nou \u0219i din nou! Nu renun\u021ba la aceast\u0103 pl\u0103cere!","og_url":"https:\/\/pegasrestaurant.md\/ro\/produs\/penne-cu-creveti-si-fistic\/","og_site_name":"Pegas Terrace &amp; Restaurant","article_modified_time":"2022-10-26T10:16:52+00:00","twitter_card":"summary_large_image","twitter_misc":{"Timp estimat pentru citire":"1 minut"},"schema":{"@context":"https:\/\/schema.org","@graph":[{"@type":"WebPage","@id":"https:\/\/pegasrestaurant.md\/ro\/produs\/penne-cu-creveti-si-fistic\/","url":"https:\/\/pegasrestaurant.md\/ro\/produs\/penne-cu-creveti-si-fistic\/","name":"Penne cu creve\u021bi \u00een crem\u0103 de la Pegas cu parmezan \u0219i fistic - cu siguran\u021b\u0103 vor fi apreciate de adev\u0103ra\u021bii iubitori de fructe de mare.","isPartOf":{"@id":"https:\/\/pegasrestaurant.md\/en\/#website"},"datePublished":"2022-10-19T09:50:19+00:00","dateModified":"2022-10-26T10:16:52+00:00","description":"Pastele cremoase delicate cu creve\u021bi, parmezan \u0219i fistic sunt o alegere excelent\u0103 pentru orice moment al zilei. Gustul minunat te va face s\u0103 comanzi acest fel de m\u00e2ncare din nou \u0219i din nou! Nu renun\u021ba la aceast\u0103 pl\u0103cere!","breadcrumb":{"@id":"https:\/\/pegasrestaurant.md\/ro\/produs\/penne-cu-creveti-si-fistic\/#breadcrumb"},"inLanguage":"ro-RO","potentialAction":[{"@type":"ReadAction","target":["https:\/\/pegasrestaurant.md\/ro\/produs\/penne-cu-creveti-si-fistic\/"]}]},{"@type":"BreadcrumbList","@id":"https:\/\/pegasrestaurant.md\/ro\/produs\/penne-cu-creveti-si-fistic\/#breadcrumb","itemListElement":[{"@type":"ListItem","position":1,"name":"\u0413\u043b\u0430\u0432\u043d\u0430\u044f \u0441\u0442\u0440\u0430\u043d\u0438\u0446\u0430","item":"https:\/\/pegasrestaurant.md\/ro\/"},{"@type":"ListItem","position":2,"name":"Comand\u0103 online","item":"https:\/\/pegasrestaurant.md\/ro\/comanda-online\/"},{"@type":"ListItem","position":3,"name":"Penne cu creve\u021bi \u0219i fistic"}]},{"@type":"WebSite","@id":"https:\/\/pegasrestaurant.md\/en\/#website","url":"https:\/\/pegasrestaurant.md\/en\/","name":"Pegas Terrace &amp; Restaurant","description":"","potentialAction":[{"@type":"SearchAction","target":{"@type":"EntryPoint","urlTemplate":"https:\/\/pegasrestaurant.md\/en\/?s={search_term_string}"},"query-input":"required name=search_term_string"}],"inLanguage":"ro-RO"}]}},"_links":{"self":[{"href":"https:\/\/pegasrestaurant.md\/ro\/wp-json\/wp\/v2\/product\/15426","targetHints":{"allow":["GET"]}}],"collection":[{"href":"https:\/\/pegasrestaurant.md\/ro\/wp-json\/wp\/v2\/product"}],"about":[{"href":"https:\/\/pegasrestaurant.md\/ro\/wp-json\/wp\/v2\/types\/product"}],"version-history":[{"count":0,"href":"https:\/\/pegasrestaurant.md\/ro\/wp-json\/wp\/v2\/product\/15426\/revisions"}],"wp:attachment":[{"href":"https:\/\/pegasrestaurant.md\/ro\/wp-json\/wp\/v2\/media?parent=15426"}],"wp:term":[{"taxonomy":"product_cat","embeddable":true,"href":"https:\/\/pegasrestaurant.md\/ro\/wp-json\/wp\/v2\/product_cat?post=15426"},{"taxonomy":"product_tag","embeddable":true,"href":"https:\/\/pegasrestaurant.md\/ro\/wp-json\/wp\/v2\/product_tag?post=15426"}],"curies":[{"name":"wp","href":"https:\/\/api.w.org\/{rel}","templated":true}]}}