{"id":13947,"date":"2022-06-10T11:43:13","date_gmt":"2022-06-10T08:43:13","guid":{"rendered":"https:\/\/pegasrestaurant.md\/?post_type=product&#038;p=13947"},"modified":"2022-06-10T17:23:04","modified_gmt":"2022-06-10T14:23:04","slug":"tartar-de-vita","status":"publish","type":"product","link":"https:\/\/pegasrestaurant.md\/ro\/produs\/tartar-de-vita\/","title":{"rendered":"Tartar de vit\u0103"},"content":{"rendered":"<p>Imagina\u021bi-v\u0103 un fileu de vit\u0103 suculent cu capere, ou, ardei, ceap\u0103 \u0219i verdea\u021b\u0103 condimentat cu sosuri Worcester, Tabasco \u0219i servit cu toasturi cu ro\u0219ii uscate \u0219i rucola. Singurul lucru care lipse\u0219te din aceast\u0103 imagine delicioas\u0103 este un pahar de vin ro\u0219u.<\/p>\n","protected":false},"excerpt":{"rendered":"<p><span style=\"color: #c9ab81;\"><strong>Greutate:<\/strong><\/span> 250 g<\/p>\n<p>&nbsp;<\/p>\n<p><span style=\"color: #c9ab81;\"><strong>Ingrediente:<\/strong><\/span> <span data-sheets-formula-bar-text-style=\"font-size:15px;color:#000000;font-weight:normal;text-decoration:none;font-family:'Arial';font-style:normal;text-decoration-skip-ink:none;\">Fileu de vi\u021bel, ou, ceap\u0103, capere, ardei, verdea\u021b\u0103, mu\u0219tar, ketchup, toasturi, sosuri: Worcester, Tabasco<\/span><\/p>\n","protected":false},"featured_media":8327,"template":"","meta":{"inline_featured_image":false},"product_cat":[111],"product_tag":[],"class_list":["post-13947","product","type-product","status-publish","has-post-thumbnail","hentry","product_cat-gustari"],"yoast_head":"<!-- This site is optimized with the Yoast SEO plugin v19.6.1 - https:\/\/yoast.com\/wordpress\/plugins\/seo\/ -->\n<title>Tartar de vi\u021bel | Restaurant Pegas [Cele mai bune gust\u0103ri]<\/title>\n<meta name=\"description\" content=\"Gust adev\u0103rat c\u0103rnos \u2013 tartarul de vi\u021bel la Pegas. Filet de vi\u021bel, capere, ardei, sos, verdea\u021b\u0103, ou. Comand\u0103 restaurant livrare domiciliu.\" \/>\n<meta name=\"robots\" content=\"index, follow, max-snippet:-1, max-image-preview:large, max-video-preview:-1\" \/>\n<link rel=\"canonical\" href=\"https:\/\/pegasrestaurant.md\/ro\/produs\/tartar-de-vita\/\" \/>\n<meta property=\"og:locale\" content=\"ro_RO\" \/>\n<meta property=\"og:type\" content=\"article\" \/>\n<meta property=\"og:title\" content=\"Tartar de vi\u021bel | Restaurant Pegas [Cele mai bune gust\u0103ri]\" \/>\n<meta property=\"og:description\" content=\"Gust adev\u0103rat c\u0103rnos \u2013 tartarul de vi\u021bel la Pegas. Filet de vi\u021bel, capere, ardei, sos, verdea\u021b\u0103, ou. Comand\u0103 restaurant livrare domiciliu.\" \/>\n<meta property=\"og:url\" content=\"https:\/\/pegasrestaurant.md\/ro\/produs\/tartar-de-vita\/\" \/>\n<meta property=\"og:site_name\" content=\"Pegas Terrace &amp; Restaurant\" \/>\n<meta property=\"article:modified_time\" content=\"2022-06-10T14:23:04+00:00\" \/>\n<meta property=\"og:image\" content=\"https:\/\/pegasrestaurant.md\/wp-content\/uploads\/2021\/04\/3.jpg\" \/>\n\t<meta property=\"og:image:width\" content=\"2500\" \/>\n\t<meta property=\"og:image:height\" content=\"2500\" \/>\n\t<meta property=\"og:image:type\" content=\"image\/jpeg\" \/>\n<meta name=\"twitter:card\" content=\"summary_large_image\" \/>\n<script type=\"application\/ld+json\" class=\"yoast-schema-graph\">{\"@context\":\"https:\/\/schema.org\",\"@graph\":[{\"@type\":\"WebPage\",\"@id\":\"https:\/\/pegasrestaurant.md\/ro\/produs\/tartar-de-vita\/\",\"url\":\"https:\/\/pegasrestaurant.md\/ro\/produs\/tartar-de-vita\/\",\"name\":\"Tartar de vi\u021bel | Restaurant Pegas [Cele mai bune gust\u0103ri]\",\"isPartOf\":{\"@id\":\"https:\/\/pegasrestaurant.md\/en\/#website\"},\"datePublished\":\"2022-06-10T08:43:13+00:00\",\"dateModified\":\"2022-06-10T14:23:04+00:00\",\"description\":\"Gust adev\u0103rat c\u0103rnos \u2013 tartarul de vi\u021bel la Pegas. Filet de vi\u021bel, capere, ardei, sos, verdea\u021b\u0103, ou. Comand\u0103 restaurant livrare domiciliu.\",\"breadcrumb\":{\"@id\":\"https:\/\/pegasrestaurant.md\/ro\/produs\/tartar-de-vita\/#breadcrumb\"},\"inLanguage\":\"ro-RO\",\"potentialAction\":[{\"@type\":\"ReadAction\",\"target\":[\"https:\/\/pegasrestaurant.md\/ro\/produs\/tartar-de-vita\/\"]}]},{\"@type\":\"BreadcrumbList\",\"@id\":\"https:\/\/pegasrestaurant.md\/ro\/produs\/tartar-de-vita\/#breadcrumb\",\"itemListElement\":[{\"@type\":\"ListItem\",\"position\":1,\"name\":\"\u0413\u043b\u0430\u0432\u043d\u0430\u044f \u0441\u0442\u0440\u0430\u043d\u0438\u0446\u0430\",\"item\":\"https:\/\/pegasrestaurant.md\/ro\/\"},{\"@type\":\"ListItem\",\"position\":2,\"name\":\"Comand\u0103 online\",\"item\":\"https:\/\/pegasrestaurant.md\/ro\/comanda-online\/\"},{\"@type\":\"ListItem\",\"position\":3,\"name\":\"Tartar de vit\u0103\"}]},{\"@type\":\"WebSite\",\"@id\":\"https:\/\/pegasrestaurant.md\/en\/#website\",\"url\":\"https:\/\/pegasrestaurant.md\/en\/\",\"name\":\"Pegas Terrace &amp; Restaurant\",\"description\":\"\",\"potentialAction\":[{\"@type\":\"SearchAction\",\"target\":{\"@type\":\"EntryPoint\",\"urlTemplate\":\"https:\/\/pegasrestaurant.md\/en\/?s={search_term_string}\"},\"query-input\":\"required name=search_term_string\"}],\"inLanguage\":\"ro-RO\"}]}<\/script>\n<!-- \/ Yoast SEO plugin. -->","yoast_head_json":{"title":"Tartar de vi\u021bel | Restaurant Pegas [Cele mai bune gust\u0103ri]","description":"Gust adev\u0103rat c\u0103rnos \u2013 tartarul de vi\u021bel la Pegas. Filet de vi\u021bel, capere, ardei, sos, verdea\u021b\u0103, ou. Comand\u0103 restaurant livrare domiciliu.","robots":{"index":"index","follow":"follow","max-snippet":"max-snippet:-1","max-image-preview":"max-image-preview:large","max-video-preview":"max-video-preview:-1"},"canonical":"https:\/\/pegasrestaurant.md\/ro\/produs\/tartar-de-vita\/","og_locale":"ro_RO","og_type":"article","og_title":"Tartar de vi\u021bel | Restaurant Pegas [Cele mai bune gust\u0103ri]","og_description":"Gust adev\u0103rat c\u0103rnos \u2013 tartarul de vi\u021bel la Pegas. Filet de vi\u021bel, capere, ardei, sos, verdea\u021b\u0103, ou. Comand\u0103 restaurant livrare domiciliu.","og_url":"https:\/\/pegasrestaurant.md\/ro\/produs\/tartar-de-vita\/","og_site_name":"Pegas Terrace &amp; Restaurant","article_modified_time":"2022-06-10T14:23:04+00:00","og_image":[{"width":2500,"height":2500,"url":"https:\/\/pegasrestaurant.md\/wp-content\/uploads\/2021\/04\/3.jpg","type":"image\/jpeg"}],"twitter_card":"summary_large_image","schema":{"@context":"https:\/\/schema.org","@graph":[{"@type":"WebPage","@id":"https:\/\/pegasrestaurant.md\/ro\/produs\/tartar-de-vita\/","url":"https:\/\/pegasrestaurant.md\/ro\/produs\/tartar-de-vita\/","name":"Tartar de vi\u021bel | Restaurant Pegas [Cele mai bune gust\u0103ri]","isPartOf":{"@id":"https:\/\/pegasrestaurant.md\/en\/#website"},"datePublished":"2022-06-10T08:43:13+00:00","dateModified":"2022-06-10T14:23:04+00:00","description":"Gust adev\u0103rat c\u0103rnos \u2013 tartarul de vi\u021bel la Pegas. Filet de vi\u021bel, capere, ardei, sos, verdea\u021b\u0103, ou. Comand\u0103 restaurant livrare domiciliu.","breadcrumb":{"@id":"https:\/\/pegasrestaurant.md\/ro\/produs\/tartar-de-vita\/#breadcrumb"},"inLanguage":"ro-RO","potentialAction":[{"@type":"ReadAction","target":["https:\/\/pegasrestaurant.md\/ro\/produs\/tartar-de-vita\/"]}]},{"@type":"BreadcrumbList","@id":"https:\/\/pegasrestaurant.md\/ro\/produs\/tartar-de-vita\/#breadcrumb","itemListElement":[{"@type":"ListItem","position":1,"name":"\u0413\u043b\u0430\u0432\u043d\u0430\u044f \u0441\u0442\u0440\u0430\u043d\u0438\u0446\u0430","item":"https:\/\/pegasrestaurant.md\/ro\/"},{"@type":"ListItem","position":2,"name":"Comand\u0103 online","item":"https:\/\/pegasrestaurant.md\/ro\/comanda-online\/"},{"@type":"ListItem","position":3,"name":"Tartar de vit\u0103"}]},{"@type":"WebSite","@id":"https:\/\/pegasrestaurant.md\/en\/#website","url":"https:\/\/pegasrestaurant.md\/en\/","name":"Pegas Terrace &amp; Restaurant","description":"","potentialAction":[{"@type":"SearchAction","target":{"@type":"EntryPoint","urlTemplate":"https:\/\/pegasrestaurant.md\/en\/?s={search_term_string}"},"query-input":"required name=search_term_string"}],"inLanguage":"ro-RO"}]}},"_links":{"self":[{"href":"https:\/\/pegasrestaurant.md\/ro\/wp-json\/wp\/v2\/product\/13947","targetHints":{"allow":["GET"]}}],"collection":[{"href":"https:\/\/pegasrestaurant.md\/ro\/wp-json\/wp\/v2\/product"}],"about":[{"href":"https:\/\/pegasrestaurant.md\/ro\/wp-json\/wp\/v2\/types\/product"}],"version-history":[{"count":0,"href":"https:\/\/pegasrestaurant.md\/ro\/wp-json\/wp\/v2\/product\/13947\/revisions"}],"wp:featuredmedia":[{"embeddable":true,"href":"https:\/\/pegasrestaurant.md\/ro\/wp-json\/wp\/v2\/media\/8327"}],"wp:attachment":[{"href":"https:\/\/pegasrestaurant.md\/ro\/wp-json\/wp\/v2\/media?parent=13947"}],"wp:term":[{"taxonomy":"product_cat","embeddable":true,"href":"https:\/\/pegasrestaurant.md\/ro\/wp-json\/wp\/v2\/product_cat?post=13947"},{"taxonomy":"product_tag","embeddable":true,"href":"https:\/\/pegasrestaurant.md\/ro\/wp-json\/wp\/v2\/product_tag?post=13947"}],"curies":[{"name":"wp","href":"https:\/\/api.w.org\/{rel}","templated":true}]}}