{"id":13771,"date":"2022-05-18T15:12:41","date_gmt":"2022-05-18T12:12:41","guid":{"rendered":"https:\/\/pegasrestaurant.md\/product\/calamar-umplut-cu-creveti-si-sos-de-raci\/"},"modified":"2023-05-26T12:26:23","modified_gmt":"2023-05-26T09:26:23","slug":"calamar-umplut-cu-creveti-si-sos-de-raci","status":"publish","type":"product","link":"https:\/\/pegasrestaurant.md\/ro\/produs\/calamar-umplut-cu-creveti-si-sos-de-raci\/","title":{"rendered":"Calamar umplut cu creve\u021bi \u0219i sos de raci"},"content":{"rendered":"<p>Calamarul umplut cu creve\u021bi \u00een sos de raci, ro\u0219ii \u0219i o garnitur\u0103 de piure de cartofi pufos este un amestec exploziv pentru iubitorii de fructe de mare. Preg\u0103tim zilnic acest preparat de mare s\u0103n\u0103tos!<\/p>\n","protected":false},"excerpt":{"rendered":"<p><span style=\"color: #c9ab81;\"><strong>Greutate:<\/strong><\/span> 200 g<\/p>\n<p>&nbsp;<\/p>\n<p><span style=\"color: #c9ab81;\"><strong>Ingrediente:<\/strong><\/span> <span data-sheets-formula-bar-text-style=\"font-size:15px;color:#000000;font-weight:normal;text-decoration:none;font-family:'Arial';font-style:normal;text-decoration-skip-ink:none;\">Calamar, creve\u021bi, sos de raci, piure de cartofi, ro\u0219ii<\/span><\/p>\n","protected":false},"featured_media":0,"template":"","meta":{"inline_featured_image":false},"product_cat":[101],"product_tag":[],"class_list":["post-13771","product","type-product","status-publish","hentry","product_cat-peste"],"yoast_head":"<!-- This site is optimized with the Yoast SEO plugin v19.6.1 - https:\/\/yoast.com\/wordpress\/plugins\/seo\/ -->\n<title>Calamar umplut cu creve\u021bi cu sos de raci \u0219i piure de cartofi - pr\u00e2nz copios \u0219i s\u0103n\u0103tos la Pegas Terrace &amp; Restaurant<\/title>\n<meta name=\"description\" content=\"Calamar umplut cu creve\u021bi cu piure de cartofi \u0219i sos de raci - estetica gustului de la buc\u0103tarul nostru. Alege acest fel de m\u00e2ncare \u00een Pegas \u0219i vei r\u0103m\u00e2ne pl\u0103cut surprins!\" \/>\n<meta name=\"robots\" content=\"index, follow, max-snippet:-1, max-image-preview:large, max-video-preview:-1\" \/>\n<link rel=\"canonical\" href=\"https:\/\/pegasrestaurant.md\/ro\/produs\/calamar-umplut-cu-creveti-si-sos-de-raci\/\" \/>\n<meta property=\"og:locale\" content=\"ro_RO\" \/>\n<meta property=\"og:type\" content=\"article\" \/>\n<meta property=\"og:title\" content=\"Calamar umplut cu creve\u021bi cu sos de raci \u0219i piure de cartofi - pr\u00e2nz copios \u0219i s\u0103n\u0103tos la Pegas Terrace &amp; Restaurant\" \/>\n<meta property=\"og:description\" content=\"Calamar umplut cu creve\u021bi cu piure de cartofi \u0219i sos de raci - estetica gustului de la buc\u0103tarul nostru. Alege acest fel de m\u00e2ncare \u00een Pegas \u0219i vei r\u0103m\u00e2ne pl\u0103cut surprins!\" \/>\n<meta property=\"og:url\" content=\"https:\/\/pegasrestaurant.md\/ro\/produs\/calamar-umplut-cu-creveti-si-sos-de-raci\/\" \/>\n<meta property=\"og:site_name\" content=\"Pegas Terrace &amp; Restaurant\" \/>\n<meta property=\"article:modified_time\" content=\"2023-05-26T09:26:23+00:00\" \/>\n<meta name=\"twitter:card\" content=\"summary_large_image\" \/>\n<script type=\"application\/ld+json\" class=\"yoast-schema-graph\">{\"@context\":\"https:\/\/schema.org\",\"@graph\":[{\"@type\":\"WebPage\",\"@id\":\"https:\/\/pegasrestaurant.md\/ro\/produs\/calamar-umplut-cu-creveti-si-sos-de-raci\/\",\"url\":\"https:\/\/pegasrestaurant.md\/ro\/produs\/calamar-umplut-cu-creveti-si-sos-de-raci\/\",\"name\":\"Calamar umplut cu creve\u021bi cu sos de raci \u0219i piure de cartofi - pr\u00e2nz copios \u0219i s\u0103n\u0103tos la Pegas Terrace & Restaurant\",\"isPartOf\":{\"@id\":\"https:\/\/pegasrestaurant.md\/en\/#website\"},\"datePublished\":\"2022-05-18T12:12:41+00:00\",\"dateModified\":\"2023-05-26T09:26:23+00:00\",\"description\":\"Calamar umplut cu creve\u021bi cu piure de cartofi \u0219i sos de raci - estetica gustului de la buc\u0103tarul nostru. Alege acest fel de m\u00e2ncare \u00een Pegas \u0219i vei r\u0103m\u00e2ne pl\u0103cut surprins!\",\"breadcrumb\":{\"@id\":\"https:\/\/pegasrestaurant.md\/ro\/produs\/calamar-umplut-cu-creveti-si-sos-de-raci\/#breadcrumb\"},\"inLanguage\":\"ro-RO\",\"potentialAction\":[{\"@type\":\"ReadAction\",\"target\":[\"https:\/\/pegasrestaurant.md\/ro\/produs\/calamar-umplut-cu-creveti-si-sos-de-raci\/\"]}]},{\"@type\":\"BreadcrumbList\",\"@id\":\"https:\/\/pegasrestaurant.md\/ro\/produs\/calamar-umplut-cu-creveti-si-sos-de-raci\/#breadcrumb\",\"itemListElement\":[{\"@type\":\"ListItem\",\"position\":1,\"name\":\"\u0413\u043b\u0430\u0432\u043d\u0430\u044f \u0441\u0442\u0440\u0430\u043d\u0438\u0446\u0430\",\"item\":\"https:\/\/pegasrestaurant.md\/ro\/\"},{\"@type\":\"ListItem\",\"position\":2,\"name\":\"Comand\u0103 online\",\"item\":\"https:\/\/pegasrestaurant.md\/ro\/comanda-online\/\"},{\"@type\":\"ListItem\",\"position\":3,\"name\":\"Calamar umplut cu creve\u021bi \u0219i sos de raci\"}]},{\"@type\":\"WebSite\",\"@id\":\"https:\/\/pegasrestaurant.md\/en\/#website\",\"url\":\"https:\/\/pegasrestaurant.md\/en\/\",\"name\":\"Pegas Terrace &amp; Restaurant\",\"description\":\"\",\"potentialAction\":[{\"@type\":\"SearchAction\",\"target\":{\"@type\":\"EntryPoint\",\"urlTemplate\":\"https:\/\/pegasrestaurant.md\/en\/?s={search_term_string}\"},\"query-input\":\"required name=search_term_string\"}],\"inLanguage\":\"ro-RO\"}]}<\/script>\n<!-- \/ Yoast SEO plugin. -->","yoast_head_json":{"title":"Calamar umplut cu creve\u021bi cu sos de raci \u0219i piure de cartofi - pr\u00e2nz copios \u0219i s\u0103n\u0103tos la Pegas Terrace & Restaurant","description":"Calamar umplut cu creve\u021bi cu piure de cartofi \u0219i sos de raci - estetica gustului de la buc\u0103tarul nostru. Alege acest fel de m\u00e2ncare \u00een Pegas \u0219i vei r\u0103m\u00e2ne pl\u0103cut surprins!","robots":{"index":"index","follow":"follow","max-snippet":"max-snippet:-1","max-image-preview":"max-image-preview:large","max-video-preview":"max-video-preview:-1"},"canonical":"https:\/\/pegasrestaurant.md\/ro\/produs\/calamar-umplut-cu-creveti-si-sos-de-raci\/","og_locale":"ro_RO","og_type":"article","og_title":"Calamar umplut cu creve\u021bi cu sos de raci \u0219i piure de cartofi - pr\u00e2nz copios \u0219i s\u0103n\u0103tos la Pegas Terrace & Restaurant","og_description":"Calamar umplut cu creve\u021bi cu piure de cartofi \u0219i sos de raci - estetica gustului de la buc\u0103tarul nostru. Alege acest fel de m\u00e2ncare \u00een Pegas \u0219i vei r\u0103m\u00e2ne pl\u0103cut surprins!","og_url":"https:\/\/pegasrestaurant.md\/ro\/produs\/calamar-umplut-cu-creveti-si-sos-de-raci\/","og_site_name":"Pegas Terrace &amp; Restaurant","article_modified_time":"2023-05-26T09:26:23+00:00","twitter_card":"summary_large_image","schema":{"@context":"https:\/\/schema.org","@graph":[{"@type":"WebPage","@id":"https:\/\/pegasrestaurant.md\/ro\/produs\/calamar-umplut-cu-creveti-si-sos-de-raci\/","url":"https:\/\/pegasrestaurant.md\/ro\/produs\/calamar-umplut-cu-creveti-si-sos-de-raci\/","name":"Calamar umplut cu creve\u021bi cu sos de raci \u0219i piure de cartofi - pr\u00e2nz copios \u0219i s\u0103n\u0103tos la Pegas Terrace & Restaurant","isPartOf":{"@id":"https:\/\/pegasrestaurant.md\/en\/#website"},"datePublished":"2022-05-18T12:12:41+00:00","dateModified":"2023-05-26T09:26:23+00:00","description":"Calamar umplut cu creve\u021bi cu piure de cartofi \u0219i sos de raci - estetica gustului de la buc\u0103tarul nostru. Alege acest fel de m\u00e2ncare \u00een Pegas \u0219i vei r\u0103m\u00e2ne pl\u0103cut surprins!","breadcrumb":{"@id":"https:\/\/pegasrestaurant.md\/ro\/produs\/calamar-umplut-cu-creveti-si-sos-de-raci\/#breadcrumb"},"inLanguage":"ro-RO","potentialAction":[{"@type":"ReadAction","target":["https:\/\/pegasrestaurant.md\/ro\/produs\/calamar-umplut-cu-creveti-si-sos-de-raci\/"]}]},{"@type":"BreadcrumbList","@id":"https:\/\/pegasrestaurant.md\/ro\/produs\/calamar-umplut-cu-creveti-si-sos-de-raci\/#breadcrumb","itemListElement":[{"@type":"ListItem","position":1,"name":"\u0413\u043b\u0430\u0432\u043d\u0430\u044f \u0441\u0442\u0440\u0430\u043d\u0438\u0446\u0430","item":"https:\/\/pegasrestaurant.md\/ro\/"},{"@type":"ListItem","position":2,"name":"Comand\u0103 online","item":"https:\/\/pegasrestaurant.md\/ro\/comanda-online\/"},{"@type":"ListItem","position":3,"name":"Calamar umplut cu creve\u021bi \u0219i sos de raci"}]},{"@type":"WebSite","@id":"https:\/\/pegasrestaurant.md\/en\/#website","url":"https:\/\/pegasrestaurant.md\/en\/","name":"Pegas Terrace &amp; Restaurant","description":"","potentialAction":[{"@type":"SearchAction","target":{"@type":"EntryPoint","urlTemplate":"https:\/\/pegasrestaurant.md\/en\/?s={search_term_string}"},"query-input":"required name=search_term_string"}],"inLanguage":"ro-RO"}]}},"_links":{"self":[{"href":"https:\/\/pegasrestaurant.md\/ro\/wp-json\/wp\/v2\/product\/13771","targetHints":{"allow":["GET"]}}],"collection":[{"href":"https:\/\/pegasrestaurant.md\/ro\/wp-json\/wp\/v2\/product"}],"about":[{"href":"https:\/\/pegasrestaurant.md\/ro\/wp-json\/wp\/v2\/types\/product"}],"version-history":[{"count":0,"href":"https:\/\/pegasrestaurant.md\/ro\/wp-json\/wp\/v2\/product\/13771\/revisions"}],"wp:attachment":[{"href":"https:\/\/pegasrestaurant.md\/ro\/wp-json\/wp\/v2\/media?parent=13771"}],"wp:term":[{"taxonomy":"product_cat","embeddable":true,"href":"https:\/\/pegasrestaurant.md\/ro\/wp-json\/wp\/v2\/product_cat?post=13771"},{"taxonomy":"product_tag","embeddable":true,"href":"https:\/\/pegasrestaurant.md\/ro\/wp-json\/wp\/v2\/product_tag?post=13771"}],"curies":[{"name":"wp","href":"https:\/\/api.w.org\/{rel}","templated":true}]}}