{"id":13749,"date":"2022-05-18T12:39:26","date_gmt":"2022-05-18T09:39:26","guid":{"rendered":"https:\/\/pegasrestaurant.md\/product\/caracatita-pe-piure-de-radacina-cu-catina\/"},"modified":"2023-05-26T12:24:56","modified_gmt":"2023-05-26T09:24:56","slug":"caracatita-pe-piure-de-radacina-cu-catina","status":"publish","type":"product","link":"https:\/\/pegasrestaurant.md\/ro\/produs\/caracatita-pe-piure-de-radacina-cu-catina\/","title":{"rendered":"Caracati\u021b\u0103 pe piure de r\u0103d\u0103cin\u0103 cu c\u0103tin\u0103"},"content":{"rendered":"<p>Un deliciu culinar exotic pentru gurmanzii adev\u0103ra\u021bi! O combina\u021bie neobi\u0219nuit\u0103 (dar bine echilibrat\u0103) de arome \u00eei va uimi chiar \u0219i pe cei mai sofistica\u021bi iubitori de bucate exotice. Catina \u0219i sucul de l\u0103m\u00e2ie adaug\u0103 subtilitate acestui fel de m\u00e2ncare.<\/p>\n","protected":false},"excerpt":{"rendered":"<p><span style=\"color: #c9ab81;\"><strong>Greutate:<\/strong><\/span> 200 g<\/p>\n<p>&nbsp;<\/p>\n<p><span style=\"color: #c9ab81;\"><strong>Ingrediente:<\/strong><\/span> <span data-sheets-formula-bar-text-style=\"font-size:15px;color:#000000;font-weight:normal;text-decoration:none;font-family:'Arial';font-style:normal;text-decoration-skip-ink:none;\">Caracati\u021b\u0103, c\u0103tin\u0103, legume r\u0103d\u0103cinoase, condimente, lime<\/span><\/p>\n","protected":false},"featured_media":0,"template":"","meta":{"inline_featured_image":false},"product_cat":[101],"product_tag":[],"class_list":["post-13749","product","type-product","status-publish","hentry","product_cat-peste"],"yoast_head":"<!-- This site is optimized with the Yoast SEO plugin v19.6.1 - https:\/\/yoast.com\/wordpress\/plugins\/seo\/ -->\n<title>Caracati\u021b\u0103 condimentat\u0103, piure de r\u0103d\u0103cin\u0103, un strop de tei \u0219i c\u0103tin\u0103 - doar la Pegas<\/title>\n<meta name=\"description\" content=\"M\u00e2ncare gourmet de lux de la buc\u0103tar: caracati\u021b\u0103 cu piure de r\u0103d\u0103cin\u0103 cu fructe de p\u0103dure de c\u0103tin\u0103 \u0219i lime - cu siguran\u021b\u0103 vei fi mul\u021bumit de gust \u0219i prezentare!\" \/>\n<meta name=\"robots\" content=\"index, follow, max-snippet:-1, max-image-preview:large, max-video-preview:-1\" \/>\n<link rel=\"canonical\" href=\"https:\/\/pegasrestaurant.md\/ro\/produs\/caracatita-pe-piure-de-radacina-cu-catina\/\" \/>\n<meta property=\"og:locale\" content=\"ro_RO\" \/>\n<meta property=\"og:type\" content=\"article\" \/>\n<meta property=\"og:title\" content=\"Caracati\u021b\u0103 condimentat\u0103, piure de r\u0103d\u0103cin\u0103, un strop de tei \u0219i c\u0103tin\u0103 - doar la Pegas\" \/>\n<meta property=\"og:description\" content=\"M\u00e2ncare gourmet de lux de la buc\u0103tar: caracati\u021b\u0103 cu piure de r\u0103d\u0103cin\u0103 cu fructe de p\u0103dure de c\u0103tin\u0103 \u0219i lime - cu siguran\u021b\u0103 vei fi mul\u021bumit de gust \u0219i prezentare!\" \/>\n<meta property=\"og:url\" content=\"https:\/\/pegasrestaurant.md\/ro\/produs\/caracatita-pe-piure-de-radacina-cu-catina\/\" \/>\n<meta property=\"og:site_name\" content=\"Pegas Terrace &amp; Restaurant\" \/>\n<meta property=\"article:modified_time\" content=\"2023-05-26T09:24:56+00:00\" \/>\n<meta name=\"twitter:card\" content=\"summary_large_image\" \/>\n<script type=\"application\/ld+json\" class=\"yoast-schema-graph\">{\"@context\":\"https:\/\/schema.org\",\"@graph\":[{\"@type\":\"WebPage\",\"@id\":\"https:\/\/pegasrestaurant.md\/ro\/produs\/caracatita-pe-piure-de-radacina-cu-catina\/\",\"url\":\"https:\/\/pegasrestaurant.md\/ro\/produs\/caracatita-pe-piure-de-radacina-cu-catina\/\",\"name\":\"Caracati\u021b\u0103 condimentat\u0103, piure de r\u0103d\u0103cin\u0103, un strop de tei \u0219i c\u0103tin\u0103 - doar la Pegas\",\"isPartOf\":{\"@id\":\"https:\/\/pegasrestaurant.md\/en\/#website\"},\"datePublished\":\"2022-05-18T09:39:26+00:00\",\"dateModified\":\"2023-05-26T09:24:56+00:00\",\"description\":\"M\u00e2ncare gourmet de lux de la buc\u0103tar: caracati\u021b\u0103 cu piure de r\u0103d\u0103cin\u0103 cu fructe de p\u0103dure de c\u0103tin\u0103 \u0219i lime - cu siguran\u021b\u0103 vei fi mul\u021bumit de gust \u0219i prezentare!\",\"breadcrumb\":{\"@id\":\"https:\/\/pegasrestaurant.md\/ro\/produs\/caracatita-pe-piure-de-radacina-cu-catina\/#breadcrumb\"},\"inLanguage\":\"ro-RO\",\"potentialAction\":[{\"@type\":\"ReadAction\",\"target\":[\"https:\/\/pegasrestaurant.md\/ro\/produs\/caracatita-pe-piure-de-radacina-cu-catina\/\"]}]},{\"@type\":\"BreadcrumbList\",\"@id\":\"https:\/\/pegasrestaurant.md\/ro\/produs\/caracatita-pe-piure-de-radacina-cu-catina\/#breadcrumb\",\"itemListElement\":[{\"@type\":\"ListItem\",\"position\":1,\"name\":\"\u0413\u043b\u0430\u0432\u043d\u0430\u044f \u0441\u0442\u0440\u0430\u043d\u0438\u0446\u0430\",\"item\":\"https:\/\/pegasrestaurant.md\/ro\/\"},{\"@type\":\"ListItem\",\"position\":2,\"name\":\"Comand\u0103 online\",\"item\":\"https:\/\/pegasrestaurant.md\/ro\/comanda-online\/\"},{\"@type\":\"ListItem\",\"position\":3,\"name\":\"Caracati\u021b\u0103 pe piure de r\u0103d\u0103cin\u0103 cu c\u0103tin\u0103\"}]},{\"@type\":\"WebSite\",\"@id\":\"https:\/\/pegasrestaurant.md\/en\/#website\",\"url\":\"https:\/\/pegasrestaurant.md\/en\/\",\"name\":\"Pegas Terrace &amp; Restaurant\",\"description\":\"\",\"potentialAction\":[{\"@type\":\"SearchAction\",\"target\":{\"@type\":\"EntryPoint\",\"urlTemplate\":\"https:\/\/pegasrestaurant.md\/en\/?s={search_term_string}\"},\"query-input\":\"required name=search_term_string\"}],\"inLanguage\":\"ro-RO\"}]}<\/script>\n<!-- \/ Yoast SEO plugin. -->","yoast_head_json":{"title":"Caracati\u021b\u0103 condimentat\u0103, piure de r\u0103d\u0103cin\u0103, un strop de tei \u0219i c\u0103tin\u0103 - doar la Pegas","description":"M\u00e2ncare gourmet de lux de la buc\u0103tar: caracati\u021b\u0103 cu piure de r\u0103d\u0103cin\u0103 cu fructe de p\u0103dure de c\u0103tin\u0103 \u0219i lime - cu siguran\u021b\u0103 vei fi mul\u021bumit de gust \u0219i prezentare!","robots":{"index":"index","follow":"follow","max-snippet":"max-snippet:-1","max-image-preview":"max-image-preview:large","max-video-preview":"max-video-preview:-1"},"canonical":"https:\/\/pegasrestaurant.md\/ro\/produs\/caracatita-pe-piure-de-radacina-cu-catina\/","og_locale":"ro_RO","og_type":"article","og_title":"Caracati\u021b\u0103 condimentat\u0103, piure de r\u0103d\u0103cin\u0103, un strop de tei \u0219i c\u0103tin\u0103 - doar la Pegas","og_description":"M\u00e2ncare gourmet de lux de la buc\u0103tar: caracati\u021b\u0103 cu piure de r\u0103d\u0103cin\u0103 cu fructe de p\u0103dure de c\u0103tin\u0103 \u0219i lime - cu siguran\u021b\u0103 vei fi mul\u021bumit de gust \u0219i prezentare!","og_url":"https:\/\/pegasrestaurant.md\/ro\/produs\/caracatita-pe-piure-de-radacina-cu-catina\/","og_site_name":"Pegas Terrace &amp; Restaurant","article_modified_time":"2023-05-26T09:24:56+00:00","twitter_card":"summary_large_image","schema":{"@context":"https:\/\/schema.org","@graph":[{"@type":"WebPage","@id":"https:\/\/pegasrestaurant.md\/ro\/produs\/caracatita-pe-piure-de-radacina-cu-catina\/","url":"https:\/\/pegasrestaurant.md\/ro\/produs\/caracatita-pe-piure-de-radacina-cu-catina\/","name":"Caracati\u021b\u0103 condimentat\u0103, piure de r\u0103d\u0103cin\u0103, un strop de tei \u0219i c\u0103tin\u0103 - doar la Pegas","isPartOf":{"@id":"https:\/\/pegasrestaurant.md\/en\/#website"},"datePublished":"2022-05-18T09:39:26+00:00","dateModified":"2023-05-26T09:24:56+00:00","description":"M\u00e2ncare gourmet de lux de la buc\u0103tar: caracati\u021b\u0103 cu piure de r\u0103d\u0103cin\u0103 cu fructe de p\u0103dure de c\u0103tin\u0103 \u0219i lime - cu siguran\u021b\u0103 vei fi mul\u021bumit de gust \u0219i prezentare!","breadcrumb":{"@id":"https:\/\/pegasrestaurant.md\/ro\/produs\/caracatita-pe-piure-de-radacina-cu-catina\/#breadcrumb"},"inLanguage":"ro-RO","potentialAction":[{"@type":"ReadAction","target":["https:\/\/pegasrestaurant.md\/ro\/produs\/caracatita-pe-piure-de-radacina-cu-catina\/"]}]},{"@type":"BreadcrumbList","@id":"https:\/\/pegasrestaurant.md\/ro\/produs\/caracatita-pe-piure-de-radacina-cu-catina\/#breadcrumb","itemListElement":[{"@type":"ListItem","position":1,"name":"\u0413\u043b\u0430\u0432\u043d\u0430\u044f \u0441\u0442\u0440\u0430\u043d\u0438\u0446\u0430","item":"https:\/\/pegasrestaurant.md\/ro\/"},{"@type":"ListItem","position":2,"name":"Comand\u0103 online","item":"https:\/\/pegasrestaurant.md\/ro\/comanda-online\/"},{"@type":"ListItem","position":3,"name":"Caracati\u021b\u0103 pe piure de r\u0103d\u0103cin\u0103 cu c\u0103tin\u0103"}]},{"@type":"WebSite","@id":"https:\/\/pegasrestaurant.md\/en\/#website","url":"https:\/\/pegasrestaurant.md\/en\/","name":"Pegas Terrace &amp; Restaurant","description":"","potentialAction":[{"@type":"SearchAction","target":{"@type":"EntryPoint","urlTemplate":"https:\/\/pegasrestaurant.md\/en\/?s={search_term_string}"},"query-input":"required name=search_term_string"}],"inLanguage":"ro-RO"}]}},"_links":{"self":[{"href":"https:\/\/pegasrestaurant.md\/ro\/wp-json\/wp\/v2\/product\/13749","targetHints":{"allow":["GET"]}}],"collection":[{"href":"https:\/\/pegasrestaurant.md\/ro\/wp-json\/wp\/v2\/product"}],"about":[{"href":"https:\/\/pegasrestaurant.md\/ro\/wp-json\/wp\/v2\/types\/product"}],"version-history":[{"count":0,"href":"https:\/\/pegasrestaurant.md\/ro\/wp-json\/wp\/v2\/product\/13749\/revisions"}],"wp:attachment":[{"href":"https:\/\/pegasrestaurant.md\/ro\/wp-json\/wp\/v2\/media?parent=13749"}],"wp:term":[{"taxonomy":"product_cat","embeddable":true,"href":"https:\/\/pegasrestaurant.md\/ro\/wp-json\/wp\/v2\/product_cat?post=13749"},{"taxonomy":"product_tag","embeddable":true,"href":"https:\/\/pegasrestaurant.md\/ro\/wp-json\/wp\/v2\/product_tag?post=13749"}],"curies":[{"name":"wp","href":"https:\/\/api.w.org\/{rel}","templated":true}]}}